{"id":121,"date":"2018-05-30T20:56:40","date_gmt":"2018-05-30T20:56:40","guid":{"rendered":"http:\/\/nagykokenyes.hu\/?page_id=121"},"modified":"2018-05-31T16:14:16","modified_gmt":"2018-05-31T16:14:16","slug":"termeszeti-ertekeink","status":"publish","type":"page","link":"https:\/\/nagykokenyes.hu\/?page_id=121","title":{"rendered":"Term\u00e9szeti \u00e9rt\u00e9keink"},"content":{"rendered":"<p style=\"text-align: justify;\"><strong><img loading=\"lazy\" decoding=\"async\" class=\"size-full wp-image-179 alignleft\" src=\"http:\/\/nagykokenyes.hu\/wp-content\/uploads\/2018\/05\/termeszet.2.jpg\" alt=\"\" width=\"250\" height=\"188\" \/>Nagyk\u00f6k\u00e9nyes<\/strong> k\u00f6zs\u00e9g a <strong>Cserh\u00e1talja<\/strong> <strong>kist\u00e1jon<\/strong> helyezkedik el, <strong>gy\u00f6ny\u00f6r\u0171 term\u00e9szeti k\u00f6rnyezetben<\/strong>. A ter\u00fclet 128 \u00e9s 350 m k\u00f6z\u00f6tti tszf-i magass\u00e1g\u00fa, 40%-ban k\u00f6zepes, 60%-ban alacsony, enyh\u00e9n DK-nek lejt\u0151 dombs\u00e1g. Geomorfol\u00f3giailag a Cserh\u00e1t hegyl\u00e1b felsz\u00ednek\u00e9nt \u00e9rtelmezhet\u0151. A felsz\u00edn \u00c9Ny-DK-i ir\u00e1ny\u00fa, szerkezetileg el\u0151rejelzett aszimmetrikus v\u00f6lgyekkel keskeny, hossz\u00fa, DK fel\u00e9 sz\u00e9lesed\u0151 v\u00f6lgyk\u00f6zi h\u00e1tak rendszer\u00e9re tagolt.<br \/>\n<strong>A kist\u00e1j n\u00f6v\u00e9nyf\u00f6ldrajzi t\u00e9rbeoszt\u00e1s tekintet\u00e9ben a Kosdi-dombs\u00e1g kist\u00e1jjal teljes m\u00e9rt\u00e9kben megegyezik.<\/strong> Legjellemz\u0151bb potenci\u00e1lis erd\u0151t\u00e1rsul\u00e1sai a cseres t\u00f6lgyesek (Quercetum petraeae-cerris), a cseres molyhos t\u00f6lgyesek (Quercetum pubescenti-cerris lithospermetosum), a tat\u00e1rjuharos l\u00f6szt\u00f6lgyesek (Aceri tatarico-Quercetum pubescenti roboris), valamint a kem\u00e9nyfa ligeterd\u0151k (Fraxino pannonicae-Quercetum roboris). Napjainjban sz\u00e1mos helyen kult\u00farak\u00e1cosok (Robinietum pseudoacaciae) is tal\u00e1lhat\u00f3k. Jelent\u00e9keny fel\u00fcleti kiterjed\u00e9sben l\u00f6szpusztagyepek (Salvio-festucetum sulcatae) bor\u00edtott\u00e1k a felsz\u00ednt, amelyek maradv\u00e1nyai m\u00e9g napjainkban is fellelhet\u0151k.<\/p>\n<p style=\"text-align: justify;\">A csek\u00e9ly fel\u00fclet\u0171 erd\u0151gazdas\u00e1gi ter\u00fcleteket k\u00f6z\u00e9pkor\u00fa kem\u00e9nylombos erd\u0151k bor\u00edtj\u00e1k, amelyek \u00e9vi foly\u00f3n\u00f6ved\u00e9ke \u00e1tlagosan 3,2-3,5 m \/ha. A mez\u0151gazdas\u00e1gi kult\u00far\u00e1k k\u00f6z\u00fcl a b\u00faza (25-28 q\/ha), az \u0151szi \u00e1rpa (20-25 q\/ha), a kukorica (25-35 q\/ha), a cukorr\u00e9pa (200-350 q\/ha) \u00e9s az alma (40-60 q\/ha) termeszt\u00e9se emelhet\u0151 ki.<br \/>\nMindezek mellett az egyik legink\u00e1bb v\u00e9delemre javasolt \u00e9s term\u00e9szeti \u00e9rt\u00e9kk\u00e9nt fellelhet\u0151 ter\u00fclet a Dessewffy-k\u00faria mellett tal\u00e1lhat\u00f3 park. Erinek a parknak a kiterjed\u00e9se igen kicsi, m\u00e9gis k\u00fcl\u00f6nleges hiszen id\u0151skor\u00fa f\u00e1k alkotj\u00e1k. A parkr\u00f3l k\u00e9sz\u00fclt f\u00e9nyk\u00e9pek a 4. sz. mell\u00e9kletben tal\u00e1lhat\u00f3k. A park egyik figyelemre m\u00e9lt\u00f3 \u00e9s felt\u00e9tlen\u00fcl v\u00e9delemre \u00e9rdemes f\u00e1ja egy \u00f6reg juharfa, amely hatalmas lombkoron\u00e1j\u00e1val impoz\u00e1ns l\u00e1tv\u00e1nyt ny\u00fajt. Tal\u00e1lhatunk tov\u00e1bb\u00e1 h\u00e1rsf\u00e1t, \u2014\u00a0\u00a0\u00a0\u00a0\u00a0\u00a0\u00a0\u00a0 vadgeszteny\u00e9t is, melyek szint\u00e9n meg\u00e9rdemlik a v\u00e9delmet.<br \/>\nJavasoljuk, hogy a parkot b\u0151v\u00edts\u00e9k ki &#8211; amennyiben erre lehet\u0151s\u00e9g van &#8211; \u00edgy a fiatal egyedek telep\u00edt\u00e9s\u00e9vel nem csak a ter\u00fclet\u00e9t lehet megn\u00f6velni, hanem egyben biztos\u00edtott\u00e1 v\u00e1lhat a tart\u00f3s fennmarad\u00e1sa is a kertnek. Sz\u00fcks\u00e9ges lenne a sz\u00e1rad\u00f3f\u00e9lben l\u00e9v\u0151, helyenk\u00e9nt vesz\u00e9lyes egyedeket elt\u00e1vol\u00edtani.<br \/>\nA telep\u00edt\u00e9s sor\u00e1n javasoljuk t\u00fals\u00falyosan olyan fajok kiv\u00e1laszt\u00e1s\u00e1t, melyek a makrot\u00e9rs\u00e9g fl\u00f3r\u00e1j\u00e1nak \u0151shonos egyedei k\u00f6z\u00f6tt megtal\u00e1lhat\u00f3k, \u00edgy term\u00e9szetv\u00e9delmi \u00e9rdekek is teljes\u00edthet\u0151k. Term\u00e9szetesen szakember ir\u00e1ny\u00edt\u00e1sa mellett n\u00e9h\u00e1ny nem \u0151shonos faj telep\u00edt\u00e9se is elfogadhat\u00f3, de ebben az esetben sz\u00e1molni kell azzal, hogy ezek a taxonok esetlegesen intenz\u00edvebb gondoz\u00e1st \u00e9s nagyobb odafigyel\u00e9st ig\u00e9nyelnek, hiszen sz\u00e1mukra ezek a k\u00f6rnyezeti felt\u00e9telek csak r\u00e9szben egyeznek meg saj\u00e1t ig\u00e9nyeikkel.\u00a0<img loading=\"lazy\" decoding=\"async\" class=\"size-full wp-image-178 alignright\" src=\"http:\/\/nagykokenyes.hu\/wp-content\/uploads\/2018\/05\/termeszet.1.jpg\" alt=\"\" width=\"250\" height=\"188\" \/><\/p>\n<p style=\"text-align: justify;\">Eger v\u00e1ros Urbanisztikai Bizotts\u00e1ga &#8211; hasonl\u00f3 indokok alapj\u00e1n 1994-ben rendelettervezetet ny\u00fajtott be Eger Megyei Jog\u00fa V\u00e1ros K\u00f6zgy\u0171l\u00e9s\u00e9nek, amelyben javasolj\u00e1k az \u00c9rsekkert helyi v\u00e9delem al\u00e1 helyez\u00e9s\u00e9t. Javasoljuk hasonl\u00f3 m\u00f3don a kult\u00farh\u00e1z parkj\u00e1t is helyi v\u00e9delem al\u00e1 helyezni. Az \u00e9rsekkert v\u00e9dett\u00e9 nyilv\u00e1n\u00edt\u00e1s\u00e1r\u00f3l sz\u00f3l\u00f3 rendelettervezetet a 3. sz\u00e1m\u00fa mell\u00e9klet tartalmazza.<\/p>\n<p>&nbsp;<\/p>\n<p>&nbsp;<\/p>\n","protected":false},"excerpt":{"rendered":"<p>Nagyk\u00f6k\u00e9nyes k\u00f6zs\u00e9g a Cserh\u00e1talja kist\u00e1jon helyezkedik el, gy\u00f6ny\u00f6r\u0171 term\u00e9szeti k\u00f6rnyezetben. A ter\u00fclet 128 \u00e9s 350 m k\u00f6z\u00f6tti tszf-i magass\u00e1g\u00fa, 40%-ban k\u00f6zepes, 60%-ban alacsony, enyh\u00e9n DK-nek lejt\u0151 dombs\u00e1g. Geomorfol\u00f3giailag a Cserh\u00e1t hegyl\u00e1b felsz\u00ednek\u00e9nt \u00e9rtelmezhet\u0151. A felsz\u00edn \u00c9Ny-DK-i ir\u00e1ny\u00fa, szerkezetileg el\u0151rejelzett aszimmetrikus v\u00f6lgyekkel keskeny, hossz\u00fa, DK fel\u00e9 sz\u00e9lesed\u0151 v\u00f6lgyk\u00f6zi h\u00e1tak rendszer\u00e9re tagolt. A kist\u00e1j n\u00f6v\u00e9nyf\u00f6ldrajzi t\u00e9rbeoszt\u00e1s tekintet\u00e9ben [&hellip;]<\/p>\n","protected":false},"author":1,"featured_media":0,"parent":58,"menu_order":2,"comment_status":"closed","ping_status":"closed","template":"","meta":{"footnotes":""},"class_list":["post-121","page","type-page","status-publish","hentry"],"yoast_head":"<!-- This site is optimized with the Yoast SEO plugin v26.5 - https:\/\/yoast.com\/wordpress\/plugins\/seo\/ -->\n<title>Term\u00e9szeti \u00e9rt\u00e9keink - Nagyk\u00f6k\u00e9nyes K\u00f6zs\u00e9g \u00d6nkorm\u00e1nyzata<\/title>\n<meta name=\"robots\" content=\"index, follow, max-snippet:-1, max-image-preview:large, max-video-preview:-1\" \/>\n<link rel=\"canonical\" href=\"https:\/\/nagykokenyes.hu\/?page_id=121\" \/>\n<meta property=\"og:locale\" content=\"hu_HU\" \/>\n<meta property=\"og:type\" content=\"article\" \/>\n<meta property=\"og:title\" content=\"Term\u00e9szeti \u00e9rt\u00e9keink - Nagyk\u00f6k\u00e9nyes K\u00f6zs\u00e9g \u00d6nkorm\u00e1nyzata\" \/>\n<meta property=\"og:description\" content=\"Nagyk\u00f6k\u00e9nyes k\u00f6zs\u00e9g a Cserh\u00e1talja kist\u00e1jon helyezkedik el, gy\u00f6ny\u00f6r\u0171 term\u00e9szeti k\u00f6rnyezetben. A ter\u00fclet 128 \u00e9s 350 m k\u00f6z\u00f6tti tszf-i magass\u00e1g\u00fa, 40%-ban k\u00f6zepes, 60%-ban alacsony, enyh\u00e9n DK-nek lejt\u0151 dombs\u00e1g. Geomorfol\u00f3giailag a Cserh\u00e1t hegyl\u00e1b felsz\u00ednek\u00e9nt \u00e9rtelmezhet\u0151. A felsz\u00edn \u00c9Ny-DK-i ir\u00e1ny\u00fa, szerkezetileg el\u0151rejelzett aszimmetrikus v\u00f6lgyekkel keskeny, hossz\u00fa, DK fel\u00e9 sz\u00e9lesed\u0151 v\u00f6lgyk\u00f6zi h\u00e1tak rendszer\u00e9re tagolt. A kist\u00e1j n\u00f6v\u00e9nyf\u00f6ldrajzi t\u00e9rbeoszt\u00e1s tekintet\u00e9ben [&hellip;]\" \/>\n<meta property=\"og:url\" content=\"https:\/\/nagykokenyes.hu\/?page_id=121\" \/>\n<meta property=\"og:site_name\" content=\"Nagyk\u00f6k\u00e9nyes K\u00f6zs\u00e9g \u00d6nkorm\u00e1nyzata\" \/>\n<meta property=\"article:modified_time\" content=\"2018-05-31T16:14:16+00:00\" \/>\n<meta property=\"og:image\" content=\"http:\/\/nagykokenyes.hu\/wp-content\/uploads\/2018\/05\/termeszet.2.jpg\" \/>\n<meta name=\"twitter:card\" content=\"summary_large_image\" \/>\n<meta name=\"twitter:label1\" content=\"Becs\u00fclt olvas\u00e1si id\u0151\" \/>\n\t<meta name=\"twitter:data1\" content=\"3 perc\" \/>\n<script type=\"application\/ld+json\" class=\"yoast-schema-graph\">{\"@context\":\"https:\/\/schema.org\",\"@graph\":[{\"@type\":\"WebPage\",\"@id\":\"https:\/\/nagykokenyes.hu\/?page_id=121\",\"url\":\"https:\/\/nagykokenyes.hu\/?page_id=121\",\"name\":\"Term\u00e9szeti \u00e9rt\u00e9keink - Nagyk\u00f6k\u00e9nyes K\u00f6zs\u00e9g \u00d6nkorm\u00e1nyzata\",\"isPartOf\":{\"@id\":\"https:\/\/nagykokenyes.hu\/#website\"},\"primaryImageOfPage\":{\"@id\":\"https:\/\/nagykokenyes.hu\/?page_id=121#primaryimage\"},\"image\":{\"@id\":\"https:\/\/nagykokenyes.hu\/?page_id=121#primaryimage\"},\"thumbnailUrl\":\"http:\/\/nagykokenyes.hu\/wp-content\/uploads\/2018\/05\/termeszet.2.jpg\",\"datePublished\":\"2018-05-30T20:56:40+00:00\",\"dateModified\":\"2018-05-31T16:14:16+00:00\",\"breadcrumb\":{\"@id\":\"https:\/\/nagykokenyes.hu\/?page_id=121#breadcrumb\"},\"inLanguage\":\"hu\",\"potentialAction\":[{\"@type\":\"ReadAction\",\"target\":[\"https:\/\/nagykokenyes.hu\/?page_id=121\"]}]},{\"@type\":\"ImageObject\",\"inLanguage\":\"hu\",\"@id\":\"https:\/\/nagykokenyes.hu\/?page_id=121#primaryimage\",\"url\":\"https:\/\/nagykokenyes.hu\/wp-content\/uploads\/2018\/05\/termeszet.2.jpg\",\"contentUrl\":\"https:\/\/nagykokenyes.hu\/wp-content\/uploads\/2018\/05\/termeszet.2.jpg\",\"width\":250,\"height\":188},{\"@type\":\"BreadcrumbList\",\"@id\":\"https:\/\/nagykokenyes.hu\/?page_id=121#breadcrumb\",\"itemListElement\":[{\"@type\":\"ListItem\",\"position\":1,\"name\":\"Kezd\u0151lap\",\"item\":\"https:\/\/nagykokenyes.hu\/\"},{\"@type\":\"ListItem\",\"position\":2,\"name\":\"Telep\u00fcl\u00e9s\u00fcnkr\u0151l\",\"item\":\"https:\/\/nagykokenyes.hu\/?page_id=58\"},{\"@type\":\"ListItem\",\"position\":3,\"name\":\"Term\u00e9szeti \u00e9rt\u00e9keink\"}]},{\"@type\":\"WebSite\",\"@id\":\"https:\/\/nagykokenyes.hu\/#website\",\"url\":\"https:\/\/nagykokenyes.hu\/\",\"name\":\"Nagyk\u00f6k\u00e9nyes K\u00f6zs\u00e9g \u00d6nkorm\u00e1nyzata\",\"description\":\"\",\"potentialAction\":[{\"@type\":\"SearchAction\",\"target\":{\"@type\":\"EntryPoint\",\"urlTemplate\":\"https:\/\/nagykokenyes.hu\/?s={search_term_string}\"},\"query-input\":{\"@type\":\"PropertyValueSpecification\",\"valueRequired\":true,\"valueName\":\"search_term_string\"}}],\"inLanguage\":\"hu\"}]}<\/script>\n<!-- \/ Yoast SEO plugin. -->","yoast_head_json":{"title":"Term\u00e9szeti \u00e9rt\u00e9keink - Nagyk\u00f6k\u00e9nyes K\u00f6zs\u00e9g \u00d6nkorm\u00e1nyzata","robots":{"index":"index","follow":"follow","max-snippet":"max-snippet:-1","max-image-preview":"max-image-preview:large","max-video-preview":"max-video-preview:-1"},"canonical":"https:\/\/nagykokenyes.hu\/?page_id=121","og_locale":"hu_HU","og_type":"article","og_title":"Term\u00e9szeti \u00e9rt\u00e9keink - Nagyk\u00f6k\u00e9nyes K\u00f6zs\u00e9g \u00d6nkorm\u00e1nyzata","og_description":"Nagyk\u00f6k\u00e9nyes k\u00f6zs\u00e9g a Cserh\u00e1talja kist\u00e1jon helyezkedik el, gy\u00f6ny\u00f6r\u0171 term\u00e9szeti k\u00f6rnyezetben. A ter\u00fclet 128 \u00e9s 350 m k\u00f6z\u00f6tti tszf-i magass\u00e1g\u00fa, 40%-ban k\u00f6zepes, 60%-ban alacsony, enyh\u00e9n DK-nek lejt\u0151 dombs\u00e1g. Geomorfol\u00f3giailag a Cserh\u00e1t hegyl\u00e1b felsz\u00ednek\u00e9nt \u00e9rtelmezhet\u0151. A felsz\u00edn \u00c9Ny-DK-i ir\u00e1ny\u00fa, szerkezetileg el\u0151rejelzett aszimmetrikus v\u00f6lgyekkel keskeny, hossz\u00fa, DK fel\u00e9 sz\u00e9lesed\u0151 v\u00f6lgyk\u00f6zi h\u00e1tak rendszer\u00e9re tagolt. A kist\u00e1j n\u00f6v\u00e9nyf\u00f6ldrajzi t\u00e9rbeoszt\u00e1s tekintet\u00e9ben [&hellip;]","og_url":"https:\/\/nagykokenyes.hu\/?page_id=121","og_site_name":"Nagyk\u00f6k\u00e9nyes K\u00f6zs\u00e9g \u00d6nkorm\u00e1nyzata","article_modified_time":"2018-05-31T16:14:16+00:00","og_image":[{"url":"http:\/\/nagykokenyes.hu\/wp-content\/uploads\/2018\/05\/termeszet.2.jpg","type":"","width":"","height":""}],"twitter_card":"summary_large_image","twitter_misc":{"Becs\u00fclt olvas\u00e1si id\u0151":"3 perc"},"schema":{"@context":"https:\/\/schema.org","@graph":[{"@type":"WebPage","@id":"https:\/\/nagykokenyes.hu\/?page_id=121","url":"https:\/\/nagykokenyes.hu\/?page_id=121","name":"Term\u00e9szeti \u00e9rt\u00e9keink - Nagyk\u00f6k\u00e9nyes K\u00f6zs\u00e9g \u00d6nkorm\u00e1nyzata","isPartOf":{"@id":"https:\/\/nagykokenyes.hu\/#website"},"primaryImageOfPage":{"@id":"https:\/\/nagykokenyes.hu\/?page_id=121#primaryimage"},"image":{"@id":"https:\/\/nagykokenyes.hu\/?page_id=121#primaryimage"},"thumbnailUrl":"http:\/\/nagykokenyes.hu\/wp-content\/uploads\/2018\/05\/termeszet.2.jpg","datePublished":"2018-05-30T20:56:40+00:00","dateModified":"2018-05-31T16:14:16+00:00","breadcrumb":{"@id":"https:\/\/nagykokenyes.hu\/?page_id=121#breadcrumb"},"inLanguage":"hu","potentialAction":[{"@type":"ReadAction","target":["https:\/\/nagykokenyes.hu\/?page_id=121"]}]},{"@type":"ImageObject","inLanguage":"hu","@id":"https:\/\/nagykokenyes.hu\/?page_id=121#primaryimage","url":"https:\/\/nagykokenyes.hu\/wp-content\/uploads\/2018\/05\/termeszet.2.jpg","contentUrl":"https:\/\/nagykokenyes.hu\/wp-content\/uploads\/2018\/05\/termeszet.2.jpg","width":250,"height":188},{"@type":"BreadcrumbList","@id":"https:\/\/nagykokenyes.hu\/?page_id=121#breadcrumb","itemListElement":[{"@type":"ListItem","position":1,"name":"Kezd\u0151lap","item":"https:\/\/nagykokenyes.hu\/"},{"@type":"ListItem","position":2,"name":"Telep\u00fcl\u00e9s\u00fcnkr\u0151l","item":"https:\/\/nagykokenyes.hu\/?page_id=58"},{"@type":"ListItem","position":3,"name":"Term\u00e9szeti \u00e9rt\u00e9keink"}]},{"@type":"WebSite","@id":"https:\/\/nagykokenyes.hu\/#website","url":"https:\/\/nagykokenyes.hu\/","name":"Nagyk\u00f6k\u00e9nyes K\u00f6zs\u00e9g \u00d6nkorm\u00e1nyzata","description":"","potentialAction":[{"@type":"SearchAction","target":{"@type":"EntryPoint","urlTemplate":"https:\/\/nagykokenyes.hu\/?s={search_term_string}"},"query-input":{"@type":"PropertyValueSpecification","valueRequired":true,"valueName":"search_term_string"}}],"inLanguage":"hu"}]}},"_links":{"self":[{"href":"https:\/\/nagykokenyes.hu\/index.php?rest_route=\/wp\/v2\/pages\/121","targetHints":{"allow":["GET"]}}],"collection":[{"href":"https:\/\/nagykokenyes.hu\/index.php?rest_route=\/wp\/v2\/pages"}],"about":[{"href":"https:\/\/nagykokenyes.hu\/index.php?rest_route=\/wp\/v2\/types\/page"}],"author":[{"embeddable":true,"href":"https:\/\/nagykokenyes.hu\/index.php?rest_route=\/wp\/v2\/users\/1"}],"replies":[{"embeddable":true,"href":"https:\/\/nagykokenyes.hu\/index.php?rest_route=%2Fwp%2Fv2%2Fcomments&post=121"}],"version-history":[{"count":4,"href":"https:\/\/nagykokenyes.hu\/index.php?rest_route=\/wp\/v2\/pages\/121\/revisions"}],"predecessor-version":[{"id":183,"href":"https:\/\/nagykokenyes.hu\/index.php?rest_route=\/wp\/v2\/pages\/121\/revisions\/183"}],"up":[{"embeddable":true,"href":"https:\/\/nagykokenyes.hu\/index.php?rest_route=\/wp\/v2\/pages\/58"}],"wp:attachment":[{"href":"https:\/\/nagykokenyes.hu\/index.php?rest_route=%2Fwp%2Fv2%2Fmedia&parent=121"}],"curies":[{"name":"wp","href":"https:\/\/api.w.org\/{rel}","templated":true}]}}