{"id":1216,"date":"2019-04-04T20:30:22","date_gmt":"2019-04-04T20:30:22","guid":{"rendered":"http:\/\/nagykokenyes.hu\/?page_id=1216"},"modified":"2025-09-01T14:50:55","modified_gmt":"2025-09-01T12:50:55","slug":"hirek","status":"publish","type":"page","link":"https:\/\/nagykokenyes.hu\/?page_id=1216","title":{"rendered":"H\u00edrek"},"content":{"rendered":"<h3 style=\"text-align: center;\">\u00c1LL\u00c1SP\u00c1LY\u00c1ZAT<\/h3>\n<div style=\"text-align: center;\">NAGYK\u00d6K\u00c9NYES K\u00d6ZS\u00c9GI \u00d6NKORM\u00c1NYZAT<\/div>\n<div style=\"text-align: center;\">Nagyk\u00f6k\u00e9nyesi K\u00f6k\u00e9nyvir\u00e1g \u00d3voda<\/div>\n<div style=\"text-align: center;\">p\u00e1ly\u00e1zatot hirdet K\u00f6znevel\u00e9si foglalkoztatotti jogviszony keret\u00e9ben<\/div>\n<h3 style=\"text-align: center;\">Igazgat\u00f3<\/h3>\n<div style=\"text-align: center;\">Munkak\u00f6r\/feladatk\u00f6r bet\u00f6lt\u00e9s\u00e9re.<\/div>\n<div>A p\u00e1ly\u00e1zat <a href=\"https:\/\/kozszolgallas.ksz.gov.hu\/JobAd\/Info\/126767\">ITT<\/a> tal\u00e1lhat\u00f3.<\/div>\n<hr \/>\n<p><a href=\"https:\/\/nagykokenyes.hu\/wp-content\/uploads\/2023\/03\/Ovodai-beiratkozas-plakat-2023.-1-scaled.jpg\"><img loading=\"lazy\" decoding=\"async\" class=\"alignnone size-full wp-image-6240\" src=\"https:\/\/nagykokenyes.hu\/wp-content\/uploads\/2023\/03\/Ovodai-beiratkozas-plakat-2023.-1-scaled.jpg\" alt=\"\" width=\"1812\" height=\"2560\" srcset=\"https:\/\/nagykokenyes.hu\/wp-content\/uploads\/2023\/03\/Ovodai-beiratkozas-plakat-2023.-1-scaled.jpg 1812w, https:\/\/nagykokenyes.hu\/wp-content\/uploads\/2023\/03\/Ovodai-beiratkozas-plakat-2023.-1-768x1085.jpg 768w, https:\/\/nagykokenyes.hu\/wp-content\/uploads\/2023\/03\/Ovodai-beiratkozas-plakat-2023.-1-1087x1536.jpg 1087w, https:\/\/nagykokenyes.hu\/wp-content\/uploads\/2023\/03\/Ovodai-beiratkozas-plakat-2023.-1-1450x2048.jpg 1450w\" sizes=\"auto, (max-width: 1812px) 100vw, 1812px\" \/><\/a><\/p>\n<hr \/>\n<p style=\"font-weight: 400; text-align: justify;\"><strong>Nagyk\u00f6k\u00e9nyes K\u00f6zs\u00e9gi \u00d6nkorm\u00e1nyzat<\/strong> a K\u00f6zalkalmazottak jog\u00e1ll\u00e1s\u00e1r\u00f3l sz\u00f3l\u00f3 1992. \u00e9vi XXXIII. t\u00f6rv\u00e9ny 20\/A. \u00a7 alapj\u00e1n p\u00e1ly\u00e1zatot hirdet <strong>Nagyk\u00f6k\u00e9nyesi K\u00f6k\u00e9nyvir\u00e1g \u00d3voda \u00f3vodavezet\u0151 (magasabb vezet\u0151) <\/strong>beoszt\u00e1s ell\u00e1t\u00e1s\u00e1ra.<\/p>\n<p style=\"font-weight: 400;\"><strong>A k\u00f6zalkalmazotti jogviszony id\u0151tartama:\u00a0<\/strong>hat\u00e1rozatlan idej\u0171\u00a0k\u00f6zalkalmazotti jogviszony<strong>\u00a0 \u00a0 \u00a0 \u00a0 \u00a0 \u00a0 \u00a0\u00a0<\/strong><\/p>\n<p style=\"font-weight: 400;\"><strong>Foglalkoztat\u00e1s jellege: <\/strong>Teljes munkaid\u0151<\/p>\n<p style=\"font-weight: 400;\"><strong>A vezet\u0151i megb\u00edz\u00e1s id\u0151tartama: <\/strong>A vezet\u0151i megb\u00edz\u00e1s hat\u00e1rozott id\u0151re, 5 \u00e9v-ig sz\u00f3l.<\/p>\n<p style=\"font-weight: 400;\"><strong>A munkav\u00e9gz\u00e9s helye: <\/strong>Heves megye, 3012 Nagyk\u00f6k\u00e9nyes, Pet\u0151fi \u00fat 14.<\/p>\n<p style=\"font-weight: 400;\"><strong>A beoszt\u00e1shoz tartoz\u00f3, illetve a vezet\u0151i megb\u00edz\u00e1ssal j\u00e1r\u00f3 l\u00e9nyeges feladatok:<\/strong><\/p>\n<p style=\"font-weight: 400; text-align: justify;\">A k\u00f6znevel\u00e9si t\u00f6rv\u00e9ny 69.\u00a7-\u00e1ban meghat\u00e1rozottak, \u00edgy k\u00fcl\u00f6n\u00f6sen: az int\u00e9zm\u00e9ny vezet\u0151je felel az int\u00e9zm\u00e9ny szakszer\u0171 \u00e9s t\u00f6rv\u00e9nyes m\u0171k\u00f6d\u00e9s\u00e9\u00e9rt, gazd\u00e1lkod\u00e1s\u00e1\u00e9rt \u00e9s gyakorolja a munk\u00e1ltat\u00f3i jogokat az \u00d3voda alkalmazottai felett. Az \u00f3vodapedag\u00f3gusi feladatok ell\u00e1t\u00e1sa mellett tervezi, szervezi \u00e9s ellen\u0151rzi az int\u00e9zm\u00e9ny szakmai tev\u00e9kenys\u00e9g\u00e9t, ell\u00e1tja az \u00f3vodai int\u00e9zm\u00e9ny vezet\u00e9s\u00e9t az Alap\u00edt\u00f3 Okiratban foglaltak szerint.<\/p>\n<p style=\"font-weight: 400;\"><strong>Illetm\u00e9ny \u00e9s juttat\u00e1sok:<\/strong><\/p>\n<p style=\"font-weight: 400; text-align: justify;\">Az illetm\u00e9ny meg\u00e1llap\u00edt\u00e1s\u00e1ra \u00e9s a juttat\u00e1sokra\u00a0a K\u00f6zalkalmazottak jog\u00e1ll\u00e1s\u00e1r\u00f3l sz\u00f3l\u00f3 1992. \u00e9vi XXXIII. t\u00f6rv\u00e9ny rendelkez\u00e9sei az ir\u00e1nyad\u00f3k.<\/p>\n<p>A publik\u00e1lt \u00f3vodavezet\u0151i p\u00e1ly\u00e1zat <a href=\"https:\/\/nagykokenyes.hu\/wp-content\/uploads\/2021\/10\/Publikalt-ovodavezetoi-palyazat.pdf\">ITT<\/a>, vagy az al\u00e1bbi <a href=\"https:\/\/kozigallas.gov.hu\/pages\/jobviewer.aspx?ID=ia7h4tgvg8\">linken<\/a> tekinthet\u0151 meg.<\/p>\n<p>&nbsp;<\/p>\n<hr \/>\n<p><strong>Nagyk\u00f6k\u00e9nyes K\u00f6zs\u00e9gi \u00d6nkorm\u00e1nyzat K\u00e9pvisel\u0151-test\u00fclete <\/strong>a K\u00f6zalkalmazottak jog\u00e1ll\u00e1s\u00e1r\u00f3l sz\u00f3l\u00f3 1992. \u00e9vi XXXIII. t\u00f6rv\u00e9ny 20\/A. \u00a7 alapj\u00e1n p\u00e1ly\u00e1zatot hirdet<br \/>\n<strong>Nagyk\u00f6k\u00e9nyesi K\u00f6k\u00e9nyvir\u00e1g \u00d3voda<br \/>\n\u00f3vodavezet\u0151 (magasabb vezet\u0151)<br \/>\n<\/strong>beoszt\u00e1s ell\u00e1t\u00e1s\u00e1ra.<\/p>\n<p>A p\u00e1ly\u00e1zat megtekinthet\u0151\u00a0<a href=\"https:\/\/nagykokenyes.hu\/wp-content\/uploads\/2021\/07\/Publikalt-ovodavezetoi-allaspalyazat-iktatott.pdf\">ITT<\/a>, vagy az al\u00e1bbi\u00a0<a href=\"https:\/\/kozigallas.gov.hu\/pages\/jobviewer.aspx?ID=u1bg4zhxf1\">linken<\/a>\u00a0is.<\/p>\n<hr \/>\n<p><strong>Tisztelt Sz\u00fcl\u0151k!<\/strong><\/p>\n<p style=\"text-align: justify;\">A 19\/2021(III.10.)EMMI hat\u00e1rozata a 2021\/2022 nevel\u00e9si, ill.tan\u00e9vre t\u00f6rt\u00e9n\u0151 \u00f3vodai, valamint \u00e1ltal\u00e1nos iskolai beiratkoz\u00e1sr\u00f3l. A katasztr\u00f3fav\u00e9delemr\u0151l \u00e9s a hozz\u00e1 kapcsol\u00f3d\u00f3 egyes t\u00f6rv\u00e9nyek m\u00f3dos\u00edt\u00e1sair\u00f3l sz\u00f3l\u00f3 2011.\u00e9vi CXXVIII. t\u00f6rv\u00e9ny 51\u00a7(4) bekezd\u00e9s a) pontj\u00e1ban meghat\u00e1rozott hat\u00e1sk\u00f6r\u00f6mben (Prof. Dr. K\u00e1sler Mikl\u00f3s) elj\u00e1rva figyelemmel a vesz\u00e9lyhelyzet kihirdet\u00e9s\u00e9r\u0151l \u00e9s a vesz\u00e9lyhelyzeti int\u00e9zked\u00e9sek hat\u00e1lybal\u00e9p\u00e9s\u00e9r\u0151l sz\u00f3l\u00f3 27\/2021- (I.29.) Korm. rendeletre a k\u00f6vetkez\u0151k szerint t\u00f6rt\u00e9nik:<\/p>\n<p style=\"text-align: justify;\">Az \u00f3vod\u00e1ba \u00e9s az \u00e1ltal\u00e1nos iskola- a j\u00e1rv\u00e1ny\u00fcgyi szempontok figyelembev\u00e9tel\u00e9vel-beoszt\u00e1s szerint, elektronikus \u00faton is be lehet iratkozni a 2021\/2022. nevel\u00e9si \u00e9vre, ill. tan\u00e9vre. Ebben az esetben a beiratkoz\u00e1shoz sz\u00fcks\u00e9ges iratok bemutat\u00e1sa az els\u0151 \u00f3vodai nevel\u00e9si napon, ill. tan\u00edt\u00e1si<br \/>\nnapon ker\u00fcl sor.<\/p>\n<p style=\"text-align: center;\">A k\u00f6telez\u0151 felv\u00e9teli k\u00f6rzettel rendelkez\u0151 \u00f3vod\u00e1k felv\u00e9teli elj\u00e1r\u00e1sa:<\/p>\n<p style=\"text-align: center;\">3012 Nagyk\u00f6k\u00e9nyes, Pet\u0151fi \u00fat 14. Nagyk\u00f6k\u00e9nyesi K\u00f6k\u00e9nyvir\u00e1g \u00d3voda<\/p>\n<p style=\"text-align: center;\">A beiratkoz\u00e1s id\u0151pontja:<\/p>\n<p style=\"text-align: center;\"><strong>2021. \u00e1prilis 19-23. ig 12.00-16.00-ig<\/strong><\/p>\n<p style=\"text-align: center;\"><strong>A beiratkoz\u00e1s 2021.\u00e9vben \u00fajra a j\u00e1rv\u00e1ny\u00fcgyi helyzetre val\u00f3 tekintettel telefonos \u00faton is megtehet\u0151.<\/strong><\/p>\n<hr \/>\n<p style=\"text-align: justify;\">T\u00c1J\u00c9KOZTAT\u00c1S AZ \u00d3VODAI BEIRATKOZ\u00c1SR\u00d3L<\/p>\n<p style=\"text-align: justify;\">Tisztelt Sz\u00fcl\u0151k!<\/p>\n<p style=\"text-align: justify;\">\u00c9rtes\u00edtem a sz\u00fcl\u0151ket, hogy: Az emberi er\u0151forr\u00e1sok minisztere \u2013 <strong>a vesz\u00e9lyhelyzet kihirdet\u00e9s\u00e9r\u0151l<\/strong> sz\u00f3l\u00f3 40\/2020. (III. 11.) Korm. rendeletre figyelemmel \u2013 a 2020\/2021. nevel\u00e9si, ill.tan\u00e9vre t\u00f6rt\u00e9n\u0151 \u00f3vodai, valamint \u00e1ltal\u00e1nos iskolai beiratkoz\u00e1sr\u00f3l sz\u00f3l\u00f3 7\/2020. (III. 25) EMMI hat\u00e1rozat\u00e1ban (a tov\u00e1bbiakban: EMMI hat\u00e1rozat) <strong>a 2020\/2021. nevel\u00e9si \u00e9vre t\u00f6rt\u00e9n\u0151 \u00f3vodai beiratkoz\u00e1sok vonatkoz\u00e1s\u00e1ban egyedi elj\u00e1r\u00e1si szab\u00e1lyokat hat\u00e1rozott meg<\/strong>. K\u00e9rj\u00fck, hogy ezeket figyelmesen olvass\u00e1k el \u00e9s ennek megfelel\u0151en j\u00e1rjanak el.<\/p>\n<p style=\"text-align: justify;\">A beiratkoz\u00e1s <strong>elektronikusan t\u00f6rt\u00e9nik a j\u00e1rv\u00e1ny\u00fcgyi helyzetre<\/strong> val\u00f3 tekintettel!<\/p>\n","protected":false},"excerpt":{"rendered":"<p>\u00c1LL\u00c1SP\u00c1LY\u00c1ZAT NAGYK\u00d6K\u00c9NYES K\u00d6ZS\u00c9GI \u00d6NKORM\u00c1NYZAT Nagyk\u00f6k\u00e9nyesi K\u00f6k\u00e9nyvir\u00e1g \u00d3voda p\u00e1ly\u00e1zatot hirdet K\u00f6znevel\u00e9si foglalkoztatotti jogviszony keret\u00e9ben Igazgat\u00f3 Munkak\u00f6r\/feladatk\u00f6r bet\u00f6lt\u00e9s\u00e9re. A p\u00e1ly\u00e1zat ITT tal\u00e1lhat\u00f3. Nagyk\u00f6k\u00e9nyes K\u00f6zs\u00e9gi \u00d6nkorm\u00e1nyzat a K\u00f6zalkalmazottak jog\u00e1ll\u00e1s\u00e1r\u00f3l sz\u00f3l\u00f3 1992. \u00e9vi XXXIII. t\u00f6rv\u00e9ny 20\/A. \u00a7 alapj\u00e1n p\u00e1ly\u00e1zatot hirdet Nagyk\u00f6k\u00e9nyesi K\u00f6k\u00e9nyvir\u00e1g \u00d3voda \u00f3vodavezet\u0151 (magasabb vezet\u0151) beoszt\u00e1s ell\u00e1t\u00e1s\u00e1ra. A k\u00f6zalkalmazotti jogviszony id\u0151tartama:\u00a0hat\u00e1rozatlan idej\u0171\u00a0k\u00f6zalkalmazotti jogviszony\u00a0 \u00a0 \u00a0 \u00a0 \u00a0 \u00a0 [&hellip;]<\/p>\n","protected":false},"author":1,"featured_media":0,"parent":0,"menu_order":0,"comment_status":"closed","ping_status":"closed","template":"","meta":{"footnotes":""},"class_list":["post-1216","page","type-page","status-publish","hentry"],"yoast_head":"<!-- This site is optimized with the Yoast SEO plugin v26.5 - https:\/\/yoast.com\/wordpress\/plugins\/seo\/ -->\n<title>H\u00edrek - Nagyk\u00f6k\u00e9nyes K\u00f6zs\u00e9g \u00d6nkorm\u00e1nyzata<\/title>\n<meta name=\"robots\" content=\"index, follow, max-snippet:-1, max-image-preview:large, max-video-preview:-1\" \/>\n<link rel=\"canonical\" href=\"https:\/\/nagykokenyes.hu\/?page_id=1216\" \/>\n<meta property=\"og:locale\" content=\"hu_HU\" \/>\n<meta property=\"og:type\" content=\"article\" \/>\n<meta property=\"og:title\" content=\"H\u00edrek - Nagyk\u00f6k\u00e9nyes K\u00f6zs\u00e9g \u00d6nkorm\u00e1nyzata\" \/>\n<meta property=\"og:description\" content=\"\u00c1LL\u00c1SP\u00c1LY\u00c1ZAT NAGYK\u00d6K\u00c9NYES K\u00d6ZS\u00c9GI \u00d6NKORM\u00c1NYZAT Nagyk\u00f6k\u00e9nyesi K\u00f6k\u00e9nyvir\u00e1g \u00d3voda p\u00e1ly\u00e1zatot hirdet K\u00f6znevel\u00e9si foglalkoztatotti jogviszony keret\u00e9ben Igazgat\u00f3 Munkak\u00f6r\/feladatk\u00f6r bet\u00f6lt\u00e9s\u00e9re. A p\u00e1ly\u00e1zat ITT tal\u00e1lhat\u00f3. Nagyk\u00f6k\u00e9nyes K\u00f6zs\u00e9gi \u00d6nkorm\u00e1nyzat a K\u00f6zalkalmazottak jog\u00e1ll\u00e1s\u00e1r\u00f3l sz\u00f3l\u00f3 1992. \u00e9vi XXXIII. t\u00f6rv\u00e9ny 20\/A. \u00a7 alapj\u00e1n p\u00e1ly\u00e1zatot hirdet Nagyk\u00f6k\u00e9nyesi K\u00f6k\u00e9nyvir\u00e1g \u00d3voda \u00f3vodavezet\u0151 (magasabb vezet\u0151) beoszt\u00e1s ell\u00e1t\u00e1s\u00e1ra. A k\u00f6zalkalmazotti jogviszony id\u0151tartama:\u00a0hat\u00e1rozatlan idej\u0171\u00a0k\u00f6zalkalmazotti jogviszony\u00a0 \u00a0 \u00a0 \u00a0 \u00a0 \u00a0 [&hellip;]\" \/>\n<meta property=\"og:url\" content=\"https:\/\/nagykokenyes.hu\/?page_id=1216\" \/>\n<meta property=\"og:site_name\" content=\"Nagyk\u00f6k\u00e9nyes K\u00f6zs\u00e9g \u00d6nkorm\u00e1nyzata\" \/>\n<meta property=\"article:modified_time\" content=\"2025-09-01T12:50:55+00:00\" \/>\n<meta property=\"og:image\" content=\"https:\/\/nagykokenyes.hu\/wp-content\/uploads\/2023\/03\/Ovodai-beiratkozas-plakat-2023.-1-scaled.jpg\" \/>\n\t<meta property=\"og:image:width\" content=\"1812\" \/>\n\t<meta property=\"og:image:height\" content=\"2560\" \/>\n\t<meta property=\"og:image:type\" content=\"image\/jpeg\" \/>\n<meta name=\"twitter:card\" content=\"summary_large_image\" \/>\n<meta name=\"twitter:label1\" content=\"Becs\u00fclt olvas\u00e1si id\u0151\" \/>\n\t<meta name=\"twitter:data1\" content=\"3 perc\" \/>\n<script type=\"application\/ld+json\" class=\"yoast-schema-graph\">{\"@context\":\"https:\/\/schema.org\",\"@graph\":[{\"@type\":\"WebPage\",\"@id\":\"https:\/\/nagykokenyes.hu\/?page_id=1216\",\"url\":\"https:\/\/nagykokenyes.hu\/?page_id=1216\",\"name\":\"H\u00edrek - Nagyk\u00f6k\u00e9nyes K\u00f6zs\u00e9g \u00d6nkorm\u00e1nyzata\",\"isPartOf\":{\"@id\":\"https:\/\/nagykokenyes.hu\/#website\"},\"primaryImageOfPage\":{\"@id\":\"https:\/\/nagykokenyes.hu\/?page_id=1216#primaryimage\"},\"image\":{\"@id\":\"https:\/\/nagykokenyes.hu\/?page_id=1216#primaryimage\"},\"thumbnailUrl\":\"https:\/\/nagykokenyes.hu\/wp-content\/uploads\/2023\/03\/Ovodai-beiratkozas-plakat-2023.-1-scaled.jpg\",\"datePublished\":\"2019-04-04T20:30:22+00:00\",\"dateModified\":\"2025-09-01T12:50:55+00:00\",\"breadcrumb\":{\"@id\":\"https:\/\/nagykokenyes.hu\/?page_id=1216#breadcrumb\"},\"inLanguage\":\"hu\",\"potentialAction\":[{\"@type\":\"ReadAction\",\"target\":[\"https:\/\/nagykokenyes.hu\/?page_id=1216\"]}]},{\"@type\":\"ImageObject\",\"inLanguage\":\"hu\",\"@id\":\"https:\/\/nagykokenyes.hu\/?page_id=1216#primaryimage\",\"url\":\"https:\/\/nagykokenyes.hu\/wp-content\/uploads\/2023\/03\/Ovodai-beiratkozas-plakat-2023.-1-scaled.jpg\",\"contentUrl\":\"https:\/\/nagykokenyes.hu\/wp-content\/uploads\/2023\/03\/Ovodai-beiratkozas-plakat-2023.-1-scaled.jpg\"},{\"@type\":\"BreadcrumbList\",\"@id\":\"https:\/\/nagykokenyes.hu\/?page_id=1216#breadcrumb\",\"itemListElement\":[{\"@type\":\"ListItem\",\"position\":1,\"name\":\"Kezd\u0151lap\",\"item\":\"https:\/\/nagykokenyes.hu\/\"},{\"@type\":\"ListItem\",\"position\":2,\"name\":\"H\u00edrek\"}]},{\"@type\":\"WebSite\",\"@id\":\"https:\/\/nagykokenyes.hu\/#website\",\"url\":\"https:\/\/nagykokenyes.hu\/\",\"name\":\"Nagyk\u00f6k\u00e9nyes K\u00f6zs\u00e9g \u00d6nkorm\u00e1nyzata\",\"description\":\"\",\"potentialAction\":[{\"@type\":\"SearchAction\",\"target\":{\"@type\":\"EntryPoint\",\"urlTemplate\":\"https:\/\/nagykokenyes.hu\/?s={search_term_string}\"},\"query-input\":{\"@type\":\"PropertyValueSpecification\",\"valueRequired\":true,\"valueName\":\"search_term_string\"}}],\"inLanguage\":\"hu\"}]}<\/script>\n<!-- \/ Yoast SEO plugin. -->","yoast_head_json":{"title":"H\u00edrek - Nagyk\u00f6k\u00e9nyes K\u00f6zs\u00e9g \u00d6nkorm\u00e1nyzata","robots":{"index":"index","follow":"follow","max-snippet":"max-snippet:-1","max-image-preview":"max-image-preview:large","max-video-preview":"max-video-preview:-1"},"canonical":"https:\/\/nagykokenyes.hu\/?page_id=1216","og_locale":"hu_HU","og_type":"article","og_title":"H\u00edrek - Nagyk\u00f6k\u00e9nyes K\u00f6zs\u00e9g \u00d6nkorm\u00e1nyzata","og_description":"\u00c1LL\u00c1SP\u00c1LY\u00c1ZAT NAGYK\u00d6K\u00c9NYES K\u00d6ZS\u00c9GI \u00d6NKORM\u00c1NYZAT Nagyk\u00f6k\u00e9nyesi K\u00f6k\u00e9nyvir\u00e1g \u00d3voda p\u00e1ly\u00e1zatot hirdet K\u00f6znevel\u00e9si foglalkoztatotti jogviszony keret\u00e9ben Igazgat\u00f3 Munkak\u00f6r\/feladatk\u00f6r bet\u00f6lt\u00e9s\u00e9re. A p\u00e1ly\u00e1zat ITT tal\u00e1lhat\u00f3. Nagyk\u00f6k\u00e9nyes K\u00f6zs\u00e9gi \u00d6nkorm\u00e1nyzat a K\u00f6zalkalmazottak jog\u00e1ll\u00e1s\u00e1r\u00f3l sz\u00f3l\u00f3 1992. \u00e9vi XXXIII. t\u00f6rv\u00e9ny 20\/A. \u00a7 alapj\u00e1n p\u00e1ly\u00e1zatot hirdet Nagyk\u00f6k\u00e9nyesi K\u00f6k\u00e9nyvir\u00e1g \u00d3voda \u00f3vodavezet\u0151 (magasabb vezet\u0151) beoszt\u00e1s ell\u00e1t\u00e1s\u00e1ra. A k\u00f6zalkalmazotti jogviszony id\u0151tartama:\u00a0hat\u00e1rozatlan idej\u0171\u00a0k\u00f6zalkalmazotti jogviszony\u00a0 \u00a0 \u00a0 \u00a0 \u00a0 \u00a0 [&hellip;]","og_url":"https:\/\/nagykokenyes.hu\/?page_id=1216","og_site_name":"Nagyk\u00f6k\u00e9nyes K\u00f6zs\u00e9g \u00d6nkorm\u00e1nyzata","article_modified_time":"2025-09-01T12:50:55+00:00","og_image":[{"width":1812,"height":2560,"url":"https:\/\/nagykokenyes.hu\/wp-content\/uploads\/2023\/03\/Ovodai-beiratkozas-plakat-2023.-1-scaled.jpg","type":"image\/jpeg"}],"twitter_card":"summary_large_image","twitter_misc":{"Becs\u00fclt olvas\u00e1si id\u0151":"3 perc"},"schema":{"@context":"https:\/\/schema.org","@graph":[{"@type":"WebPage","@id":"https:\/\/nagykokenyes.hu\/?page_id=1216","url":"https:\/\/nagykokenyes.hu\/?page_id=1216","name":"H\u00edrek - Nagyk\u00f6k\u00e9nyes K\u00f6zs\u00e9g \u00d6nkorm\u00e1nyzata","isPartOf":{"@id":"https:\/\/nagykokenyes.hu\/#website"},"primaryImageOfPage":{"@id":"https:\/\/nagykokenyes.hu\/?page_id=1216#primaryimage"},"image":{"@id":"https:\/\/nagykokenyes.hu\/?page_id=1216#primaryimage"},"thumbnailUrl":"https:\/\/nagykokenyes.hu\/wp-content\/uploads\/2023\/03\/Ovodai-beiratkozas-plakat-2023.-1-scaled.jpg","datePublished":"2019-04-04T20:30:22+00:00","dateModified":"2025-09-01T12:50:55+00:00","breadcrumb":{"@id":"https:\/\/nagykokenyes.hu\/?page_id=1216#breadcrumb"},"inLanguage":"hu","potentialAction":[{"@type":"ReadAction","target":["https:\/\/nagykokenyes.hu\/?page_id=1216"]}]},{"@type":"ImageObject","inLanguage":"hu","@id":"https:\/\/nagykokenyes.hu\/?page_id=1216#primaryimage","url":"https:\/\/nagykokenyes.hu\/wp-content\/uploads\/2023\/03\/Ovodai-beiratkozas-plakat-2023.-1-scaled.jpg","contentUrl":"https:\/\/nagykokenyes.hu\/wp-content\/uploads\/2023\/03\/Ovodai-beiratkozas-plakat-2023.-1-scaled.jpg"},{"@type":"BreadcrumbList","@id":"https:\/\/nagykokenyes.hu\/?page_id=1216#breadcrumb","itemListElement":[{"@type":"ListItem","position":1,"name":"Kezd\u0151lap","item":"https:\/\/nagykokenyes.hu\/"},{"@type":"ListItem","position":2,"name":"H\u00edrek"}]},{"@type":"WebSite","@id":"https:\/\/nagykokenyes.hu\/#website","url":"https:\/\/nagykokenyes.hu\/","name":"Nagyk\u00f6k\u00e9nyes K\u00f6zs\u00e9g \u00d6nkorm\u00e1nyzata","description":"","potentialAction":[{"@type":"SearchAction","target":{"@type":"EntryPoint","urlTemplate":"https:\/\/nagykokenyes.hu\/?s={search_term_string}"},"query-input":{"@type":"PropertyValueSpecification","valueRequired":true,"valueName":"search_term_string"}}],"inLanguage":"hu"}]}},"_links":{"self":[{"href":"https:\/\/nagykokenyes.hu\/index.php?rest_route=\/wp\/v2\/pages\/1216","targetHints":{"allow":["GET"]}}],"collection":[{"href":"https:\/\/nagykokenyes.hu\/index.php?rest_route=\/wp\/v2\/pages"}],"about":[{"href":"https:\/\/nagykokenyes.hu\/index.php?rest_route=\/wp\/v2\/types\/page"}],"author":[{"embeddable":true,"href":"https:\/\/nagykokenyes.hu\/index.php?rest_route=\/wp\/v2\/users\/1"}],"replies":[{"embeddable":true,"href":"https:\/\/nagykokenyes.hu\/index.php?rest_route=%2Fwp%2Fv2%2Fcomments&post=1216"}],"version-history":[{"count":13,"href":"https:\/\/nagykokenyes.hu\/index.php?rest_route=\/wp\/v2\/pages\/1216\/revisions"}],"predecessor-version":[{"id":9748,"href":"https:\/\/nagykokenyes.hu\/index.php?rest_route=\/wp\/v2\/pages\/1216\/revisions\/9748"}],"wp:attachment":[{"href":"https:\/\/nagykokenyes.hu\/index.php?rest_route=%2Fwp%2Fv2%2Fmedia&parent=1216"}],"curies":[{"name":"wp","href":"https:\/\/api.w.org\/{rel}","templated":true}]}}