{"id":1379,"date":"2019-06-11T20:27:27","date_gmt":"2019-06-11T20:27:27","guid":{"rendered":"http:\/\/nagykokenyes.hu\/?page_id=1379"},"modified":"2019-06-11T20:31:24","modified_gmt":"2019-06-11T20:31:24","slug":"gyogyszertarak","status":"publish","type":"page","link":"https:\/\/nagykokenyes.hu\/?page_id=1379","title":{"rendered":"Gy\u00f3gyszert\u00e1rak"},"content":{"rendered":"<p style=\"font-weight: 400;\"><strong>Halasi Patika Her\u00e9di fi\u00f3kgy\u00f3gyszert\u00e1ra<\/strong><\/p>\n<p style=\"font-weight: 400;\">3011 Her\u00e9d, Arany J\u00e1nos u. 27.<\/p>\n<p style=\"font-weight: 400;\">06-37\/377-030<\/p>\n<p style=\"font-weight: 400;\"><a href=\"mailto:halasipatika@gmail.com\">halasipatika@gmail.com<\/a><\/p>\n<p style=\"font-weight: 400;\">Facebook:\u00a0<a href=\"https:\/\/www.facebook.com\/HalasiPatika\/\" data-saferedirecturl=\"https:\/\/www.google.com\/url?q=https:\/\/www.facebook.com\/HalasiPatika\/&amp;source=gmail&amp;ust=1560371111983000&amp;usg=AFQjCNGjdiI0ShkJj6XkMka8aOXgNNGJsA\">https:\/\/www.facebook.com\/HalasiPatika\/<\/a><\/p>\n<p style=\"font-weight: 400;\">V\u00e9rnyom\u00e1s, v\u00e9rcukor, koleszterinszint m\u00e9r\u00e9s lehet\u0151s\u00e9g van!<\/p>\n<p style=\"font-weight: 400;\"><strong>\u00daj \u2013 m\u00f3dos\u00edtott nyitvatart\u00e1si id\u0151:<\/strong><\/p>\n<ul>\n<li style=\"font-weight: 400;\"><strong>h\u00e9tf\u0151n, szerd\u00e1n \u00e9s cs\u00fct\u00f6rt\u00f6k\u00f6n 9<sup>00<\/sup>-12<sup>00<\/sup>\u00a0\u00f3r\u00e1ig<\/strong><\/li>\n<\/ul>\n","protected":false},"excerpt":{"rendered":"<p>Halasi Patika Her\u00e9di fi\u00f3kgy\u00f3gyszert\u00e1ra 3011 Her\u00e9d, Arany J\u00e1nos u. 27. 06-37\/377-030 halasipatika@gmail.com Facebook:\u00a0https:\/\/www.facebook.com\/HalasiPatika\/ V\u00e9rnyom\u00e1s, v\u00e9rcukor, koleszterinszint m\u00e9r\u00e9s lehet\u0151s\u00e9g van! \u00daj \u2013 m\u00f3dos\u00edtott nyitvatart\u00e1si id\u0151: h\u00e9tf\u0151n, szerd\u00e1n \u00e9s cs\u00fct\u00f6rt\u00f6k\u00f6n 900-1200\u00a0\u00f3r\u00e1ig<\/p>\n","protected":false},"author":1,"featured_media":0,"parent":0,"menu_order":0,"comment_status":"closed","ping_status":"closed","template":"","meta":{"footnotes":""},"class_list":["post-1379","page","type-page","status-publish","hentry"],"yoast_head":"<!-- This site is optimized with the Yoast SEO plugin v26.5 - https:\/\/yoast.com\/wordpress\/plugins\/seo\/ -->\n<title>Gy\u00f3gyszert\u00e1rak - Nagyk\u00f6k\u00e9nyes K\u00f6zs\u00e9g \u00d6nkorm\u00e1nyzata<\/title>\n<meta name=\"robots\" content=\"index, follow, max-snippet:-1, max-image-preview:large, max-video-preview:-1\" \/>\n<link rel=\"canonical\" href=\"https:\/\/nagykokenyes.hu\/?page_id=1379\" \/>\n<meta property=\"og:locale\" content=\"hu_HU\" \/>\n<meta property=\"og:type\" content=\"article\" \/>\n<meta property=\"og:title\" content=\"Gy\u00f3gyszert\u00e1rak - Nagyk\u00f6k\u00e9nyes K\u00f6zs\u00e9g \u00d6nkorm\u00e1nyzata\" \/>\n<meta property=\"og:description\" content=\"Halasi Patika Her\u00e9di fi\u00f3kgy\u00f3gyszert\u00e1ra 3011 Her\u00e9d, Arany J\u00e1nos u. 27. 06-37\/377-030 halasipatika@gmail.com Facebook:\u00a0https:\/\/www.facebook.com\/HalasiPatika\/ V\u00e9rnyom\u00e1s, v\u00e9rcukor, koleszterinszint m\u00e9r\u00e9s lehet\u0151s\u00e9g van! \u00daj \u2013 m\u00f3dos\u00edtott nyitvatart\u00e1si id\u0151: h\u00e9tf\u0151n, szerd\u00e1n \u00e9s cs\u00fct\u00f6rt\u00f6k\u00f6n 900-1200\u00a0\u00f3r\u00e1ig\" \/>\n<meta property=\"og:url\" content=\"https:\/\/nagykokenyes.hu\/?page_id=1379\" \/>\n<meta property=\"og:site_name\" content=\"Nagyk\u00f6k\u00e9nyes K\u00f6zs\u00e9g \u00d6nkorm\u00e1nyzata\" \/>\n<meta property=\"article:modified_time\" content=\"2019-06-11T20:31:24+00:00\" \/>\n<meta name=\"twitter:card\" content=\"summary_large_image\" \/>\n<script type=\"application\/ld+json\" class=\"yoast-schema-graph\">{\"@context\":\"https:\/\/schema.org\",\"@graph\":[{\"@type\":\"WebPage\",\"@id\":\"https:\/\/nagykokenyes.hu\/?page_id=1379\",\"url\":\"https:\/\/nagykokenyes.hu\/?page_id=1379\",\"name\":\"Gy\u00f3gyszert\u00e1rak - Nagyk\u00f6k\u00e9nyes K\u00f6zs\u00e9g \u00d6nkorm\u00e1nyzata\",\"isPartOf\":{\"@id\":\"https:\/\/nagykokenyes.hu\/#website\"},\"datePublished\":\"2019-06-11T20:27:27+00:00\",\"dateModified\":\"2019-06-11T20:31:24+00:00\",\"breadcrumb\":{\"@id\":\"https:\/\/nagykokenyes.hu\/?page_id=1379#breadcrumb\"},\"inLanguage\":\"hu\",\"potentialAction\":[{\"@type\":\"ReadAction\",\"target\":[\"https:\/\/nagykokenyes.hu\/?page_id=1379\"]}]},{\"@type\":\"BreadcrumbList\",\"@id\":\"https:\/\/nagykokenyes.hu\/?page_id=1379#breadcrumb\",\"itemListElement\":[{\"@type\":\"ListItem\",\"position\":1,\"name\":\"Kezd\u0151lap\",\"item\":\"https:\/\/nagykokenyes.hu\/\"},{\"@type\":\"ListItem\",\"position\":2,\"name\":\"Gy\u00f3gyszert\u00e1rak\"}]},{\"@type\":\"WebSite\",\"@id\":\"https:\/\/nagykokenyes.hu\/#website\",\"url\":\"https:\/\/nagykokenyes.hu\/\",\"name\":\"Nagyk\u00f6k\u00e9nyes K\u00f6zs\u00e9g \u00d6nkorm\u00e1nyzata\",\"description\":\"\",\"potentialAction\":[{\"@type\":\"SearchAction\",\"target\":{\"@type\":\"EntryPoint\",\"urlTemplate\":\"https:\/\/nagykokenyes.hu\/?s={search_term_string}\"},\"query-input\":{\"@type\":\"PropertyValueSpecification\",\"valueRequired\":true,\"valueName\":\"search_term_string\"}}],\"inLanguage\":\"hu\"}]}<\/script>\n<!-- \/ Yoast SEO plugin. -->","yoast_head_json":{"title":"Gy\u00f3gyszert\u00e1rak - Nagyk\u00f6k\u00e9nyes K\u00f6zs\u00e9g \u00d6nkorm\u00e1nyzata","robots":{"index":"index","follow":"follow","max-snippet":"max-snippet:-1","max-image-preview":"max-image-preview:large","max-video-preview":"max-video-preview:-1"},"canonical":"https:\/\/nagykokenyes.hu\/?page_id=1379","og_locale":"hu_HU","og_type":"article","og_title":"Gy\u00f3gyszert\u00e1rak - Nagyk\u00f6k\u00e9nyes K\u00f6zs\u00e9g \u00d6nkorm\u00e1nyzata","og_description":"Halasi Patika Her\u00e9di fi\u00f3kgy\u00f3gyszert\u00e1ra 3011 Her\u00e9d, Arany J\u00e1nos u. 27. 06-37\/377-030 halasipatika@gmail.com Facebook:\u00a0https:\/\/www.facebook.com\/HalasiPatika\/ V\u00e9rnyom\u00e1s, v\u00e9rcukor, koleszterinszint m\u00e9r\u00e9s lehet\u0151s\u00e9g van! \u00daj \u2013 m\u00f3dos\u00edtott nyitvatart\u00e1si id\u0151: h\u00e9tf\u0151n, szerd\u00e1n \u00e9s cs\u00fct\u00f6rt\u00f6k\u00f6n 900-1200\u00a0\u00f3r\u00e1ig","og_url":"https:\/\/nagykokenyes.hu\/?page_id=1379","og_site_name":"Nagyk\u00f6k\u00e9nyes K\u00f6zs\u00e9g \u00d6nkorm\u00e1nyzata","article_modified_time":"2019-06-11T20:31:24+00:00","twitter_card":"summary_large_image","schema":{"@context":"https:\/\/schema.org","@graph":[{"@type":"WebPage","@id":"https:\/\/nagykokenyes.hu\/?page_id=1379","url":"https:\/\/nagykokenyes.hu\/?page_id=1379","name":"Gy\u00f3gyszert\u00e1rak - Nagyk\u00f6k\u00e9nyes K\u00f6zs\u00e9g \u00d6nkorm\u00e1nyzata","isPartOf":{"@id":"https:\/\/nagykokenyes.hu\/#website"},"datePublished":"2019-06-11T20:27:27+00:00","dateModified":"2019-06-11T20:31:24+00:00","breadcrumb":{"@id":"https:\/\/nagykokenyes.hu\/?page_id=1379#breadcrumb"},"inLanguage":"hu","potentialAction":[{"@type":"ReadAction","target":["https:\/\/nagykokenyes.hu\/?page_id=1379"]}]},{"@type":"BreadcrumbList","@id":"https:\/\/nagykokenyes.hu\/?page_id=1379#breadcrumb","itemListElement":[{"@type":"ListItem","position":1,"name":"Kezd\u0151lap","item":"https:\/\/nagykokenyes.hu\/"},{"@type":"ListItem","position":2,"name":"Gy\u00f3gyszert\u00e1rak"}]},{"@type":"WebSite","@id":"https:\/\/nagykokenyes.hu\/#website","url":"https:\/\/nagykokenyes.hu\/","name":"Nagyk\u00f6k\u00e9nyes K\u00f6zs\u00e9g \u00d6nkorm\u00e1nyzata","description":"","potentialAction":[{"@type":"SearchAction","target":{"@type":"EntryPoint","urlTemplate":"https:\/\/nagykokenyes.hu\/?s={search_term_string}"},"query-input":{"@type":"PropertyValueSpecification","valueRequired":true,"valueName":"search_term_string"}}],"inLanguage":"hu"}]}},"_links":{"self":[{"href":"https:\/\/nagykokenyes.hu\/index.php?rest_route=\/wp\/v2\/pages\/1379","targetHints":{"allow":["GET"]}}],"collection":[{"href":"https:\/\/nagykokenyes.hu\/index.php?rest_route=\/wp\/v2\/pages"}],"about":[{"href":"https:\/\/nagykokenyes.hu\/index.php?rest_route=\/wp\/v2\/types\/page"}],"author":[{"embeddable":true,"href":"https:\/\/nagykokenyes.hu\/index.php?rest_route=\/wp\/v2\/users\/1"}],"replies":[{"embeddable":true,"href":"https:\/\/nagykokenyes.hu\/index.php?rest_route=%2Fwp%2Fv2%2Fcomments&post=1379"}],"version-history":[{"count":3,"href":"https:\/\/nagykokenyes.hu\/index.php?rest_route=\/wp\/v2\/pages\/1379\/revisions"}],"predecessor-version":[{"id":1383,"href":"https:\/\/nagykokenyes.hu\/index.php?rest_route=\/wp\/v2\/pages\/1379\/revisions\/1383"}],"wp:attachment":[{"href":"https:\/\/nagykokenyes.hu\/index.php?rest_route=%2Fwp%2Fv2%2Fmedia&parent=1379"}],"curies":[{"name":"wp","href":"https:\/\/api.w.org\/{rel}","templated":true}]}}