{"id":146,"date":"2018-05-30T21:33:14","date_gmt":"2018-05-30T21:33:14","guid":{"rendered":"http:\/\/nagykokenyes.hu\/?page_id=146"},"modified":"2020-12-17T23:41:12","modified_gmt":"2020-12-17T21:41:12","slug":"orvosi-ugyelet","status":"publish","type":"page","link":"https:\/\/nagykokenyes.hu\/?page_id=146","title":{"rendered":"Orvosi \u00fcgyelet"},"content":{"rendered":"<p><a href=\"https:\/\/nagykokenyes.hu\/wp-content\/uploads\/2020\/12\/0001-scaled.jpg\"><img loading=\"lazy\" decoding=\"async\" class=\"alignnone size-full wp-image-3715\" src=\"https:\/\/nagykokenyes.hu\/wp-content\/uploads\/2020\/12\/0001-scaled.jpg\" alt=\"\" width=\"1810\" height=\"2560\" srcset=\"https:\/\/nagykokenyes.hu\/wp-content\/uploads\/2020\/12\/0001-scaled.jpg 1810w, https:\/\/nagykokenyes.hu\/wp-content\/uploads\/2020\/12\/0001-768x1086.jpg 768w, https:\/\/nagykokenyes.hu\/wp-content\/uploads\/2020\/12\/0001-1086x1536.jpg 1086w, https:\/\/nagykokenyes.hu\/wp-content\/uploads\/2020\/12\/0001-1448x2048.jpg 1448w\" sizes=\"auto, (max-width: 1810px) 100vw, 1810px\" \/><\/a><img loading=\"lazy\" decoding=\"async\" class=\"alignnone size-full wp-image-156\" src=\"http:\/\/nagykokenyes.hu\/wp-content\/uploads\/2018\/05\/orvosiugyelet.jpg\" alt=\"\" width=\"1386\" height=\"965\" srcset=\"https:\/\/nagykokenyes.hu\/wp-content\/uploads\/2018\/05\/orvosiugyelet.jpg 1386w, https:\/\/nagykokenyes.hu\/wp-content\/uploads\/2018\/05\/orvosiugyelet-768x535.jpg 768w\" sizes=\"auto, (max-width: 1386px) 100vw, 1386px\" \/><\/p>\n","protected":false},"excerpt":{"rendered":"","protected":false},"author":1,"featured_media":0,"parent":143,"menu_order":2,"comment_status":"closed","ping_status":"closed","template":"","meta":{"footnotes":""},"class_list":["post-146","page","type-page","status-publish","hentry"],"yoast_head":"<!-- This site is optimized with the Yoast SEO plugin v26.5 - https:\/\/yoast.com\/wordpress\/plugins\/seo\/ -->\n<title>Orvosi \u00fcgyelet - Nagyk\u00f6k\u00e9nyes K\u00f6zs\u00e9g \u00d6nkorm\u00e1nyzata<\/title>\n<meta name=\"robots\" content=\"index, follow, max-snippet:-1, max-image-preview:large, max-video-preview:-1\" \/>\n<link rel=\"canonical\" href=\"https:\/\/nagykokenyes.hu\/?page_id=146\" \/>\n<meta property=\"og:locale\" content=\"hu_HU\" \/>\n<meta property=\"og:type\" content=\"article\" \/>\n<meta property=\"og:title\" content=\"Orvosi \u00fcgyelet - Nagyk\u00f6k\u00e9nyes K\u00f6zs\u00e9g \u00d6nkorm\u00e1nyzata\" \/>\n<meta property=\"og:url\" content=\"https:\/\/nagykokenyes.hu\/?page_id=146\" \/>\n<meta property=\"og:site_name\" content=\"Nagyk\u00f6k\u00e9nyes K\u00f6zs\u00e9g \u00d6nkorm\u00e1nyzata\" \/>\n<meta property=\"article:modified_time\" content=\"2020-12-17T21:41:12+00:00\" \/>\n<meta property=\"og:image\" content=\"https:\/\/nagykokenyes.hu\/wp-content\/uploads\/2020\/12\/0001-scaled.jpg\" \/>\n<meta name=\"twitter:card\" content=\"summary_large_image\" \/>\n<script type=\"application\/ld+json\" class=\"yoast-schema-graph\">{\"@context\":\"https:\/\/schema.org\",\"@graph\":[{\"@type\":\"WebPage\",\"@id\":\"https:\/\/nagykokenyes.hu\/?page_id=146\",\"url\":\"https:\/\/nagykokenyes.hu\/?page_id=146\",\"name\":\"Orvosi \u00fcgyelet - Nagyk\u00f6k\u00e9nyes K\u00f6zs\u00e9g \u00d6nkorm\u00e1nyzata\",\"isPartOf\":{\"@id\":\"https:\/\/nagykokenyes.hu\/#website\"},\"primaryImageOfPage\":{\"@id\":\"https:\/\/nagykokenyes.hu\/?page_id=146#primaryimage\"},\"image\":{\"@id\":\"https:\/\/nagykokenyes.hu\/?page_id=146#primaryimage\"},\"thumbnailUrl\":\"https:\/\/nagykokenyes.hu\/wp-content\/uploads\/2020\/12\/0001-scaled.jpg\",\"datePublished\":\"2018-05-30T21:33:14+00:00\",\"dateModified\":\"2020-12-17T21:41:12+00:00\",\"breadcrumb\":{\"@id\":\"https:\/\/nagykokenyes.hu\/?page_id=146#breadcrumb\"},\"inLanguage\":\"hu\",\"potentialAction\":[{\"@type\":\"ReadAction\",\"target\":[\"https:\/\/nagykokenyes.hu\/?page_id=146\"]}]},{\"@type\":\"ImageObject\",\"inLanguage\":\"hu\",\"@id\":\"https:\/\/nagykokenyes.hu\/?page_id=146#primaryimage\",\"url\":\"https:\/\/nagykokenyes.hu\/wp-content\/uploads\/2020\/12\/0001-scaled.jpg\",\"contentUrl\":\"https:\/\/nagykokenyes.hu\/wp-content\/uploads\/2020\/12\/0001-scaled.jpg\"},{\"@type\":\"BreadcrumbList\",\"@id\":\"https:\/\/nagykokenyes.hu\/?page_id=146#breadcrumb\",\"itemListElement\":[{\"@type\":\"ListItem\",\"position\":1,\"name\":\"Kezd\u0151lap\",\"item\":\"https:\/\/nagykokenyes.hu\/\"},{\"@type\":\"ListItem\",\"position\":2,\"name\":\"El\u00e9rhet\u0151s\u00e9gek\",\"item\":\"https:\/\/nagykokenyes.hu\/?page_id=143\"},{\"@type\":\"ListItem\",\"position\":3,\"name\":\"Orvosi \u00fcgyelet\"}]},{\"@type\":\"WebSite\",\"@id\":\"https:\/\/nagykokenyes.hu\/#website\",\"url\":\"https:\/\/nagykokenyes.hu\/\",\"name\":\"Nagyk\u00f6k\u00e9nyes K\u00f6zs\u00e9g \u00d6nkorm\u00e1nyzata\",\"description\":\"\",\"potentialAction\":[{\"@type\":\"SearchAction\",\"target\":{\"@type\":\"EntryPoint\",\"urlTemplate\":\"https:\/\/nagykokenyes.hu\/?s={search_term_string}\"},\"query-input\":{\"@type\":\"PropertyValueSpecification\",\"valueRequired\":true,\"valueName\":\"search_term_string\"}}],\"inLanguage\":\"hu\"}]}<\/script>\n<!-- \/ Yoast SEO plugin. -->","yoast_head_json":{"title":"Orvosi \u00fcgyelet - Nagyk\u00f6k\u00e9nyes K\u00f6zs\u00e9g \u00d6nkorm\u00e1nyzata","robots":{"index":"index","follow":"follow","max-snippet":"max-snippet:-1","max-image-preview":"max-image-preview:large","max-video-preview":"max-video-preview:-1"},"canonical":"https:\/\/nagykokenyes.hu\/?page_id=146","og_locale":"hu_HU","og_type":"article","og_title":"Orvosi \u00fcgyelet - Nagyk\u00f6k\u00e9nyes K\u00f6zs\u00e9g \u00d6nkorm\u00e1nyzata","og_url":"https:\/\/nagykokenyes.hu\/?page_id=146","og_site_name":"Nagyk\u00f6k\u00e9nyes K\u00f6zs\u00e9g \u00d6nkorm\u00e1nyzata","article_modified_time":"2020-12-17T21:41:12+00:00","og_image":[{"url":"https:\/\/nagykokenyes.hu\/wp-content\/uploads\/2020\/12\/0001-scaled.jpg","type":"","width":"","height":""}],"twitter_card":"summary_large_image","schema":{"@context":"https:\/\/schema.org","@graph":[{"@type":"WebPage","@id":"https:\/\/nagykokenyes.hu\/?page_id=146","url":"https:\/\/nagykokenyes.hu\/?page_id=146","name":"Orvosi \u00fcgyelet - Nagyk\u00f6k\u00e9nyes K\u00f6zs\u00e9g \u00d6nkorm\u00e1nyzata","isPartOf":{"@id":"https:\/\/nagykokenyes.hu\/#website"},"primaryImageOfPage":{"@id":"https:\/\/nagykokenyes.hu\/?page_id=146#primaryimage"},"image":{"@id":"https:\/\/nagykokenyes.hu\/?page_id=146#primaryimage"},"thumbnailUrl":"https:\/\/nagykokenyes.hu\/wp-content\/uploads\/2020\/12\/0001-scaled.jpg","datePublished":"2018-05-30T21:33:14+00:00","dateModified":"2020-12-17T21:41:12+00:00","breadcrumb":{"@id":"https:\/\/nagykokenyes.hu\/?page_id=146#breadcrumb"},"inLanguage":"hu","potentialAction":[{"@type":"ReadAction","target":["https:\/\/nagykokenyes.hu\/?page_id=146"]}]},{"@type":"ImageObject","inLanguage":"hu","@id":"https:\/\/nagykokenyes.hu\/?page_id=146#primaryimage","url":"https:\/\/nagykokenyes.hu\/wp-content\/uploads\/2020\/12\/0001-scaled.jpg","contentUrl":"https:\/\/nagykokenyes.hu\/wp-content\/uploads\/2020\/12\/0001-scaled.jpg"},{"@type":"BreadcrumbList","@id":"https:\/\/nagykokenyes.hu\/?page_id=146#breadcrumb","itemListElement":[{"@type":"ListItem","position":1,"name":"Kezd\u0151lap","item":"https:\/\/nagykokenyes.hu\/"},{"@type":"ListItem","position":2,"name":"El\u00e9rhet\u0151s\u00e9gek","item":"https:\/\/nagykokenyes.hu\/?page_id=143"},{"@type":"ListItem","position":3,"name":"Orvosi \u00fcgyelet"}]},{"@type":"WebSite","@id":"https:\/\/nagykokenyes.hu\/#website","url":"https:\/\/nagykokenyes.hu\/","name":"Nagyk\u00f6k\u00e9nyes K\u00f6zs\u00e9g \u00d6nkorm\u00e1nyzata","description":"","potentialAction":[{"@type":"SearchAction","target":{"@type":"EntryPoint","urlTemplate":"https:\/\/nagykokenyes.hu\/?s={search_term_string}"},"query-input":{"@type":"PropertyValueSpecification","valueRequired":true,"valueName":"search_term_string"}}],"inLanguage":"hu"}]}},"_links":{"self":[{"href":"https:\/\/nagykokenyes.hu\/index.php?rest_route=\/wp\/v2\/pages\/146","targetHints":{"allow":["GET"]}}],"collection":[{"href":"https:\/\/nagykokenyes.hu\/index.php?rest_route=\/wp\/v2\/pages"}],"about":[{"href":"https:\/\/nagykokenyes.hu\/index.php?rest_route=\/wp\/v2\/types\/page"}],"author":[{"embeddable":true,"href":"https:\/\/nagykokenyes.hu\/index.php?rest_route=\/wp\/v2\/users\/1"}],"replies":[{"embeddable":true,"href":"https:\/\/nagykokenyes.hu\/index.php?rest_route=%2Fwp%2Fv2%2Fcomments&post=146"}],"version-history":[{"count":4,"href":"https:\/\/nagykokenyes.hu\/index.php?rest_route=\/wp\/v2\/pages\/146\/revisions"}],"predecessor-version":[{"id":3717,"href":"https:\/\/nagykokenyes.hu\/index.php?rest_route=\/wp\/v2\/pages\/146\/revisions\/3717"}],"up":[{"embeddable":true,"href":"https:\/\/nagykokenyes.hu\/index.php?rest_route=\/wp\/v2\/pages\/143"}],"wp:attachment":[{"href":"https:\/\/nagykokenyes.hu\/index.php?rest_route=%2Fwp%2Fv2%2Fmedia&parent=146"}],"curies":[{"name":"wp","href":"https:\/\/api.w.org\/{rel}","templated":true}]}}