{"id":148,"date":"2018-05-30T21:33:40","date_gmt":"2018-05-30T21:33:40","guid":{"rendered":"http:\/\/nagykokenyes.hu\/?page_id=148"},"modified":"2025-01-03T14:29:23","modified_gmt":"2025-01-03T12:29:23","slug":"onkormanyzat","status":"publish","type":"page","link":"https:\/\/nagykokenyes.hu\/?page_id=148","title":{"rendered":"Hivatal"},"content":{"rendered":"<p><strong>Zagyvasz\u00e1nt\u00f3 K\u00f6z\u00f6s \u00d6nkorm\u00e1nyzati Hivatal Nagyk\u00f6k\u00e9nyesi Kirendelts\u00e9ge<\/strong><br \/>\nC\u00edm:\u00a03012 Nagyk\u00f6k\u00e9nyes, Szabads\u00e1g ut 37.<br \/>\nTel.: 37\/377-022;37\/577-002<\/p>\n<p><strong>ZAGYVASZ\u00c1NT\u00d3 K\u00d6Z\u00d6S \u00d6NKORM\u00c1NYZATI HIVATAL NAGYK\u00d6K\u00c9NYESI KIRENDELTS\u00c9GE<\/strong><\/p>\n<p><strong>\u00dcGYF\u00c9LFOGAD\u00c1SI ID\u0150:<\/strong><\/p>\n<p>H\u00e9tf\u0151: 8.00 \u2013 10.00 \u00f3r\u00e1ig \u00e9s 13.00 \u2013 15.00 \u00f3r\u00e1ig<br \/>\nKedd: 8.00 \u2013 12.00 \u00f3r\u00e1ig<br \/>\nSzerda: 8.00 \u2013 12.00 \u00f3r\u00e1ig 12.30 \u2013 16.30 \u00f3r\u00e1ig<br \/>\nCs\u00fct\u00f6rt\u00f6k: Nincs \u00fcgyf\u00e9lfogad\u00e1s<br \/>\nP\u00e9ntek: 8.00 \u2013 10.00 \u00f3r\u00e1ig<\/p>\n<p><strong>A jegyz\u0151 \u00fcgyf\u00e9lfogad\u00e1si ideje:<\/strong><\/p>\n<p>H\u00e9tf\u0151n, szerd\u00e1n, cs\u00fct\u00f6rt\u00f6k\u00f6n \u00e9s p\u00e9nteki napokon de. 9.30 \u2013 10.30-ig.<\/p>\n<p><strong>A polg\u00e1rmester \u00fcgyf\u00e9lfogad\u00e1si ideje:<\/strong><\/p>\n<ul>\n<li>H\u00e9tf\u0151: 17.00 \u2013 18.00 \u00f3r\u00e1ig<\/li>\n<li>P\u00e9ntek:\u00a0 7.00 \u2013 7.30 \u00f3r\u00e1ig<\/li>\n<\/ul>\n<p><strong>K\u00e9rj\u00fck tiszteletben tartani!<\/strong><\/p>\n<p>&nbsp;<\/p>\n<p><strong>A Hatvani J\u00e1r\u00e1si Hivatal t\u00e1j\u00e9koztat\u00f3ja az okm\u00e1nyiroda \u00fcgyf\u00e9lfogad\u00e1si rendj\u00e9r\u0151l<\/strong><\/p>\n<p><strong>Hatvani Korm\u00e1nyablak<\/strong> (3000 Hatvan, Balassi B\u00e1lint \u00fat 14.) \u00fcgyf\u00e9lfogad\u00e1sa<br \/>\nInform\u00e1ci\u00f3, t\u00e1j\u00e9koztatat\u00e1s k\u00e9r\u00e9s, id\u0151pontfoglal\u00e1s (0-24 \u00f3r\u00e1ban, ingyenesen): <strong>1818<\/strong><\/p>\n<ul>\n<li>H\u00e9tf\u0151: \u00a0\u00a0\u00a0\u00a0\u00a0\u00a0\u00a0\u00a0\u00a0\u00a0\u00a0 7.00 \u2013 17.00<\/li>\n<li>Kedd: \u00a0\u00a0\u00a0\u00a0\u00a0\u00a0\u00a0\u00a0\u00a0\u00a0\u00a0 8.00 \u2013 12.00<\/li>\n<li>Szerda:\u00a0 \u00a0 \u00a0 \u00a0 \u00a0 \u00a07.30 \u2013 17.30<\/li>\n<li>Cs\u00fct\u00f6rt\u00f6k:\u00a0 \u00a0 \u00a08.00 \u2013 18.00<\/li>\n<li>P\u00e9ntek:\u00a0 \u00a0 \u00a0 \u00a0 \u00a0 \u00a08.00 \u2013 16.30<\/li>\n<\/ul>\n<p><strong>L\u0151rinci Korm\u00e1nyablak<\/strong> (3021 L\u0151rinci, Szabads\u00e1g t\u00e9r 26.) \u00fcgyf\u00e9lfogad\u00e1sa<br \/>\nInform\u00e1ci\u00f3, t\u00e1j\u00e9koztatat\u00e1s k\u00e9r\u00e9s, id\u0151pontfoglal\u00e1s (0-24 \u00f3r\u00e1ban, ingyenesen): <strong>1818<\/strong><\/p>\n<ul>\n<li>H\u00e9tf\u0151:\u00a0 \u00a0 \u00a0 \u00a0 \u00a0 \u00a0 7.00 \u2013 17.00<\/li>\n<li>Kedd: \u00a0\u00a0\u00a0\u00a0\u00a0\u00a0\u00a0\u00a0\u00a0\u00a0\u00a0 8.00 \u2013 16.30<\/li>\n<li>Szerda:\u00a0 \u00a0 \u00a0 \u00a0 \u00a0 \u00a07.30 \u2013 17.30<\/li>\n<li>Cs\u00fct\u00f6rt\u00f6k:\u00a0 \u00a0 \u00a08.00 \u2013 12.00<\/li>\n<li>P\u00e9ntek:\u00a0 \u00a0 \u00a0 \u00a0 \u00a0 8.00 \u2013 16.30<\/li>\n<\/ul>\n<p><strong>\u00a0T\u00e1j\u00e9koztatjuk \u00d6n\u00f6ket, hogy a J\u00e1r\u00e1si Hivatalhoz tartoz\u00f3 al\u00e1bbi hat\u00f3s\u00e1gi \u00fcgyekben<\/strong><\/p>\n<ul>\n<li>alanyi jog\u00fa \u00e1pol\u00e1si d\u00edj,<\/li>\n<li>fokozott \u00e1pol\u00e1si sz\u00fcks\u00e9gletre tekintettel meg\u00e1llap\u00edtott \u00e1pol\u00e1si d\u00edj,<\/li>\n<li>gyermekek otthongondoz\u00e1si d\u00edja,<\/li>\n<li>id\u0151skor\u00faak j\u00e1rad\u00e9ka,<\/li>\n<li>alanyi \u00e9s normat\u00edv jogc\u00edmen meg\u00e1llap\u00edtott k\u00f6zgy\u00f3gyell\u00e1t\u00e1s,<\/li>\n<li>eg\u00e9szs\u00e9g\u00fcgyi szolg\u00e1ltat\u00e1sra val\u00f3 jogosults\u00e1g,<\/li>\n<li>akt\u00edv kor\u00faak ell\u00e1t\u00e1sa<\/li>\n<\/ul>\n<p>a Zagyvasz\u00e1nt\u00f3 K\u00f6z\u00f6s \u00d6nkorm\u00e1nyzati Hivatal Nagyk\u00f6k\u00e9nyesi Kirendelts\u00e9g\u00e9n <strong>Kissn\u00e9 So\u00f3s Melinda<\/strong> \u00fcgyseg\u00e9dn\u00e9l is beny\u00fajthat\u00f3ak a k\u00e9relmek.<\/p>\n<ul>\n<li><strong>Az \u00fcgyseg\u00e9d \u00fcgyf\u00e9lfogad\u00e1si rendje a k\u00f6vetkez\u0151:<\/strong>\n<ul>\n<li>minden h\u00e9ten kedden 10.30-t\u00f3l 11.30-ig<\/li>\n<\/ul>\n<\/li>\n<li><strong>Az \u00fcgyseg\u00e9d el\u00e9rhet\u0151s\u00e9ge:<\/strong>\n<ul>\n<li>06(70)641-0325<\/li>\n<\/ul>\n<\/li>\n<\/ul>\n<p>Zagyvasz\u00e1nt\u00f3 K\u00f6z\u00f6s \u00d6nkorm\u00e1nyzati Hivatal<br \/>\nNagyk\u00f6k\u00e9nyesi Kirendelts\u00e9g<\/p>\n","protected":false},"excerpt":{"rendered":"<p>Zagyvasz\u00e1nt\u00f3 K\u00f6z\u00f6s \u00d6nkorm\u00e1nyzati Hivatal Nagyk\u00f6k\u00e9nyesi Kirendelts\u00e9ge C\u00edm:\u00a03012 Nagyk\u00f6k\u00e9nyes, Szabads\u00e1g ut 37. Tel.: 37\/377-022;37\/577-002 ZAGYVASZ\u00c1NT\u00d3 K\u00d6Z\u00d6S \u00d6NKORM\u00c1NYZATI HIVATAL NAGYK\u00d6K\u00c9NYESI KIRENDELTS\u00c9GE \u00dcGYF\u00c9LFOGAD\u00c1SI ID\u0150: H\u00e9tf\u0151: 8.00 \u2013 10.00 \u00f3r\u00e1ig \u00e9s 13.00 \u2013 15.00 \u00f3r\u00e1ig Kedd: 8.00 \u2013 12.00 \u00f3r\u00e1ig Szerda: 8.00 \u2013 12.00 \u00f3r\u00e1ig 12.30 \u2013 16.30 \u00f3r\u00e1ig Cs\u00fct\u00f6rt\u00f6k: Nincs \u00fcgyf\u00e9lfogad\u00e1s P\u00e9ntek: 8.00 \u2013 10.00 \u00f3r\u00e1ig A jegyz\u0151 [&hellip;]<\/p>\n","protected":false},"author":1,"featured_media":0,"parent":143,"menu_order":1,"comment_status":"closed","ping_status":"closed","template":"","meta":{"footnotes":""},"class_list":["post-148","page","type-page","status-publish","hentry"],"yoast_head":"<!-- This site is optimized with the Yoast SEO plugin v26.5 - https:\/\/yoast.com\/wordpress\/plugins\/seo\/ -->\n<title>Hivatal - Nagyk\u00f6k\u00e9nyes K\u00f6zs\u00e9g \u00d6nkorm\u00e1nyzata<\/title>\n<meta name=\"robots\" content=\"index, follow, max-snippet:-1, max-image-preview:large, max-video-preview:-1\" \/>\n<link rel=\"canonical\" href=\"https:\/\/nagykokenyes.hu\/?page_id=148\" \/>\n<meta property=\"og:locale\" content=\"hu_HU\" \/>\n<meta property=\"og:type\" content=\"article\" \/>\n<meta property=\"og:title\" content=\"Hivatal - Nagyk\u00f6k\u00e9nyes K\u00f6zs\u00e9g \u00d6nkorm\u00e1nyzata\" \/>\n<meta property=\"og:description\" content=\"Zagyvasz\u00e1nt\u00f3 K\u00f6z\u00f6s \u00d6nkorm\u00e1nyzati Hivatal Nagyk\u00f6k\u00e9nyesi Kirendelts\u00e9ge C\u00edm:\u00a03012 Nagyk\u00f6k\u00e9nyes, Szabads\u00e1g ut 37. Tel.: 37\/377-022;37\/577-002 ZAGYVASZ\u00c1NT\u00d3 K\u00d6Z\u00d6S \u00d6NKORM\u00c1NYZATI HIVATAL NAGYK\u00d6K\u00c9NYESI KIRENDELTS\u00c9GE \u00dcGYF\u00c9LFOGAD\u00c1SI ID\u0150: H\u00e9tf\u0151: 8.00 \u2013 10.00 \u00f3r\u00e1ig \u00e9s 13.00 \u2013 15.00 \u00f3r\u00e1ig Kedd: 8.00 \u2013 12.00 \u00f3r\u00e1ig Szerda: 8.00 \u2013 12.00 \u00f3r\u00e1ig 12.30 \u2013 16.30 \u00f3r\u00e1ig Cs\u00fct\u00f6rt\u00f6k: Nincs \u00fcgyf\u00e9lfogad\u00e1s P\u00e9ntek: 8.00 \u2013 10.00 \u00f3r\u00e1ig A jegyz\u0151 [&hellip;]\" \/>\n<meta property=\"og:url\" content=\"https:\/\/nagykokenyes.hu\/?page_id=148\" \/>\n<meta property=\"og:site_name\" content=\"Nagyk\u00f6k\u00e9nyes K\u00f6zs\u00e9g \u00d6nkorm\u00e1nyzata\" \/>\n<meta property=\"article:modified_time\" content=\"2025-01-03T12:29:23+00:00\" \/>\n<meta name=\"twitter:card\" content=\"summary_large_image\" \/>\n<meta name=\"twitter:label1\" content=\"Becs\u00fclt olvas\u00e1si id\u0151\" \/>\n\t<meta name=\"twitter:data1\" content=\"2 perc\" \/>\n<script type=\"application\/ld+json\" class=\"yoast-schema-graph\">{\"@context\":\"https:\/\/schema.org\",\"@graph\":[{\"@type\":\"WebPage\",\"@id\":\"https:\/\/nagykokenyes.hu\/?page_id=148\",\"url\":\"https:\/\/nagykokenyes.hu\/?page_id=148\",\"name\":\"Hivatal - Nagyk\u00f6k\u00e9nyes K\u00f6zs\u00e9g \u00d6nkorm\u00e1nyzata\",\"isPartOf\":{\"@id\":\"https:\/\/nagykokenyes.hu\/#website\"},\"datePublished\":\"2018-05-30T21:33:40+00:00\",\"dateModified\":\"2025-01-03T12:29:23+00:00\",\"breadcrumb\":{\"@id\":\"https:\/\/nagykokenyes.hu\/?page_id=148#breadcrumb\"},\"inLanguage\":\"hu\",\"potentialAction\":[{\"@type\":\"ReadAction\",\"target\":[\"https:\/\/nagykokenyes.hu\/?page_id=148\"]}]},{\"@type\":\"BreadcrumbList\",\"@id\":\"https:\/\/nagykokenyes.hu\/?page_id=148#breadcrumb\",\"itemListElement\":[{\"@type\":\"ListItem\",\"position\":1,\"name\":\"Kezd\u0151lap\",\"item\":\"https:\/\/nagykokenyes.hu\/\"},{\"@type\":\"ListItem\",\"position\":2,\"name\":\"El\u00e9rhet\u0151s\u00e9gek\",\"item\":\"https:\/\/nagykokenyes.hu\/?page_id=143\"},{\"@type\":\"ListItem\",\"position\":3,\"name\":\"Hivatal\"}]},{\"@type\":\"WebSite\",\"@id\":\"https:\/\/nagykokenyes.hu\/#website\",\"url\":\"https:\/\/nagykokenyes.hu\/\",\"name\":\"Nagyk\u00f6k\u00e9nyes K\u00f6zs\u00e9g \u00d6nkorm\u00e1nyzata\",\"description\":\"\",\"potentialAction\":[{\"@type\":\"SearchAction\",\"target\":{\"@type\":\"EntryPoint\",\"urlTemplate\":\"https:\/\/nagykokenyes.hu\/?s={search_term_string}\"},\"query-input\":{\"@type\":\"PropertyValueSpecification\",\"valueRequired\":true,\"valueName\":\"search_term_string\"}}],\"inLanguage\":\"hu\"}]}<\/script>\n<!-- \/ Yoast SEO plugin. -->","yoast_head_json":{"title":"Hivatal - Nagyk\u00f6k\u00e9nyes K\u00f6zs\u00e9g \u00d6nkorm\u00e1nyzata","robots":{"index":"index","follow":"follow","max-snippet":"max-snippet:-1","max-image-preview":"max-image-preview:large","max-video-preview":"max-video-preview:-1"},"canonical":"https:\/\/nagykokenyes.hu\/?page_id=148","og_locale":"hu_HU","og_type":"article","og_title":"Hivatal - Nagyk\u00f6k\u00e9nyes K\u00f6zs\u00e9g \u00d6nkorm\u00e1nyzata","og_description":"Zagyvasz\u00e1nt\u00f3 K\u00f6z\u00f6s \u00d6nkorm\u00e1nyzati Hivatal Nagyk\u00f6k\u00e9nyesi Kirendelts\u00e9ge C\u00edm:\u00a03012 Nagyk\u00f6k\u00e9nyes, Szabads\u00e1g ut 37. Tel.: 37\/377-022;37\/577-002 ZAGYVASZ\u00c1NT\u00d3 K\u00d6Z\u00d6S \u00d6NKORM\u00c1NYZATI HIVATAL NAGYK\u00d6K\u00c9NYESI KIRENDELTS\u00c9GE \u00dcGYF\u00c9LFOGAD\u00c1SI ID\u0150: H\u00e9tf\u0151: 8.00 \u2013 10.00 \u00f3r\u00e1ig \u00e9s 13.00 \u2013 15.00 \u00f3r\u00e1ig Kedd: 8.00 \u2013 12.00 \u00f3r\u00e1ig Szerda: 8.00 \u2013 12.00 \u00f3r\u00e1ig 12.30 \u2013 16.30 \u00f3r\u00e1ig Cs\u00fct\u00f6rt\u00f6k: Nincs \u00fcgyf\u00e9lfogad\u00e1s P\u00e9ntek: 8.00 \u2013 10.00 \u00f3r\u00e1ig A jegyz\u0151 [&hellip;]","og_url":"https:\/\/nagykokenyes.hu\/?page_id=148","og_site_name":"Nagyk\u00f6k\u00e9nyes K\u00f6zs\u00e9g \u00d6nkorm\u00e1nyzata","article_modified_time":"2025-01-03T12:29:23+00:00","twitter_card":"summary_large_image","twitter_misc":{"Becs\u00fclt olvas\u00e1si id\u0151":"2 perc"},"schema":{"@context":"https:\/\/schema.org","@graph":[{"@type":"WebPage","@id":"https:\/\/nagykokenyes.hu\/?page_id=148","url":"https:\/\/nagykokenyes.hu\/?page_id=148","name":"Hivatal - Nagyk\u00f6k\u00e9nyes K\u00f6zs\u00e9g \u00d6nkorm\u00e1nyzata","isPartOf":{"@id":"https:\/\/nagykokenyes.hu\/#website"},"datePublished":"2018-05-30T21:33:40+00:00","dateModified":"2025-01-03T12:29:23+00:00","breadcrumb":{"@id":"https:\/\/nagykokenyes.hu\/?page_id=148#breadcrumb"},"inLanguage":"hu","potentialAction":[{"@type":"ReadAction","target":["https:\/\/nagykokenyes.hu\/?page_id=148"]}]},{"@type":"BreadcrumbList","@id":"https:\/\/nagykokenyes.hu\/?page_id=148#breadcrumb","itemListElement":[{"@type":"ListItem","position":1,"name":"Kezd\u0151lap","item":"https:\/\/nagykokenyes.hu\/"},{"@type":"ListItem","position":2,"name":"El\u00e9rhet\u0151s\u00e9gek","item":"https:\/\/nagykokenyes.hu\/?page_id=143"},{"@type":"ListItem","position":3,"name":"Hivatal"}]},{"@type":"WebSite","@id":"https:\/\/nagykokenyes.hu\/#website","url":"https:\/\/nagykokenyes.hu\/","name":"Nagyk\u00f6k\u00e9nyes K\u00f6zs\u00e9g \u00d6nkorm\u00e1nyzata","description":"","potentialAction":[{"@type":"SearchAction","target":{"@type":"EntryPoint","urlTemplate":"https:\/\/nagykokenyes.hu\/?s={search_term_string}"},"query-input":{"@type":"PropertyValueSpecification","valueRequired":true,"valueName":"search_term_string"}}],"inLanguage":"hu"}]}},"_links":{"self":[{"href":"https:\/\/nagykokenyes.hu\/index.php?rest_route=\/wp\/v2\/pages\/148","targetHints":{"allow":["GET"]}}],"collection":[{"href":"https:\/\/nagykokenyes.hu\/index.php?rest_route=\/wp\/v2\/pages"}],"about":[{"href":"https:\/\/nagykokenyes.hu\/index.php?rest_route=\/wp\/v2\/types\/page"}],"author":[{"embeddable":true,"href":"https:\/\/nagykokenyes.hu\/index.php?rest_route=\/wp\/v2\/users\/1"}],"replies":[{"embeddable":true,"href":"https:\/\/nagykokenyes.hu\/index.php?rest_route=%2Fwp%2Fv2%2Fcomments&post=148"}],"version-history":[{"count":9,"href":"https:\/\/nagykokenyes.hu\/index.php?rest_route=\/wp\/v2\/pages\/148\/revisions"}],"predecessor-version":[{"id":8883,"href":"https:\/\/nagykokenyes.hu\/index.php?rest_route=\/wp\/v2\/pages\/148\/revisions\/8883"}],"up":[{"embeddable":true,"href":"https:\/\/nagykokenyes.hu\/index.php?rest_route=\/wp\/v2\/pages\/143"}],"wp:attachment":[{"href":"https:\/\/nagykokenyes.hu\/index.php?rest_route=%2Fwp%2Fv2%2Fmedia&parent=148"}],"curies":[{"name":"wp","href":"https:\/\/api.w.org\/{rel}","templated":true}]}}