{"id":1775,"date":"2019-10-05T17:07:06","date_gmt":"2019-10-05T17:07:06","guid":{"rendered":"http:\/\/nagykokenyes.hu\/?page_id=1775"},"modified":"2019-12-07T21:39:03","modified_gmt":"2019-12-07T21:39:03","slug":"uj-autobusz-varok-es-udvozlotablak-kepekben","status":"publish","type":"page","link":"https:\/\/nagykokenyes.hu\/?page_id=1775","title":{"rendered":"\u00daj aut\u00f3busz v\u00e1r\u00f3k \u00e9s \u00fcdv\u00f6zl\u0151t\u00e1bl\u00e1k k\u00e9pekben\u2026"},"content":{"rendered":"<div id='gallery-1' class='gallery galleryid-1775 gallery-columns-2 gallery-size-medium'><figure class='gallery-item'>\n\t\t\t<div class='gallery-icon landscape'>\n\t\t\t\t<a href='https:\/\/nagykokenyes.hu\/wp-content\/uploads\/2019\/10\/IMG_4388.jpg'><img loading=\"lazy\" decoding=\"async\" width=\"1920\" height=\"1280\" src=\"https:\/\/nagykokenyes.hu\/wp-content\/uploads\/2019\/10\/IMG_4388.jpg\" class=\"attachment-medium size-medium\" alt=\"\" srcset=\"https:\/\/nagykokenyes.hu\/wp-content\/uploads\/2019\/10\/IMG_4388.jpg 1920w, https:\/\/nagykokenyes.hu\/wp-content\/uploads\/2019\/10\/IMG_4388-768x512.jpg 768w\" sizes=\"auto, (max-width: 1920px) 100vw, 1920px\" \/><\/a>\n\t\t\t<\/div><\/figure><figure class='gallery-item'>\n\t\t\t<div class='gallery-icon landscape'>\n\t\t\t\t<a href='https:\/\/nagykokenyes.hu\/wp-content\/uploads\/2019\/10\/IMG_4389.jpg'><img loading=\"lazy\" decoding=\"async\" width=\"1920\" height=\"1280\" src=\"https:\/\/nagykokenyes.hu\/wp-content\/uploads\/2019\/10\/IMG_4389.jpg\" class=\"attachment-medium size-medium\" alt=\"\" srcset=\"https:\/\/nagykokenyes.hu\/wp-content\/uploads\/2019\/10\/IMG_4389.jpg 1920w, https:\/\/nagykokenyes.hu\/wp-content\/uploads\/2019\/10\/IMG_4389-768x512.jpg 768w\" sizes=\"auto, (max-width: 1920px) 100vw, 1920px\" \/><\/a>\n\t\t\t<\/div><\/figure><figure class='gallery-item'>\n\t\t\t<div class='gallery-icon landscape'>\n\t\t\t\t<a href='https:\/\/nagykokenyes.hu\/wp-content\/uploads\/2019\/10\/IMG_4390.jpg'><img loading=\"lazy\" decoding=\"async\" width=\"1920\" height=\"1280\" src=\"https:\/\/nagykokenyes.hu\/wp-content\/uploads\/2019\/10\/IMG_4390.jpg\" class=\"attachment-medium size-medium\" alt=\"\" srcset=\"https:\/\/nagykokenyes.hu\/wp-content\/uploads\/2019\/10\/IMG_4390.jpg 1920w, https:\/\/nagykokenyes.hu\/wp-content\/uploads\/2019\/10\/IMG_4390-768x512.jpg 768w\" sizes=\"auto, (max-width: 1920px) 100vw, 1920px\" \/><\/a>\n\t\t\t<\/div><\/figure><figure class='gallery-item'>\n\t\t\t<div class='gallery-icon landscape'>\n\t\t\t\t<a href='https:\/\/nagykokenyes.hu\/wp-content\/uploads\/2019\/10\/IMG_4391.jpg'><img loading=\"lazy\" decoding=\"async\" width=\"1920\" height=\"1280\" src=\"https:\/\/nagykokenyes.hu\/wp-content\/uploads\/2019\/10\/IMG_4391.jpg\" class=\"attachment-medium size-medium\" alt=\"\" srcset=\"https:\/\/nagykokenyes.hu\/wp-content\/uploads\/2019\/10\/IMG_4391.jpg 1920w, https:\/\/nagykokenyes.hu\/wp-content\/uploads\/2019\/10\/IMG_4391-768x512.jpg 768w\" sizes=\"auto, (max-width: 1920px) 100vw, 1920px\" \/><\/a>\n\t\t\t<\/div><\/figure><figure class='gallery-item'>\n\t\t\t<div class='gallery-icon landscape'>\n\t\t\t\t<a href='https:\/\/nagykokenyes.hu\/wp-content\/uploads\/2019\/10\/IMG_4394.jpg'><img loading=\"lazy\" decoding=\"async\" width=\"1920\" height=\"1280\" src=\"https:\/\/nagykokenyes.hu\/wp-content\/uploads\/2019\/10\/IMG_4394.jpg\" class=\"attachment-medium size-medium\" alt=\"\" srcset=\"https:\/\/nagykokenyes.hu\/wp-content\/uploads\/2019\/10\/IMG_4394.jpg 1920w, https:\/\/nagykokenyes.hu\/wp-content\/uploads\/2019\/10\/IMG_4394-768x512.jpg 768w\" sizes=\"auto, (max-width: 1920px) 100vw, 1920px\" \/><\/a>\n\t\t\t<\/div><\/figure><figure class='gallery-item'>\n\t\t\t<div class='gallery-icon landscape'>\n\t\t\t\t<a href='https:\/\/nagykokenyes.hu\/wp-content\/uploads\/2019\/10\/IMG_4396.jpg'><img loading=\"lazy\" decoding=\"async\" width=\"1920\" height=\"1280\" src=\"https:\/\/nagykokenyes.hu\/wp-content\/uploads\/2019\/10\/IMG_4396.jpg\" class=\"attachment-medium size-medium\" alt=\"\" srcset=\"https:\/\/nagykokenyes.hu\/wp-content\/uploads\/2019\/10\/IMG_4396.jpg 1920w, https:\/\/nagykokenyes.hu\/wp-content\/uploads\/2019\/10\/IMG_4396-768x512.jpg 768w\" sizes=\"auto, (max-width: 1920px) 100vw, 1920px\" \/><\/a>\n\t\t\t<\/div><\/figure><figure class='gallery-item'>\n\t\t\t<div class='gallery-icon landscape'>\n\t\t\t\t<a href='https:\/\/nagykokenyes.hu\/wp-content\/uploads\/2019\/10\/IMG_4399.jpg'><img loading=\"lazy\" decoding=\"async\" width=\"1920\" height=\"1280\" src=\"https:\/\/nagykokenyes.hu\/wp-content\/uploads\/2019\/10\/IMG_4399.jpg\" class=\"attachment-medium size-medium\" alt=\"\" srcset=\"https:\/\/nagykokenyes.hu\/wp-content\/uploads\/2019\/10\/IMG_4399.jpg 1920w, https:\/\/nagykokenyes.hu\/wp-content\/uploads\/2019\/10\/IMG_4399-768x512.jpg 768w\" sizes=\"auto, (max-width: 1920px) 100vw, 1920px\" \/><\/a>\n\t\t\t<\/div><\/figure><figure class='gallery-item'>\n\t\t\t<div class='gallery-icon landscape'>\n\t\t\t\t<a href='https:\/\/nagykokenyes.hu\/wp-content\/uploads\/2019\/10\/IMG_4401.jpg'><img loading=\"lazy\" decoding=\"async\" width=\"1920\" height=\"1280\" src=\"https:\/\/nagykokenyes.hu\/wp-content\/uploads\/2019\/10\/IMG_4401.jpg\" class=\"attachment-medium size-medium\" alt=\"\" srcset=\"https:\/\/nagykokenyes.hu\/wp-content\/uploads\/2019\/10\/IMG_4401.jpg 1920w, https:\/\/nagykokenyes.hu\/wp-content\/uploads\/2019\/10\/IMG_4401-768x512.jpg 768w\" sizes=\"auto, (max-width: 1920px) 100vw, 1920px\" \/><\/a>\n\t\t\t<\/div><\/figure>\n\t\t<\/div>\n\n<p style=\"text-align: right;\"><em>Fot\u00f3: Toldi L.<\/em><\/p>\n","protected":false},"excerpt":{"rendered":"<p>Fot\u00f3: Toldi L.<\/p>\n","protected":false},"author":1,"featured_media":0,"parent":0,"menu_order":0,"comment_status":"closed","ping_status":"closed","template":"","meta":{"footnotes":""},"class_list":["post-1775","page","type-page","status-publish","hentry"],"yoast_head":"<!-- This site is optimized with the Yoast SEO plugin v26.5 - https:\/\/yoast.com\/wordpress\/plugins\/seo\/ -->\n<title>\u00daj aut\u00f3busz v\u00e1r\u00f3k \u00e9s \u00fcdv\u00f6zl\u0151t\u00e1bl\u00e1k k\u00e9pekben\u2026 - Nagyk\u00f6k\u00e9nyes K\u00f6zs\u00e9g \u00d6nkorm\u00e1nyzata<\/title>\n<meta name=\"robots\" content=\"index, follow, max-snippet:-1, max-image-preview:large, max-video-preview:-1\" \/>\n<link rel=\"canonical\" href=\"https:\/\/nagykokenyes.hu\/?page_id=1775\" \/>\n<meta property=\"og:locale\" content=\"hu_HU\" \/>\n<meta property=\"og:type\" content=\"article\" \/>\n<meta property=\"og:title\" content=\"\u00daj aut\u00f3busz v\u00e1r\u00f3k \u00e9s \u00fcdv\u00f6zl\u0151t\u00e1bl\u00e1k k\u00e9pekben\u2026 - Nagyk\u00f6k\u00e9nyes K\u00f6zs\u00e9g \u00d6nkorm\u00e1nyzata\" \/>\n<meta property=\"og:description\" content=\"Fot\u00f3: Toldi L.\" \/>\n<meta property=\"og:url\" content=\"https:\/\/nagykokenyes.hu\/?page_id=1775\" \/>\n<meta property=\"og:site_name\" content=\"Nagyk\u00f6k\u00e9nyes K\u00f6zs\u00e9g \u00d6nkorm\u00e1nyzata\" \/>\n<meta property=\"article:modified_time\" content=\"2019-12-07T21:39:03+00:00\" \/>\n<meta property=\"og:image\" content=\"https:\/\/nagykokenyes.hu\/wp-content\/uploads\/2019\/10\/IMG_4388.jpg\" \/>\n<meta name=\"twitter:card\" content=\"summary_large_image\" \/>\n<script type=\"application\/ld+json\" class=\"yoast-schema-graph\">{\"@context\":\"https:\/\/schema.org\",\"@graph\":[{\"@type\":\"WebPage\",\"@id\":\"https:\/\/nagykokenyes.hu\/?page_id=1775\",\"url\":\"https:\/\/nagykokenyes.hu\/?page_id=1775\",\"name\":\"\u00daj aut\u00f3busz v\u00e1r\u00f3k \u00e9s \u00fcdv\u00f6zl\u0151t\u00e1bl\u00e1k k\u00e9pekben\u2026 - Nagyk\u00f6k\u00e9nyes K\u00f6zs\u00e9g \u00d6nkorm\u00e1nyzata\",\"isPartOf\":{\"@id\":\"https:\/\/nagykokenyes.hu\/#website\"},\"datePublished\":\"2019-10-05T17:07:06+00:00\",\"dateModified\":\"2019-12-07T21:39:03+00:00\",\"breadcrumb\":{\"@id\":\"https:\/\/nagykokenyes.hu\/?page_id=1775#breadcrumb\"},\"inLanguage\":\"hu\",\"potentialAction\":[{\"@type\":\"ReadAction\",\"target\":[\"https:\/\/nagykokenyes.hu\/?page_id=1775\"]}]},{\"@type\":\"BreadcrumbList\",\"@id\":\"https:\/\/nagykokenyes.hu\/?page_id=1775#breadcrumb\",\"itemListElement\":[{\"@type\":\"ListItem\",\"position\":1,\"name\":\"Kezd\u0151lap\",\"item\":\"https:\/\/nagykokenyes.hu\/\"},{\"@type\":\"ListItem\",\"position\":2,\"name\":\"\u00daj aut\u00f3busz v\u00e1r\u00f3k \u00e9s \u00fcdv\u00f6zl\u0151t\u00e1bl\u00e1k k\u00e9pekben\u2026\"}]},{\"@type\":\"WebSite\",\"@id\":\"https:\/\/nagykokenyes.hu\/#website\",\"url\":\"https:\/\/nagykokenyes.hu\/\",\"name\":\"Nagyk\u00f6k\u00e9nyes K\u00f6zs\u00e9g \u00d6nkorm\u00e1nyzata\",\"description\":\"\",\"potentialAction\":[{\"@type\":\"SearchAction\",\"target\":{\"@type\":\"EntryPoint\",\"urlTemplate\":\"https:\/\/nagykokenyes.hu\/?s={search_term_string}\"},\"query-input\":{\"@type\":\"PropertyValueSpecification\",\"valueRequired\":true,\"valueName\":\"search_term_string\"}}],\"inLanguage\":\"hu\"}]}<\/script>\n<!-- \/ Yoast SEO plugin. -->","yoast_head_json":{"title":"\u00daj aut\u00f3busz v\u00e1r\u00f3k \u00e9s \u00fcdv\u00f6zl\u0151t\u00e1bl\u00e1k k\u00e9pekben\u2026 - Nagyk\u00f6k\u00e9nyes K\u00f6zs\u00e9g \u00d6nkorm\u00e1nyzata","robots":{"index":"index","follow":"follow","max-snippet":"max-snippet:-1","max-image-preview":"max-image-preview:large","max-video-preview":"max-video-preview:-1"},"canonical":"https:\/\/nagykokenyes.hu\/?page_id=1775","og_locale":"hu_HU","og_type":"article","og_title":"\u00daj aut\u00f3busz v\u00e1r\u00f3k \u00e9s \u00fcdv\u00f6zl\u0151t\u00e1bl\u00e1k k\u00e9pekben\u2026 - Nagyk\u00f6k\u00e9nyes K\u00f6zs\u00e9g \u00d6nkorm\u00e1nyzata","og_description":"Fot\u00f3: Toldi L.","og_url":"https:\/\/nagykokenyes.hu\/?page_id=1775","og_site_name":"Nagyk\u00f6k\u00e9nyes K\u00f6zs\u00e9g \u00d6nkorm\u00e1nyzata","article_modified_time":"2019-12-07T21:39:03+00:00","og_image":[{"url":"https:\/\/nagykokenyes.hu\/wp-content\/uploads\/2019\/10\/IMG_4388.jpg","type":"","width":"","height":""}],"twitter_card":"summary_large_image","schema":{"@context":"https:\/\/schema.org","@graph":[{"@type":"WebPage","@id":"https:\/\/nagykokenyes.hu\/?page_id=1775","url":"https:\/\/nagykokenyes.hu\/?page_id=1775","name":"\u00daj aut\u00f3busz v\u00e1r\u00f3k \u00e9s \u00fcdv\u00f6zl\u0151t\u00e1bl\u00e1k k\u00e9pekben\u2026 - Nagyk\u00f6k\u00e9nyes K\u00f6zs\u00e9g \u00d6nkorm\u00e1nyzata","isPartOf":{"@id":"https:\/\/nagykokenyes.hu\/#website"},"datePublished":"2019-10-05T17:07:06+00:00","dateModified":"2019-12-07T21:39:03+00:00","breadcrumb":{"@id":"https:\/\/nagykokenyes.hu\/?page_id=1775#breadcrumb"},"inLanguage":"hu","potentialAction":[{"@type":"ReadAction","target":["https:\/\/nagykokenyes.hu\/?page_id=1775"]}]},{"@type":"BreadcrumbList","@id":"https:\/\/nagykokenyes.hu\/?page_id=1775#breadcrumb","itemListElement":[{"@type":"ListItem","position":1,"name":"Kezd\u0151lap","item":"https:\/\/nagykokenyes.hu\/"},{"@type":"ListItem","position":2,"name":"\u00daj aut\u00f3busz v\u00e1r\u00f3k \u00e9s \u00fcdv\u00f6zl\u0151t\u00e1bl\u00e1k k\u00e9pekben\u2026"}]},{"@type":"WebSite","@id":"https:\/\/nagykokenyes.hu\/#website","url":"https:\/\/nagykokenyes.hu\/","name":"Nagyk\u00f6k\u00e9nyes K\u00f6zs\u00e9g \u00d6nkorm\u00e1nyzata","description":"","potentialAction":[{"@type":"SearchAction","target":{"@type":"EntryPoint","urlTemplate":"https:\/\/nagykokenyes.hu\/?s={search_term_string}"},"query-input":{"@type":"PropertyValueSpecification","valueRequired":true,"valueName":"search_term_string"}}],"inLanguage":"hu"}]}},"_links":{"self":[{"href":"https:\/\/nagykokenyes.hu\/index.php?rest_route=\/wp\/v2\/pages\/1775","targetHints":{"allow":["GET"]}}],"collection":[{"href":"https:\/\/nagykokenyes.hu\/index.php?rest_route=\/wp\/v2\/pages"}],"about":[{"href":"https:\/\/nagykokenyes.hu\/index.php?rest_route=\/wp\/v2\/types\/page"}],"author":[{"embeddable":true,"href":"https:\/\/nagykokenyes.hu\/index.php?rest_route=\/wp\/v2\/users\/1"}],"replies":[{"embeddable":true,"href":"https:\/\/nagykokenyes.hu\/index.php?rest_route=%2Fwp%2Fv2%2Fcomments&post=1775"}],"version-history":[{"count":3,"href":"https:\/\/nagykokenyes.hu\/index.php?rest_route=\/wp\/v2\/pages\/1775\/revisions"}],"predecessor-version":[{"id":2272,"href":"https:\/\/nagykokenyes.hu\/index.php?rest_route=\/wp\/v2\/pages\/1775\/revisions\/2272"}],"wp:attachment":[{"href":"https:\/\/nagykokenyes.hu\/index.php?rest_route=%2Fwp%2Fv2%2Fmedia&parent=1775"}],"curies":[{"name":"wp","href":"https:\/\/api.w.org\/{rel}","templated":true}]}}