{"id":197,"date":"2018-05-31T16:43:58","date_gmt":"2018-05-31T16:43:58","guid":{"rendered":"http:\/\/nagykokenyes.hu\/?page_id=197"},"modified":"2018-05-31T17:17:23","modified_gmt":"2018-05-31T17:17:23","slug":"nepi-epitkezes","status":"publish","type":"page","link":"https:\/\/nagykokenyes.hu\/?page_id=197","title":{"rendered":"N\u00e9pi \u00e9p\u00edtkez\u00e9s"},"content":{"rendered":"<p><strong>\u00c9p\u00edt\u00e9szeti, kultur\u00e1lis eml\u00e9kek<\/strong><\/p>\n<p style=\"text-align: justify;\"><img loading=\"lazy\" decoding=\"async\" class=\"size-full wp-image-220 alignleft\" src=\"http:\/\/nagykokenyes.hu\/wp-content\/uploads\/2018\/05\/korona.jpg\" alt=\"\" width=\"250\" height=\"188\" \/>Szent Korona makett.<\/p>\n<p style=\"text-align: justify;\"><img loading=\"lazy\" decoding=\"async\" class=\"wp-image-93 alignright\" src=\"http:\/\/nagykokenyes.hu\/wp-content\/uploads\/2018\/05\/templom.jpg\" alt=\"\" width=\"329\" height=\"211\" srcset=\"https:\/\/nagykokenyes.hu\/wp-content\/uploads\/2018\/05\/templom.jpg 852w, https:\/\/nagykokenyes.hu\/wp-content\/uploads\/2018\/05\/templom-768x492.jpg 768w\" sizes=\"auto, (max-width: 329px) 100vw, 329px\" \/>A <strong>templom<\/strong> k\u00f6z\u00e9pkor eredet\u0171, amely a volt premontrei pr\u00e9posts\u00e1g temploma volt. Az 1966-os tataroz\u00e1s alkalm\u00e1val lehetett azonos\u00edtani a jelenlegi torony alj\u00e1t a k\u00f6z\u00e9pkori r\u00e9szekkel. A ma \u00e1ll\u00f3 pl\u00e9b\u00e1niatemplom a h\u00f3dolts\u00e1g idej\u00e9n elpusztult, a pr\u00e9posts\u00e1g \u00e9p\u00fcleteinek hely\u00e9n s azok fennmaradt k\u00f6veib\u0151l \u00e9p\u00fclt t\u00f6bbsz\u00f6ri b\u0151v\u00edt\u00e9ssel. <strong>A templom v\u00e9d\u0151szentje Havas &#8211; Boldogasszony<\/strong>. Jellege: magas dombon \u00e1ll\u00f3, egyhaj\u00f3s, egyes homlokzati tornyos, nyugaton lesark\u00edtott t\u00e9glalap alaprajz\u00fa szent\u00e9llyel z\u00e1r\u00f3d\u00f3 barokk \u00e9p\u00edtm\u00e9ny. A keleten \u00e1ll\u00f3 torony alja a premontrei pr\u00e9posts\u00e1g tat\u00e1rj\u00e1r\u00e1s ut\u00e1n \u00fajj\u00e1\u00e9p\u00fclt templom\u00e1nak egykori szent\u00e9lye volt. A f\u0151olt\u00e1r k\u00e9t l\u00e9pcs\u0151n \u00e1ll\u00f3 olt\u00e1r\u00e9p\u00edtm\u00e9ny\u00e9nek k\u00f6z\u00e9pr\u00e9sz\u00e9n d\u00edszes kik\u00e9pz\u00e9s\u0171 tabern\u00e1kulum van, mellette gyertyatart\u00f3k \u00e9s felette f\u00e9lk\u00f6r\u00edves keretben a f\u0151olt\u00e1rk\u00e9p, amely M\u00e1ri\u00e1t \u00e1br\u00e1zolja. A sz\u00f3sz\u00e9k f\u00e1b\u00f3l k\u00e9sz\u00fclt barna-feh\u00e9r fest\u00e9ssel a XIX. sz\u00e1zadban, k\u00e9s\u0151i barokk st\u00edlusban. A v\u00f6r\u00f6sm\u00e1rv\u00e1ny keresztv\u00edztart\u00f3 1825-b\u0151l val\u00f3. A szint\u00e9n v\u00f6r\u00f6sm\u00e1rv\u00e1nyb\u00f3l k\u00e9sz\u00edtett Keresztel\u0151medence egyid\u0151s lehet a szenteltv\u00edz tart\u00f3val. A szent\u00e9lykorl\u00e1t a XIX. sz\u00e1zad els\u0151 fel\u00e9b\u0151l val\u00f3 m\u00e1rv\u00e1nyt imit\u00e1l\u00f3 fal. A sekrestyeszekr\u00e9ny szint\u00e9n a XIX. sz\u00e1szadban keletkezett. A haj\u00f3 k\u00e9t oldal\u00e1n elhelyezett padok barokk jelleg\u0171ek.<\/p>\n<p style=\"text-align: justify;\"><img loading=\"lazy\" decoding=\"async\" class=\"size-full wp-image-222 alignleft\" src=\"http:\/\/nagykokenyes.hu\/wp-content\/uploads\/2018\/05\/des.1.jpg\" alt=\"\" width=\"300\" height=\"225\" \/><\/p>\n<p>&nbsp;<\/p>\n<p style=\"text-align: justify;\">A volt <strong>Dessewffy-k\u00faria<\/strong> klasszicista, f\u00f6ldszintes \u00e9p\u00fclet 1320 t\u00e1j\u00e1r\u00f3l. Az <strong>els\u0151 vil\u00e1gh\u00e1bor\u00fas eml\u00e9km\u0171<\/strong> <strong>\u00e9s szobor<\/strong> Birner Jen\u0151 alkot\u00e1sa. 1939-ben helyezt\u00e9k el. Az 1960-as felm\u00e9r\u00e9skor 8 n\u00e9pi m\u0171eml\u00e9k jelleg\u0171 lak\u00f3h\u00e1zat \u00edrtak a K\u00f6zs\u00e9gben \u00f6ssze.<\/p>\n","protected":false},"excerpt":{"rendered":"<p>\u00c9p\u00edt\u00e9szeti, kultur\u00e1lis eml\u00e9kek Szent Korona makett. A templom k\u00f6z\u00e9pkor eredet\u0171, amely a volt premontrei pr\u00e9posts\u00e1g temploma volt. Az 1966-os tataroz\u00e1s alkalm\u00e1val lehetett azonos\u00edtani a jelenlegi torony alj\u00e1t a k\u00f6z\u00e9pkori r\u00e9szekkel. A ma \u00e1ll\u00f3 pl\u00e9b\u00e1niatemplom a h\u00f3dolts\u00e1g idej\u00e9n elpusztult, a pr\u00e9posts\u00e1g \u00e9p\u00fcleteinek hely\u00e9n s azok fennmaradt k\u00f6veib\u0151l \u00e9p\u00fclt t\u00f6bbsz\u00f6ri b\u0151v\u00edt\u00e9ssel. A templom v\u00e9d\u0151szentje Havas &#8211; Boldogasszony. [&hellip;]<\/p>\n","protected":false},"author":1,"featured_media":0,"parent":61,"menu_order":1,"comment_status":"closed","ping_status":"closed","template":"","meta":{"footnotes":""},"class_list":["post-197","page","type-page","status-publish","hentry"],"yoast_head":"<!-- This site is optimized with the Yoast SEO plugin v26.5 - https:\/\/yoast.com\/wordpress\/plugins\/seo\/ -->\n<title>N\u00e9pi \u00e9p\u00edtkez\u00e9s - Nagyk\u00f6k\u00e9nyes K\u00f6zs\u00e9g \u00d6nkorm\u00e1nyzata<\/title>\n<meta name=\"robots\" content=\"index, follow, max-snippet:-1, max-image-preview:large, max-video-preview:-1\" \/>\n<link rel=\"canonical\" href=\"https:\/\/nagykokenyes.hu\/?page_id=197\" \/>\n<meta property=\"og:locale\" content=\"hu_HU\" \/>\n<meta property=\"og:type\" content=\"article\" \/>\n<meta property=\"og:title\" content=\"N\u00e9pi \u00e9p\u00edtkez\u00e9s - Nagyk\u00f6k\u00e9nyes K\u00f6zs\u00e9g \u00d6nkorm\u00e1nyzata\" \/>\n<meta property=\"og:description\" content=\"\u00c9p\u00edt\u00e9szeti, kultur\u00e1lis eml\u00e9kek Szent Korona makett. A templom k\u00f6z\u00e9pkor eredet\u0171, amely a volt premontrei pr\u00e9posts\u00e1g temploma volt. Az 1966-os tataroz\u00e1s alkalm\u00e1val lehetett azonos\u00edtani a jelenlegi torony alj\u00e1t a k\u00f6z\u00e9pkori r\u00e9szekkel. A ma \u00e1ll\u00f3 pl\u00e9b\u00e1niatemplom a h\u00f3dolts\u00e1g idej\u00e9n elpusztult, a pr\u00e9posts\u00e1g \u00e9p\u00fcleteinek hely\u00e9n s azok fennmaradt k\u00f6veib\u0151l \u00e9p\u00fclt t\u00f6bbsz\u00f6ri b\u0151v\u00edt\u00e9ssel. A templom v\u00e9d\u0151szentje Havas &#8211; Boldogasszony. [&hellip;]\" \/>\n<meta property=\"og:url\" content=\"https:\/\/nagykokenyes.hu\/?page_id=197\" \/>\n<meta property=\"og:site_name\" content=\"Nagyk\u00f6k\u00e9nyes K\u00f6zs\u00e9g \u00d6nkorm\u00e1nyzata\" \/>\n<meta property=\"article:modified_time\" content=\"2018-05-31T17:17:23+00:00\" \/>\n<meta property=\"og:image\" content=\"http:\/\/nagykokenyes.hu\/wp-content\/uploads\/2018\/05\/korona.jpg\" \/>\n<meta name=\"twitter:card\" content=\"summary_large_image\" \/>\n<meta name=\"twitter:label1\" content=\"Becs\u00fclt olvas\u00e1si id\u0151\" \/>\n\t<meta name=\"twitter:data1\" content=\"2 perc\" \/>\n<script type=\"application\/ld+json\" class=\"yoast-schema-graph\">{\"@context\":\"https:\/\/schema.org\",\"@graph\":[{\"@type\":\"WebPage\",\"@id\":\"https:\/\/nagykokenyes.hu\/?page_id=197\",\"url\":\"https:\/\/nagykokenyes.hu\/?page_id=197\",\"name\":\"N\u00e9pi \u00e9p\u00edtkez\u00e9s - Nagyk\u00f6k\u00e9nyes K\u00f6zs\u00e9g \u00d6nkorm\u00e1nyzata\",\"isPartOf\":{\"@id\":\"https:\/\/nagykokenyes.hu\/#website\"},\"primaryImageOfPage\":{\"@id\":\"https:\/\/nagykokenyes.hu\/?page_id=197#primaryimage\"},\"image\":{\"@id\":\"https:\/\/nagykokenyes.hu\/?page_id=197#primaryimage\"},\"thumbnailUrl\":\"http:\/\/nagykokenyes.hu\/wp-content\/uploads\/2018\/05\/korona.jpg\",\"datePublished\":\"2018-05-31T16:43:58+00:00\",\"dateModified\":\"2018-05-31T17:17:23+00:00\",\"breadcrumb\":{\"@id\":\"https:\/\/nagykokenyes.hu\/?page_id=197#breadcrumb\"},\"inLanguage\":\"hu\",\"potentialAction\":[{\"@type\":\"ReadAction\",\"target\":[\"https:\/\/nagykokenyes.hu\/?page_id=197\"]}]},{\"@type\":\"ImageObject\",\"inLanguage\":\"hu\",\"@id\":\"https:\/\/nagykokenyes.hu\/?page_id=197#primaryimage\",\"url\":\"https:\/\/nagykokenyes.hu\/wp-content\/uploads\/2018\/05\/korona.jpg\",\"contentUrl\":\"https:\/\/nagykokenyes.hu\/wp-content\/uploads\/2018\/05\/korona.jpg\",\"width\":250,\"height\":188},{\"@type\":\"BreadcrumbList\",\"@id\":\"https:\/\/nagykokenyes.hu\/?page_id=197#breadcrumb\",\"itemListElement\":[{\"@type\":\"ListItem\",\"position\":1,\"name\":\"Kezd\u0151lap\",\"item\":\"https:\/\/nagykokenyes.hu\/\"},{\"@type\":\"ListItem\",\"position\":2,\"name\":\"L\u00e1tnival\u00f3k\",\"item\":\"https:\/\/nagykokenyes.hu\/?page_id=61\"},{\"@type\":\"ListItem\",\"position\":3,\"name\":\"N\u00e9pi \u00e9p\u00edtkez\u00e9s\"}]},{\"@type\":\"WebSite\",\"@id\":\"https:\/\/nagykokenyes.hu\/#website\",\"url\":\"https:\/\/nagykokenyes.hu\/\",\"name\":\"Nagyk\u00f6k\u00e9nyes K\u00f6zs\u00e9g \u00d6nkorm\u00e1nyzata\",\"description\":\"\",\"potentialAction\":[{\"@type\":\"SearchAction\",\"target\":{\"@type\":\"EntryPoint\",\"urlTemplate\":\"https:\/\/nagykokenyes.hu\/?s={search_term_string}\"},\"query-input\":{\"@type\":\"PropertyValueSpecification\",\"valueRequired\":true,\"valueName\":\"search_term_string\"}}],\"inLanguage\":\"hu\"}]}<\/script>\n<!-- \/ Yoast SEO plugin. -->","yoast_head_json":{"title":"N\u00e9pi \u00e9p\u00edtkez\u00e9s - Nagyk\u00f6k\u00e9nyes K\u00f6zs\u00e9g \u00d6nkorm\u00e1nyzata","robots":{"index":"index","follow":"follow","max-snippet":"max-snippet:-1","max-image-preview":"max-image-preview:large","max-video-preview":"max-video-preview:-1"},"canonical":"https:\/\/nagykokenyes.hu\/?page_id=197","og_locale":"hu_HU","og_type":"article","og_title":"N\u00e9pi \u00e9p\u00edtkez\u00e9s - Nagyk\u00f6k\u00e9nyes K\u00f6zs\u00e9g \u00d6nkorm\u00e1nyzata","og_description":"\u00c9p\u00edt\u00e9szeti, kultur\u00e1lis eml\u00e9kek Szent Korona makett. A templom k\u00f6z\u00e9pkor eredet\u0171, amely a volt premontrei pr\u00e9posts\u00e1g temploma volt. Az 1966-os tataroz\u00e1s alkalm\u00e1val lehetett azonos\u00edtani a jelenlegi torony alj\u00e1t a k\u00f6z\u00e9pkori r\u00e9szekkel. A ma \u00e1ll\u00f3 pl\u00e9b\u00e1niatemplom a h\u00f3dolts\u00e1g idej\u00e9n elpusztult, a pr\u00e9posts\u00e1g \u00e9p\u00fcleteinek hely\u00e9n s azok fennmaradt k\u00f6veib\u0151l \u00e9p\u00fclt t\u00f6bbsz\u00f6ri b\u0151v\u00edt\u00e9ssel. A templom v\u00e9d\u0151szentje Havas &#8211; Boldogasszony. [&hellip;]","og_url":"https:\/\/nagykokenyes.hu\/?page_id=197","og_site_name":"Nagyk\u00f6k\u00e9nyes K\u00f6zs\u00e9g \u00d6nkorm\u00e1nyzata","article_modified_time":"2018-05-31T17:17:23+00:00","og_image":[{"url":"http:\/\/nagykokenyes.hu\/wp-content\/uploads\/2018\/05\/korona.jpg","type":"","width":"","height":""}],"twitter_card":"summary_large_image","twitter_misc":{"Becs\u00fclt olvas\u00e1si id\u0151":"2 perc"},"schema":{"@context":"https:\/\/schema.org","@graph":[{"@type":"WebPage","@id":"https:\/\/nagykokenyes.hu\/?page_id=197","url":"https:\/\/nagykokenyes.hu\/?page_id=197","name":"N\u00e9pi \u00e9p\u00edtkez\u00e9s - Nagyk\u00f6k\u00e9nyes K\u00f6zs\u00e9g \u00d6nkorm\u00e1nyzata","isPartOf":{"@id":"https:\/\/nagykokenyes.hu\/#website"},"primaryImageOfPage":{"@id":"https:\/\/nagykokenyes.hu\/?page_id=197#primaryimage"},"image":{"@id":"https:\/\/nagykokenyes.hu\/?page_id=197#primaryimage"},"thumbnailUrl":"http:\/\/nagykokenyes.hu\/wp-content\/uploads\/2018\/05\/korona.jpg","datePublished":"2018-05-31T16:43:58+00:00","dateModified":"2018-05-31T17:17:23+00:00","breadcrumb":{"@id":"https:\/\/nagykokenyes.hu\/?page_id=197#breadcrumb"},"inLanguage":"hu","potentialAction":[{"@type":"ReadAction","target":["https:\/\/nagykokenyes.hu\/?page_id=197"]}]},{"@type":"ImageObject","inLanguage":"hu","@id":"https:\/\/nagykokenyes.hu\/?page_id=197#primaryimage","url":"https:\/\/nagykokenyes.hu\/wp-content\/uploads\/2018\/05\/korona.jpg","contentUrl":"https:\/\/nagykokenyes.hu\/wp-content\/uploads\/2018\/05\/korona.jpg","width":250,"height":188},{"@type":"BreadcrumbList","@id":"https:\/\/nagykokenyes.hu\/?page_id=197#breadcrumb","itemListElement":[{"@type":"ListItem","position":1,"name":"Kezd\u0151lap","item":"https:\/\/nagykokenyes.hu\/"},{"@type":"ListItem","position":2,"name":"L\u00e1tnival\u00f3k","item":"https:\/\/nagykokenyes.hu\/?page_id=61"},{"@type":"ListItem","position":3,"name":"N\u00e9pi \u00e9p\u00edtkez\u00e9s"}]},{"@type":"WebSite","@id":"https:\/\/nagykokenyes.hu\/#website","url":"https:\/\/nagykokenyes.hu\/","name":"Nagyk\u00f6k\u00e9nyes K\u00f6zs\u00e9g \u00d6nkorm\u00e1nyzata","description":"","potentialAction":[{"@type":"SearchAction","target":{"@type":"EntryPoint","urlTemplate":"https:\/\/nagykokenyes.hu\/?s={search_term_string}"},"query-input":{"@type":"PropertyValueSpecification","valueRequired":true,"valueName":"search_term_string"}}],"inLanguage":"hu"}]}},"_links":{"self":[{"href":"https:\/\/nagykokenyes.hu\/index.php?rest_route=\/wp\/v2\/pages\/197","targetHints":{"allow":["GET"]}}],"collection":[{"href":"https:\/\/nagykokenyes.hu\/index.php?rest_route=\/wp\/v2\/pages"}],"about":[{"href":"https:\/\/nagykokenyes.hu\/index.php?rest_route=\/wp\/v2\/types\/page"}],"author":[{"embeddable":true,"href":"https:\/\/nagykokenyes.hu\/index.php?rest_route=\/wp\/v2\/users\/1"}],"replies":[{"embeddable":true,"href":"https:\/\/nagykokenyes.hu\/index.php?rest_route=%2Fwp%2Fv2%2Fcomments&post=197"}],"version-history":[{"count":7,"href":"https:\/\/nagykokenyes.hu\/index.php?rest_route=\/wp\/v2\/pages\/197\/revisions"}],"predecessor-version":[{"id":398,"href":"https:\/\/nagykokenyes.hu\/index.php?rest_route=\/wp\/v2\/pages\/197\/revisions\/398"}],"up":[{"embeddable":true,"href":"https:\/\/nagykokenyes.hu\/index.php?rest_route=\/wp\/v2\/pages\/61"}],"wp:attachment":[{"href":"https:\/\/nagykokenyes.hu\/index.php?rest_route=%2Fwp%2Fv2%2Fmedia&parent=197"}],"curies":[{"name":"wp","href":"https:\/\/api.w.org\/{rel}","templated":true}]}}