{"id":201,"date":"2018-05-31T16:45:07","date_gmt":"2018-05-31T16:45:07","guid":{"rendered":"http:\/\/nagykokenyes.hu\/?page_id=201"},"modified":"2018-05-31T17:30:11","modified_gmt":"2018-05-31T17:30:11","slug":"volt-dessewffy-kuria","status":"publish","type":"page","link":"https:\/\/nagykokenyes.hu\/?page_id=201","title":{"rendered":"Volt Dessewffy-k\u00faria"},"content":{"rendered":"<p><strong>Volt Dessewffy-k\u00faria\u00a0<img loading=\"lazy\" decoding=\"async\" class=\"size-full wp-image-244 alignright\" src=\"http:\/\/nagykokenyes.hu\/wp-content\/uploads\/2018\/05\/des.1-1.jpg\" alt=\"\" width=\"300\" height=\"225\" \/><\/strong><\/p>\n<p style=\"text-align: justify;\">R\u00e9gebben az \u00e1ltal\u00e1nos iskol\u00e1nak \u00e9s egyben a k\u00fcl\u00f6nleges r\u00e9g\u00e9szeti leletek ki\u00e1ll\u00edt\u00e1s\u00e1nak helyet ad\u00f3 klasszicista \u00e9p\u00fclet 1820-ban \u00e9p\u00fclt. Jellege f\u00f6ldszintes, klasszicista lak\u00f3h\u00e1z. A homlokzata 2 + 3 + 2 tengelyes, h\u00e1ts\u00f3 homlokzata 3 + 2 + 3 tengelyes. Oldalain h\u00e1rom-h\u00e1rom ny\u00edl\u00e1sos. Tekn\u0151boltozatos szob\u00e1k is vannak benne. \u00c9szaknyugati sz\u00e1rnya al\u00e1pinc\u00e9zett.<\/p>\n<p>&nbsp;<\/p>\n","protected":false},"excerpt":{"rendered":"<p>Volt Dessewffy-k\u00faria\u00a0 R\u00e9gebben az \u00e1ltal\u00e1nos iskol\u00e1nak \u00e9s egyben a k\u00fcl\u00f6nleges r\u00e9g\u00e9szeti leletek ki\u00e1ll\u00edt\u00e1s\u00e1nak helyet ad\u00f3 klasszicista \u00e9p\u00fclet 1820-ban \u00e9p\u00fclt. Jellege f\u00f6ldszintes, klasszicista lak\u00f3h\u00e1z. A homlokzata 2 + 3 + 2 tengelyes, h\u00e1ts\u00f3 homlokzata 3 + 2 + 3 tengelyes. Oldalain h\u00e1rom-h\u00e1rom ny\u00edl\u00e1sos. Tekn\u0151boltozatos szob\u00e1k is vannak benne. \u00c9szaknyugati sz\u00e1rnya al\u00e1pinc\u00e9zett. &nbsp;<\/p>\n","protected":false},"author":1,"featured_media":0,"parent":61,"menu_order":4,"comment_status":"closed","ping_status":"closed","template":"","meta":{"footnotes":""},"class_list":["post-201","page","type-page","status-publish","hentry"],"yoast_head":"<!-- This site is optimized with the Yoast SEO plugin v26.5 - https:\/\/yoast.com\/wordpress\/plugins\/seo\/ -->\n<title>Volt Dessewffy-k\u00faria - Nagyk\u00f6k\u00e9nyes K\u00f6zs\u00e9g \u00d6nkorm\u00e1nyzata<\/title>\n<meta name=\"robots\" content=\"index, follow, max-snippet:-1, max-image-preview:large, max-video-preview:-1\" \/>\n<link rel=\"canonical\" href=\"https:\/\/nagykokenyes.hu\/?page_id=201\" \/>\n<meta property=\"og:locale\" content=\"hu_HU\" \/>\n<meta property=\"og:type\" content=\"article\" \/>\n<meta property=\"og:title\" content=\"Volt Dessewffy-k\u00faria - Nagyk\u00f6k\u00e9nyes K\u00f6zs\u00e9g \u00d6nkorm\u00e1nyzata\" \/>\n<meta property=\"og:description\" content=\"Volt Dessewffy-k\u00faria\u00a0 R\u00e9gebben az \u00e1ltal\u00e1nos iskol\u00e1nak \u00e9s egyben a k\u00fcl\u00f6nleges r\u00e9g\u00e9szeti leletek ki\u00e1ll\u00edt\u00e1s\u00e1nak helyet ad\u00f3 klasszicista \u00e9p\u00fclet 1820-ban \u00e9p\u00fclt. Jellege f\u00f6ldszintes, klasszicista lak\u00f3h\u00e1z. A homlokzata 2 + 3 + 2 tengelyes, h\u00e1ts\u00f3 homlokzata 3 + 2 + 3 tengelyes. Oldalain h\u00e1rom-h\u00e1rom ny\u00edl\u00e1sos. Tekn\u0151boltozatos szob\u00e1k is vannak benne. \u00c9szaknyugati sz\u00e1rnya al\u00e1pinc\u00e9zett. &nbsp;\" \/>\n<meta property=\"og:url\" content=\"https:\/\/nagykokenyes.hu\/?page_id=201\" \/>\n<meta property=\"og:site_name\" content=\"Nagyk\u00f6k\u00e9nyes K\u00f6zs\u00e9g \u00d6nkorm\u00e1nyzata\" \/>\n<meta property=\"article:modified_time\" content=\"2018-05-31T17:30:11+00:00\" \/>\n<meta property=\"og:image\" content=\"http:\/\/nagykokenyes.hu\/wp-content\/uploads\/2018\/05\/des.1-1.jpg\" \/>\n<meta name=\"twitter:card\" content=\"summary_large_image\" \/>\n<script type=\"application\/ld+json\" class=\"yoast-schema-graph\">{\"@context\":\"https:\/\/schema.org\",\"@graph\":[{\"@type\":\"WebPage\",\"@id\":\"https:\/\/nagykokenyes.hu\/?page_id=201\",\"url\":\"https:\/\/nagykokenyes.hu\/?page_id=201\",\"name\":\"Volt Dessewffy-k\u00faria - Nagyk\u00f6k\u00e9nyes K\u00f6zs\u00e9g \u00d6nkorm\u00e1nyzata\",\"isPartOf\":{\"@id\":\"https:\/\/nagykokenyes.hu\/#website\"},\"primaryImageOfPage\":{\"@id\":\"https:\/\/nagykokenyes.hu\/?page_id=201#primaryimage\"},\"image\":{\"@id\":\"https:\/\/nagykokenyes.hu\/?page_id=201#primaryimage\"},\"thumbnailUrl\":\"http:\/\/nagykokenyes.hu\/wp-content\/uploads\/2018\/05\/des.1-1.jpg\",\"datePublished\":\"2018-05-31T16:45:07+00:00\",\"dateModified\":\"2018-05-31T17:30:11+00:00\",\"breadcrumb\":{\"@id\":\"https:\/\/nagykokenyes.hu\/?page_id=201#breadcrumb\"},\"inLanguage\":\"hu\",\"potentialAction\":[{\"@type\":\"ReadAction\",\"target\":[\"https:\/\/nagykokenyes.hu\/?page_id=201\"]}]},{\"@type\":\"ImageObject\",\"inLanguage\":\"hu\",\"@id\":\"https:\/\/nagykokenyes.hu\/?page_id=201#primaryimage\",\"url\":\"https:\/\/nagykokenyes.hu\/wp-content\/uploads\/2018\/05\/des.1-1.jpg\",\"contentUrl\":\"https:\/\/nagykokenyes.hu\/wp-content\/uploads\/2018\/05\/des.1-1.jpg\",\"width\":300,\"height\":225},{\"@type\":\"BreadcrumbList\",\"@id\":\"https:\/\/nagykokenyes.hu\/?page_id=201#breadcrumb\",\"itemListElement\":[{\"@type\":\"ListItem\",\"position\":1,\"name\":\"Kezd\u0151lap\",\"item\":\"https:\/\/nagykokenyes.hu\/\"},{\"@type\":\"ListItem\",\"position\":2,\"name\":\"L\u00e1tnival\u00f3k\",\"item\":\"https:\/\/nagykokenyes.hu\/?page_id=61\"},{\"@type\":\"ListItem\",\"position\":3,\"name\":\"Volt Dessewffy-k\u00faria\"}]},{\"@type\":\"WebSite\",\"@id\":\"https:\/\/nagykokenyes.hu\/#website\",\"url\":\"https:\/\/nagykokenyes.hu\/\",\"name\":\"Nagyk\u00f6k\u00e9nyes K\u00f6zs\u00e9g \u00d6nkorm\u00e1nyzata\",\"description\":\"\",\"potentialAction\":[{\"@type\":\"SearchAction\",\"target\":{\"@type\":\"EntryPoint\",\"urlTemplate\":\"https:\/\/nagykokenyes.hu\/?s={search_term_string}\"},\"query-input\":{\"@type\":\"PropertyValueSpecification\",\"valueRequired\":true,\"valueName\":\"search_term_string\"}}],\"inLanguage\":\"hu\"}]}<\/script>\n<!-- \/ Yoast SEO plugin. -->","yoast_head_json":{"title":"Volt Dessewffy-k\u00faria - Nagyk\u00f6k\u00e9nyes K\u00f6zs\u00e9g \u00d6nkorm\u00e1nyzata","robots":{"index":"index","follow":"follow","max-snippet":"max-snippet:-1","max-image-preview":"max-image-preview:large","max-video-preview":"max-video-preview:-1"},"canonical":"https:\/\/nagykokenyes.hu\/?page_id=201","og_locale":"hu_HU","og_type":"article","og_title":"Volt Dessewffy-k\u00faria - Nagyk\u00f6k\u00e9nyes K\u00f6zs\u00e9g \u00d6nkorm\u00e1nyzata","og_description":"Volt Dessewffy-k\u00faria\u00a0 R\u00e9gebben az \u00e1ltal\u00e1nos iskol\u00e1nak \u00e9s egyben a k\u00fcl\u00f6nleges r\u00e9g\u00e9szeti leletek ki\u00e1ll\u00edt\u00e1s\u00e1nak helyet ad\u00f3 klasszicista \u00e9p\u00fclet 1820-ban \u00e9p\u00fclt. Jellege f\u00f6ldszintes, klasszicista lak\u00f3h\u00e1z. A homlokzata 2 + 3 + 2 tengelyes, h\u00e1ts\u00f3 homlokzata 3 + 2 + 3 tengelyes. Oldalain h\u00e1rom-h\u00e1rom ny\u00edl\u00e1sos. Tekn\u0151boltozatos szob\u00e1k is vannak benne. \u00c9szaknyugati sz\u00e1rnya al\u00e1pinc\u00e9zett. &nbsp;","og_url":"https:\/\/nagykokenyes.hu\/?page_id=201","og_site_name":"Nagyk\u00f6k\u00e9nyes K\u00f6zs\u00e9g \u00d6nkorm\u00e1nyzata","article_modified_time":"2018-05-31T17:30:11+00:00","og_image":[{"url":"http:\/\/nagykokenyes.hu\/wp-content\/uploads\/2018\/05\/des.1-1.jpg","type":"","width":"","height":""}],"twitter_card":"summary_large_image","schema":{"@context":"https:\/\/schema.org","@graph":[{"@type":"WebPage","@id":"https:\/\/nagykokenyes.hu\/?page_id=201","url":"https:\/\/nagykokenyes.hu\/?page_id=201","name":"Volt Dessewffy-k\u00faria - Nagyk\u00f6k\u00e9nyes K\u00f6zs\u00e9g \u00d6nkorm\u00e1nyzata","isPartOf":{"@id":"https:\/\/nagykokenyes.hu\/#website"},"primaryImageOfPage":{"@id":"https:\/\/nagykokenyes.hu\/?page_id=201#primaryimage"},"image":{"@id":"https:\/\/nagykokenyes.hu\/?page_id=201#primaryimage"},"thumbnailUrl":"http:\/\/nagykokenyes.hu\/wp-content\/uploads\/2018\/05\/des.1-1.jpg","datePublished":"2018-05-31T16:45:07+00:00","dateModified":"2018-05-31T17:30:11+00:00","breadcrumb":{"@id":"https:\/\/nagykokenyes.hu\/?page_id=201#breadcrumb"},"inLanguage":"hu","potentialAction":[{"@type":"ReadAction","target":["https:\/\/nagykokenyes.hu\/?page_id=201"]}]},{"@type":"ImageObject","inLanguage":"hu","@id":"https:\/\/nagykokenyes.hu\/?page_id=201#primaryimage","url":"https:\/\/nagykokenyes.hu\/wp-content\/uploads\/2018\/05\/des.1-1.jpg","contentUrl":"https:\/\/nagykokenyes.hu\/wp-content\/uploads\/2018\/05\/des.1-1.jpg","width":300,"height":225},{"@type":"BreadcrumbList","@id":"https:\/\/nagykokenyes.hu\/?page_id=201#breadcrumb","itemListElement":[{"@type":"ListItem","position":1,"name":"Kezd\u0151lap","item":"https:\/\/nagykokenyes.hu\/"},{"@type":"ListItem","position":2,"name":"L\u00e1tnival\u00f3k","item":"https:\/\/nagykokenyes.hu\/?page_id=61"},{"@type":"ListItem","position":3,"name":"Volt Dessewffy-k\u00faria"}]},{"@type":"WebSite","@id":"https:\/\/nagykokenyes.hu\/#website","url":"https:\/\/nagykokenyes.hu\/","name":"Nagyk\u00f6k\u00e9nyes K\u00f6zs\u00e9g \u00d6nkorm\u00e1nyzata","description":"","potentialAction":[{"@type":"SearchAction","target":{"@type":"EntryPoint","urlTemplate":"https:\/\/nagykokenyes.hu\/?s={search_term_string}"},"query-input":{"@type":"PropertyValueSpecification","valueRequired":true,"valueName":"search_term_string"}}],"inLanguage":"hu"}]}},"_links":{"self":[{"href":"https:\/\/nagykokenyes.hu\/index.php?rest_route=\/wp\/v2\/pages\/201","targetHints":{"allow":["GET"]}}],"collection":[{"href":"https:\/\/nagykokenyes.hu\/index.php?rest_route=\/wp\/v2\/pages"}],"about":[{"href":"https:\/\/nagykokenyes.hu\/index.php?rest_route=\/wp\/v2\/types\/page"}],"author":[{"embeddable":true,"href":"https:\/\/nagykokenyes.hu\/index.php?rest_route=\/wp\/v2\/users\/1"}],"replies":[{"embeddable":true,"href":"https:\/\/nagykokenyes.hu\/index.php?rest_route=%2Fwp%2Fv2%2Fcomments&post=201"}],"version-history":[{"count":5,"href":"https:\/\/nagykokenyes.hu\/index.php?rest_route=\/wp\/v2\/pages\/201\/revisions"}],"predecessor-version":[{"id":249,"href":"https:\/\/nagykokenyes.hu\/index.php?rest_route=\/wp\/v2\/pages\/201\/revisions\/249"}],"up":[{"embeddable":true,"href":"https:\/\/nagykokenyes.hu\/index.php?rest_route=\/wp\/v2\/pages\/61"}],"wp:attachment":[{"href":"https:\/\/nagykokenyes.hu\/index.php?rest_route=%2Fwp%2Fv2%2Fmedia&parent=201"}],"curies":[{"name":"wp","href":"https:\/\/api.w.org\/{rel}","templated":true}]}}