{"id":2023,"date":"2019-10-14T07:30:07","date_gmt":"2019-10-14T07:30:07","guid":{"rendered":"http:\/\/nagykokenyes.hu\/?page_id=2023"},"modified":"2019-10-14T07:30:07","modified_gmt":"2019-10-14T07:30:07","slug":"helyi-valasztasi-bizottsag","status":"publish","type":"page","link":"https:\/\/nagykokenyes.hu\/?page_id=2023","title":{"rendered":"Helyi V\u00e1laszt\u00e1si Bizotts\u00e1g"},"content":{"rendered":"<p>2019<\/p>\n<p>Nagyk\u00f6k\u00e9nyes K\u00f6zs\u00e9g Helyi V\u00e1laszt\u00e1si Bizotts\u00e1g\u00e1nak <a href=\"http:\/\/nagykokenyes.hu\/wp-content\/uploads\/2019\/10\/15-2019-HVB-hat.-Nk.-Polg\u00e1rmesteri-eredm\u00e9ny.pdf\">15\/2019. (X. 13.) hat\u00e1rozata<\/a><br \/>\nNagyk\u00f6k\u00e9nyes K\u00f6zs\u00e9g Helyi V\u00e1laszt\u00e1si Bizotts\u00e1g\u00e1nak <a href=\"http:\/\/nagykokenyes.hu\/wp-content\/uploads\/2019\/10\/16-2019-HVB-hat.-NK-k\u00e9pvisel\u0151k-eredm\u00e9nye.pdf\">16\/2019. (X. 13.) hat\u00e1rozata<\/a><\/p>\n<p>&nbsp;<\/p>\n","protected":false},"excerpt":{"rendered":"<p>2019 Nagyk\u00f6k\u00e9nyes K\u00f6zs\u00e9g Helyi V\u00e1laszt\u00e1si Bizotts\u00e1g\u00e1nak 15\/2019. (X. 13.) hat\u00e1rozata Nagyk\u00f6k\u00e9nyes K\u00f6zs\u00e9g Helyi V\u00e1laszt\u00e1si Bizotts\u00e1g\u00e1nak 16\/2019. (X. 13.) hat\u00e1rozata &nbsp;<\/p>\n","protected":false},"author":1,"featured_media":0,"parent":0,"menu_order":0,"comment_status":"closed","ping_status":"closed","template":"","meta":{"footnotes":""},"class_list":["post-2023","page","type-page","status-publish","hentry"],"yoast_head":"<!-- This site is optimized with the Yoast SEO plugin v26.5 - https:\/\/yoast.com\/wordpress\/plugins\/seo\/ -->\n<title>Helyi V\u00e1laszt\u00e1si Bizotts\u00e1g - Nagyk\u00f6k\u00e9nyes K\u00f6zs\u00e9g \u00d6nkorm\u00e1nyzata<\/title>\n<meta name=\"robots\" content=\"index, follow, max-snippet:-1, max-image-preview:large, max-video-preview:-1\" \/>\n<link rel=\"canonical\" href=\"https:\/\/nagykokenyes.hu\/?page_id=2023\" \/>\n<meta property=\"og:locale\" content=\"hu_HU\" \/>\n<meta property=\"og:type\" content=\"article\" \/>\n<meta property=\"og:title\" content=\"Helyi V\u00e1laszt\u00e1si Bizotts\u00e1g - Nagyk\u00f6k\u00e9nyes K\u00f6zs\u00e9g \u00d6nkorm\u00e1nyzata\" \/>\n<meta property=\"og:description\" content=\"2019 Nagyk\u00f6k\u00e9nyes K\u00f6zs\u00e9g Helyi V\u00e1laszt\u00e1si Bizotts\u00e1g\u00e1nak 15\/2019. (X. 13.) hat\u00e1rozata Nagyk\u00f6k\u00e9nyes K\u00f6zs\u00e9g Helyi V\u00e1laszt\u00e1si Bizotts\u00e1g\u00e1nak 16\/2019. (X. 13.) hat\u00e1rozata &nbsp;\" \/>\n<meta property=\"og:url\" content=\"https:\/\/nagykokenyes.hu\/?page_id=2023\" \/>\n<meta property=\"og:site_name\" content=\"Nagyk\u00f6k\u00e9nyes K\u00f6zs\u00e9g \u00d6nkorm\u00e1nyzata\" \/>\n<meta name=\"twitter:card\" content=\"summary_large_image\" \/>\n<script type=\"application\/ld+json\" class=\"yoast-schema-graph\">{\"@context\":\"https:\/\/schema.org\",\"@graph\":[{\"@type\":\"WebPage\",\"@id\":\"https:\/\/nagykokenyes.hu\/?page_id=2023\",\"url\":\"https:\/\/nagykokenyes.hu\/?page_id=2023\",\"name\":\"Helyi V\u00e1laszt\u00e1si Bizotts\u00e1g - Nagyk\u00f6k\u00e9nyes K\u00f6zs\u00e9g \u00d6nkorm\u00e1nyzata\",\"isPartOf\":{\"@id\":\"https:\/\/nagykokenyes.hu\/#website\"},\"datePublished\":\"2019-10-14T07:30:07+00:00\",\"breadcrumb\":{\"@id\":\"https:\/\/nagykokenyes.hu\/?page_id=2023#breadcrumb\"},\"inLanguage\":\"hu\",\"potentialAction\":[{\"@type\":\"ReadAction\",\"target\":[\"https:\/\/nagykokenyes.hu\/?page_id=2023\"]}]},{\"@type\":\"BreadcrumbList\",\"@id\":\"https:\/\/nagykokenyes.hu\/?page_id=2023#breadcrumb\",\"itemListElement\":[{\"@type\":\"ListItem\",\"position\":1,\"name\":\"Kezd\u0151lap\",\"item\":\"https:\/\/nagykokenyes.hu\/\"},{\"@type\":\"ListItem\",\"position\":2,\"name\":\"Helyi V\u00e1laszt\u00e1si Bizotts\u00e1g\"}]},{\"@type\":\"WebSite\",\"@id\":\"https:\/\/nagykokenyes.hu\/#website\",\"url\":\"https:\/\/nagykokenyes.hu\/\",\"name\":\"Nagyk\u00f6k\u00e9nyes K\u00f6zs\u00e9g \u00d6nkorm\u00e1nyzata\",\"description\":\"\",\"potentialAction\":[{\"@type\":\"SearchAction\",\"target\":{\"@type\":\"EntryPoint\",\"urlTemplate\":\"https:\/\/nagykokenyes.hu\/?s={search_term_string}\"},\"query-input\":{\"@type\":\"PropertyValueSpecification\",\"valueRequired\":true,\"valueName\":\"search_term_string\"}}],\"inLanguage\":\"hu\"}]}<\/script>\n<!-- \/ Yoast SEO plugin. -->","yoast_head_json":{"title":"Helyi V\u00e1laszt\u00e1si Bizotts\u00e1g - Nagyk\u00f6k\u00e9nyes K\u00f6zs\u00e9g \u00d6nkorm\u00e1nyzata","robots":{"index":"index","follow":"follow","max-snippet":"max-snippet:-1","max-image-preview":"max-image-preview:large","max-video-preview":"max-video-preview:-1"},"canonical":"https:\/\/nagykokenyes.hu\/?page_id=2023","og_locale":"hu_HU","og_type":"article","og_title":"Helyi V\u00e1laszt\u00e1si Bizotts\u00e1g - Nagyk\u00f6k\u00e9nyes K\u00f6zs\u00e9g \u00d6nkorm\u00e1nyzata","og_description":"2019 Nagyk\u00f6k\u00e9nyes K\u00f6zs\u00e9g Helyi V\u00e1laszt\u00e1si Bizotts\u00e1g\u00e1nak 15\/2019. (X. 13.) hat\u00e1rozata Nagyk\u00f6k\u00e9nyes K\u00f6zs\u00e9g Helyi V\u00e1laszt\u00e1si Bizotts\u00e1g\u00e1nak 16\/2019. (X. 13.) hat\u00e1rozata &nbsp;","og_url":"https:\/\/nagykokenyes.hu\/?page_id=2023","og_site_name":"Nagyk\u00f6k\u00e9nyes K\u00f6zs\u00e9g \u00d6nkorm\u00e1nyzata","twitter_card":"summary_large_image","schema":{"@context":"https:\/\/schema.org","@graph":[{"@type":"WebPage","@id":"https:\/\/nagykokenyes.hu\/?page_id=2023","url":"https:\/\/nagykokenyes.hu\/?page_id=2023","name":"Helyi V\u00e1laszt\u00e1si Bizotts\u00e1g - Nagyk\u00f6k\u00e9nyes K\u00f6zs\u00e9g \u00d6nkorm\u00e1nyzata","isPartOf":{"@id":"https:\/\/nagykokenyes.hu\/#website"},"datePublished":"2019-10-14T07:30:07+00:00","breadcrumb":{"@id":"https:\/\/nagykokenyes.hu\/?page_id=2023#breadcrumb"},"inLanguage":"hu","potentialAction":[{"@type":"ReadAction","target":["https:\/\/nagykokenyes.hu\/?page_id=2023"]}]},{"@type":"BreadcrumbList","@id":"https:\/\/nagykokenyes.hu\/?page_id=2023#breadcrumb","itemListElement":[{"@type":"ListItem","position":1,"name":"Kezd\u0151lap","item":"https:\/\/nagykokenyes.hu\/"},{"@type":"ListItem","position":2,"name":"Helyi V\u00e1laszt\u00e1si Bizotts\u00e1g"}]},{"@type":"WebSite","@id":"https:\/\/nagykokenyes.hu\/#website","url":"https:\/\/nagykokenyes.hu\/","name":"Nagyk\u00f6k\u00e9nyes K\u00f6zs\u00e9g \u00d6nkorm\u00e1nyzata","description":"","potentialAction":[{"@type":"SearchAction","target":{"@type":"EntryPoint","urlTemplate":"https:\/\/nagykokenyes.hu\/?s={search_term_string}"},"query-input":{"@type":"PropertyValueSpecification","valueRequired":true,"valueName":"search_term_string"}}],"inLanguage":"hu"}]}},"_links":{"self":[{"href":"https:\/\/nagykokenyes.hu\/index.php?rest_route=\/wp\/v2\/pages\/2023","targetHints":{"allow":["GET"]}}],"collection":[{"href":"https:\/\/nagykokenyes.hu\/index.php?rest_route=\/wp\/v2\/pages"}],"about":[{"href":"https:\/\/nagykokenyes.hu\/index.php?rest_route=\/wp\/v2\/types\/page"}],"author":[{"embeddable":true,"href":"https:\/\/nagykokenyes.hu\/index.php?rest_route=\/wp\/v2\/users\/1"}],"replies":[{"embeddable":true,"href":"https:\/\/nagykokenyes.hu\/index.php?rest_route=%2Fwp%2Fv2%2Fcomments&post=2023"}],"version-history":[{"count":1,"href":"https:\/\/nagykokenyes.hu\/index.php?rest_route=\/wp\/v2\/pages\/2023\/revisions"}],"predecessor-version":[{"id":2025,"href":"https:\/\/nagykokenyes.hu\/index.php?rest_route=\/wp\/v2\/pages\/2023\/revisions\/2025"}],"wp:attachment":[{"href":"https:\/\/nagykokenyes.hu\/index.php?rest_route=%2Fwp%2Fv2%2Fmedia&parent=2023"}],"curies":[{"name":"wp","href":"https:\/\/api.w.org\/{rel}","templated":true}]}}