{"id":2281,"date":"2019-12-09T18:37:07","date_gmt":"2019-12-09T18:37:07","guid":{"rendered":"http:\/\/nagykokenyes.hu\/?page_id=2281"},"modified":"2019-12-11T20:59:39","modified_gmt":"2019-12-11T20:59:39","slug":"ugysegedi-rendszer","status":"publish","type":"page","link":"https:\/\/nagykokenyes.hu\/?page_id=2281","title":{"rendered":"\u00dcgyseg\u00e9di rendszer"},"content":{"rendered":"<p style=\"text-align: justify;\"><strong>2020. janu\u00e1r 07. napj\u00e1t\u00f3l<\/strong> Nagyk\u00f6k\u00e9nyes K\u00f6zs\u00e9gben <strong>minden p\u00e1ros h\u00e9ten kedden 09.15 \u00f3r\u00e1t\u00f3l 10.15 \u00f3r\u00e1ig biztos\u00edtjuk az \u00fcgyseg\u00e9di \u00fcgyf\u00e9lfogad\u00e1st.<\/strong> <strong>Nagyk\u00f6k\u00e9nyes K\u00f6zs\u00e9gben az \u00fcgyseg\u00e9di feladatokat tov\u00e1bbra is Kissn\u00e9 So\u00f3s Melinda szoci\u00e1lis szak\u00fcgyint\u00e9z\u0151 (37\/795-082), illetve helyettesek\u00e9nt Balog Anett szoci\u00e1lis szak\u00fcgyint\u00e9z\u0151 (37\/795-100) l\u00e1tja majd el.<\/strong> Az \u00fcgyint\u00e9z\u0151k az \u00fcgyseg\u00e9di \u00fcgyf\u00e9lfogad\u00e1son k\u00edv\u00fcl munkaid\u0151ben el\u00e9rhet\u0151ek a megadott telefonsz\u00e1mokon, illetve a Heves Megyei Korm\u00e1nyhivatal Hatvani J\u00e1r\u00e1si Hivatal Hat\u00f3s\u00e1gi Oszt\u00e1ly\u00e1n (3000 Hatvan, Balassi B. \u00fat 14. II. emelet 7. sz. iroda). <strong>T\u00e1j\u00e9koztatom tov\u00e1bb\u00e1, hogy a Heves Megyei Korm\u00e1nyhivatal Hatvani J\u00e1r\u00e1si Hivatal Hat\u00f3s\u00e1gi Oszt\u00e1ly\u00e1n az \u00fcgyf\u00e9lfogad\u00e1s h\u00e9tf\u0151i \u00e9s szerdai napokon 08.00- 16.30, tov\u00e1bb\u00e1 p\u00e9ntekenk\u00e9nt 08.00 \u2013 12.00 \u00f3r\u00e1ig biztos\u00edtott. A keddi \u00e9s cs\u00fct\u00f6rt\u00f6ki napokon a hat\u00f3s\u00e1gi oszt\u00e1lyon nincs \u00fcgyf\u00e9lfogat\u00e1s.<\/strong><\/p>\n<p><a href=\"http:\/\/nagykokenyes.hu\/wp-content\/uploads\/2019\/12\/Hatvani-J\u00e1r\u00e1si-Hivatal-\u00fcgyseg\u00e9d-2020.-I.-f\u00e9l\u00e9v-\u00fcgyf\u00e9lfogad\u00e1si-rendje.pdf\">Hatvani J\u00e1r\u00e1si Hivatal \u00fcgyseg\u00e9di \u00fcgyf\u00e9lfogad\u00e1s napjai 2020 I f\u00e9l\u00e9v.<\/a><\/p>\n<p>&nbsp;<\/p>\n","protected":false},"excerpt":{"rendered":"<p>2020. janu\u00e1r 07. napj\u00e1t\u00f3l Nagyk\u00f6k\u00e9nyes K\u00f6zs\u00e9gben minden p\u00e1ros h\u00e9ten kedden 09.15 \u00f3r\u00e1t\u00f3l 10.15 \u00f3r\u00e1ig biztos\u00edtjuk az \u00fcgyseg\u00e9di \u00fcgyf\u00e9lfogad\u00e1st. Nagyk\u00f6k\u00e9nyes K\u00f6zs\u00e9gben az \u00fcgyseg\u00e9di feladatokat tov\u00e1bbra is Kissn\u00e9 So\u00f3s Melinda szoci\u00e1lis szak\u00fcgyint\u00e9z\u0151 (37\/795-082), illetve helyettesek\u00e9nt Balog Anett szoci\u00e1lis szak\u00fcgyint\u00e9z\u0151 (37\/795-100) l\u00e1tja majd el. Az \u00fcgyint\u00e9z\u0151k az \u00fcgyseg\u00e9di \u00fcgyf\u00e9lfogad\u00e1son k\u00edv\u00fcl munkaid\u0151ben el\u00e9rhet\u0151ek a megadott telefonsz\u00e1mokon, illetve a Heves [&hellip;]<\/p>\n","protected":false},"author":1,"featured_media":0,"parent":0,"menu_order":0,"comment_status":"closed","ping_status":"closed","template":"","meta":{"footnotes":""},"class_list":["post-2281","page","type-page","status-publish","hentry"],"yoast_head":"<!-- This site is optimized with the Yoast SEO plugin v26.5 - https:\/\/yoast.com\/wordpress\/plugins\/seo\/ -->\n<title>\u00dcgyseg\u00e9di rendszer - Nagyk\u00f6k\u00e9nyes K\u00f6zs\u00e9g \u00d6nkorm\u00e1nyzata<\/title>\n<meta name=\"robots\" content=\"index, follow, max-snippet:-1, max-image-preview:large, max-video-preview:-1\" \/>\n<link rel=\"canonical\" href=\"https:\/\/nagykokenyes.hu\/?page_id=2281\" \/>\n<meta property=\"og:locale\" content=\"hu_HU\" \/>\n<meta property=\"og:type\" content=\"article\" \/>\n<meta property=\"og:title\" content=\"\u00dcgyseg\u00e9di rendszer - Nagyk\u00f6k\u00e9nyes K\u00f6zs\u00e9g \u00d6nkorm\u00e1nyzata\" \/>\n<meta property=\"og:description\" content=\"2020. janu\u00e1r 07. napj\u00e1t\u00f3l Nagyk\u00f6k\u00e9nyes K\u00f6zs\u00e9gben minden p\u00e1ros h\u00e9ten kedden 09.15 \u00f3r\u00e1t\u00f3l 10.15 \u00f3r\u00e1ig biztos\u00edtjuk az \u00fcgyseg\u00e9di \u00fcgyf\u00e9lfogad\u00e1st. Nagyk\u00f6k\u00e9nyes K\u00f6zs\u00e9gben az \u00fcgyseg\u00e9di feladatokat tov\u00e1bbra is Kissn\u00e9 So\u00f3s Melinda szoci\u00e1lis szak\u00fcgyint\u00e9z\u0151 (37\/795-082), illetve helyettesek\u00e9nt Balog Anett szoci\u00e1lis szak\u00fcgyint\u00e9z\u0151 (37\/795-100) l\u00e1tja majd el. Az \u00fcgyint\u00e9z\u0151k az \u00fcgyseg\u00e9di \u00fcgyf\u00e9lfogad\u00e1son k\u00edv\u00fcl munkaid\u0151ben el\u00e9rhet\u0151ek a megadott telefonsz\u00e1mokon, illetve a Heves [&hellip;]\" \/>\n<meta property=\"og:url\" content=\"https:\/\/nagykokenyes.hu\/?page_id=2281\" \/>\n<meta property=\"og:site_name\" content=\"Nagyk\u00f6k\u00e9nyes K\u00f6zs\u00e9g \u00d6nkorm\u00e1nyzata\" \/>\n<meta property=\"article:modified_time\" content=\"2019-12-11T20:59:39+00:00\" \/>\n<meta name=\"twitter:card\" content=\"summary_large_image\" \/>\n<meta name=\"twitter:label1\" content=\"Becs\u00fclt olvas\u00e1si id\u0151\" \/>\n\t<meta name=\"twitter:data1\" content=\"1 perc\" \/>\n<script type=\"application\/ld+json\" class=\"yoast-schema-graph\">{\"@context\":\"https:\/\/schema.org\",\"@graph\":[{\"@type\":\"WebPage\",\"@id\":\"https:\/\/nagykokenyes.hu\/?page_id=2281\",\"url\":\"https:\/\/nagykokenyes.hu\/?page_id=2281\",\"name\":\"\u00dcgyseg\u00e9di rendszer - Nagyk\u00f6k\u00e9nyes K\u00f6zs\u00e9g \u00d6nkorm\u00e1nyzata\",\"isPartOf\":{\"@id\":\"https:\/\/nagykokenyes.hu\/#website\"},\"datePublished\":\"2019-12-09T18:37:07+00:00\",\"dateModified\":\"2019-12-11T20:59:39+00:00\",\"breadcrumb\":{\"@id\":\"https:\/\/nagykokenyes.hu\/?page_id=2281#breadcrumb\"},\"inLanguage\":\"hu\",\"potentialAction\":[{\"@type\":\"ReadAction\",\"target\":[\"https:\/\/nagykokenyes.hu\/?page_id=2281\"]}]},{\"@type\":\"BreadcrumbList\",\"@id\":\"https:\/\/nagykokenyes.hu\/?page_id=2281#breadcrumb\",\"itemListElement\":[{\"@type\":\"ListItem\",\"position\":1,\"name\":\"Kezd\u0151lap\",\"item\":\"https:\/\/nagykokenyes.hu\/\"},{\"@type\":\"ListItem\",\"position\":2,\"name\":\"\u00dcgyseg\u00e9di rendszer\"}]},{\"@type\":\"WebSite\",\"@id\":\"https:\/\/nagykokenyes.hu\/#website\",\"url\":\"https:\/\/nagykokenyes.hu\/\",\"name\":\"Nagyk\u00f6k\u00e9nyes K\u00f6zs\u00e9g \u00d6nkorm\u00e1nyzata\",\"description\":\"\",\"potentialAction\":[{\"@type\":\"SearchAction\",\"target\":{\"@type\":\"EntryPoint\",\"urlTemplate\":\"https:\/\/nagykokenyes.hu\/?s={search_term_string}\"},\"query-input\":{\"@type\":\"PropertyValueSpecification\",\"valueRequired\":true,\"valueName\":\"search_term_string\"}}],\"inLanguage\":\"hu\"}]}<\/script>\n<!-- \/ Yoast SEO plugin. -->","yoast_head_json":{"title":"\u00dcgyseg\u00e9di rendszer - Nagyk\u00f6k\u00e9nyes K\u00f6zs\u00e9g \u00d6nkorm\u00e1nyzata","robots":{"index":"index","follow":"follow","max-snippet":"max-snippet:-1","max-image-preview":"max-image-preview:large","max-video-preview":"max-video-preview:-1"},"canonical":"https:\/\/nagykokenyes.hu\/?page_id=2281","og_locale":"hu_HU","og_type":"article","og_title":"\u00dcgyseg\u00e9di rendszer - Nagyk\u00f6k\u00e9nyes K\u00f6zs\u00e9g \u00d6nkorm\u00e1nyzata","og_description":"2020. janu\u00e1r 07. napj\u00e1t\u00f3l Nagyk\u00f6k\u00e9nyes K\u00f6zs\u00e9gben minden p\u00e1ros h\u00e9ten kedden 09.15 \u00f3r\u00e1t\u00f3l 10.15 \u00f3r\u00e1ig biztos\u00edtjuk az \u00fcgyseg\u00e9di \u00fcgyf\u00e9lfogad\u00e1st. Nagyk\u00f6k\u00e9nyes K\u00f6zs\u00e9gben az \u00fcgyseg\u00e9di feladatokat tov\u00e1bbra is Kissn\u00e9 So\u00f3s Melinda szoci\u00e1lis szak\u00fcgyint\u00e9z\u0151 (37\/795-082), illetve helyettesek\u00e9nt Balog Anett szoci\u00e1lis szak\u00fcgyint\u00e9z\u0151 (37\/795-100) l\u00e1tja majd el. Az \u00fcgyint\u00e9z\u0151k az \u00fcgyseg\u00e9di \u00fcgyf\u00e9lfogad\u00e1son k\u00edv\u00fcl munkaid\u0151ben el\u00e9rhet\u0151ek a megadott telefonsz\u00e1mokon, illetve a Heves [&hellip;]","og_url":"https:\/\/nagykokenyes.hu\/?page_id=2281","og_site_name":"Nagyk\u00f6k\u00e9nyes K\u00f6zs\u00e9g \u00d6nkorm\u00e1nyzata","article_modified_time":"2019-12-11T20:59:39+00:00","twitter_card":"summary_large_image","twitter_misc":{"Becs\u00fclt olvas\u00e1si id\u0151":"1 perc"},"schema":{"@context":"https:\/\/schema.org","@graph":[{"@type":"WebPage","@id":"https:\/\/nagykokenyes.hu\/?page_id=2281","url":"https:\/\/nagykokenyes.hu\/?page_id=2281","name":"\u00dcgyseg\u00e9di rendszer - Nagyk\u00f6k\u00e9nyes K\u00f6zs\u00e9g \u00d6nkorm\u00e1nyzata","isPartOf":{"@id":"https:\/\/nagykokenyes.hu\/#website"},"datePublished":"2019-12-09T18:37:07+00:00","dateModified":"2019-12-11T20:59:39+00:00","breadcrumb":{"@id":"https:\/\/nagykokenyes.hu\/?page_id=2281#breadcrumb"},"inLanguage":"hu","potentialAction":[{"@type":"ReadAction","target":["https:\/\/nagykokenyes.hu\/?page_id=2281"]}]},{"@type":"BreadcrumbList","@id":"https:\/\/nagykokenyes.hu\/?page_id=2281#breadcrumb","itemListElement":[{"@type":"ListItem","position":1,"name":"Kezd\u0151lap","item":"https:\/\/nagykokenyes.hu\/"},{"@type":"ListItem","position":2,"name":"\u00dcgyseg\u00e9di rendszer"}]},{"@type":"WebSite","@id":"https:\/\/nagykokenyes.hu\/#website","url":"https:\/\/nagykokenyes.hu\/","name":"Nagyk\u00f6k\u00e9nyes K\u00f6zs\u00e9g \u00d6nkorm\u00e1nyzata","description":"","potentialAction":[{"@type":"SearchAction","target":{"@type":"EntryPoint","urlTemplate":"https:\/\/nagykokenyes.hu\/?s={search_term_string}"},"query-input":{"@type":"PropertyValueSpecification","valueRequired":true,"valueName":"search_term_string"}}],"inLanguage":"hu"}]}},"_links":{"self":[{"href":"https:\/\/nagykokenyes.hu\/index.php?rest_route=\/wp\/v2\/pages\/2281","targetHints":{"allow":["GET"]}}],"collection":[{"href":"https:\/\/nagykokenyes.hu\/index.php?rest_route=\/wp\/v2\/pages"}],"about":[{"href":"https:\/\/nagykokenyes.hu\/index.php?rest_route=\/wp\/v2\/types\/page"}],"author":[{"embeddable":true,"href":"https:\/\/nagykokenyes.hu\/index.php?rest_route=\/wp\/v2\/users\/1"}],"replies":[{"embeddable":true,"href":"https:\/\/nagykokenyes.hu\/index.php?rest_route=%2Fwp%2Fv2%2Fcomments&post=2281"}],"version-history":[{"count":5,"href":"https:\/\/nagykokenyes.hu\/index.php?rest_route=\/wp\/v2\/pages\/2281\/revisions"}],"predecessor-version":[{"id":2300,"href":"https:\/\/nagykokenyes.hu\/index.php?rest_route=\/wp\/v2\/pages\/2281\/revisions\/2300"}],"wp:attachment":[{"href":"https:\/\/nagykokenyes.hu\/index.php?rest_route=%2Fwp%2Fv2%2Fmedia&parent=2281"}],"curies":[{"name":"wp","href":"https:\/\/api.w.org\/{rel}","templated":true}]}}