{"id":263,"date":"2018-05-31T17:38:30","date_gmt":"2018-05-31T17:38:30","guid":{"rendered":"http:\/\/nagykokenyes.hu\/?page_id=263"},"modified":"2025-12-04T12:11:11","modified_gmt":"2025-12-04T10:11:11","slug":"palyazatok","status":"publish","type":"page","link":"https:\/\/nagykokenyes.hu\/?page_id=263","title":{"rendered":"P\u00e1ly\u00e1zatok"},"content":{"rendered":"<p><strong>2025<\/strong><\/p>\n<ul>\n<li><a href=\"https:\/\/nagykokenyes.hu\/?page_id=9155\">TOP_PLUSZ-3.1.3-23-HE1-2024-<wbr \/>00009<\/a> Helyi hum\u00e1n fejleszt\u00e9sek Kerekharaszt, Nagyk\u00f6k\u00e9nyes telep\u00fcl\u00e9seken\n<ul>\n<li><a href=\"https:\/\/nagykokenyes.hu\/wp-content\/uploads\/2025\/09\/Projekt-rovid-osszefoglaloja.pdf\">P\u00e1ly\u00e1zati \u00f6sszefoglal\u00f3<\/a><\/li>\n<\/ul>\n<\/li>\n<li>TOP-5.3.1-16 HE1-2017-00008 A helyi identit\u00e1s \u00e9s koh\u00e9zi\u00f3 er\u0151s\u00edt\u00e9se Nagyk\u00f6k\u00e9nyesen \u00e9s Her\u00e9den<\/li>\n<\/ul>\n<p><strong>2022 &#8211; 2024<\/strong><\/p>\n<ul>\n<li><a href=\"https:\/\/nagykokenyes.hu\/?page_id=2136\">Magyar Falu Program<\/a><\/li>\n<\/ul>\n<p><strong>2021<\/strong><\/p>\n<ul>\n<li><a href=\"https:\/\/nagykokenyes.hu\/?page_id=7077\">Dessewffy-k\u00faria a \u201eM\u0171v\u00e9szetek Kertje\u201d<\/a><\/li>\n<\/ul>\n<p><strong>2020<\/strong><\/p>\n<ul>\n<li>A Her\u00e9di K\u00f6z\u00f6s \u00d6nkorm\u00e1nyzati Hivatal <a href=\"https:\/\/kozigallas.gov.hu\/pages\/jobviewer.aspx?ID=z1yf3qfxf7\">p\u00e1ly\u00e1zatot<\/a> hirdet ALJEGYZ\u0150 munkak\u00f6r bet\u00f6lt\u00e9s\u00e9re.<\/li>\n<\/ul>\n<p><strong>2019<\/strong><\/p>\n<ul>\n<li><a href=\"http:\/\/nagykokenyes.hu\/wp-content\/uploads\/2019\/04\/P\u00e1ly\u00e1zati-ki\u00edr\u00e1s-civil-szervezeteknek-2019.-\u00e9vre.pdf\">P\u00e1ly\u00e1zati ki\u00edr\u00e1s civil szervezetek 2019. \u00e9vi t\u00e1mogat\u00e1s\u00e1ra<\/a>\n<ul>\n<li><a href=\"http:\/\/nagykokenyes.hu\/wp-content\/uploads\/2019\/04\/\u00d6nkorm\u00e1nyzati-p\u00e1ly\u00e1zati-adatlap-2019.Nk_.pdf\">\u00d6nkorm\u00e1nyzati p\u00e1ly\u00e1zati adatlap 2019. Nk.<\/a><\/li>\n<li><a href=\"http:\/\/nagykokenyes.hu\/wp-content\/uploads\/2019\/04\/1.-kozpenz_nyilatkozat.pdf\">1. k\u00f6zp\u00e9nz_nyilatkozat<\/a><\/li>\n<li><a href=\"http:\/\/nagykokenyes.hu\/wp-content\/uploads\/2019\/04\/2.-kozpenz_kozzeteteli_kerelem.pdf\">2. k\u00f6zp\u00e9nz_k\u00f6zz\u00e9t\u00e9teli k\u00e9relem<\/a><\/li>\n<li><a href=\"http:\/\/nagykokenyes.hu\/wp-content\/uploads\/2019\/04\/3.-nyilatkozat.pdf\">3. nyilatkozat<\/a><\/li>\n<\/ul>\n<\/li>\n<\/ul>\n<p><strong>2018<\/strong><\/p>\n<ul>\n<li><a href=\"http:\/\/nagykokenyes.hu\/wp-content\/uploads\/2018\/10\/\u00d3vodavezet\u0151i-p\u00e1ly\u00e1zati-ki\u00edr\u00e1s.pdf\">Nagyk\u00f6k\u00e9nyesi K\u00f6k\u00e9nyvir\u00e1g \u00d3voda &#8211; \u00f3vodavezet\u0151i p\u00e1ly\u00e1zat<\/a><\/li>\n<li><a href=\"http:\/\/nagykokenyes.hu\/wp-content\/uploads\/2018\/10\/Nagyk\u00f6k\u00e9nyesi-K\u00f6k\u00e9nyvir\u00e1g-\u00d3voda-p\u00e1ly\u00e1zat-ki\u00edr\u00e1sa.pdf\">Nagyk\u00f6k\u00e9nyesi K\u00f6k\u00e9nyvir\u00e1g \u00d3voda &#8211; dajka munkak\u00f6r\u00a0<\/a><\/li>\n<li><a href=\"http:\/\/nagykokenyes.hu\/wp-content\/uploads\/2018\/07\/Nagyk\u00f6k\u00e9nyes-\u00d6nk.-2014.10.01.-2018.03.01.-p\u00e1ly\u00e1zati-beruh\u00e1z\u00e1sok.pdf\">Nagyk\u00f6k\u00e9nyes K\u00f6zs\u00e9gi \u00d6nkorm\u00e1nyzat 2014. okt\u00f3ber 01. \u00e9s 2018. m\u00e1rcius 1. k\u00f6z\u00f6tti p\u00e1ly\u00e1zatai<\/a><\/li>\n<\/ul>\n<p><strong>2017<\/strong><\/p>\n<ul>\n<li><a href=\"http:\/\/nagykokenyes.hu\/wp-content\/uploads\/2018\/07\/P\u00e1ly\u00e1zati-ki\u00edr\u00e1s-2017.Nk_.pdf\">P\u00e1ly\u00e1zati ki\u00edr\u00e1s civil szervezetek 2017. \u00e9vi t\u00e1mogat\u00e1s\u00e1ra<\/a><\/li>\n<\/ul>\n<p>2016<\/p>\n<ul>\n<li><a href=\"http:\/\/nagykokenyes.hu\/wp-content\/uploads\/2018\/07\/P\u00e1ly\u00e1zati-ki\u00edr\u00e1s-Nagyk\u00f6k\u00e9nyes-2016.pdf\">P\u00e1ly\u00e1zati ki\u00edr\u00e1s civil szervezetek 2016. \u00e9vi t\u00e1mogat\u00e1s\u00e1ra<\/a><\/li>\n<\/ul>\n","protected":false},"excerpt":{"rendered":"<p>2025 TOP_PLUSZ-3.1.3-23-HE1-2024-00009 Helyi hum\u00e1n fejleszt\u00e9sek Kerekharaszt, Nagyk\u00f6k\u00e9nyes telep\u00fcl\u00e9seken P\u00e1ly\u00e1zati \u00f6sszefoglal\u00f3 TOP-5.3.1-16 HE1-2017-00008 A helyi identit\u00e1s \u00e9s koh\u00e9zi\u00f3 er\u0151s\u00edt\u00e9se Nagyk\u00f6k\u00e9nyesen \u00e9s Her\u00e9den 2022 &#8211; 2024 Magyar Falu Program 2021 Dessewffy-k\u00faria a \u201eM\u0171v\u00e9szetek Kertje\u201d 2020 A Her\u00e9di K\u00f6z\u00f6s \u00d6nkorm\u00e1nyzati Hivatal p\u00e1ly\u00e1zatot hirdet ALJEGYZ\u0150 munkak\u00f6r bet\u00f6lt\u00e9s\u00e9re. 2019 P\u00e1ly\u00e1zati ki\u00edr\u00e1s civil szervezetek 2019. \u00e9vi t\u00e1mogat\u00e1s\u00e1ra \u00d6nkorm\u00e1nyzati p\u00e1ly\u00e1zati adatlap 2019. [&hellip;]<\/p>\n","protected":false},"author":1,"featured_media":0,"parent":185,"menu_order":4,"comment_status":"closed","ping_status":"closed","template":"","meta":{"footnotes":""},"class_list":["post-263","page","type-page","status-publish","hentry"],"yoast_head":"<!-- This site is optimized with the Yoast SEO plugin v26.5 - https:\/\/yoast.com\/wordpress\/plugins\/seo\/ -->\n<title>P\u00e1ly\u00e1zatok - Nagyk\u00f6k\u00e9nyes K\u00f6zs\u00e9g \u00d6nkorm\u00e1nyzata<\/title>\n<meta name=\"robots\" content=\"index, follow, max-snippet:-1, max-image-preview:large, max-video-preview:-1\" \/>\n<link rel=\"canonical\" href=\"https:\/\/nagykokenyes.hu\/?page_id=263\" \/>\n<meta property=\"og:locale\" content=\"hu_HU\" \/>\n<meta property=\"og:type\" content=\"article\" \/>\n<meta property=\"og:title\" content=\"P\u00e1ly\u00e1zatok - Nagyk\u00f6k\u00e9nyes K\u00f6zs\u00e9g \u00d6nkorm\u00e1nyzata\" \/>\n<meta property=\"og:description\" content=\"2025 TOP_PLUSZ-3.1.3-23-HE1-2024-00009 Helyi hum\u00e1n fejleszt\u00e9sek Kerekharaszt, Nagyk\u00f6k\u00e9nyes telep\u00fcl\u00e9seken P\u00e1ly\u00e1zati \u00f6sszefoglal\u00f3 TOP-5.3.1-16 HE1-2017-00008 A helyi identit\u00e1s \u00e9s koh\u00e9zi\u00f3 er\u0151s\u00edt\u00e9se Nagyk\u00f6k\u00e9nyesen \u00e9s Her\u00e9den 2022 &#8211; 2024 Magyar Falu Program 2021 Dessewffy-k\u00faria a \u201eM\u0171v\u00e9szetek Kertje\u201d 2020 A Her\u00e9di K\u00f6z\u00f6s \u00d6nkorm\u00e1nyzati Hivatal p\u00e1ly\u00e1zatot hirdet ALJEGYZ\u0150 munkak\u00f6r bet\u00f6lt\u00e9s\u00e9re. 2019 P\u00e1ly\u00e1zati ki\u00edr\u00e1s civil szervezetek 2019. \u00e9vi t\u00e1mogat\u00e1s\u00e1ra \u00d6nkorm\u00e1nyzati p\u00e1ly\u00e1zati adatlap 2019. [&hellip;]\" \/>\n<meta property=\"og:url\" content=\"https:\/\/nagykokenyes.hu\/?page_id=263\" \/>\n<meta property=\"og:site_name\" content=\"Nagyk\u00f6k\u00e9nyes K\u00f6zs\u00e9g \u00d6nkorm\u00e1nyzata\" \/>\n<meta property=\"article:modified_time\" content=\"2025-12-04T10:11:11+00:00\" \/>\n<meta name=\"twitter:card\" content=\"summary_large_image\" \/>\n<meta name=\"twitter:label1\" content=\"Becs\u00fclt olvas\u00e1si id\u0151\" \/>\n\t<meta name=\"twitter:data1\" content=\"1 perc\" \/>\n<script type=\"application\/ld+json\" class=\"yoast-schema-graph\">{\"@context\":\"https:\/\/schema.org\",\"@graph\":[{\"@type\":\"WebPage\",\"@id\":\"https:\/\/nagykokenyes.hu\/?page_id=263\",\"url\":\"https:\/\/nagykokenyes.hu\/?page_id=263\",\"name\":\"P\u00e1ly\u00e1zatok - Nagyk\u00f6k\u00e9nyes K\u00f6zs\u00e9g \u00d6nkorm\u00e1nyzata\",\"isPartOf\":{\"@id\":\"https:\/\/nagykokenyes.hu\/#website\"},\"datePublished\":\"2018-05-31T17:38:30+00:00\",\"dateModified\":\"2025-12-04T10:11:11+00:00\",\"breadcrumb\":{\"@id\":\"https:\/\/nagykokenyes.hu\/?page_id=263#breadcrumb\"},\"inLanguage\":\"hu\",\"potentialAction\":[{\"@type\":\"ReadAction\",\"target\":[\"https:\/\/nagykokenyes.hu\/?page_id=263\"]}]},{\"@type\":\"BreadcrumbList\",\"@id\":\"https:\/\/nagykokenyes.hu\/?page_id=263#breadcrumb\",\"itemListElement\":[{\"@type\":\"ListItem\",\"position\":1,\"name\":\"Kezd\u0151lap\",\"item\":\"https:\/\/nagykokenyes.hu\/\"},{\"@type\":\"ListItem\",\"position\":2,\"name\":\"\u00d6nkorm\u00e1nyzat\",\"item\":\"https:\/\/nagykokenyes.hu\/?page_id=185\"},{\"@type\":\"ListItem\",\"position\":3,\"name\":\"P\u00e1ly\u00e1zatok\"}]},{\"@type\":\"WebSite\",\"@id\":\"https:\/\/nagykokenyes.hu\/#website\",\"url\":\"https:\/\/nagykokenyes.hu\/\",\"name\":\"Nagyk\u00f6k\u00e9nyes K\u00f6zs\u00e9g \u00d6nkorm\u00e1nyzata\",\"description\":\"\",\"potentialAction\":[{\"@type\":\"SearchAction\",\"target\":{\"@type\":\"EntryPoint\",\"urlTemplate\":\"https:\/\/nagykokenyes.hu\/?s={search_term_string}\"},\"query-input\":{\"@type\":\"PropertyValueSpecification\",\"valueRequired\":true,\"valueName\":\"search_term_string\"}}],\"inLanguage\":\"hu\"}]}<\/script>\n<!-- \/ Yoast SEO plugin. -->","yoast_head_json":{"title":"P\u00e1ly\u00e1zatok - Nagyk\u00f6k\u00e9nyes K\u00f6zs\u00e9g \u00d6nkorm\u00e1nyzata","robots":{"index":"index","follow":"follow","max-snippet":"max-snippet:-1","max-image-preview":"max-image-preview:large","max-video-preview":"max-video-preview:-1"},"canonical":"https:\/\/nagykokenyes.hu\/?page_id=263","og_locale":"hu_HU","og_type":"article","og_title":"P\u00e1ly\u00e1zatok - Nagyk\u00f6k\u00e9nyes K\u00f6zs\u00e9g \u00d6nkorm\u00e1nyzata","og_description":"2025 TOP_PLUSZ-3.1.3-23-HE1-2024-00009 Helyi hum\u00e1n fejleszt\u00e9sek Kerekharaszt, Nagyk\u00f6k\u00e9nyes telep\u00fcl\u00e9seken P\u00e1ly\u00e1zati \u00f6sszefoglal\u00f3 TOP-5.3.1-16 HE1-2017-00008 A helyi identit\u00e1s \u00e9s koh\u00e9zi\u00f3 er\u0151s\u00edt\u00e9se Nagyk\u00f6k\u00e9nyesen \u00e9s Her\u00e9den 2022 &#8211; 2024 Magyar Falu Program 2021 Dessewffy-k\u00faria a \u201eM\u0171v\u00e9szetek Kertje\u201d 2020 A Her\u00e9di K\u00f6z\u00f6s \u00d6nkorm\u00e1nyzati Hivatal p\u00e1ly\u00e1zatot hirdet ALJEGYZ\u0150 munkak\u00f6r bet\u00f6lt\u00e9s\u00e9re. 2019 P\u00e1ly\u00e1zati ki\u00edr\u00e1s civil szervezetek 2019. \u00e9vi t\u00e1mogat\u00e1s\u00e1ra \u00d6nkorm\u00e1nyzati p\u00e1ly\u00e1zati adatlap 2019. [&hellip;]","og_url":"https:\/\/nagykokenyes.hu\/?page_id=263","og_site_name":"Nagyk\u00f6k\u00e9nyes K\u00f6zs\u00e9g \u00d6nkorm\u00e1nyzata","article_modified_time":"2025-12-04T10:11:11+00:00","twitter_card":"summary_large_image","twitter_misc":{"Becs\u00fclt olvas\u00e1si id\u0151":"1 perc"},"schema":{"@context":"https:\/\/schema.org","@graph":[{"@type":"WebPage","@id":"https:\/\/nagykokenyes.hu\/?page_id=263","url":"https:\/\/nagykokenyes.hu\/?page_id=263","name":"P\u00e1ly\u00e1zatok - Nagyk\u00f6k\u00e9nyes K\u00f6zs\u00e9g \u00d6nkorm\u00e1nyzata","isPartOf":{"@id":"https:\/\/nagykokenyes.hu\/#website"},"datePublished":"2018-05-31T17:38:30+00:00","dateModified":"2025-12-04T10:11:11+00:00","breadcrumb":{"@id":"https:\/\/nagykokenyes.hu\/?page_id=263#breadcrumb"},"inLanguage":"hu","potentialAction":[{"@type":"ReadAction","target":["https:\/\/nagykokenyes.hu\/?page_id=263"]}]},{"@type":"BreadcrumbList","@id":"https:\/\/nagykokenyes.hu\/?page_id=263#breadcrumb","itemListElement":[{"@type":"ListItem","position":1,"name":"Kezd\u0151lap","item":"https:\/\/nagykokenyes.hu\/"},{"@type":"ListItem","position":2,"name":"\u00d6nkorm\u00e1nyzat","item":"https:\/\/nagykokenyes.hu\/?page_id=185"},{"@type":"ListItem","position":3,"name":"P\u00e1ly\u00e1zatok"}]},{"@type":"WebSite","@id":"https:\/\/nagykokenyes.hu\/#website","url":"https:\/\/nagykokenyes.hu\/","name":"Nagyk\u00f6k\u00e9nyes K\u00f6zs\u00e9g \u00d6nkorm\u00e1nyzata","description":"","potentialAction":[{"@type":"SearchAction","target":{"@type":"EntryPoint","urlTemplate":"https:\/\/nagykokenyes.hu\/?s={search_term_string}"},"query-input":{"@type":"PropertyValueSpecification","valueRequired":true,"valueName":"search_term_string"}}],"inLanguage":"hu"}]}},"_links":{"self":[{"href":"https:\/\/nagykokenyes.hu\/index.php?rest_route=\/wp\/v2\/pages\/263","targetHints":{"allow":["GET"]}}],"collection":[{"href":"https:\/\/nagykokenyes.hu\/index.php?rest_route=\/wp\/v2\/pages"}],"about":[{"href":"https:\/\/nagykokenyes.hu\/index.php?rest_route=\/wp\/v2\/types\/page"}],"author":[{"embeddable":true,"href":"https:\/\/nagykokenyes.hu\/index.php?rest_route=\/wp\/v2\/users\/1"}],"replies":[{"embeddable":true,"href":"https:\/\/nagykokenyes.hu\/index.php?rest_route=%2Fwp%2Fv2%2Fcomments&post=263"}],"version-history":[{"count":21,"href":"https:\/\/nagykokenyes.hu\/index.php?rest_route=\/wp\/v2\/pages\/263\/revisions"}],"predecessor-version":[{"id":10133,"href":"https:\/\/nagykokenyes.hu\/index.php?rest_route=\/wp\/v2\/pages\/263\/revisions\/10133"}],"up":[{"embeddable":true,"href":"https:\/\/nagykokenyes.hu\/index.php?rest_route=\/wp\/v2\/pages\/185"}],"wp:attachment":[{"href":"https:\/\/nagykokenyes.hu\/index.php?rest_route=%2Fwp%2Fv2%2Fmedia&parent=263"}],"curies":[{"name":"wp","href":"https:\/\/api.w.org\/{rel}","templated":true}]}}