{"id":2783,"date":"2020-05-28T21:59:06","date_gmt":"2020-05-28T21:59:06","guid":{"rendered":"https:\/\/nagykokenyes.hu\/?page_id=2783"},"modified":"2023-04-04T08:34:56","modified_gmt":"2023-04-04T06:34:56","slug":"palyazat","status":"publish","type":"page","link":"https:\/\/nagykokenyes.hu\/?page_id=2783","title":{"rendered":"P\u00e1ly\u00e1zat"},"content":{"rendered":"<p><a href=\"https:\/\/nagykokenyes.hu\/wp-content\/uploads\/2023\/03\/0001-scaled.jpg\"><img loading=\"lazy\" decoding=\"async\" class=\"alignnone size-full wp-image-6243\" src=\"https:\/\/nagykokenyes.hu\/wp-content\/uploads\/2023\/03\/0001-scaled.jpg\" alt=\"\" width=\"1809\" height=\"2560\" srcset=\"https:\/\/nagykokenyes.hu\/wp-content\/uploads\/2023\/03\/0001-scaled.jpg 1809w, https:\/\/nagykokenyes.hu\/wp-content\/uploads\/2023\/03\/0001-768x1087.jpg 768w, https:\/\/nagykokenyes.hu\/wp-content\/uploads\/2023\/03\/0001-1086x1536.jpg 1086w, https:\/\/nagykokenyes.hu\/wp-content\/uploads\/2023\/03\/0001-1447x2048.jpg 1447w\" sizes=\"auto, (max-width: 1809px) 100vw, 1809px\" \/><\/a><\/p>\n<p><a href=\"https:\/\/nagykokenyes.hu\/wp-content\/uploads\/2023\/03\/0002-scaled.jpg\"><img loading=\"lazy\" decoding=\"async\" class=\"alignnone size-full wp-image-6244\" src=\"https:\/\/nagykokenyes.hu\/wp-content\/uploads\/2023\/03\/0002-scaled.jpg\" alt=\"\" width=\"1809\" height=\"2560\" srcset=\"https:\/\/nagykokenyes.hu\/wp-content\/uploads\/2023\/03\/0002-scaled.jpg 1809w, https:\/\/nagykokenyes.hu\/wp-content\/uploads\/2023\/03\/0002-768x1087.jpg 768w, https:\/\/nagykokenyes.hu\/wp-content\/uploads\/2023\/03\/0002-1086x1536.jpg 1086w, https:\/\/nagykokenyes.hu\/wp-content\/uploads\/2023\/03\/0002-1447x2048.jpg 1447w\" sizes=\"auto, (max-width: 1809px) 100vw, 1809px\" \/><\/a><\/p>\n<hr \/>\n<p style=\"text-align: justify;\"><strong>Her\u00e9d K\u00f6zs\u00e9gi \u00d6nkorm\u00e1nyzat A foglalkoztat\u00e1s \u00e9s az \u00e9letmin\u0151s\u00e9g jav\u00edt\u00e1sa csal\u00e1dbar\u00e1t, munk\u00e1ba \u00e1ll\u00e1st seg\u00edt\u0151 int\u00e9zm\u00e9nyek, k\u00f6zszolg\u00e1ltat\u00e1sok fejleszt\u00e9s\u00e9vel t\u00e1rgy\u00fa felh\u00edv\u00e1sra ny\u00fajtotta be t\u00e1mogat\u00e1si k\u00e9relm\u00e9t, \u00e9s nyerte el a Her\u00e9di \u00d3voda \u00e9s a Nagyk\u00f6k\u00e9nyesi tag\u00f3vod\u00e1j\u00e1nak fejleszt\u00e9se c\u00edm\u0171 \u00e9s TOP-1.4.1-16-HE1-2017-00022 azonos\u00edt\u00f3sz\u00e1m\u00fa p\u00e1ly\u00e1zatot.<\/strong><\/p>\n<p style=\"text-align: justify;\">A fejleszt\u00e9s \u00e1tfog\u00f3 c\u00e9lja a Here\u0301d-Nagyko\u0308ke\u0301nyes O\u0301vodai Ta\u0301rsula\u0301s a\u0301ltal fenntartott Here\u0301di O\u0301voda\u0301ban e\u0301s Nagyko\u0308ke\u0301nyesi Tago\u0301voda\u0301ban a hate\u0301kony o\u0301vodai nevele\u0301s infrastruktura\u0301lis felte\u0301teleinek javi\u0301ta\u0301sa, ege\u0301szse\u0301ges, biztonsa\u0301gos e\u0301s eszte\u0301tikus ko\u0308rnyezet kialaki\u0301ta\u0301sa, amely a gyermekek e\u0301letkora\u0301nak megfelelo\u030b mo\u0301don, ja\u0301te\u0301kos forma\u0301ban elo\u030bsegi\u0301ti a gyermekek testi e\u0301s szellemi fejlo\u030bde\u0301se\u0301t. A fejleszte\u0301s konkre\u0301t ce\u0301lja a ke\u0301t korszeru\u030btlen, leromlott a\u0301llapotu\u0301 o\u0301vodai e\u0301pu\u0308let belso\u030b felu\u0301ji\u0301ta\u0301sa, re\u0301szben ku\u0308lte\u0301ri korszeru\u030bsi\u0301te\u0301se. A gyermekek sza\u0301ma\u0301ra &#8211; e\u0301letkoruknak megfelelo\u030b, fejlo\u030bde\u0301su\u0308ket szolga\u0301lo\u0301 e\u0301s biztonsa\u0301gos &#8211; ta\u0301rgyi ko\u0308rnyezet kialaki\u0301ta\u0301sa e\u0301rdeke\u0301ben eszko\u0308zbeszerze\u0301st tervez\u00fcnk.<\/p>\n<p>A projekt r\u00f6vid \u00f6sszefoglal\u00f3j\u00e1t <a href=\"https:\/\/nagykokenyes.hu\/wp-content\/uploads\/2020\/05\/Projekt-O\u0308sszefoglalo\u0301-.pdf\">ITT<\/a> olvashatj\u00e1k.<\/p>\n<div id='gallery-1' class='gallery galleryid-2783 gallery-columns-5 gallery-size-thumbnail'><figure class='gallery-item'>\n\t\t\t<div class='gallery-icon landscape'>\n\t\t\t\t<a href='https:\/\/nagykokenyes.hu\/wp-content\/uploads\/2023\/04\/IMG_20230328_110210-scaled.jpg'><img loading=\"lazy\" decoding=\"async\" width=\"150\" height=\"150\" src=\"https:\/\/nagykokenyes.hu\/wp-content\/uploads\/2023\/04\/IMG_20230328_110210-150x150.jpg\" class=\"attachment-thumbnail size-thumbnail\" alt=\"\" \/><\/a>\n\t\t\t<\/div><\/figure><figure class='gallery-item'>\n\t\t\t<div class='gallery-icon portrait'>\n\t\t\t\t<a href='https:\/\/nagykokenyes.hu\/wp-content\/uploads\/2023\/04\/Pluto-Mini-var-scaled.jpg'><img loading=\"lazy\" decoding=\"async\" width=\"150\" height=\"150\" src=\"https:\/\/nagykokenyes.hu\/wp-content\/uploads\/2023\/04\/Pluto-Mini-var-150x150.jpg\" class=\"attachment-thumbnail size-thumbnail\" alt=\"\" \/><\/a>\n\t\t\t<\/div><\/figure><figure class='gallery-item'>\n\t\t\t<div class='gallery-icon landscape'>\n\t\t\t\t<a href='https:\/\/nagykokenyes.hu\/wp-content\/uploads\/2023\/04\/IMG_20230328_065146-scaled.jpg'><img loading=\"lazy\" decoding=\"async\" width=\"150\" height=\"150\" src=\"https:\/\/nagykokenyes.hu\/wp-content\/uploads\/2023\/04\/IMG_20230328_065146-150x150.jpg\" class=\"attachment-thumbnail size-thumbnail\" alt=\"\" \/><\/a>\n\t\t\t<\/div><\/figure><figure class='gallery-item'>\n\t\t\t<div class='gallery-icon landscape'>\n\t\t\t\t<a href='https:\/\/nagykokenyes.hu\/wp-content\/uploads\/2023\/04\/IMG_20220616_124132-scaled.jpg'><img loading=\"lazy\" decoding=\"async\" width=\"150\" height=\"150\" src=\"https:\/\/nagykokenyes.hu\/wp-content\/uploads\/2023\/04\/IMG_20220616_124132-150x150.jpg\" class=\"attachment-thumbnail size-thumbnail\" alt=\"\" \/><\/a>\n\t\t\t<\/div><\/figure><figure class='gallery-item'>\n\t\t\t<div class='gallery-icon portrait'>\n\t\t\t\t<a href='https:\/\/nagykokenyes.hu\/wp-content\/uploads\/2023\/04\/IMG_20230328_065016-scaled.jpg'><img loading=\"lazy\" decoding=\"async\" width=\"150\" height=\"150\" src=\"https:\/\/nagykokenyes.hu\/wp-content\/uploads\/2023\/04\/IMG_20230328_065016-150x150.jpg\" class=\"attachment-thumbnail size-thumbnail\" alt=\"\" \/><\/a>\n\t\t\t<\/div><\/figure>\n\t\t<\/div>\n\n","protected":false},"excerpt":{"rendered":"<p>Her\u00e9d K\u00f6zs\u00e9gi \u00d6nkorm\u00e1nyzat A foglalkoztat\u00e1s \u00e9s az \u00e9letmin\u0151s\u00e9g jav\u00edt\u00e1sa csal\u00e1dbar\u00e1t, munk\u00e1ba \u00e1ll\u00e1st seg\u00edt\u0151 int\u00e9zm\u00e9nyek, k\u00f6zszolg\u00e1ltat\u00e1sok fejleszt\u00e9s\u00e9vel t\u00e1rgy\u00fa felh\u00edv\u00e1sra ny\u00fajtotta be t\u00e1mogat\u00e1si k\u00e9relm\u00e9t, \u00e9s nyerte el a Her\u00e9di \u00d3voda \u00e9s a Nagyk\u00f6k\u00e9nyesi tag\u00f3vod\u00e1j\u00e1nak fejleszt\u00e9se c\u00edm\u0171 \u00e9s TOP-1.4.1-16-HE1-2017-00022 azonos\u00edt\u00f3sz\u00e1m\u00fa p\u00e1ly\u00e1zatot. A fejleszt\u00e9s \u00e1tfog\u00f3 c\u00e9lja a Here\u0301d-Nagyko\u0308ke\u0301nyes O\u0301vodai Ta\u0301rsula\u0301s a\u0301ltal fenntartott Here\u0301di O\u0301voda\u0301ban e\u0301s Nagyko\u0308ke\u0301nyesi Tago\u0301voda\u0301ban a hate\u0301kony [&hellip;]<\/p>\n","protected":false},"author":1,"featured_media":0,"parent":0,"menu_order":0,"comment_status":"closed","ping_status":"closed","template":"","meta":{"footnotes":""},"class_list":["post-2783","page","type-page","status-publish","hentry"],"yoast_head":"<!-- This site is optimized with the Yoast SEO plugin v26.5 - https:\/\/yoast.com\/wordpress\/plugins\/seo\/ -->\n<title>P\u00e1ly\u00e1zat - Nagyk\u00f6k\u00e9nyes K\u00f6zs\u00e9g \u00d6nkorm\u00e1nyzata<\/title>\n<meta name=\"robots\" content=\"index, follow, max-snippet:-1, max-image-preview:large, max-video-preview:-1\" \/>\n<link rel=\"canonical\" href=\"https:\/\/nagykokenyes.hu\/?page_id=2783\" \/>\n<meta property=\"og:locale\" content=\"hu_HU\" \/>\n<meta property=\"og:type\" content=\"article\" \/>\n<meta property=\"og:title\" content=\"P\u00e1ly\u00e1zat - Nagyk\u00f6k\u00e9nyes K\u00f6zs\u00e9g \u00d6nkorm\u00e1nyzata\" \/>\n<meta property=\"og:description\" content=\"Her\u00e9d K\u00f6zs\u00e9gi \u00d6nkorm\u00e1nyzat A foglalkoztat\u00e1s \u00e9s az \u00e9letmin\u0151s\u00e9g jav\u00edt\u00e1sa csal\u00e1dbar\u00e1t, munk\u00e1ba \u00e1ll\u00e1st seg\u00edt\u0151 int\u00e9zm\u00e9nyek, k\u00f6zszolg\u00e1ltat\u00e1sok fejleszt\u00e9s\u00e9vel t\u00e1rgy\u00fa felh\u00edv\u00e1sra ny\u00fajtotta be t\u00e1mogat\u00e1si k\u00e9relm\u00e9t, \u00e9s nyerte el a Her\u00e9di \u00d3voda \u00e9s a Nagyk\u00f6k\u00e9nyesi tag\u00f3vod\u00e1j\u00e1nak fejleszt\u00e9se c\u00edm\u0171 \u00e9s TOP-1.4.1-16-HE1-2017-00022 azonos\u00edt\u00f3sz\u00e1m\u00fa p\u00e1ly\u00e1zatot. A fejleszt\u00e9s \u00e1tfog\u00f3 c\u00e9lja a Here\u0301d-Nagyko\u0308ke\u0301nyes O\u0301vodai Ta\u0301rsula\u0301s a\u0301ltal fenntartott Here\u0301di O\u0301voda\u0301ban e\u0301s Nagyko\u0308ke\u0301nyesi Tago\u0301voda\u0301ban a hate\u0301kony [&hellip;]\" \/>\n<meta property=\"og:url\" content=\"https:\/\/nagykokenyes.hu\/?page_id=2783\" \/>\n<meta property=\"og:site_name\" content=\"Nagyk\u00f6k\u00e9nyes K\u00f6zs\u00e9g \u00d6nkorm\u00e1nyzata\" \/>\n<meta property=\"article:modified_time\" content=\"2023-04-04T06:34:56+00:00\" \/>\n<meta property=\"og:image\" content=\"https:\/\/nagykokenyes.hu\/wp-content\/uploads\/2023\/04\/IMG_20230328_110210-150x150.jpg\" \/>\n<meta name=\"twitter:card\" content=\"summary_large_image\" \/>\n<meta name=\"twitter:label1\" content=\"Becs\u00fclt olvas\u00e1si id\u0151\" \/>\n\t<meta name=\"twitter:data1\" content=\"2 perc\" \/>\n<script type=\"application\/ld+json\" class=\"yoast-schema-graph\">{\"@context\":\"https:\/\/schema.org\",\"@graph\":[{\"@type\":\"WebPage\",\"@id\":\"https:\/\/nagykokenyes.hu\/?page_id=2783\",\"url\":\"https:\/\/nagykokenyes.hu\/?page_id=2783\",\"name\":\"P\u00e1ly\u00e1zat - Nagyk\u00f6k\u00e9nyes K\u00f6zs\u00e9g \u00d6nkorm\u00e1nyzata\",\"isPartOf\":{\"@id\":\"https:\/\/nagykokenyes.hu\/#website\"},\"primaryImageOfPage\":{\"@id\":\"https:\/\/nagykokenyes.hu\/?page_id=2783#primaryimage\"},\"image\":{\"@id\":\"https:\/\/nagykokenyes.hu\/?page_id=2783#primaryimage\"},\"thumbnailUrl\":\"https:\/\/nagykokenyes.hu\/wp-content\/uploads\/2023\/03\/0001-scaled.jpg\",\"datePublished\":\"2020-05-28T21:59:06+00:00\",\"dateModified\":\"2023-04-04T06:34:56+00:00\",\"breadcrumb\":{\"@id\":\"https:\/\/nagykokenyes.hu\/?page_id=2783#breadcrumb\"},\"inLanguage\":\"hu\",\"potentialAction\":[{\"@type\":\"ReadAction\",\"target\":[\"https:\/\/nagykokenyes.hu\/?page_id=2783\"]}]},{\"@type\":\"ImageObject\",\"inLanguage\":\"hu\",\"@id\":\"https:\/\/nagykokenyes.hu\/?page_id=2783#primaryimage\",\"url\":\"https:\/\/nagykokenyes.hu\/wp-content\/uploads\/2023\/03\/0001-scaled.jpg\",\"contentUrl\":\"https:\/\/nagykokenyes.hu\/wp-content\/uploads\/2023\/03\/0001-scaled.jpg\"},{\"@type\":\"BreadcrumbList\",\"@id\":\"https:\/\/nagykokenyes.hu\/?page_id=2783#breadcrumb\",\"itemListElement\":[{\"@type\":\"ListItem\",\"position\":1,\"name\":\"Kezd\u0151lap\",\"item\":\"https:\/\/nagykokenyes.hu\/\"},{\"@type\":\"ListItem\",\"position\":2,\"name\":\"P\u00e1ly\u00e1zat\"}]},{\"@type\":\"WebSite\",\"@id\":\"https:\/\/nagykokenyes.hu\/#website\",\"url\":\"https:\/\/nagykokenyes.hu\/\",\"name\":\"Nagyk\u00f6k\u00e9nyes K\u00f6zs\u00e9g \u00d6nkorm\u00e1nyzata\",\"description\":\"\",\"potentialAction\":[{\"@type\":\"SearchAction\",\"target\":{\"@type\":\"EntryPoint\",\"urlTemplate\":\"https:\/\/nagykokenyes.hu\/?s={search_term_string}\"},\"query-input\":{\"@type\":\"PropertyValueSpecification\",\"valueRequired\":true,\"valueName\":\"search_term_string\"}}],\"inLanguage\":\"hu\"}]}<\/script>\n<!-- \/ Yoast SEO plugin. -->","yoast_head_json":{"title":"P\u00e1ly\u00e1zat - Nagyk\u00f6k\u00e9nyes K\u00f6zs\u00e9g \u00d6nkorm\u00e1nyzata","robots":{"index":"index","follow":"follow","max-snippet":"max-snippet:-1","max-image-preview":"max-image-preview:large","max-video-preview":"max-video-preview:-1"},"canonical":"https:\/\/nagykokenyes.hu\/?page_id=2783","og_locale":"hu_HU","og_type":"article","og_title":"P\u00e1ly\u00e1zat - Nagyk\u00f6k\u00e9nyes K\u00f6zs\u00e9g \u00d6nkorm\u00e1nyzata","og_description":"Her\u00e9d K\u00f6zs\u00e9gi \u00d6nkorm\u00e1nyzat A foglalkoztat\u00e1s \u00e9s az \u00e9letmin\u0151s\u00e9g jav\u00edt\u00e1sa csal\u00e1dbar\u00e1t, munk\u00e1ba \u00e1ll\u00e1st seg\u00edt\u0151 int\u00e9zm\u00e9nyek, k\u00f6zszolg\u00e1ltat\u00e1sok fejleszt\u00e9s\u00e9vel t\u00e1rgy\u00fa felh\u00edv\u00e1sra ny\u00fajtotta be t\u00e1mogat\u00e1si k\u00e9relm\u00e9t, \u00e9s nyerte el a Her\u00e9di \u00d3voda \u00e9s a Nagyk\u00f6k\u00e9nyesi tag\u00f3vod\u00e1j\u00e1nak fejleszt\u00e9se c\u00edm\u0171 \u00e9s TOP-1.4.1-16-HE1-2017-00022 azonos\u00edt\u00f3sz\u00e1m\u00fa p\u00e1ly\u00e1zatot. A fejleszt\u00e9s \u00e1tfog\u00f3 c\u00e9lja a Here\u0301d-Nagyko\u0308ke\u0301nyes O\u0301vodai Ta\u0301rsula\u0301s a\u0301ltal fenntartott Here\u0301di O\u0301voda\u0301ban e\u0301s Nagyko\u0308ke\u0301nyesi Tago\u0301voda\u0301ban a hate\u0301kony [&hellip;]","og_url":"https:\/\/nagykokenyes.hu\/?page_id=2783","og_site_name":"Nagyk\u00f6k\u00e9nyes K\u00f6zs\u00e9g \u00d6nkorm\u00e1nyzata","article_modified_time":"2023-04-04T06:34:56+00:00","og_image":[{"url":"https:\/\/nagykokenyes.hu\/wp-content\/uploads\/2023\/04\/IMG_20230328_110210-150x150.jpg","type":"","width":"","height":""}],"twitter_card":"summary_large_image","twitter_misc":{"Becs\u00fclt olvas\u00e1si id\u0151":"2 perc"},"schema":{"@context":"https:\/\/schema.org","@graph":[{"@type":"WebPage","@id":"https:\/\/nagykokenyes.hu\/?page_id=2783","url":"https:\/\/nagykokenyes.hu\/?page_id=2783","name":"P\u00e1ly\u00e1zat - Nagyk\u00f6k\u00e9nyes K\u00f6zs\u00e9g \u00d6nkorm\u00e1nyzata","isPartOf":{"@id":"https:\/\/nagykokenyes.hu\/#website"},"primaryImageOfPage":{"@id":"https:\/\/nagykokenyes.hu\/?page_id=2783#primaryimage"},"image":{"@id":"https:\/\/nagykokenyes.hu\/?page_id=2783#primaryimage"},"thumbnailUrl":"https:\/\/nagykokenyes.hu\/wp-content\/uploads\/2023\/03\/0001-scaled.jpg","datePublished":"2020-05-28T21:59:06+00:00","dateModified":"2023-04-04T06:34:56+00:00","breadcrumb":{"@id":"https:\/\/nagykokenyes.hu\/?page_id=2783#breadcrumb"},"inLanguage":"hu","potentialAction":[{"@type":"ReadAction","target":["https:\/\/nagykokenyes.hu\/?page_id=2783"]}]},{"@type":"ImageObject","inLanguage":"hu","@id":"https:\/\/nagykokenyes.hu\/?page_id=2783#primaryimage","url":"https:\/\/nagykokenyes.hu\/wp-content\/uploads\/2023\/03\/0001-scaled.jpg","contentUrl":"https:\/\/nagykokenyes.hu\/wp-content\/uploads\/2023\/03\/0001-scaled.jpg"},{"@type":"BreadcrumbList","@id":"https:\/\/nagykokenyes.hu\/?page_id=2783#breadcrumb","itemListElement":[{"@type":"ListItem","position":1,"name":"Kezd\u0151lap","item":"https:\/\/nagykokenyes.hu\/"},{"@type":"ListItem","position":2,"name":"P\u00e1ly\u00e1zat"}]},{"@type":"WebSite","@id":"https:\/\/nagykokenyes.hu\/#website","url":"https:\/\/nagykokenyes.hu\/","name":"Nagyk\u00f6k\u00e9nyes K\u00f6zs\u00e9g \u00d6nkorm\u00e1nyzata","description":"","potentialAction":[{"@type":"SearchAction","target":{"@type":"EntryPoint","urlTemplate":"https:\/\/nagykokenyes.hu\/?s={search_term_string}"},"query-input":{"@type":"PropertyValueSpecification","valueRequired":true,"valueName":"search_term_string"}}],"inLanguage":"hu"}]}},"_links":{"self":[{"href":"https:\/\/nagykokenyes.hu\/index.php?rest_route=\/wp\/v2\/pages\/2783","targetHints":{"allow":["GET"]}}],"collection":[{"href":"https:\/\/nagykokenyes.hu\/index.php?rest_route=\/wp\/v2\/pages"}],"about":[{"href":"https:\/\/nagykokenyes.hu\/index.php?rest_route=\/wp\/v2\/types\/page"}],"author":[{"embeddable":true,"href":"https:\/\/nagykokenyes.hu\/index.php?rest_route=\/wp\/v2\/users\/1"}],"replies":[{"embeddable":true,"href":"https:\/\/nagykokenyes.hu\/index.php?rest_route=%2Fwp%2Fv2%2Fcomments&post=2783"}],"version-history":[{"count":7,"href":"https:\/\/nagykokenyes.hu\/index.php?rest_route=\/wp\/v2\/pages\/2783\/revisions"}],"predecessor-version":[{"id":6301,"href":"https:\/\/nagykokenyes.hu\/index.php?rest_route=\/wp\/v2\/pages\/2783\/revisions\/6301"}],"wp:attachment":[{"href":"https:\/\/nagykokenyes.hu\/index.php?rest_route=%2Fwp%2Fv2%2Fmedia&parent=2783"}],"curies":[{"name":"wp","href":"https:\/\/api.w.org\/{rel}","templated":true}]}}