{"id":3524,"date":"2020-12-06T09:54:59","date_gmt":"2020-12-06T07:54:59","guid":{"rendered":"https:\/\/nagykokenyes.hu\/?page_id=3524"},"modified":"2020-12-06T09:54:59","modified_gmt":"2020-12-06T07:54:59","slug":"vilagito-adventi-kalendarium-otodik-ablak","status":"publish","type":"page","link":"https:\/\/nagykokenyes.hu\/?page_id=3524","title":{"rendered":"Vil\u00e1g\u00edt\u00f3 Adventi Kalend\u00e1rium \u2013 \u00d6t\u00f6dik ablak"},"content":{"rendered":"<p><a href=\"https:\/\/nagykokenyes.hu\/wp-content\/uploads\/2020\/12\/5.jpg\"><img loading=\"lazy\" decoding=\"async\" class=\" wp-image-3324 alignleft\" src=\"https:\/\/nagykokenyes.hu\/wp-content\/uploads\/2020\/12\/5.jpg\" alt=\"\" width=\"154\" height=\"155\" \/><\/a>A zsalug\u00e1ter m\u00e1r nyitva \u00e1ll<br \/>\nNem marad egyed\u00fcl a k\u00e9k sz\u00edn\u0171 h\u00e1z,<br \/>\nSzomsz\u00e9dj\u00e1ban m\u00e1r kiny\u00edlt egy ablak<br \/>\nN\u00e1la pedig repked a n\u00e9gy angyal<br \/>\nNem kell sokat r\u00e1g\u00f3dni,<br \/>\nMert ez az utca a &#8230;<br \/>\nAz udvaron vil\u00e1g\u00edt a Mikul\u00e1s<br \/>\nFot\u00f3zd az ablakot, kis pajt\u00e1s<\/p>\n<div id='gallery-1' class='gallery galleryid-3524 gallery-columns-4 gallery-size-thumbnail'><figure class='gallery-item'>\n\t\t\t<div class='gallery-icon landscape'>\n\t\t\t\t<a href='https:\/\/nagykokenyes.hu\/?attachment_id=3516'><img loading=\"lazy\" decoding=\"async\" width=\"150\" height=\"150\" src=\"https:\/\/nagykokenyes.hu\/wp-content\/uploads\/2020\/12\/129171025_2059974767473419_6973053349482327924_o-150x150.jpg\" class=\"attachment-thumbnail size-thumbnail\" alt=\"\" \/><\/a>\n\t\t\t<\/div><\/figure><figure class='gallery-item'>\n\t\t\t<div class='gallery-icon portrait'>\n\t\t\t\t<a href='https:\/\/nagykokenyes.hu\/?attachment_id=3514'><img loading=\"lazy\" decoding=\"async\" width=\"150\" height=\"150\" src=\"https:\/\/nagykokenyes.hu\/wp-content\/uploads\/2020\/12\/129848387_10158927713683966_6383790775657952143_n-150x150.jpg\" class=\"attachment-thumbnail size-thumbnail\" alt=\"\" \/><\/a>\n\t\t\t<\/div><\/figure><figure class='gallery-item'>\n\t\t\t<div class='gallery-icon portrait'>\n\t\t\t\t<a href='https:\/\/nagykokenyes.hu\/?attachment_id=3515'><img loading=\"lazy\" decoding=\"async\" width=\"150\" height=\"150\" src=\"https:\/\/nagykokenyes.hu\/wp-content\/uploads\/2020\/12\/129583858_3999709910060491_5422308257940989652_o-150x150.jpg\" class=\"attachment-thumbnail size-thumbnail\" alt=\"\" \/><\/a>\n\t\t\t<\/div><\/figure><figure class='gallery-item'>\n\t\t\t<div class='gallery-icon portrait'>\n\t\t\t\t<a href='https:\/\/nagykokenyes.hu\/?attachment_id=3513'><img loading=\"lazy\" decoding=\"async\" width=\"150\" height=\"150\" src=\"https:\/\/nagykokenyes.hu\/wp-content\/uploads\/2020\/12\/129415188_407079407008120_4588199093321737861_o-150x150.jpg\" class=\"attachment-thumbnail size-thumbnail\" alt=\"\" \/><\/a>\n\t\t\t<\/div><\/figure>\n\t\t<\/div>\n\n","protected":false},"excerpt":{"rendered":"<p>A zsalug\u00e1ter m\u00e1r nyitva \u00e1ll Nem marad egyed\u00fcl a k\u00e9k sz\u00edn\u0171 h\u00e1z, Szomsz\u00e9dj\u00e1ban m\u00e1r kiny\u00edlt egy ablak N\u00e1la pedig repked a n\u00e9gy angyal Nem kell sokat r\u00e1g\u00f3dni, Mert ez az utca a &#8230; Az udvaron vil\u00e1g\u00edt a Mikul\u00e1s Fot\u00f3zd az ablakot, kis pajt\u00e1s<\/p>\n","protected":false},"author":3,"featured_media":0,"parent":0,"menu_order":0,"comment_status":"closed","ping_status":"closed","template":"","meta":{"footnotes":""},"class_list":["post-3524","page","type-page","status-publish","hentry"],"yoast_head":"<!-- This site is optimized with the Yoast SEO plugin v26.5 - https:\/\/yoast.com\/wordpress\/plugins\/seo\/ -->\n<title>Vil\u00e1g\u00edt\u00f3 Adventi Kalend\u00e1rium \u2013 \u00d6t\u00f6dik ablak - Nagyk\u00f6k\u00e9nyes K\u00f6zs\u00e9g \u00d6nkorm\u00e1nyzata<\/title>\n<meta name=\"robots\" content=\"index, follow, max-snippet:-1, max-image-preview:large, max-video-preview:-1\" \/>\n<link rel=\"canonical\" href=\"https:\/\/nagykokenyes.hu\/?page_id=3524\" \/>\n<meta property=\"og:locale\" content=\"hu_HU\" \/>\n<meta property=\"og:type\" content=\"article\" \/>\n<meta property=\"og:title\" content=\"Vil\u00e1g\u00edt\u00f3 Adventi Kalend\u00e1rium \u2013 \u00d6t\u00f6dik ablak - Nagyk\u00f6k\u00e9nyes K\u00f6zs\u00e9g \u00d6nkorm\u00e1nyzata\" \/>\n<meta property=\"og:description\" content=\"A zsalug\u00e1ter m\u00e1r nyitva \u00e1ll Nem marad egyed\u00fcl a k\u00e9k sz\u00edn\u0171 h\u00e1z, Szomsz\u00e9dj\u00e1ban m\u00e1r kiny\u00edlt egy ablak N\u00e1la pedig repked a n\u00e9gy angyal Nem kell sokat r\u00e1g\u00f3dni, Mert ez az utca a &#8230; Az udvaron vil\u00e1g\u00edt a Mikul\u00e1s Fot\u00f3zd az ablakot, kis pajt\u00e1s\" \/>\n<meta property=\"og:url\" content=\"https:\/\/nagykokenyes.hu\/?page_id=3524\" \/>\n<meta property=\"og:site_name\" content=\"Nagyk\u00f6k\u00e9nyes K\u00f6zs\u00e9g \u00d6nkorm\u00e1nyzata\" \/>\n<meta property=\"og:image\" content=\"https:\/\/nagykokenyes.hu\/wp-content\/uploads\/2020\/12\/129171025_2059974767473419_6973053349482327924_o-150x150.jpg\" \/>\n<meta name=\"twitter:card\" content=\"summary_large_image\" \/>\n<script type=\"application\/ld+json\" class=\"yoast-schema-graph\">{\"@context\":\"https:\/\/schema.org\",\"@graph\":[{\"@type\":\"WebPage\",\"@id\":\"https:\/\/nagykokenyes.hu\/?page_id=3524\",\"url\":\"https:\/\/nagykokenyes.hu\/?page_id=3524\",\"name\":\"Vil\u00e1g\u00edt\u00f3 Adventi Kalend\u00e1rium \u2013 \u00d6t\u00f6dik ablak - Nagyk\u00f6k\u00e9nyes K\u00f6zs\u00e9g \u00d6nkorm\u00e1nyzata\",\"isPartOf\":{\"@id\":\"https:\/\/nagykokenyes.hu\/#website\"},\"primaryImageOfPage\":{\"@id\":\"https:\/\/nagykokenyes.hu\/?page_id=3524#primaryimage\"},\"image\":{\"@id\":\"https:\/\/nagykokenyes.hu\/?page_id=3524#primaryimage\"},\"thumbnailUrl\":\"https:\/\/nagykokenyes.hu\/wp-content\/uploads\/2020\/12\/5.jpg\",\"datePublished\":\"2020-12-06T07:54:59+00:00\",\"breadcrumb\":{\"@id\":\"https:\/\/nagykokenyes.hu\/?page_id=3524#breadcrumb\"},\"inLanguage\":\"hu\",\"potentialAction\":[{\"@type\":\"ReadAction\",\"target\":[\"https:\/\/nagykokenyes.hu\/?page_id=3524\"]}]},{\"@type\":\"ImageObject\",\"inLanguage\":\"hu\",\"@id\":\"https:\/\/nagykokenyes.hu\/?page_id=3524#primaryimage\",\"url\":\"https:\/\/nagykokenyes.hu\/wp-content\/uploads\/2020\/12\/5.jpg\",\"contentUrl\":\"https:\/\/nagykokenyes.hu\/wp-content\/uploads\/2020\/12\/5.jpg\"},{\"@type\":\"BreadcrumbList\",\"@id\":\"https:\/\/nagykokenyes.hu\/?page_id=3524#breadcrumb\",\"itemListElement\":[{\"@type\":\"ListItem\",\"position\":1,\"name\":\"Kezd\u0151lap\",\"item\":\"https:\/\/nagykokenyes.hu\/\"},{\"@type\":\"ListItem\",\"position\":2,\"name\":\"Vil\u00e1g\u00edt\u00f3 Adventi Kalend\u00e1rium \u2013 \u00d6t\u00f6dik ablak\"}]},{\"@type\":\"WebSite\",\"@id\":\"https:\/\/nagykokenyes.hu\/#website\",\"url\":\"https:\/\/nagykokenyes.hu\/\",\"name\":\"Nagyk\u00f6k\u00e9nyes K\u00f6zs\u00e9g \u00d6nkorm\u00e1nyzata\",\"description\":\"\",\"potentialAction\":[{\"@type\":\"SearchAction\",\"target\":{\"@type\":\"EntryPoint\",\"urlTemplate\":\"https:\/\/nagykokenyes.hu\/?s={search_term_string}\"},\"query-input\":{\"@type\":\"PropertyValueSpecification\",\"valueRequired\":true,\"valueName\":\"search_term_string\"}}],\"inLanguage\":\"hu\"}]}<\/script>\n<!-- \/ Yoast SEO plugin. -->","yoast_head_json":{"title":"Vil\u00e1g\u00edt\u00f3 Adventi Kalend\u00e1rium \u2013 \u00d6t\u00f6dik ablak - Nagyk\u00f6k\u00e9nyes K\u00f6zs\u00e9g \u00d6nkorm\u00e1nyzata","robots":{"index":"index","follow":"follow","max-snippet":"max-snippet:-1","max-image-preview":"max-image-preview:large","max-video-preview":"max-video-preview:-1"},"canonical":"https:\/\/nagykokenyes.hu\/?page_id=3524","og_locale":"hu_HU","og_type":"article","og_title":"Vil\u00e1g\u00edt\u00f3 Adventi Kalend\u00e1rium \u2013 \u00d6t\u00f6dik ablak - Nagyk\u00f6k\u00e9nyes K\u00f6zs\u00e9g \u00d6nkorm\u00e1nyzata","og_description":"A zsalug\u00e1ter m\u00e1r nyitva \u00e1ll Nem marad egyed\u00fcl a k\u00e9k sz\u00edn\u0171 h\u00e1z, Szomsz\u00e9dj\u00e1ban m\u00e1r kiny\u00edlt egy ablak N\u00e1la pedig repked a n\u00e9gy angyal Nem kell sokat r\u00e1g\u00f3dni, Mert ez az utca a &#8230; Az udvaron vil\u00e1g\u00edt a Mikul\u00e1s Fot\u00f3zd az ablakot, kis pajt\u00e1s","og_url":"https:\/\/nagykokenyes.hu\/?page_id=3524","og_site_name":"Nagyk\u00f6k\u00e9nyes K\u00f6zs\u00e9g \u00d6nkorm\u00e1nyzata","og_image":[{"url":"https:\/\/nagykokenyes.hu\/wp-content\/uploads\/2020\/12\/129171025_2059974767473419_6973053349482327924_o-150x150.jpg","type":"","width":"","height":""}],"twitter_card":"summary_large_image","schema":{"@context":"https:\/\/schema.org","@graph":[{"@type":"WebPage","@id":"https:\/\/nagykokenyes.hu\/?page_id=3524","url":"https:\/\/nagykokenyes.hu\/?page_id=3524","name":"Vil\u00e1g\u00edt\u00f3 Adventi Kalend\u00e1rium \u2013 \u00d6t\u00f6dik ablak - Nagyk\u00f6k\u00e9nyes K\u00f6zs\u00e9g \u00d6nkorm\u00e1nyzata","isPartOf":{"@id":"https:\/\/nagykokenyes.hu\/#website"},"primaryImageOfPage":{"@id":"https:\/\/nagykokenyes.hu\/?page_id=3524#primaryimage"},"image":{"@id":"https:\/\/nagykokenyes.hu\/?page_id=3524#primaryimage"},"thumbnailUrl":"https:\/\/nagykokenyes.hu\/wp-content\/uploads\/2020\/12\/5.jpg","datePublished":"2020-12-06T07:54:59+00:00","breadcrumb":{"@id":"https:\/\/nagykokenyes.hu\/?page_id=3524#breadcrumb"},"inLanguage":"hu","potentialAction":[{"@type":"ReadAction","target":["https:\/\/nagykokenyes.hu\/?page_id=3524"]}]},{"@type":"ImageObject","inLanguage":"hu","@id":"https:\/\/nagykokenyes.hu\/?page_id=3524#primaryimage","url":"https:\/\/nagykokenyes.hu\/wp-content\/uploads\/2020\/12\/5.jpg","contentUrl":"https:\/\/nagykokenyes.hu\/wp-content\/uploads\/2020\/12\/5.jpg"},{"@type":"BreadcrumbList","@id":"https:\/\/nagykokenyes.hu\/?page_id=3524#breadcrumb","itemListElement":[{"@type":"ListItem","position":1,"name":"Kezd\u0151lap","item":"https:\/\/nagykokenyes.hu\/"},{"@type":"ListItem","position":2,"name":"Vil\u00e1g\u00edt\u00f3 Adventi Kalend\u00e1rium \u2013 \u00d6t\u00f6dik ablak"}]},{"@type":"WebSite","@id":"https:\/\/nagykokenyes.hu\/#website","url":"https:\/\/nagykokenyes.hu\/","name":"Nagyk\u00f6k\u00e9nyes K\u00f6zs\u00e9g \u00d6nkorm\u00e1nyzata","description":"","potentialAction":[{"@type":"SearchAction","target":{"@type":"EntryPoint","urlTemplate":"https:\/\/nagykokenyes.hu\/?s={search_term_string}"},"query-input":{"@type":"PropertyValueSpecification","valueRequired":true,"valueName":"search_term_string"}}],"inLanguage":"hu"}]}},"_links":{"self":[{"href":"https:\/\/nagykokenyes.hu\/index.php?rest_route=\/wp\/v2\/pages\/3524","targetHints":{"allow":["GET"]}}],"collection":[{"href":"https:\/\/nagykokenyes.hu\/index.php?rest_route=\/wp\/v2\/pages"}],"about":[{"href":"https:\/\/nagykokenyes.hu\/index.php?rest_route=\/wp\/v2\/types\/page"}],"author":[{"embeddable":true,"href":"https:\/\/nagykokenyes.hu\/index.php?rest_route=\/wp\/v2\/users\/3"}],"replies":[{"embeddable":true,"href":"https:\/\/nagykokenyes.hu\/index.php?rest_route=%2Fwp%2Fv2%2Fcomments&post=3524"}],"version-history":[{"count":1,"href":"https:\/\/nagykokenyes.hu\/index.php?rest_route=\/wp\/v2\/pages\/3524\/revisions"}],"predecessor-version":[{"id":3525,"href":"https:\/\/nagykokenyes.hu\/index.php?rest_route=\/wp\/v2\/pages\/3524\/revisions\/3525"}],"wp:attachment":[{"href":"https:\/\/nagykokenyes.hu\/index.php?rest_route=%2Fwp%2Fv2%2Fmedia&parent=3524"}],"curies":[{"name":"wp","href":"https:\/\/api.w.org\/{rel}","templated":true}]}}