{"id":3561,"date":"2020-12-08T13:21:47","date_gmt":"2020-12-08T11:21:47","guid":{"rendered":"https:\/\/nagykokenyes.hu\/?page_id=3561"},"modified":"2020-12-09T22:20:57","modified_gmt":"2020-12-09T20:20:57","slug":"vilagito-adventi-kalendarium-hetedik-ablak","status":"publish","type":"page","link":"https:\/\/nagykokenyes.hu\/?page_id=3561","title":{"rendered":"Vil\u00e1g\u00edt\u00f3 Adventi Kalend\u00e1rium \u2013 Hetedik ablak"},"content":{"rendered":"<table style=\"border-collapse: collapse; width: 100%;\">\n<tbody>\n<tr>\n<td style=\"width: 33.3333%; text-align: center;\">\u00dajtelepen, domboldalon van egy feh\u00e9r h\u00e1z.<br \/>\nUdvar\u00e1ban 2 nagy tuja, ez\u00fcst feny\u0151 \u00e1ll.<br \/>\nZsalug\u00e1ter az ablak\u00e1n, szemben\u00e9z az utc\u00e1val.<br \/>\nF\u00e9nyf\u0171z\u00e9r a sz\u00e1mhoz vezet,<br \/>\n\u00cdme itt az egyik hetes<\/td>\n<td style=\"width: 33.3333%; text-align: center;\"><a href=\"https:\/\/nagykokenyes.hu\/wp-content\/uploads\/2020\/12\/7.jpg\"><img loading=\"lazy\" decoding=\"async\" class=\"alignnone size-full wp-image-3326\" src=\"https:\/\/nagykokenyes.hu\/wp-content\/uploads\/2020\/12\/7.jpg\" alt=\"\" width=\"139\" height=\"140\" \/><\/a><\/td>\n<td style=\"width: 33.3333%; text-align: center;\">\u201eEste van, este van: kiki ny\u00fagalomba!<br \/>\nFeket\u00e9n b\u00f3lingat a\u201e feny\u0151f\u00e1k \u00e1ga,<br \/>\nPontosan 6 feny\u0151fa \u00e1ll a h\u00e1z el\u0151tt<br \/>\nElf\u00e1radsz, m\u00edg fel\u00e9rsz a dombtet\u0151n<br \/>\n\u201eAjt\u00f3 el\u0151tt hasal\u201d k\u00e9t nagy vad\u00e1sz kutya,<br \/>\nItt a Hetes sz\u00e1m a kalend\u00e1riumban.<\/td>\n<\/tr>\n<\/tbody>\n<\/table>\n<div id='gallery-1' class='gallery galleryid-3561 gallery-columns-4 gallery-size-thumbnail'><figure class='gallery-item'>\n\t\t\t<div class='gallery-icon landscape'>\n\t\t\t\t<a href='https:\/\/nagykokenyes.hu\/?attachment_id=3587'><img loading=\"lazy\" decoding=\"async\" width=\"150\" height=\"150\" src=\"https:\/\/nagykokenyes.hu\/wp-content\/uploads\/2020\/12\/130977070_2063817150422514_2625944362915361945_o-150x150.jpg\" class=\"attachment-thumbnail size-thumbnail\" alt=\"\" \/><\/a>\n\t\t\t<\/div><\/figure><figure class='gallery-item'>\n\t\t\t<div class='gallery-icon portrait'>\n\t\t\t\t<a href='https:\/\/nagykokenyes.hu\/?attachment_id=3550'><img loading=\"lazy\" decoding=\"async\" width=\"150\" height=\"150\" src=\"https:\/\/nagykokenyes.hu\/wp-content\/uploads\/2020\/12\/130200632_10215557946502273_8306032316140435537_o-150x150.jpg\" class=\"attachment-thumbnail size-thumbnail\" alt=\"\" \/><\/a>\n\t\t\t<\/div><\/figure><figure class='gallery-item'>\n\t\t\t<div class='gallery-icon portrait'>\n\t\t\t\t<a href='https:\/\/nagykokenyes.hu\/?attachment_id=3553'><img loading=\"lazy\" decoding=\"async\" width=\"150\" height=\"150\" src=\"https:\/\/nagykokenyes.hu\/wp-content\/uploads\/2020\/12\/130018726_10158932668498966_3931561147405337076_n-150x150.jpg\" class=\"attachment-thumbnail size-thumbnail\" alt=\"\" \/><\/a>\n\t\t\t<\/div><\/figure><figure class='gallery-item'>\n\t\t\t<div class='gallery-icon portrait'>\n\t\t\t\t<a href='https:\/\/nagykokenyes.hu\/?attachment_id=3551'><img loading=\"lazy\" decoding=\"async\" width=\"150\" height=\"150\" src=\"https:\/\/nagykokenyes.hu\/wp-content\/uploads\/2020\/12\/130604029_2161863923945386_1487850243162153134_o-150x150.jpg\" class=\"attachment-thumbnail size-thumbnail\" alt=\"\" \/><\/a>\n\t\t\t<\/div><\/figure>\n\t\t<\/div>\n\n","protected":false},"excerpt":{"rendered":"<p>\u00dajtelepen, domboldalon van egy feh\u00e9r h\u00e1z. Udvar\u00e1ban 2 nagy tuja, ez\u00fcst feny\u0151 \u00e1ll. Zsalug\u00e1ter az ablak\u00e1n, szemben\u00e9z az utc\u00e1val. F\u00e9nyf\u0171z\u00e9r a sz\u00e1mhoz vezet, \u00cdme itt az egyik hetes \u201eEste van, este van: kiki ny\u00fagalomba! Feket\u00e9n b\u00f3lingat a\u201e feny\u0151f\u00e1k \u00e1ga, Pontosan 6 feny\u0151fa \u00e1ll a h\u00e1z el\u0151tt Elf\u00e1radsz, m\u00edg fel\u00e9rsz a dombtet\u0151n \u201eAjt\u00f3 el\u0151tt hasal\u201d k\u00e9t [&hellip;]<\/p>\n","protected":false},"author":3,"featured_media":0,"parent":0,"menu_order":0,"comment_status":"closed","ping_status":"closed","template":"","meta":{"footnotes":""},"class_list":["post-3561","page","type-page","status-publish","hentry"],"yoast_head":"<!-- This site is optimized with the Yoast SEO plugin v26.5 - https:\/\/yoast.com\/wordpress\/plugins\/seo\/ -->\n<title>Vil\u00e1g\u00edt\u00f3 Adventi Kalend\u00e1rium \u2013 Hetedik ablak - Nagyk\u00f6k\u00e9nyes K\u00f6zs\u00e9g \u00d6nkorm\u00e1nyzata<\/title>\n<meta name=\"robots\" content=\"index, follow, max-snippet:-1, max-image-preview:large, max-video-preview:-1\" \/>\n<link rel=\"canonical\" href=\"https:\/\/nagykokenyes.hu\/?page_id=3561\" \/>\n<meta property=\"og:locale\" content=\"hu_HU\" \/>\n<meta property=\"og:type\" content=\"article\" \/>\n<meta property=\"og:title\" content=\"Vil\u00e1g\u00edt\u00f3 Adventi Kalend\u00e1rium \u2013 Hetedik ablak - Nagyk\u00f6k\u00e9nyes K\u00f6zs\u00e9g \u00d6nkorm\u00e1nyzata\" \/>\n<meta property=\"og:description\" content=\"\u00dajtelepen, domboldalon van egy feh\u00e9r h\u00e1z. Udvar\u00e1ban 2 nagy tuja, ez\u00fcst feny\u0151 \u00e1ll. Zsalug\u00e1ter az ablak\u00e1n, szemben\u00e9z az utc\u00e1val. F\u00e9nyf\u0171z\u00e9r a sz\u00e1mhoz vezet, \u00cdme itt az egyik hetes \u201eEste van, este van: kiki ny\u00fagalomba! Feket\u00e9n b\u00f3lingat a\u201e feny\u0151f\u00e1k \u00e1ga, Pontosan 6 feny\u0151fa \u00e1ll a h\u00e1z el\u0151tt Elf\u00e1radsz, m\u00edg fel\u00e9rsz a dombtet\u0151n \u201eAjt\u00f3 el\u0151tt hasal\u201d k\u00e9t [&hellip;]\" \/>\n<meta property=\"og:url\" content=\"https:\/\/nagykokenyes.hu\/?page_id=3561\" \/>\n<meta property=\"og:site_name\" content=\"Nagyk\u00f6k\u00e9nyes K\u00f6zs\u00e9g \u00d6nkorm\u00e1nyzata\" \/>\n<meta property=\"article:modified_time\" content=\"2020-12-09T20:20:57+00:00\" \/>\n<meta property=\"og:image\" content=\"https:\/\/nagykokenyes.hu\/wp-content\/uploads\/2020\/12\/130977070_2063817150422514_2625944362915361945_o-150x150.jpg\" \/>\n<meta name=\"twitter:card\" content=\"summary_large_image\" \/>\n<script type=\"application\/ld+json\" class=\"yoast-schema-graph\">{\"@context\":\"https:\/\/schema.org\",\"@graph\":[{\"@type\":\"WebPage\",\"@id\":\"https:\/\/nagykokenyes.hu\/?page_id=3561\",\"url\":\"https:\/\/nagykokenyes.hu\/?page_id=3561\",\"name\":\"Vil\u00e1g\u00edt\u00f3 Adventi Kalend\u00e1rium \u2013 Hetedik ablak - Nagyk\u00f6k\u00e9nyes K\u00f6zs\u00e9g \u00d6nkorm\u00e1nyzata\",\"isPartOf\":{\"@id\":\"https:\/\/nagykokenyes.hu\/#website\"},\"primaryImageOfPage\":{\"@id\":\"https:\/\/nagykokenyes.hu\/?page_id=3561#primaryimage\"},\"image\":{\"@id\":\"https:\/\/nagykokenyes.hu\/?page_id=3561#primaryimage\"},\"thumbnailUrl\":\"https:\/\/nagykokenyes.hu\/wp-content\/uploads\/2020\/12\/7.jpg\",\"datePublished\":\"2020-12-08T11:21:47+00:00\",\"dateModified\":\"2020-12-09T20:20:57+00:00\",\"breadcrumb\":{\"@id\":\"https:\/\/nagykokenyes.hu\/?page_id=3561#breadcrumb\"},\"inLanguage\":\"hu\",\"potentialAction\":[{\"@type\":\"ReadAction\",\"target\":[\"https:\/\/nagykokenyes.hu\/?page_id=3561\"]}]},{\"@type\":\"ImageObject\",\"inLanguage\":\"hu\",\"@id\":\"https:\/\/nagykokenyes.hu\/?page_id=3561#primaryimage\",\"url\":\"https:\/\/nagykokenyes.hu\/wp-content\/uploads\/2020\/12\/7.jpg\",\"contentUrl\":\"https:\/\/nagykokenyes.hu\/wp-content\/uploads\/2020\/12\/7.jpg\"},{\"@type\":\"BreadcrumbList\",\"@id\":\"https:\/\/nagykokenyes.hu\/?page_id=3561#breadcrumb\",\"itemListElement\":[{\"@type\":\"ListItem\",\"position\":1,\"name\":\"Kezd\u0151lap\",\"item\":\"https:\/\/nagykokenyes.hu\/\"},{\"@type\":\"ListItem\",\"position\":2,\"name\":\"Vil\u00e1g\u00edt\u00f3 Adventi Kalend\u00e1rium \u2013 Hetedik ablak\"}]},{\"@type\":\"WebSite\",\"@id\":\"https:\/\/nagykokenyes.hu\/#website\",\"url\":\"https:\/\/nagykokenyes.hu\/\",\"name\":\"Nagyk\u00f6k\u00e9nyes K\u00f6zs\u00e9g \u00d6nkorm\u00e1nyzata\",\"description\":\"\",\"potentialAction\":[{\"@type\":\"SearchAction\",\"target\":{\"@type\":\"EntryPoint\",\"urlTemplate\":\"https:\/\/nagykokenyes.hu\/?s={search_term_string}\"},\"query-input\":{\"@type\":\"PropertyValueSpecification\",\"valueRequired\":true,\"valueName\":\"search_term_string\"}}],\"inLanguage\":\"hu\"}]}<\/script>\n<!-- \/ Yoast SEO plugin. -->","yoast_head_json":{"title":"Vil\u00e1g\u00edt\u00f3 Adventi Kalend\u00e1rium \u2013 Hetedik ablak - Nagyk\u00f6k\u00e9nyes K\u00f6zs\u00e9g \u00d6nkorm\u00e1nyzata","robots":{"index":"index","follow":"follow","max-snippet":"max-snippet:-1","max-image-preview":"max-image-preview:large","max-video-preview":"max-video-preview:-1"},"canonical":"https:\/\/nagykokenyes.hu\/?page_id=3561","og_locale":"hu_HU","og_type":"article","og_title":"Vil\u00e1g\u00edt\u00f3 Adventi Kalend\u00e1rium \u2013 Hetedik ablak - Nagyk\u00f6k\u00e9nyes K\u00f6zs\u00e9g \u00d6nkorm\u00e1nyzata","og_description":"\u00dajtelepen, domboldalon van egy feh\u00e9r h\u00e1z. Udvar\u00e1ban 2 nagy tuja, ez\u00fcst feny\u0151 \u00e1ll. Zsalug\u00e1ter az ablak\u00e1n, szemben\u00e9z az utc\u00e1val. F\u00e9nyf\u0171z\u00e9r a sz\u00e1mhoz vezet, \u00cdme itt az egyik hetes \u201eEste van, este van: kiki ny\u00fagalomba! Feket\u00e9n b\u00f3lingat a\u201e feny\u0151f\u00e1k \u00e1ga, Pontosan 6 feny\u0151fa \u00e1ll a h\u00e1z el\u0151tt Elf\u00e1radsz, m\u00edg fel\u00e9rsz a dombtet\u0151n \u201eAjt\u00f3 el\u0151tt hasal\u201d k\u00e9t [&hellip;]","og_url":"https:\/\/nagykokenyes.hu\/?page_id=3561","og_site_name":"Nagyk\u00f6k\u00e9nyes K\u00f6zs\u00e9g \u00d6nkorm\u00e1nyzata","article_modified_time":"2020-12-09T20:20:57+00:00","og_image":[{"url":"https:\/\/nagykokenyes.hu\/wp-content\/uploads\/2020\/12\/130977070_2063817150422514_2625944362915361945_o-150x150.jpg","type":"","width":"","height":""}],"twitter_card":"summary_large_image","schema":{"@context":"https:\/\/schema.org","@graph":[{"@type":"WebPage","@id":"https:\/\/nagykokenyes.hu\/?page_id=3561","url":"https:\/\/nagykokenyes.hu\/?page_id=3561","name":"Vil\u00e1g\u00edt\u00f3 Adventi Kalend\u00e1rium \u2013 Hetedik ablak - Nagyk\u00f6k\u00e9nyes K\u00f6zs\u00e9g \u00d6nkorm\u00e1nyzata","isPartOf":{"@id":"https:\/\/nagykokenyes.hu\/#website"},"primaryImageOfPage":{"@id":"https:\/\/nagykokenyes.hu\/?page_id=3561#primaryimage"},"image":{"@id":"https:\/\/nagykokenyes.hu\/?page_id=3561#primaryimage"},"thumbnailUrl":"https:\/\/nagykokenyes.hu\/wp-content\/uploads\/2020\/12\/7.jpg","datePublished":"2020-12-08T11:21:47+00:00","dateModified":"2020-12-09T20:20:57+00:00","breadcrumb":{"@id":"https:\/\/nagykokenyes.hu\/?page_id=3561#breadcrumb"},"inLanguage":"hu","potentialAction":[{"@type":"ReadAction","target":["https:\/\/nagykokenyes.hu\/?page_id=3561"]}]},{"@type":"ImageObject","inLanguage":"hu","@id":"https:\/\/nagykokenyes.hu\/?page_id=3561#primaryimage","url":"https:\/\/nagykokenyes.hu\/wp-content\/uploads\/2020\/12\/7.jpg","contentUrl":"https:\/\/nagykokenyes.hu\/wp-content\/uploads\/2020\/12\/7.jpg"},{"@type":"BreadcrumbList","@id":"https:\/\/nagykokenyes.hu\/?page_id=3561#breadcrumb","itemListElement":[{"@type":"ListItem","position":1,"name":"Kezd\u0151lap","item":"https:\/\/nagykokenyes.hu\/"},{"@type":"ListItem","position":2,"name":"Vil\u00e1g\u00edt\u00f3 Adventi Kalend\u00e1rium \u2013 Hetedik ablak"}]},{"@type":"WebSite","@id":"https:\/\/nagykokenyes.hu\/#website","url":"https:\/\/nagykokenyes.hu\/","name":"Nagyk\u00f6k\u00e9nyes K\u00f6zs\u00e9g \u00d6nkorm\u00e1nyzata","description":"","potentialAction":[{"@type":"SearchAction","target":{"@type":"EntryPoint","urlTemplate":"https:\/\/nagykokenyes.hu\/?s={search_term_string}"},"query-input":{"@type":"PropertyValueSpecification","valueRequired":true,"valueName":"search_term_string"}}],"inLanguage":"hu"}]}},"_links":{"self":[{"href":"https:\/\/nagykokenyes.hu\/index.php?rest_route=\/wp\/v2\/pages\/3561","targetHints":{"allow":["GET"]}}],"collection":[{"href":"https:\/\/nagykokenyes.hu\/index.php?rest_route=\/wp\/v2\/pages"}],"about":[{"href":"https:\/\/nagykokenyes.hu\/index.php?rest_route=\/wp\/v2\/types\/page"}],"author":[{"embeddable":true,"href":"https:\/\/nagykokenyes.hu\/index.php?rest_route=\/wp\/v2\/users\/3"}],"replies":[{"embeddable":true,"href":"https:\/\/nagykokenyes.hu\/index.php?rest_route=%2Fwp%2Fv2%2Fcomments&post=3561"}],"version-history":[{"count":2,"href":"https:\/\/nagykokenyes.hu\/index.php?rest_route=\/wp\/v2\/pages\/3561\/revisions"}],"predecessor-version":[{"id":3588,"href":"https:\/\/nagykokenyes.hu\/index.php?rest_route=\/wp\/v2\/pages\/3561\/revisions\/3588"}],"wp:attachment":[{"href":"https:\/\/nagykokenyes.hu\/index.php?rest_route=%2Fwp%2Fv2%2Fmedia&parent=3561"}],"curies":[{"name":"wp","href":"https:\/\/api.w.org\/{rel}","templated":true}]}}