{"id":3752,"date":"2020-12-19T09:36:39","date_gmt":"2020-12-19T07:36:39","guid":{"rendered":"https:\/\/nagykokenyes.hu\/?page_id=3752"},"modified":"2020-12-19T09:36:39","modified_gmt":"2020-12-19T07:36:39","slug":"vilagito-adventi-kalendarium-tizennyolcadik-ablak","status":"publish","type":"page","link":"https:\/\/nagykokenyes.hu\/?page_id=3752","title":{"rendered":"Vil\u00e1g\u00edt\u00f3 Adventi Kalend\u00e1rium \u2013 Tizennyolcadik ablak"},"content":{"rendered":"<table style=\"border-collapse: collapse; width: 100%;\">\n<tbody>\n<tr>\n<td style=\"width: 33.3333%; text-align: center;\"><img loading=\"lazy\" decoding=\"async\" class=\"size-full wp-image-3337 alignnone\" src=\"https:\/\/nagykokenyes.hu\/wp-content\/uploads\/2020\/12\/18.jpg\" alt=\"\" width=\"139\" height=\"141\" \/><\/td>\n<td style=\"width: 33.3333%; text-align: center;\"><span style=\"text-align: start;\">\u201eM\u00e9g ny\u00edlnak a\u201d parkban a \u201ekerti vir\u00e1gok\u201d,<\/span><br style=\"text-align: start;\" \/><span style=\"text-align: start;\">\u201eM\u00e9g z\u00f6ldel\u201d a feny\u0151 \u201eaz ablak el\u0151tt<\/span><br style=\"text-align: start;\" \/><span style=\"text-align: start;\">De l\u00e1tod\u201d a sarkon t\u00fal \u201ea t\u00e9li vil\u00e1got?\u201d<\/span><br style=\"text-align: start;\" \/><span style=\"text-align: start;\">Galambok r\u00f6pt\u00e9t\u0151l hangos az \u00e9g.<\/span><\/td>\n<td style=\"width: 33.3333%; text-align: center;\"><a href=\"https:\/\/nagykokenyes.hu\/wp-content\/uploads\/2020\/12\/131728875_1514590342069759_7143842301409769710_o.jpg\"><img loading=\"lazy\" decoding=\"async\" class=\"alignnone wp-image-3737 size-full\" src=\"https:\/\/nagykokenyes.hu\/wp-content\/uploads\/2020\/12\/131728875_1514590342069759_7143842301409769710_o.jpg\" alt=\"\" width=\"2048\" height=\"1152\" srcset=\"https:\/\/nagykokenyes.hu\/wp-content\/uploads\/2020\/12\/131728875_1514590342069759_7143842301409769710_o.jpg 2048w, https:\/\/nagykokenyes.hu\/wp-content\/uploads\/2020\/12\/131728875_1514590342069759_7143842301409769710_o-768x432.jpg 768w, https:\/\/nagykokenyes.hu\/wp-content\/uploads\/2020\/12\/131728875_1514590342069759_7143842301409769710_o-1536x864.jpg 1536w\" sizes=\"auto, (max-width: 2048px) 100vw, 2048px\" \/><\/a><\/td>\n<\/tr>\n<\/tbody>\n<\/table>\n","protected":false},"excerpt":{"rendered":"<p>\u201eM\u00e9g ny\u00edlnak a\u201d parkban a \u201ekerti vir\u00e1gok\u201d,\u201eM\u00e9g z\u00f6ldel\u201d a feny\u0151 \u201eaz ablak el\u0151ttDe l\u00e1tod\u201d a sarkon t\u00fal \u201ea t\u00e9li vil\u00e1got?\u201dGalambok r\u00f6pt\u00e9t\u0151l hangos az \u00e9g.<\/p>\n","protected":false},"author":3,"featured_media":0,"parent":0,"menu_order":0,"comment_status":"closed","ping_status":"closed","template":"","meta":{"footnotes":""},"class_list":["post-3752","page","type-page","status-publish","hentry"],"yoast_head":"<!-- This site is optimized with the Yoast SEO plugin v26.5 - https:\/\/yoast.com\/wordpress\/plugins\/seo\/ -->\n<title>Vil\u00e1g\u00edt\u00f3 Adventi Kalend\u00e1rium \u2013 Tizennyolcadik ablak - Nagyk\u00f6k\u00e9nyes K\u00f6zs\u00e9g \u00d6nkorm\u00e1nyzata<\/title>\n<meta name=\"robots\" content=\"index, follow, max-snippet:-1, max-image-preview:large, max-video-preview:-1\" \/>\n<link rel=\"canonical\" href=\"https:\/\/nagykokenyes.hu\/?page_id=3752\" \/>\n<meta property=\"og:locale\" content=\"hu_HU\" \/>\n<meta property=\"og:type\" content=\"article\" \/>\n<meta property=\"og:title\" content=\"Vil\u00e1g\u00edt\u00f3 Adventi Kalend\u00e1rium \u2013 Tizennyolcadik ablak - Nagyk\u00f6k\u00e9nyes K\u00f6zs\u00e9g \u00d6nkorm\u00e1nyzata\" \/>\n<meta property=\"og:description\" content=\"\u201eM\u00e9g ny\u00edlnak a\u201d parkban a \u201ekerti vir\u00e1gok\u201d,\u201eM\u00e9g z\u00f6ldel\u201d a feny\u0151 \u201eaz ablak el\u0151ttDe l\u00e1tod\u201d a sarkon t\u00fal \u201ea t\u00e9li vil\u00e1got?\u201dGalambok r\u00f6pt\u00e9t\u0151l hangos az \u00e9g.\" \/>\n<meta property=\"og:url\" content=\"https:\/\/nagykokenyes.hu\/?page_id=3752\" \/>\n<meta property=\"og:site_name\" content=\"Nagyk\u00f6k\u00e9nyes K\u00f6zs\u00e9g \u00d6nkorm\u00e1nyzata\" \/>\n<meta property=\"og:image\" content=\"https:\/\/nagykokenyes.hu\/wp-content\/uploads\/2020\/12\/18.jpg\" \/>\n<meta name=\"twitter:card\" content=\"summary_large_image\" \/>\n<script type=\"application\/ld+json\" class=\"yoast-schema-graph\">{\"@context\":\"https:\/\/schema.org\",\"@graph\":[{\"@type\":\"WebPage\",\"@id\":\"https:\/\/nagykokenyes.hu\/?page_id=3752\",\"url\":\"https:\/\/nagykokenyes.hu\/?page_id=3752\",\"name\":\"Vil\u00e1g\u00edt\u00f3 Adventi Kalend\u00e1rium \u2013 Tizennyolcadik ablak - Nagyk\u00f6k\u00e9nyes K\u00f6zs\u00e9g \u00d6nkorm\u00e1nyzata\",\"isPartOf\":{\"@id\":\"https:\/\/nagykokenyes.hu\/#website\"},\"primaryImageOfPage\":{\"@id\":\"https:\/\/nagykokenyes.hu\/?page_id=3752#primaryimage\"},\"image\":{\"@id\":\"https:\/\/nagykokenyes.hu\/?page_id=3752#primaryimage\"},\"thumbnailUrl\":\"https:\/\/nagykokenyes.hu\/wp-content\/uploads\/2020\/12\/18.jpg\",\"datePublished\":\"2020-12-19T07:36:39+00:00\",\"breadcrumb\":{\"@id\":\"https:\/\/nagykokenyes.hu\/?page_id=3752#breadcrumb\"},\"inLanguage\":\"hu\",\"potentialAction\":[{\"@type\":\"ReadAction\",\"target\":[\"https:\/\/nagykokenyes.hu\/?page_id=3752\"]}]},{\"@type\":\"ImageObject\",\"inLanguage\":\"hu\",\"@id\":\"https:\/\/nagykokenyes.hu\/?page_id=3752#primaryimage\",\"url\":\"https:\/\/nagykokenyes.hu\/wp-content\/uploads\/2020\/12\/18.jpg\",\"contentUrl\":\"https:\/\/nagykokenyes.hu\/wp-content\/uploads\/2020\/12\/18.jpg\",\"width\":139,\"height\":141},{\"@type\":\"BreadcrumbList\",\"@id\":\"https:\/\/nagykokenyes.hu\/?page_id=3752#breadcrumb\",\"itemListElement\":[{\"@type\":\"ListItem\",\"position\":1,\"name\":\"Kezd\u0151lap\",\"item\":\"https:\/\/nagykokenyes.hu\/\"},{\"@type\":\"ListItem\",\"position\":2,\"name\":\"Vil\u00e1g\u00edt\u00f3 Adventi Kalend\u00e1rium \u2013 Tizennyolcadik ablak\"}]},{\"@type\":\"WebSite\",\"@id\":\"https:\/\/nagykokenyes.hu\/#website\",\"url\":\"https:\/\/nagykokenyes.hu\/\",\"name\":\"Nagyk\u00f6k\u00e9nyes K\u00f6zs\u00e9g \u00d6nkorm\u00e1nyzata\",\"description\":\"\",\"potentialAction\":[{\"@type\":\"SearchAction\",\"target\":{\"@type\":\"EntryPoint\",\"urlTemplate\":\"https:\/\/nagykokenyes.hu\/?s={search_term_string}\"},\"query-input\":{\"@type\":\"PropertyValueSpecification\",\"valueRequired\":true,\"valueName\":\"search_term_string\"}}],\"inLanguage\":\"hu\"}]}<\/script>\n<!-- \/ Yoast SEO plugin. -->","yoast_head_json":{"title":"Vil\u00e1g\u00edt\u00f3 Adventi Kalend\u00e1rium \u2013 Tizennyolcadik ablak - Nagyk\u00f6k\u00e9nyes K\u00f6zs\u00e9g \u00d6nkorm\u00e1nyzata","robots":{"index":"index","follow":"follow","max-snippet":"max-snippet:-1","max-image-preview":"max-image-preview:large","max-video-preview":"max-video-preview:-1"},"canonical":"https:\/\/nagykokenyes.hu\/?page_id=3752","og_locale":"hu_HU","og_type":"article","og_title":"Vil\u00e1g\u00edt\u00f3 Adventi Kalend\u00e1rium \u2013 Tizennyolcadik ablak - Nagyk\u00f6k\u00e9nyes K\u00f6zs\u00e9g \u00d6nkorm\u00e1nyzata","og_description":"\u201eM\u00e9g ny\u00edlnak a\u201d parkban a \u201ekerti vir\u00e1gok\u201d,\u201eM\u00e9g z\u00f6ldel\u201d a feny\u0151 \u201eaz ablak el\u0151ttDe l\u00e1tod\u201d a sarkon t\u00fal \u201ea t\u00e9li vil\u00e1got?\u201dGalambok r\u00f6pt\u00e9t\u0151l hangos az \u00e9g.","og_url":"https:\/\/nagykokenyes.hu\/?page_id=3752","og_site_name":"Nagyk\u00f6k\u00e9nyes K\u00f6zs\u00e9g \u00d6nkorm\u00e1nyzata","og_image":[{"url":"https:\/\/nagykokenyes.hu\/wp-content\/uploads\/2020\/12\/18.jpg","type":"","width":"","height":""}],"twitter_card":"summary_large_image","schema":{"@context":"https:\/\/schema.org","@graph":[{"@type":"WebPage","@id":"https:\/\/nagykokenyes.hu\/?page_id=3752","url":"https:\/\/nagykokenyes.hu\/?page_id=3752","name":"Vil\u00e1g\u00edt\u00f3 Adventi Kalend\u00e1rium \u2013 Tizennyolcadik ablak - Nagyk\u00f6k\u00e9nyes K\u00f6zs\u00e9g \u00d6nkorm\u00e1nyzata","isPartOf":{"@id":"https:\/\/nagykokenyes.hu\/#website"},"primaryImageOfPage":{"@id":"https:\/\/nagykokenyes.hu\/?page_id=3752#primaryimage"},"image":{"@id":"https:\/\/nagykokenyes.hu\/?page_id=3752#primaryimage"},"thumbnailUrl":"https:\/\/nagykokenyes.hu\/wp-content\/uploads\/2020\/12\/18.jpg","datePublished":"2020-12-19T07:36:39+00:00","breadcrumb":{"@id":"https:\/\/nagykokenyes.hu\/?page_id=3752#breadcrumb"},"inLanguage":"hu","potentialAction":[{"@type":"ReadAction","target":["https:\/\/nagykokenyes.hu\/?page_id=3752"]}]},{"@type":"ImageObject","inLanguage":"hu","@id":"https:\/\/nagykokenyes.hu\/?page_id=3752#primaryimage","url":"https:\/\/nagykokenyes.hu\/wp-content\/uploads\/2020\/12\/18.jpg","contentUrl":"https:\/\/nagykokenyes.hu\/wp-content\/uploads\/2020\/12\/18.jpg","width":139,"height":141},{"@type":"BreadcrumbList","@id":"https:\/\/nagykokenyes.hu\/?page_id=3752#breadcrumb","itemListElement":[{"@type":"ListItem","position":1,"name":"Kezd\u0151lap","item":"https:\/\/nagykokenyes.hu\/"},{"@type":"ListItem","position":2,"name":"Vil\u00e1g\u00edt\u00f3 Adventi Kalend\u00e1rium \u2013 Tizennyolcadik ablak"}]},{"@type":"WebSite","@id":"https:\/\/nagykokenyes.hu\/#website","url":"https:\/\/nagykokenyes.hu\/","name":"Nagyk\u00f6k\u00e9nyes K\u00f6zs\u00e9g \u00d6nkorm\u00e1nyzata","description":"","potentialAction":[{"@type":"SearchAction","target":{"@type":"EntryPoint","urlTemplate":"https:\/\/nagykokenyes.hu\/?s={search_term_string}"},"query-input":{"@type":"PropertyValueSpecification","valueRequired":true,"valueName":"search_term_string"}}],"inLanguage":"hu"}]}},"_links":{"self":[{"href":"https:\/\/nagykokenyes.hu\/index.php?rest_route=\/wp\/v2\/pages\/3752","targetHints":{"allow":["GET"]}}],"collection":[{"href":"https:\/\/nagykokenyes.hu\/index.php?rest_route=\/wp\/v2\/pages"}],"about":[{"href":"https:\/\/nagykokenyes.hu\/index.php?rest_route=\/wp\/v2\/types\/page"}],"author":[{"embeddable":true,"href":"https:\/\/nagykokenyes.hu\/index.php?rest_route=\/wp\/v2\/users\/3"}],"replies":[{"embeddable":true,"href":"https:\/\/nagykokenyes.hu\/index.php?rest_route=%2Fwp%2Fv2%2Fcomments&post=3752"}],"version-history":[{"count":1,"href":"https:\/\/nagykokenyes.hu\/index.php?rest_route=\/wp\/v2\/pages\/3752\/revisions"}],"predecessor-version":[{"id":3754,"href":"https:\/\/nagykokenyes.hu\/index.php?rest_route=\/wp\/v2\/pages\/3752\/revisions\/3754"}],"wp:attachment":[{"href":"https:\/\/nagykokenyes.hu\/index.php?rest_route=%2Fwp%2Fv2%2Fmedia&parent=3752"}],"curies":[{"name":"wp","href":"https:\/\/api.w.org\/{rel}","templated":true}]}}