{"id":3815,"date":"2020-12-22T23:10:11","date_gmt":"2020-12-22T21:10:11","guid":{"rendered":"https:\/\/nagykokenyes.hu\/?page_id=3815"},"modified":"2020-12-22T23:10:11","modified_gmt":"2020-12-22T21:10:11","slug":"vilagito-adventi-kalendarium-huszonkettedik-ablak","status":"publish","type":"page","link":"https:\/\/nagykokenyes.hu\/?page_id=3815","title":{"rendered":"Vil\u00e1g\u00edt\u00f3 Adventi Kalend\u00e1rium \u2013 Huszonkettedik ablak"},"content":{"rendered":"<p><a href=\"https:\/\/nagykokenyes.hu\/wp-content\/uploads\/2020\/12\/22.jpg\"><img loading=\"lazy\" decoding=\"async\" class=\"size-full wp-image-3341 alignleft\" src=\"https:\/\/nagykokenyes.hu\/wp-content\/uploads\/2020\/12\/22.jpg\" alt=\"\" width=\"141\" height=\"142\" \/><\/a><\/p>\n<p>A h\u00e1zra vigy\u00e1z egy katona,<br \/>\naki z\u00e1szl\u00f3t tart a mark\u00e1ban.<br \/>\nEgy ugr\u00e1snyira van a bolt<br \/>\nLeveledet is feladhatod.<br \/>\nKeresd a huszonkettest,<br \/>\nR\u00e1j\u00f6ssz, hol fot\u00f3zd le?<\/p>\n<div id='gallery-1' class='gallery galleryid-3815 gallery-columns-3 gallery-size-thumbnail'><figure class='gallery-item'>\n\t\t\t<div class='gallery-icon portrait'>\n\t\t\t\t<a href='https:\/\/nagykokenyes.hu\/wp-content\/uploads\/2020\/12\/132443882_3383485878415321_3153153903533415338_o.jpg'><img loading=\"lazy\" decoding=\"async\" width=\"150\" height=\"150\" src=\"https:\/\/nagykokenyes.hu\/wp-content\/uploads\/2020\/12\/132443882_3383485878415321_3153153903533415338_o-150x150.jpg\" class=\"attachment-thumbnail size-thumbnail\" alt=\"\" \/><\/a>\n\t\t\t<\/div><\/figure><figure class='gallery-item'>\n\t\t\t<div class='gallery-icon landscape'>\n\t\t\t\t<a href='https:\/\/nagykokenyes.hu\/wp-content\/uploads\/2020\/12\/132262478_2075537165917179_4541546840544892515_o.jpg'><img loading=\"lazy\" decoding=\"async\" width=\"150\" height=\"150\" src=\"https:\/\/nagykokenyes.hu\/wp-content\/uploads\/2020\/12\/132262478_2075537165917179_4541546840544892515_o-150x150.jpg\" class=\"attachment-thumbnail size-thumbnail\" alt=\"\" \/><\/a>\n\t\t\t<\/div><\/figure><figure class='gallery-item'>\n\t\t\t<div class='gallery-icon landscape'>\n\t\t\t\t<a href='https:\/\/nagykokenyes.hu\/wp-content\/uploads\/2020\/12\/132081708_2075509762586586_394584889655360449_o.jpg'><img loading=\"lazy\" decoding=\"async\" width=\"150\" height=\"150\" src=\"https:\/\/nagykokenyes.hu\/wp-content\/uploads\/2020\/12\/132081708_2075509762586586_394584889655360449_o-150x150.jpg\" class=\"attachment-thumbnail size-thumbnail\" alt=\"\" \/><\/a>\n\t\t\t<\/div><\/figure>\n\t\t<\/div>\n\n","protected":false},"excerpt":{"rendered":"<p>A h\u00e1zra vigy\u00e1z egy katona, aki z\u00e1szl\u00f3t tart a mark\u00e1ban. Egy ugr\u00e1snyira van a bolt Leveledet is feladhatod. Keresd a huszonkettest, R\u00e1j\u00f6ssz, hol fot\u00f3zd le?<\/p>\n","protected":false},"author":3,"featured_media":0,"parent":0,"menu_order":0,"comment_status":"closed","ping_status":"closed","template":"","meta":{"footnotes":""},"class_list":["post-3815","page","type-page","status-publish","hentry"],"yoast_head":"<!-- This site is optimized with the Yoast SEO plugin v26.5 - https:\/\/yoast.com\/wordpress\/plugins\/seo\/ -->\n<title>Vil\u00e1g\u00edt\u00f3 Adventi Kalend\u00e1rium \u2013 Huszonkettedik ablak - Nagyk\u00f6k\u00e9nyes K\u00f6zs\u00e9g \u00d6nkorm\u00e1nyzata<\/title>\n<meta name=\"robots\" content=\"index, follow, max-snippet:-1, max-image-preview:large, max-video-preview:-1\" \/>\n<link rel=\"canonical\" href=\"https:\/\/nagykokenyes.hu\/?page_id=3815\" \/>\n<meta property=\"og:locale\" content=\"hu_HU\" \/>\n<meta property=\"og:type\" content=\"article\" \/>\n<meta property=\"og:title\" content=\"Vil\u00e1g\u00edt\u00f3 Adventi Kalend\u00e1rium \u2013 Huszonkettedik ablak - Nagyk\u00f6k\u00e9nyes K\u00f6zs\u00e9g \u00d6nkorm\u00e1nyzata\" \/>\n<meta property=\"og:description\" content=\"A h\u00e1zra vigy\u00e1z egy katona, aki z\u00e1szl\u00f3t tart a mark\u00e1ban. Egy ugr\u00e1snyira van a bolt Leveledet is feladhatod. Keresd a huszonkettest, R\u00e1j\u00f6ssz, hol fot\u00f3zd le?\" \/>\n<meta property=\"og:url\" content=\"https:\/\/nagykokenyes.hu\/?page_id=3815\" \/>\n<meta property=\"og:site_name\" content=\"Nagyk\u00f6k\u00e9nyes K\u00f6zs\u00e9g \u00d6nkorm\u00e1nyzata\" \/>\n<meta property=\"og:image\" content=\"https:\/\/nagykokenyes.hu\/wp-content\/uploads\/2020\/12\/132443882_3383485878415321_3153153903533415338_o-150x150.jpg\" \/>\n<meta name=\"twitter:card\" content=\"summary_large_image\" \/>\n<script type=\"application\/ld+json\" class=\"yoast-schema-graph\">{\"@context\":\"https:\/\/schema.org\",\"@graph\":[{\"@type\":\"WebPage\",\"@id\":\"https:\/\/nagykokenyes.hu\/?page_id=3815\",\"url\":\"https:\/\/nagykokenyes.hu\/?page_id=3815\",\"name\":\"Vil\u00e1g\u00edt\u00f3 Adventi Kalend\u00e1rium \u2013 Huszonkettedik ablak - Nagyk\u00f6k\u00e9nyes K\u00f6zs\u00e9g \u00d6nkorm\u00e1nyzata\",\"isPartOf\":{\"@id\":\"https:\/\/nagykokenyes.hu\/#website\"},\"primaryImageOfPage\":{\"@id\":\"https:\/\/nagykokenyes.hu\/?page_id=3815#primaryimage\"},\"image\":{\"@id\":\"https:\/\/nagykokenyes.hu\/?page_id=3815#primaryimage\"},\"thumbnailUrl\":\"https:\/\/nagykokenyes.hu\/wp-content\/uploads\/2020\/12\/22.jpg\",\"datePublished\":\"2020-12-22T21:10:11+00:00\",\"breadcrumb\":{\"@id\":\"https:\/\/nagykokenyes.hu\/?page_id=3815#breadcrumb\"},\"inLanguage\":\"hu\",\"potentialAction\":[{\"@type\":\"ReadAction\",\"target\":[\"https:\/\/nagykokenyes.hu\/?page_id=3815\"]}]},{\"@type\":\"ImageObject\",\"inLanguage\":\"hu\",\"@id\":\"https:\/\/nagykokenyes.hu\/?page_id=3815#primaryimage\",\"url\":\"https:\/\/nagykokenyes.hu\/wp-content\/uploads\/2020\/12\/22.jpg\",\"contentUrl\":\"https:\/\/nagykokenyes.hu\/wp-content\/uploads\/2020\/12\/22.jpg\"},{\"@type\":\"BreadcrumbList\",\"@id\":\"https:\/\/nagykokenyes.hu\/?page_id=3815#breadcrumb\",\"itemListElement\":[{\"@type\":\"ListItem\",\"position\":1,\"name\":\"Kezd\u0151lap\",\"item\":\"https:\/\/nagykokenyes.hu\/\"},{\"@type\":\"ListItem\",\"position\":2,\"name\":\"Vil\u00e1g\u00edt\u00f3 Adventi Kalend\u00e1rium \u2013 Huszonkettedik ablak\"}]},{\"@type\":\"WebSite\",\"@id\":\"https:\/\/nagykokenyes.hu\/#website\",\"url\":\"https:\/\/nagykokenyes.hu\/\",\"name\":\"Nagyk\u00f6k\u00e9nyes K\u00f6zs\u00e9g \u00d6nkorm\u00e1nyzata\",\"description\":\"\",\"potentialAction\":[{\"@type\":\"SearchAction\",\"target\":{\"@type\":\"EntryPoint\",\"urlTemplate\":\"https:\/\/nagykokenyes.hu\/?s={search_term_string}\"},\"query-input\":{\"@type\":\"PropertyValueSpecification\",\"valueRequired\":true,\"valueName\":\"search_term_string\"}}],\"inLanguage\":\"hu\"}]}<\/script>\n<!-- \/ Yoast SEO plugin. -->","yoast_head_json":{"title":"Vil\u00e1g\u00edt\u00f3 Adventi Kalend\u00e1rium \u2013 Huszonkettedik ablak - Nagyk\u00f6k\u00e9nyes K\u00f6zs\u00e9g \u00d6nkorm\u00e1nyzata","robots":{"index":"index","follow":"follow","max-snippet":"max-snippet:-1","max-image-preview":"max-image-preview:large","max-video-preview":"max-video-preview:-1"},"canonical":"https:\/\/nagykokenyes.hu\/?page_id=3815","og_locale":"hu_HU","og_type":"article","og_title":"Vil\u00e1g\u00edt\u00f3 Adventi Kalend\u00e1rium \u2013 Huszonkettedik ablak - Nagyk\u00f6k\u00e9nyes K\u00f6zs\u00e9g \u00d6nkorm\u00e1nyzata","og_description":"A h\u00e1zra vigy\u00e1z egy katona, aki z\u00e1szl\u00f3t tart a mark\u00e1ban. Egy ugr\u00e1snyira van a bolt Leveledet is feladhatod. Keresd a huszonkettest, R\u00e1j\u00f6ssz, hol fot\u00f3zd le?","og_url":"https:\/\/nagykokenyes.hu\/?page_id=3815","og_site_name":"Nagyk\u00f6k\u00e9nyes K\u00f6zs\u00e9g \u00d6nkorm\u00e1nyzata","og_image":[{"url":"https:\/\/nagykokenyes.hu\/wp-content\/uploads\/2020\/12\/132443882_3383485878415321_3153153903533415338_o-150x150.jpg","type":"","width":"","height":""}],"twitter_card":"summary_large_image","schema":{"@context":"https:\/\/schema.org","@graph":[{"@type":"WebPage","@id":"https:\/\/nagykokenyes.hu\/?page_id=3815","url":"https:\/\/nagykokenyes.hu\/?page_id=3815","name":"Vil\u00e1g\u00edt\u00f3 Adventi Kalend\u00e1rium \u2013 Huszonkettedik ablak - Nagyk\u00f6k\u00e9nyes K\u00f6zs\u00e9g \u00d6nkorm\u00e1nyzata","isPartOf":{"@id":"https:\/\/nagykokenyes.hu\/#website"},"primaryImageOfPage":{"@id":"https:\/\/nagykokenyes.hu\/?page_id=3815#primaryimage"},"image":{"@id":"https:\/\/nagykokenyes.hu\/?page_id=3815#primaryimage"},"thumbnailUrl":"https:\/\/nagykokenyes.hu\/wp-content\/uploads\/2020\/12\/22.jpg","datePublished":"2020-12-22T21:10:11+00:00","breadcrumb":{"@id":"https:\/\/nagykokenyes.hu\/?page_id=3815#breadcrumb"},"inLanguage":"hu","potentialAction":[{"@type":"ReadAction","target":["https:\/\/nagykokenyes.hu\/?page_id=3815"]}]},{"@type":"ImageObject","inLanguage":"hu","@id":"https:\/\/nagykokenyes.hu\/?page_id=3815#primaryimage","url":"https:\/\/nagykokenyes.hu\/wp-content\/uploads\/2020\/12\/22.jpg","contentUrl":"https:\/\/nagykokenyes.hu\/wp-content\/uploads\/2020\/12\/22.jpg"},{"@type":"BreadcrumbList","@id":"https:\/\/nagykokenyes.hu\/?page_id=3815#breadcrumb","itemListElement":[{"@type":"ListItem","position":1,"name":"Kezd\u0151lap","item":"https:\/\/nagykokenyes.hu\/"},{"@type":"ListItem","position":2,"name":"Vil\u00e1g\u00edt\u00f3 Adventi Kalend\u00e1rium \u2013 Huszonkettedik ablak"}]},{"@type":"WebSite","@id":"https:\/\/nagykokenyes.hu\/#website","url":"https:\/\/nagykokenyes.hu\/","name":"Nagyk\u00f6k\u00e9nyes K\u00f6zs\u00e9g \u00d6nkorm\u00e1nyzata","description":"","potentialAction":[{"@type":"SearchAction","target":{"@type":"EntryPoint","urlTemplate":"https:\/\/nagykokenyes.hu\/?s={search_term_string}"},"query-input":{"@type":"PropertyValueSpecification","valueRequired":true,"valueName":"search_term_string"}}],"inLanguage":"hu"}]}},"_links":{"self":[{"href":"https:\/\/nagykokenyes.hu\/index.php?rest_route=\/wp\/v2\/pages\/3815","targetHints":{"allow":["GET"]}}],"collection":[{"href":"https:\/\/nagykokenyes.hu\/index.php?rest_route=\/wp\/v2\/pages"}],"about":[{"href":"https:\/\/nagykokenyes.hu\/index.php?rest_route=\/wp\/v2\/types\/page"}],"author":[{"embeddable":true,"href":"https:\/\/nagykokenyes.hu\/index.php?rest_route=\/wp\/v2\/users\/3"}],"replies":[{"embeddable":true,"href":"https:\/\/nagykokenyes.hu\/index.php?rest_route=%2Fwp%2Fv2%2Fcomments&post=3815"}],"version-history":[{"count":3,"href":"https:\/\/nagykokenyes.hu\/index.php?rest_route=\/wp\/v2\/pages\/3815\/revisions"}],"predecessor-version":[{"id":3818,"href":"https:\/\/nagykokenyes.hu\/index.php?rest_route=\/wp\/v2\/pages\/3815\/revisions\/3818"}],"wp:attachment":[{"href":"https:\/\/nagykokenyes.hu\/index.php?rest_route=%2Fwp%2Fv2%2Fmedia&parent=3815"}],"curies":[{"name":"wp","href":"https:\/\/api.w.org\/{rel}","templated":true}]}}