{"id":3883,"date":"2021-01-15T18:46:50","date_gmt":"2021-01-15T16:46:50","guid":{"rendered":"https:\/\/nagykokenyes.hu\/?page_id=3883"},"modified":"2021-07-08T17:26:40","modified_gmt":"2021-07-08T15:26:40","slug":"2021-evi-veszelyhelyzet-idoszak-alatti-polgarmesteri-hatarozatok","status":"publish","type":"page","link":"https:\/\/nagykokenyes.hu\/?page_id=3883","title":{"rendered":"2021. \u00e9vi vesz\u00e9lyhelyzet id\u0151szak alatti polg\u00e1rmesteri hat\u00e1rozatok"},"content":{"rendered":"<ul>\n<li><a href=\"https:\/\/nagykokenyes.hu\/wp-content\/uploads\/2021\/01\/1-2021.I.5.-pm-i-hatarozat-FKKN-Kft..pdf\">1-2021.(I.5.) pm-i hat\u00e1rozat FKKN Kft.<\/a><\/li>\n<li><a href=\"https:\/\/nagykokenyes.hu\/wp-content\/uploads\/2021\/01\/2-2021.I.5.-pm-i-hatarozat-Orvosi-Ugyelet.pdf\">2-2021.(I.5.) pm-i hat\u00e1rozat Orvosi \u00dcgyelet<\/a><\/li>\n<li><a href=\"https:\/\/nagykokenyes.hu\/wp-content\/uploads\/2021\/01\/6-2021.I.15.-pm-i-hatarozat-Telepuleskep-vedelmerol-szololo-or-mod.-elokeszitesere-a-TOPOLAND-Bt.-megbizasa.pdf\">6-2021.(I.15.) pm-i hat\u00e1rozat Telep\u00fcl\u00e9sk\u00e9p v\u00e9delm\u00e9r\u0151l sz\u00f3l\u00f3l\u00f3 \u00f6r m\u00f3d. el\u0151k\u00e9sz\u00edt\u00e9s\u00e9re a TOPOLAND Bt. megb\u00edz\u00e1sa<\/a><\/li>\n<li><a href=\"https:\/\/nagykokenyes.hu\/wp-content\/uploads\/2021\/02\/11-2021.II_.4.-pm-i-hat.-Vizkarelharitasi-Terv-modositasa.pdf\">11-2021.(II.4.) pm-i hat. V\u00edzk\u00e1relh\u00e1r\u00edt\u00e1si Terv m\u00f3dos\u00edt\u00e1sa<\/a><\/li>\n<li><a href=\"https:\/\/nagykokenyes.hu\/wp-content\/uploads\/2021\/02\/14-2021.II_.8.-pm-i-hat.-Heredi-Kozos-Onkormanyzati-Hivatal-2021.-evi-koltsegvetese-elfogadasarol.pdf\">14-2021.(II.8.) pm-i hat. Her\u00e9di K\u00f6z\u00f6s \u00d6nkorm\u00e1nyzati Hivatal 2021. \u00e9vi k\u00f6lts\u00e9gvet\u00e9se elfogad\u00e1s\u00e1r\u00f3l<\/a><\/li>\n<li><a href=\"https:\/\/nagykokenyes.hu\/wp-content\/uploads\/2021\/02\/18-2021.II_.15.-kitekinto-hatarozat.pdf\">18-2021.(II.15.) kitekint\u0151 hat\u00e1rozat<\/a><\/li>\n<li><a href=\"https:\/\/nagykokenyes.hu\/wp-content\/uploads\/2021\/02\/19-2021.-pm-i-hatarozat-kornyezetvedelmi-palyazaton-indulas.pdf\">19-2021. pm-i hat\u00e1rozat k\u00f6rnyezetv\u00e9delmi p\u00e1ly\u00e1zaton indul\u00e1s<\/a><\/li>\n<li><a href=\"https:\/\/nagykokenyes.hu\/wp-content\/uploads\/2021\/02\/20-2021.-pm-i-hatarozat-kornyezetvedelmi-palyazat-FKKN-Kft.-megbizasa.pdf\">20-2021. pm-i hat\u00e1rozat k\u00f6rnyezetv\u00e9delmi p\u00e1ly\u00e1zat FKKN Kft. megb\u00edz\u00e1sa<\/a><\/li>\n<li><a href=\"https:\/\/nagykokenyes.hu\/wp-content\/uploads\/2021\/03\/29-2021.III_.24.-pm-i-hat.-Malsan-Kft.-szerzodes-mod-rol.pdf\">29-2021.(III.24.) pm-i hat. Malsan Kft. szerz\u0151d\u00e9s m\u00f3d-r\u00f3<\/a>l<\/li>\n<li><a href=\"https:\/\/nagykokenyes.hu\/wp-content\/uploads\/2021\/04\/30-2021.III_.26.-pm-i-hatarozat-TOP-kornyezetvedelmi-inrastruktora-fejlesztese-palyazat-tervezoi-feladatok-ellatasa.pdf\">30-2021.(III.26.) pm-i hat\u00e1rozat TOP k\u00f6rnyezetv\u00e9delmi inrastrukt\u00f3ra fejleszt\u00e9se p\u00e1ly\u00e1zat tervez\u0151i feladatok ell\u00e1t\u00e1sa<\/a><\/li>\n<li><a href=\"https:\/\/nagykokenyes.hu\/wp-content\/uploads\/2021\/04\/33-2021.III_.31.pm-i-hatarozat-2021.-evi-kobeszerzesi-terv.pdf\">33-2021.(III.31.)pm-i hat\u00e1rozat 2021. \u00e9vi k\u00f6beszerz\u00e9si terv<\/a><\/li>\n<li><a href=\"https:\/\/nagykokenyes.hu\/wp-content\/uploads\/2021\/04\/34-2021.III_.31.-pm-i-hatarozat-HEP.pdf\">34-2021.(III.31.) pm-i hat\u00e1rozat HEP<\/a><\/li>\n<li><a href=\"https:\/\/nagykokenyes.hu\/wp-content\/uploads\/2021\/04\/39-2021.IV_.28.-pm-i-hatarozat-Arany-J.-ut-felujitasara-palyazat-benyujtasarol.pdf\">39-2021.(IV.28.) pm-i hat\u00e1rozat Arany J. \u00fat fel\u00faj\u00edt\u00e1s\u00e1ra p\u00e1ly\u00e1zat beny\u00fajt\u00e1s\u00e1r\u00f3l<\/a><\/li>\n<li><a href=\"https:\/\/nagykokenyes.hu\/wp-content\/uploads\/2021\/04\/40-2021.IV_.28.-pm-i-hatarozat-onkormanyzati-hivatal-teto-felujitasa-palyazat-benyujtasarol.pdf\">40-2021.(IV.28.) pm-i hat\u00e1rozat \u00f6nkorm\u00e1nyzati hivatal tet\u0151 fel\u00faj\u00edt\u00e1sa p\u00e1ly\u00e1zat beny\u00fajt\u00e1s\u00e1r\u00f3l<\/a><\/li>\n<li><a href=\"https:\/\/nagykokenyes.hu\/wp-content\/uploads\/2021\/06\/45-2021.V.20.-pm-i-hatarozat-ovodavezetoi-feladatokra-ideiglenes-megbizas.pdf\">45-2021.(V.20.) pm-i hat\u00e1rozat \u00f3vodavezet\u0151i feladatokra ideiglenes megb\u00edz\u00e1s<\/a><\/li>\n<li><a href=\"https:\/\/nagykokenyes.hu\/wp-content\/uploads\/2021\/06\/46-2021.V.28.-pm-i-hatarozat-FKKN-Kft.-beszamolo-es-uzleti-terv-elfogadasa.pdf\">46-2021.(V.28.) pm-i hat\u00e1rozat FKKN Kft. besz\u00e1mol\u00f3 \u00e9s \u00fczleti terv elfogad\u00e1sa<\/a><\/li>\n<li><a href=\"https:\/\/nagykokenyes.hu\/wp-content\/uploads\/2021\/06\/47-2021-pm.-hatarozat-Heredi-Kozos-Onk.-Hivatal-2020.-evi-ktgv-enek-telj-rol.pdf\">47-2021 pm. hat\u00e1rozat Her\u00e9di K\u00f6z\u00f6s \u00d6nk. Hivatal 2020. \u00e9vi ktgv-\u00e9nek telj-r\u0151l<\/a><\/li>\n<li><a href=\"https:\/\/nagykokenyes.hu\/wp-content\/uploads\/2021\/07\/48-2021.V.28.-pm-i-hatarozat-2020.-evi-belso-ellenorzesi-jelentes-elfogadasarol.pdf\">48-2021.(V.28.) pm-i hat\u00e1rozat 2020. \u00e9vi bels\u0151 ellen\u0151rz\u00e9si jelent\u00e9s elfogad\u00e1s\u00e1r\u00f3l<\/a><\/li>\n<li><a href=\"https:\/\/nagykokenyes.hu\/wp-content\/uploads\/2021\/06\/49-2021.V.31.-pm-hat.-gyermekvedelmi-beszamolo.pdf\">49-2021.(V.31.) pm hat. gyermekv\u00e9delmi besz\u00e1mol\u00f3<\/a><\/li>\n<li><a href=\"https:\/\/nagykokenyes.hu\/wp-content\/uploads\/2021\/06\/52-2021.VI_.14.-pm-i-hatarozat-allami-tulajdonu-ingatlanok-tamogatasa.pdf\">52-2021.(VI.14.) pm-i hat\u00e1rozat \u00e1llami tulajdon\u00fa ingatlanok t\u00e1mogat\u00e1sa<\/a><\/li>\n<li><a href=\"https:\/\/nagykokenyes.hu\/wp-content\/uploads\/2021\/07\/54-2021.VI_.14.-pm.-hat.-Szolgalati-lakas.pdf\">54-2021.(VI.14.) pm. hat. Szolg\u00e1lati lak\u00e1s<\/a><\/li>\n<\/ul>\n","protected":false},"excerpt":{"rendered":"<p>1-2021.(I.5.) pm-i hat\u00e1rozat FKKN Kft. 2-2021.(I.5.) pm-i hat\u00e1rozat Orvosi \u00dcgyelet 6-2021.(I.15.) pm-i hat\u00e1rozat Telep\u00fcl\u00e9sk\u00e9p v\u00e9delm\u00e9r\u0151l sz\u00f3l\u00f3l\u00f3 \u00f6r m\u00f3d. el\u0151k\u00e9sz\u00edt\u00e9s\u00e9re a TOPOLAND Bt. megb\u00edz\u00e1sa 11-2021.(II.4.) pm-i hat. V\u00edzk\u00e1relh\u00e1r\u00edt\u00e1si Terv m\u00f3dos\u00edt\u00e1sa 14-2021.(II.8.) pm-i hat. Her\u00e9di K\u00f6z\u00f6s \u00d6nkorm\u00e1nyzati Hivatal 2021. \u00e9vi k\u00f6lts\u00e9gvet\u00e9se elfogad\u00e1s\u00e1r\u00f3l 18-2021.(II.15.) kitekint\u0151 hat\u00e1rozat 19-2021. pm-i hat\u00e1rozat k\u00f6rnyezetv\u00e9delmi p\u00e1ly\u00e1zaton indul\u00e1s 20-2021. pm-i hat\u00e1rozat k\u00f6rnyezetv\u00e9delmi p\u00e1ly\u00e1zat FKKN [&hellip;]<\/p>\n","protected":false},"author":3,"featured_media":0,"parent":0,"menu_order":0,"comment_status":"closed","ping_status":"closed","template":"","meta":{"footnotes":""},"class_list":["post-3883","page","type-page","status-publish","hentry"],"yoast_head":"<!-- This site is optimized with the Yoast SEO plugin v26.5 - https:\/\/yoast.com\/wordpress\/plugins\/seo\/ -->\n<title>2021. \u00e9vi vesz\u00e9lyhelyzet id\u0151szak alatti polg\u00e1rmesteri hat\u00e1rozatok - Nagyk\u00f6k\u00e9nyes K\u00f6zs\u00e9g \u00d6nkorm\u00e1nyzata<\/title>\n<meta name=\"robots\" content=\"index, follow, max-snippet:-1, max-image-preview:large, max-video-preview:-1\" \/>\n<link rel=\"canonical\" href=\"https:\/\/nagykokenyes.hu\/?page_id=3883\" \/>\n<meta property=\"og:locale\" content=\"hu_HU\" \/>\n<meta property=\"og:type\" content=\"article\" \/>\n<meta property=\"og:title\" content=\"2021. \u00e9vi vesz\u00e9lyhelyzet id\u0151szak alatti polg\u00e1rmesteri hat\u00e1rozatok - Nagyk\u00f6k\u00e9nyes K\u00f6zs\u00e9g \u00d6nkorm\u00e1nyzata\" \/>\n<meta property=\"og:description\" content=\"1-2021.(I.5.) pm-i hat\u00e1rozat FKKN Kft. 2-2021.(I.5.) pm-i hat\u00e1rozat Orvosi \u00dcgyelet 6-2021.(I.15.) pm-i hat\u00e1rozat Telep\u00fcl\u00e9sk\u00e9p v\u00e9delm\u00e9r\u0151l sz\u00f3l\u00f3l\u00f3 \u00f6r m\u00f3d. el\u0151k\u00e9sz\u00edt\u00e9s\u00e9re a TOPOLAND Bt. megb\u00edz\u00e1sa 11-2021.(II.4.) pm-i hat. V\u00edzk\u00e1relh\u00e1r\u00edt\u00e1si Terv m\u00f3dos\u00edt\u00e1sa 14-2021.(II.8.) pm-i hat. Her\u00e9di K\u00f6z\u00f6s \u00d6nkorm\u00e1nyzati Hivatal 2021. \u00e9vi k\u00f6lts\u00e9gvet\u00e9se elfogad\u00e1s\u00e1r\u00f3l 18-2021.(II.15.) kitekint\u0151 hat\u00e1rozat 19-2021. pm-i hat\u00e1rozat k\u00f6rnyezetv\u00e9delmi p\u00e1ly\u00e1zaton indul\u00e1s 20-2021. pm-i hat\u00e1rozat k\u00f6rnyezetv\u00e9delmi p\u00e1ly\u00e1zat FKKN [&hellip;]\" \/>\n<meta property=\"og:url\" content=\"https:\/\/nagykokenyes.hu\/?page_id=3883\" \/>\n<meta property=\"og:site_name\" content=\"Nagyk\u00f6k\u00e9nyes K\u00f6zs\u00e9g \u00d6nkorm\u00e1nyzata\" \/>\n<meta property=\"article:modified_time\" content=\"2021-07-08T15:26:40+00:00\" \/>\n<meta name=\"twitter:card\" content=\"summary_large_image\" \/>\n<meta name=\"twitter:label1\" content=\"Becs\u00fclt olvas\u00e1si id\u0151\" \/>\n\t<meta name=\"twitter:data1\" content=\"1 perc\" \/>\n<script type=\"application\/ld+json\" class=\"yoast-schema-graph\">{\"@context\":\"https:\/\/schema.org\",\"@graph\":[{\"@type\":\"WebPage\",\"@id\":\"https:\/\/nagykokenyes.hu\/?page_id=3883\",\"url\":\"https:\/\/nagykokenyes.hu\/?page_id=3883\",\"name\":\"2021. \u00e9vi vesz\u00e9lyhelyzet id\u0151szak alatti polg\u00e1rmesteri hat\u00e1rozatok - Nagyk\u00f6k\u00e9nyes K\u00f6zs\u00e9g \u00d6nkorm\u00e1nyzata\",\"isPartOf\":{\"@id\":\"https:\/\/nagykokenyes.hu\/#website\"},\"datePublished\":\"2021-01-15T16:46:50+00:00\",\"dateModified\":\"2021-07-08T15:26:40+00:00\",\"breadcrumb\":{\"@id\":\"https:\/\/nagykokenyes.hu\/?page_id=3883#breadcrumb\"},\"inLanguage\":\"hu\",\"potentialAction\":[{\"@type\":\"ReadAction\",\"target\":[\"https:\/\/nagykokenyes.hu\/?page_id=3883\"]}]},{\"@type\":\"BreadcrumbList\",\"@id\":\"https:\/\/nagykokenyes.hu\/?page_id=3883#breadcrumb\",\"itemListElement\":[{\"@type\":\"ListItem\",\"position\":1,\"name\":\"Kezd\u0151lap\",\"item\":\"https:\/\/nagykokenyes.hu\/\"},{\"@type\":\"ListItem\",\"position\":2,\"name\":\"2021. \u00e9vi vesz\u00e9lyhelyzet id\u0151szak alatti polg\u00e1rmesteri hat\u00e1rozatok\"}]},{\"@type\":\"WebSite\",\"@id\":\"https:\/\/nagykokenyes.hu\/#website\",\"url\":\"https:\/\/nagykokenyes.hu\/\",\"name\":\"Nagyk\u00f6k\u00e9nyes K\u00f6zs\u00e9g \u00d6nkorm\u00e1nyzata\",\"description\":\"\",\"potentialAction\":[{\"@type\":\"SearchAction\",\"target\":{\"@type\":\"EntryPoint\",\"urlTemplate\":\"https:\/\/nagykokenyes.hu\/?s={search_term_string}\"},\"query-input\":{\"@type\":\"PropertyValueSpecification\",\"valueRequired\":true,\"valueName\":\"search_term_string\"}}],\"inLanguage\":\"hu\"}]}<\/script>\n<!-- \/ Yoast SEO plugin. -->","yoast_head_json":{"title":"2021. \u00e9vi vesz\u00e9lyhelyzet id\u0151szak alatti polg\u00e1rmesteri hat\u00e1rozatok - Nagyk\u00f6k\u00e9nyes K\u00f6zs\u00e9g \u00d6nkorm\u00e1nyzata","robots":{"index":"index","follow":"follow","max-snippet":"max-snippet:-1","max-image-preview":"max-image-preview:large","max-video-preview":"max-video-preview:-1"},"canonical":"https:\/\/nagykokenyes.hu\/?page_id=3883","og_locale":"hu_HU","og_type":"article","og_title":"2021. \u00e9vi vesz\u00e9lyhelyzet id\u0151szak alatti polg\u00e1rmesteri hat\u00e1rozatok - Nagyk\u00f6k\u00e9nyes K\u00f6zs\u00e9g \u00d6nkorm\u00e1nyzata","og_description":"1-2021.(I.5.) pm-i hat\u00e1rozat FKKN Kft. 2-2021.(I.5.) pm-i hat\u00e1rozat Orvosi \u00dcgyelet 6-2021.(I.15.) pm-i hat\u00e1rozat Telep\u00fcl\u00e9sk\u00e9p v\u00e9delm\u00e9r\u0151l sz\u00f3l\u00f3l\u00f3 \u00f6r m\u00f3d. el\u0151k\u00e9sz\u00edt\u00e9s\u00e9re a TOPOLAND Bt. megb\u00edz\u00e1sa 11-2021.(II.4.) pm-i hat. V\u00edzk\u00e1relh\u00e1r\u00edt\u00e1si Terv m\u00f3dos\u00edt\u00e1sa 14-2021.(II.8.) pm-i hat. Her\u00e9di K\u00f6z\u00f6s \u00d6nkorm\u00e1nyzati Hivatal 2021. \u00e9vi k\u00f6lts\u00e9gvet\u00e9se elfogad\u00e1s\u00e1r\u00f3l 18-2021.(II.15.) kitekint\u0151 hat\u00e1rozat 19-2021. pm-i hat\u00e1rozat k\u00f6rnyezetv\u00e9delmi p\u00e1ly\u00e1zaton indul\u00e1s 20-2021. pm-i hat\u00e1rozat k\u00f6rnyezetv\u00e9delmi p\u00e1ly\u00e1zat FKKN [&hellip;]","og_url":"https:\/\/nagykokenyes.hu\/?page_id=3883","og_site_name":"Nagyk\u00f6k\u00e9nyes K\u00f6zs\u00e9g \u00d6nkorm\u00e1nyzata","article_modified_time":"2021-07-08T15:26:40+00:00","twitter_card":"summary_large_image","twitter_misc":{"Becs\u00fclt olvas\u00e1si id\u0151":"1 perc"},"schema":{"@context":"https:\/\/schema.org","@graph":[{"@type":"WebPage","@id":"https:\/\/nagykokenyes.hu\/?page_id=3883","url":"https:\/\/nagykokenyes.hu\/?page_id=3883","name":"2021. \u00e9vi vesz\u00e9lyhelyzet id\u0151szak alatti polg\u00e1rmesteri hat\u00e1rozatok - Nagyk\u00f6k\u00e9nyes K\u00f6zs\u00e9g \u00d6nkorm\u00e1nyzata","isPartOf":{"@id":"https:\/\/nagykokenyes.hu\/#website"},"datePublished":"2021-01-15T16:46:50+00:00","dateModified":"2021-07-08T15:26:40+00:00","breadcrumb":{"@id":"https:\/\/nagykokenyes.hu\/?page_id=3883#breadcrumb"},"inLanguage":"hu","potentialAction":[{"@type":"ReadAction","target":["https:\/\/nagykokenyes.hu\/?page_id=3883"]}]},{"@type":"BreadcrumbList","@id":"https:\/\/nagykokenyes.hu\/?page_id=3883#breadcrumb","itemListElement":[{"@type":"ListItem","position":1,"name":"Kezd\u0151lap","item":"https:\/\/nagykokenyes.hu\/"},{"@type":"ListItem","position":2,"name":"2021. \u00e9vi vesz\u00e9lyhelyzet id\u0151szak alatti polg\u00e1rmesteri hat\u00e1rozatok"}]},{"@type":"WebSite","@id":"https:\/\/nagykokenyes.hu\/#website","url":"https:\/\/nagykokenyes.hu\/","name":"Nagyk\u00f6k\u00e9nyes K\u00f6zs\u00e9g \u00d6nkorm\u00e1nyzata","description":"","potentialAction":[{"@type":"SearchAction","target":{"@type":"EntryPoint","urlTemplate":"https:\/\/nagykokenyes.hu\/?s={search_term_string}"},"query-input":{"@type":"PropertyValueSpecification","valueRequired":true,"valueName":"search_term_string"}}],"inLanguage":"hu"}]}},"_links":{"self":[{"href":"https:\/\/nagykokenyes.hu\/index.php?rest_route=\/wp\/v2\/pages\/3883","targetHints":{"allow":["GET"]}}],"collection":[{"href":"https:\/\/nagykokenyes.hu\/index.php?rest_route=\/wp\/v2\/pages"}],"about":[{"href":"https:\/\/nagykokenyes.hu\/index.php?rest_route=\/wp\/v2\/types\/page"}],"author":[{"embeddable":true,"href":"https:\/\/nagykokenyes.hu\/index.php?rest_route=\/wp\/v2\/users\/3"}],"replies":[{"embeddable":true,"href":"https:\/\/nagykokenyes.hu\/index.php?rest_route=%2Fwp%2Fv2%2Fcomments&post=3883"}],"version-history":[{"count":15,"href":"https:\/\/nagykokenyes.hu\/index.php?rest_route=\/wp\/v2\/pages\/3883\/revisions"}],"predecessor-version":[{"id":4201,"href":"https:\/\/nagykokenyes.hu\/index.php?rest_route=\/wp\/v2\/pages\/3883\/revisions\/4201"}],"wp:attachment":[{"href":"https:\/\/nagykokenyes.hu\/index.php?rest_route=%2Fwp%2Fv2%2Fmedia&parent=3883"}],"curies":[{"name":"wp","href":"https:\/\/api.w.org\/{rel}","templated":true}]}}