{"id":399,"date":"2018-07-07T20:56:23","date_gmt":"2018-07-07T20:56:23","guid":{"rendered":"http:\/\/nagykokenyes.hu\/?page_id=399"},"modified":"2018-07-07T21:00:13","modified_gmt":"2018-07-07T21:00:13","slug":"katolikus-templom","status":"publish","type":"page","link":"https:\/\/nagykokenyes.hu\/?page_id=399","title":{"rendered":"Katolikus templom"},"content":{"rendered":"<div id='gallery-1' class='gallery galleryid-399 gallery-columns-3 gallery-size-full'><figure class='gallery-item'>\n\t\t\t<div class='gallery-icon landscape'>\n\t\t\t\t<a href='https:\/\/nagykokenyes.hu\/wp-content\/uploads\/2018\/07\/IMG_1532-1.jpg'><img loading=\"lazy\" decoding=\"async\" width=\"1920\" height=\"1280\" src=\"https:\/\/nagykokenyes.hu\/wp-content\/uploads\/2018\/07\/IMG_1532-1.jpg\" class=\"attachment-full size-full\" alt=\"\" srcset=\"https:\/\/nagykokenyes.hu\/wp-content\/uploads\/2018\/07\/IMG_1532-1.jpg 1920w, https:\/\/nagykokenyes.hu\/wp-content\/uploads\/2018\/07\/IMG_1532-1-768x512.jpg 768w\" sizes=\"auto, (max-width: 1920px) 100vw, 1920px\" \/><\/a>\n\t\t\t<\/div><\/figure><figure class='gallery-item'>\n\t\t\t<div class='gallery-icon landscape'>\n\t\t\t\t<a href='https:\/\/nagykokenyes.hu\/wp-content\/uploads\/2018\/07\/IMG_1538.jpg'><img loading=\"lazy\" decoding=\"async\" width=\"1920\" height=\"1280\" src=\"https:\/\/nagykokenyes.hu\/wp-content\/uploads\/2018\/07\/IMG_1538.jpg\" class=\"attachment-full size-full\" alt=\"\" srcset=\"https:\/\/nagykokenyes.hu\/wp-content\/uploads\/2018\/07\/IMG_1538.jpg 1920w, https:\/\/nagykokenyes.hu\/wp-content\/uploads\/2018\/07\/IMG_1538-768x512.jpg 768w\" sizes=\"auto, (max-width: 1920px) 100vw, 1920px\" \/><\/a>\n\t\t\t<\/div><\/figure><figure class='gallery-item'>\n\t\t\t<div class='gallery-icon landscape'>\n\t\t\t\t<a href='https:\/\/nagykokenyes.hu\/wp-content\/uploads\/2018\/07\/IMG_1550.jpg'><img loading=\"lazy\" decoding=\"async\" width=\"1920\" height=\"1280\" src=\"https:\/\/nagykokenyes.hu\/wp-content\/uploads\/2018\/07\/IMG_1550.jpg\" class=\"attachment-full size-full\" alt=\"\" srcset=\"https:\/\/nagykokenyes.hu\/wp-content\/uploads\/2018\/07\/IMG_1550.jpg 1920w, https:\/\/nagykokenyes.hu\/wp-content\/uploads\/2018\/07\/IMG_1550-768x512.jpg 768w\" sizes=\"auto, (max-width: 1920px) 100vw, 1920px\" \/><\/a>\n\t\t\t<\/div><\/figure><figure class='gallery-item'>\n\t\t\t<div class='gallery-icon landscape'>\n\t\t\t\t<a href='https:\/\/nagykokenyes.hu\/wp-content\/uploads\/2018\/07\/IMG_1534.jpg'><img loading=\"lazy\" decoding=\"async\" width=\"1920\" height=\"1280\" src=\"https:\/\/nagykokenyes.hu\/wp-content\/uploads\/2018\/07\/IMG_1534.jpg\" class=\"attachment-full size-full\" alt=\"\" srcset=\"https:\/\/nagykokenyes.hu\/wp-content\/uploads\/2018\/07\/IMG_1534.jpg 1920w, https:\/\/nagykokenyes.hu\/wp-content\/uploads\/2018\/07\/IMG_1534-768x512.jpg 768w\" sizes=\"auto, (max-width: 1920px) 100vw, 1920px\" \/><\/a>\n\t\t\t<\/div><\/figure><figure class='gallery-item'>\n\t\t\t<div class='gallery-icon landscape'>\n\t\t\t\t<a href='https:\/\/nagykokenyes.hu\/wp-content\/uploads\/2018\/07\/IMG_1535.jpg'><img loading=\"lazy\" decoding=\"async\" width=\"1920\" height=\"1280\" src=\"https:\/\/nagykokenyes.hu\/wp-content\/uploads\/2018\/07\/IMG_1535.jpg\" class=\"attachment-full size-full\" alt=\"\" srcset=\"https:\/\/nagykokenyes.hu\/wp-content\/uploads\/2018\/07\/IMG_1535.jpg 1920w, https:\/\/nagykokenyes.hu\/wp-content\/uploads\/2018\/07\/IMG_1535-768x512.jpg 768w\" sizes=\"auto, (max-width: 1920px) 100vw, 1920px\" \/><\/a>\n\t\t\t<\/div><\/figure><figure class='gallery-item'>\n\t\t\t<div class='gallery-icon landscape'>\n\t\t\t\t<a href='https:\/\/nagykokenyes.hu\/wp-content\/uploads\/2018\/07\/IMG_1539.jpg'><img loading=\"lazy\" decoding=\"async\" width=\"1920\" height=\"1280\" src=\"https:\/\/nagykokenyes.hu\/wp-content\/uploads\/2018\/07\/IMG_1539.jpg\" class=\"attachment-full size-full\" alt=\"\" srcset=\"https:\/\/nagykokenyes.hu\/wp-content\/uploads\/2018\/07\/IMG_1539.jpg 1920w, https:\/\/nagykokenyes.hu\/wp-content\/uploads\/2018\/07\/IMG_1539-768x512.jpg 768w\" sizes=\"auto, (max-width: 1920px) 100vw, 1920px\" \/><\/a>\n\t\t\t<\/div><\/figure><figure class='gallery-item'>\n\t\t\t<div class='gallery-icon landscape'>\n\t\t\t\t<a href='https:\/\/nagykokenyes.hu\/wp-content\/uploads\/2018\/07\/IMG_1542.jpg'><img loading=\"lazy\" decoding=\"async\" width=\"1920\" height=\"1280\" src=\"https:\/\/nagykokenyes.hu\/wp-content\/uploads\/2018\/07\/IMG_1542.jpg\" class=\"attachment-full size-full\" alt=\"\" srcset=\"https:\/\/nagykokenyes.hu\/wp-content\/uploads\/2018\/07\/IMG_1542.jpg 1920w, https:\/\/nagykokenyes.hu\/wp-content\/uploads\/2018\/07\/IMG_1542-768x512.jpg 768w\" sizes=\"auto, (max-width: 1920px) 100vw, 1920px\" \/><\/a>\n\t\t\t<\/div><\/figure><figure class='gallery-item'>\n\t\t\t<div class='gallery-icon landscape'>\n\t\t\t\t<a href='https:\/\/nagykokenyes.hu\/wp-content\/uploads\/2018\/07\/IMG_1550-1.jpg'><img loading=\"lazy\" decoding=\"async\" width=\"1920\" height=\"1280\" src=\"https:\/\/nagykokenyes.hu\/wp-content\/uploads\/2018\/07\/IMG_1550-1.jpg\" class=\"attachment-full size-full\" alt=\"\" srcset=\"https:\/\/nagykokenyes.hu\/wp-content\/uploads\/2018\/07\/IMG_1550-1.jpg 1920w, https:\/\/nagykokenyes.hu\/wp-content\/uploads\/2018\/07\/IMG_1550-1-768x512.jpg 768w\" sizes=\"auto, (max-width: 1920px) 100vw, 1920px\" \/><\/a>\n\t\t\t<\/div><\/figure><figure class='gallery-item'>\n\t\t\t<div class='gallery-icon landscape'>\n\t\t\t\t<a href='https:\/\/nagykokenyes.hu\/wp-content\/uploads\/2018\/07\/IMG_1554.jpg'><img loading=\"lazy\" decoding=\"async\" width=\"1920\" height=\"1280\" src=\"https:\/\/nagykokenyes.hu\/wp-content\/uploads\/2018\/07\/IMG_1554.jpg\" class=\"attachment-full size-full\" alt=\"\" srcset=\"https:\/\/nagykokenyes.hu\/wp-content\/uploads\/2018\/07\/IMG_1554.jpg 1920w, https:\/\/nagykokenyes.hu\/wp-content\/uploads\/2018\/07\/IMG_1554-768x512.jpg 768w\" sizes=\"auto, (max-width: 1920px) 100vw, 1920px\" \/><\/a>\n\t\t\t<\/div><\/figure><figure class='gallery-item'>\n\t\t\t<div class='gallery-icon landscape'>\n\t\t\t\t<a href='https:\/\/nagykokenyes.hu\/wp-content\/uploads\/2018\/07\/IMG_1555.jpg'><img loading=\"lazy\" decoding=\"async\" width=\"1920\" height=\"1280\" src=\"https:\/\/nagykokenyes.hu\/wp-content\/uploads\/2018\/07\/IMG_1555.jpg\" class=\"attachment-full size-full\" alt=\"\" srcset=\"https:\/\/nagykokenyes.hu\/wp-content\/uploads\/2018\/07\/IMG_1555.jpg 1920w, https:\/\/nagykokenyes.hu\/wp-content\/uploads\/2018\/07\/IMG_1555-768x512.jpg 768w\" sizes=\"auto, (max-width: 1920px) 100vw, 1920px\" \/><\/a>\n\t\t\t<\/div><\/figure><figure class='gallery-item'>\n\t\t\t<div class='gallery-icon landscape'>\n\t\t\t\t<a href='https:\/\/nagykokenyes.hu\/wp-content\/uploads\/2018\/07\/IMG_1556.jpg'><img loading=\"lazy\" decoding=\"async\" width=\"1920\" height=\"1280\" src=\"https:\/\/nagykokenyes.hu\/wp-content\/uploads\/2018\/07\/IMG_1556.jpg\" class=\"attachment-full size-full\" alt=\"\" srcset=\"https:\/\/nagykokenyes.hu\/wp-content\/uploads\/2018\/07\/IMG_1556.jpg 1920w, https:\/\/nagykokenyes.hu\/wp-content\/uploads\/2018\/07\/IMG_1556-768x512.jpg 768w\" sizes=\"auto, (max-width: 1920px) 100vw, 1920px\" \/><\/a>\n\t\t\t<\/div><\/figure><figure class='gallery-item'>\n\t\t\t<div class='gallery-icon landscape'>\n\t\t\t\t<a href='https:\/\/nagykokenyes.hu\/wp-content\/uploads\/2018\/07\/IMG_1576.jpg'><img loading=\"lazy\" decoding=\"async\" width=\"1920\" height=\"1280\" src=\"https:\/\/nagykokenyes.hu\/wp-content\/uploads\/2018\/07\/IMG_1576.jpg\" class=\"attachment-full size-full\" alt=\"\" srcset=\"https:\/\/nagykokenyes.hu\/wp-content\/uploads\/2018\/07\/IMG_1576.jpg 1920w, https:\/\/nagykokenyes.hu\/wp-content\/uploads\/2018\/07\/IMG_1576-768x512.jpg 768w\" sizes=\"auto, (max-width: 1920px) 100vw, 1920px\" \/><\/a>\n\t\t\t<\/div><\/figure>\n\t\t<\/div>\n\n","protected":false},"excerpt":{"rendered":"","protected":false},"author":1,"featured_media":0,"parent":0,"menu_order":0,"comment_status":"closed","ping_status":"closed","template":"","meta":{"footnotes":""},"class_list":["post-399","page","type-page","status-publish","hentry"],"yoast_head":"<!-- This site is optimized with the Yoast SEO plugin v26.5 - https:\/\/yoast.com\/wordpress\/plugins\/seo\/ -->\n<title>Katolikus templom - Nagyk\u00f6k\u00e9nyes K\u00f6zs\u00e9g \u00d6nkorm\u00e1nyzata<\/title>\n<meta name=\"robots\" content=\"index, follow, max-snippet:-1, max-image-preview:large, max-video-preview:-1\" \/>\n<link rel=\"canonical\" href=\"https:\/\/nagykokenyes.hu\/?page_id=399\" \/>\n<meta property=\"og:locale\" content=\"hu_HU\" \/>\n<meta property=\"og:type\" content=\"article\" \/>\n<meta property=\"og:title\" content=\"Katolikus templom - Nagyk\u00f6k\u00e9nyes K\u00f6zs\u00e9g \u00d6nkorm\u00e1nyzata\" \/>\n<meta property=\"og:url\" content=\"https:\/\/nagykokenyes.hu\/?page_id=399\" \/>\n<meta property=\"og:site_name\" content=\"Nagyk\u00f6k\u00e9nyes K\u00f6zs\u00e9g \u00d6nkorm\u00e1nyzata\" \/>\n<meta property=\"article:modified_time\" content=\"2018-07-07T21:00:13+00:00\" \/>\n<meta property=\"og:image\" content=\"https:\/\/nagykokenyes.hu\/wp-content\/uploads\/2018\/07\/IMG_1532-1.jpg\" \/>\n<meta name=\"twitter:card\" content=\"summary_large_image\" \/>\n<script type=\"application\/ld+json\" class=\"yoast-schema-graph\">{\"@context\":\"https:\/\/schema.org\",\"@graph\":[{\"@type\":\"WebPage\",\"@id\":\"https:\/\/nagykokenyes.hu\/?page_id=399\",\"url\":\"https:\/\/nagykokenyes.hu\/?page_id=399\",\"name\":\"Katolikus templom - Nagyk\u00f6k\u00e9nyes K\u00f6zs\u00e9g \u00d6nkorm\u00e1nyzata\",\"isPartOf\":{\"@id\":\"https:\/\/nagykokenyes.hu\/#website\"},\"datePublished\":\"2018-07-07T20:56:23+00:00\",\"dateModified\":\"2018-07-07T21:00:13+00:00\",\"breadcrumb\":{\"@id\":\"https:\/\/nagykokenyes.hu\/?page_id=399#breadcrumb\"},\"inLanguage\":\"hu\",\"potentialAction\":[{\"@type\":\"ReadAction\",\"target\":[\"https:\/\/nagykokenyes.hu\/?page_id=399\"]}]},{\"@type\":\"BreadcrumbList\",\"@id\":\"https:\/\/nagykokenyes.hu\/?page_id=399#breadcrumb\",\"itemListElement\":[{\"@type\":\"ListItem\",\"position\":1,\"name\":\"Kezd\u0151lap\",\"item\":\"https:\/\/nagykokenyes.hu\/\"},{\"@type\":\"ListItem\",\"position\":2,\"name\":\"Katolikus templom\"}]},{\"@type\":\"WebSite\",\"@id\":\"https:\/\/nagykokenyes.hu\/#website\",\"url\":\"https:\/\/nagykokenyes.hu\/\",\"name\":\"Nagyk\u00f6k\u00e9nyes K\u00f6zs\u00e9g \u00d6nkorm\u00e1nyzata\",\"description\":\"\",\"potentialAction\":[{\"@type\":\"SearchAction\",\"target\":{\"@type\":\"EntryPoint\",\"urlTemplate\":\"https:\/\/nagykokenyes.hu\/?s={search_term_string}\"},\"query-input\":{\"@type\":\"PropertyValueSpecification\",\"valueRequired\":true,\"valueName\":\"search_term_string\"}}],\"inLanguage\":\"hu\"}]}<\/script>\n<!-- \/ Yoast SEO plugin. -->","yoast_head_json":{"title":"Katolikus templom - Nagyk\u00f6k\u00e9nyes K\u00f6zs\u00e9g \u00d6nkorm\u00e1nyzata","robots":{"index":"index","follow":"follow","max-snippet":"max-snippet:-1","max-image-preview":"max-image-preview:large","max-video-preview":"max-video-preview:-1"},"canonical":"https:\/\/nagykokenyes.hu\/?page_id=399","og_locale":"hu_HU","og_type":"article","og_title":"Katolikus templom - Nagyk\u00f6k\u00e9nyes K\u00f6zs\u00e9g \u00d6nkorm\u00e1nyzata","og_url":"https:\/\/nagykokenyes.hu\/?page_id=399","og_site_name":"Nagyk\u00f6k\u00e9nyes K\u00f6zs\u00e9g \u00d6nkorm\u00e1nyzata","article_modified_time":"2018-07-07T21:00:13+00:00","og_image":[{"url":"https:\/\/nagykokenyes.hu\/wp-content\/uploads\/2018\/07\/IMG_1532-1.jpg","type":"","width":"","height":""}],"twitter_card":"summary_large_image","schema":{"@context":"https:\/\/schema.org","@graph":[{"@type":"WebPage","@id":"https:\/\/nagykokenyes.hu\/?page_id=399","url":"https:\/\/nagykokenyes.hu\/?page_id=399","name":"Katolikus templom - Nagyk\u00f6k\u00e9nyes K\u00f6zs\u00e9g \u00d6nkorm\u00e1nyzata","isPartOf":{"@id":"https:\/\/nagykokenyes.hu\/#website"},"datePublished":"2018-07-07T20:56:23+00:00","dateModified":"2018-07-07T21:00:13+00:00","breadcrumb":{"@id":"https:\/\/nagykokenyes.hu\/?page_id=399#breadcrumb"},"inLanguage":"hu","potentialAction":[{"@type":"ReadAction","target":["https:\/\/nagykokenyes.hu\/?page_id=399"]}]},{"@type":"BreadcrumbList","@id":"https:\/\/nagykokenyes.hu\/?page_id=399#breadcrumb","itemListElement":[{"@type":"ListItem","position":1,"name":"Kezd\u0151lap","item":"https:\/\/nagykokenyes.hu\/"},{"@type":"ListItem","position":2,"name":"Katolikus templom"}]},{"@type":"WebSite","@id":"https:\/\/nagykokenyes.hu\/#website","url":"https:\/\/nagykokenyes.hu\/","name":"Nagyk\u00f6k\u00e9nyes K\u00f6zs\u00e9g \u00d6nkorm\u00e1nyzata","description":"","potentialAction":[{"@type":"SearchAction","target":{"@type":"EntryPoint","urlTemplate":"https:\/\/nagykokenyes.hu\/?s={search_term_string}"},"query-input":{"@type":"PropertyValueSpecification","valueRequired":true,"valueName":"search_term_string"}}],"inLanguage":"hu"}]}},"_links":{"self":[{"href":"https:\/\/nagykokenyes.hu\/index.php?rest_route=\/wp\/v2\/pages\/399","targetHints":{"allow":["GET"]}}],"collection":[{"href":"https:\/\/nagykokenyes.hu\/index.php?rest_route=\/wp\/v2\/pages"}],"about":[{"href":"https:\/\/nagykokenyes.hu\/index.php?rest_route=\/wp\/v2\/types\/page"}],"author":[{"embeddable":true,"href":"https:\/\/nagykokenyes.hu\/index.php?rest_route=\/wp\/v2\/users\/1"}],"replies":[{"embeddable":true,"href":"https:\/\/nagykokenyes.hu\/index.php?rest_route=%2Fwp%2Fv2%2Fcomments&post=399"}],"version-history":[{"count":2,"href":"https:\/\/nagykokenyes.hu\/index.php?rest_route=\/wp\/v2\/pages\/399\/revisions"}],"predecessor-version":[{"id":414,"href":"https:\/\/nagykokenyes.hu\/index.php?rest_route=\/wp\/v2\/pages\/399\/revisions\/414"}],"wp:attachment":[{"href":"https:\/\/nagykokenyes.hu\/index.php?rest_route=%2Fwp%2Fv2%2Fmedia&parent=399"}],"curies":[{"name":"wp","href":"https:\/\/api.w.org\/{rel}","templated":true}]}}