{"id":420,"date":"2018-07-07T21:23:59","date_gmt":"2018-07-07T21:23:59","guid":{"rendered":"http:\/\/nagykokenyes.hu\/?page_id=420"},"modified":"2019-12-07T21:31:38","modified_gmt":"2019-12-07T21:31:38","slug":"falunap-2018","status":"publish","type":"page","link":"https:\/\/nagykokenyes.hu\/?page_id=420","title":{"rendered":"Falunap 2018"},"content":{"rendered":"<div id='gallery-1' class='gallery galleryid-420 gallery-columns-2 gallery-size-full'><figure class='gallery-item'>\n\t\t\t<div class='gallery-icon landscape'>\n\t\t\t\t<a href='https:\/\/nagykokenyes.hu\/wp-content\/uploads\/2018\/07\/IMG_1338.jpg'><img loading=\"lazy\" decoding=\"async\" width=\"1920\" height=\"1280\" src=\"https:\/\/nagykokenyes.hu\/wp-content\/uploads\/2018\/07\/IMG_1338.jpg\" class=\"attachment-full size-full\" alt=\"\" srcset=\"https:\/\/nagykokenyes.hu\/wp-content\/uploads\/2018\/07\/IMG_1338.jpg 1920w, https:\/\/nagykokenyes.hu\/wp-content\/uploads\/2018\/07\/IMG_1338-768x512.jpg 768w\" sizes=\"auto, (max-width: 1920px) 100vw, 1920px\" \/><\/a>\n\t\t\t<\/div><\/figure><figure class='gallery-item'>\n\t\t\t<div class='gallery-icon landscape'>\n\t\t\t\t<a href='https:\/\/nagykokenyes.hu\/wp-content\/uploads\/2018\/07\/IMG_1342.jpg'><img loading=\"lazy\" decoding=\"async\" width=\"1920\" height=\"1280\" src=\"https:\/\/nagykokenyes.hu\/wp-content\/uploads\/2018\/07\/IMG_1342.jpg\" class=\"attachment-full size-full\" alt=\"\" srcset=\"https:\/\/nagykokenyes.hu\/wp-content\/uploads\/2018\/07\/IMG_1342.jpg 1920w, https:\/\/nagykokenyes.hu\/wp-content\/uploads\/2018\/07\/IMG_1342-768x512.jpg 768w\" sizes=\"auto, (max-width: 1920px) 100vw, 1920px\" \/><\/a>\n\t\t\t<\/div><\/figure><figure class='gallery-item'>\n\t\t\t<div class='gallery-icon landscape'>\n\t\t\t\t<a href='https:\/\/nagykokenyes.hu\/wp-content\/uploads\/2018\/07\/IMG_1438.jpg'><img loading=\"lazy\" decoding=\"async\" width=\"1920\" height=\"1280\" src=\"https:\/\/nagykokenyes.hu\/wp-content\/uploads\/2018\/07\/IMG_1438.jpg\" class=\"attachment-full size-full\" alt=\"\" srcset=\"https:\/\/nagykokenyes.hu\/wp-content\/uploads\/2018\/07\/IMG_1438.jpg 1920w, https:\/\/nagykokenyes.hu\/wp-content\/uploads\/2018\/07\/IMG_1438-768x512.jpg 768w\" sizes=\"auto, (max-width: 1920px) 100vw, 1920px\" \/><\/a>\n\t\t\t<\/div><\/figure><figure class='gallery-item'>\n\t\t\t<div class='gallery-icon landscape'>\n\t\t\t\t<a href='https:\/\/nagykokenyes.hu\/wp-content\/uploads\/2018\/07\/IMG_20180623_172540.jpg'><img loading=\"lazy\" decoding=\"async\" width=\"4160\" height=\"3120\" src=\"https:\/\/nagykokenyes.hu\/wp-content\/uploads\/2018\/07\/IMG_20180623_172540.jpg\" class=\"attachment-full size-full\" alt=\"\" srcset=\"https:\/\/nagykokenyes.hu\/wp-content\/uploads\/2018\/07\/IMG_20180623_172540.jpg 4160w, https:\/\/nagykokenyes.hu\/wp-content\/uploads\/2018\/07\/IMG_20180623_172540-768x576.jpg 768w\" sizes=\"auto, (max-width: 4160px) 100vw, 4160px\" \/><\/a>\n\t\t\t<\/div><\/figure><figure class='gallery-item'>\n\t\t\t<div class='gallery-icon landscape'>\n\t\t\t\t<a href='https:\/\/nagykokenyes.hu\/wp-content\/uploads\/2018\/07\/IMG_20180623_172550.jpg'><img loading=\"lazy\" decoding=\"async\" width=\"4160\" height=\"3120\" src=\"https:\/\/nagykokenyes.hu\/wp-content\/uploads\/2018\/07\/IMG_20180623_172550.jpg\" class=\"attachment-full size-full\" alt=\"\" srcset=\"https:\/\/nagykokenyes.hu\/wp-content\/uploads\/2018\/07\/IMG_20180623_172550.jpg 4160w, https:\/\/nagykokenyes.hu\/wp-content\/uploads\/2018\/07\/IMG_20180623_172550-768x576.jpg 768w\" sizes=\"auto, (max-width: 4160px) 100vw, 4160px\" \/><\/a>\n\t\t\t<\/div><\/figure><figure class='gallery-item'>\n\t\t\t<div class='gallery-icon landscape'>\n\t\t\t\t<a href='https:\/\/nagykokenyes.hu\/wp-content\/uploads\/2018\/07\/IMG_20180623_180401.jpg'><img loading=\"lazy\" decoding=\"async\" width=\"4160\" height=\"3120\" src=\"https:\/\/nagykokenyes.hu\/wp-content\/uploads\/2018\/07\/IMG_20180623_180401.jpg\" class=\"attachment-full size-full\" alt=\"\" srcset=\"https:\/\/nagykokenyes.hu\/wp-content\/uploads\/2018\/07\/IMG_20180623_180401.jpg 4160w, https:\/\/nagykokenyes.hu\/wp-content\/uploads\/2018\/07\/IMG_20180623_180401-768x576.jpg 768w\" sizes=\"auto, (max-width: 4160px) 100vw, 4160px\" \/><\/a>\n\t\t\t<\/div><\/figure><figure class='gallery-item'>\n\t\t\t<div class='gallery-icon landscape'>\n\t\t\t\t<a href='https:\/\/nagykokenyes.hu\/wp-content\/uploads\/2018\/07\/IMG_20180623_180508.jpg'><img loading=\"lazy\" decoding=\"async\" width=\"4160\" height=\"3120\" src=\"https:\/\/nagykokenyes.hu\/wp-content\/uploads\/2018\/07\/IMG_20180623_180508.jpg\" class=\"attachment-full size-full\" alt=\"\" srcset=\"https:\/\/nagykokenyes.hu\/wp-content\/uploads\/2018\/07\/IMG_20180623_180508.jpg 4160w, https:\/\/nagykokenyes.hu\/wp-content\/uploads\/2018\/07\/IMG_20180623_180508-768x576.jpg 768w\" sizes=\"auto, (max-width: 4160px) 100vw, 4160px\" \/><\/a>\n\t\t\t<\/div><\/figure><figure class='gallery-item'>\n\t\t\t<div class='gallery-icon landscape'>\n\t\t\t\t<a href='https:\/\/nagykokenyes.hu\/wp-content\/uploads\/2018\/07\/IMG_20180623_180625.jpg'><img loading=\"lazy\" decoding=\"async\" width=\"4160\" height=\"3120\" src=\"https:\/\/nagykokenyes.hu\/wp-content\/uploads\/2018\/07\/IMG_20180623_180625.jpg\" class=\"attachment-full size-full\" alt=\"\" srcset=\"https:\/\/nagykokenyes.hu\/wp-content\/uploads\/2018\/07\/IMG_20180623_180625.jpg 4160w, https:\/\/nagykokenyes.hu\/wp-content\/uploads\/2018\/07\/IMG_20180623_180625-768x576.jpg 768w\" sizes=\"auto, (max-width: 4160px) 100vw, 4160px\" \/><\/a>\n\t\t\t<\/div><\/figure><figure class='gallery-item'>\n\t\t\t<div class='gallery-icon landscape'>\n\t\t\t\t<a href='https:\/\/nagykokenyes.hu\/wp-content\/uploads\/2018\/07\/IMG_20180623_181702.jpg'><img loading=\"lazy\" decoding=\"async\" width=\"4160\" height=\"3120\" src=\"https:\/\/nagykokenyes.hu\/wp-content\/uploads\/2018\/07\/IMG_20180623_181702.jpg\" class=\"attachment-full size-full\" alt=\"\" srcset=\"https:\/\/nagykokenyes.hu\/wp-content\/uploads\/2018\/07\/IMG_20180623_181702.jpg 4160w, https:\/\/nagykokenyes.hu\/wp-content\/uploads\/2018\/07\/IMG_20180623_181702-768x576.jpg 768w\" sizes=\"auto, (max-width: 4160px) 100vw, 4160px\" \/><\/a>\n\t\t\t<\/div><\/figure><figure class='gallery-item'>\n\t\t\t<div class='gallery-icon landscape'>\n\t\t\t\t<a href='https:\/\/nagykokenyes.hu\/wp-content\/uploads\/2018\/07\/IMG_20180623_182703.jpg'><img loading=\"lazy\" decoding=\"async\" width=\"4160\" height=\"3120\" src=\"https:\/\/nagykokenyes.hu\/wp-content\/uploads\/2018\/07\/IMG_20180623_182703.jpg\" class=\"attachment-full size-full\" alt=\"\" srcset=\"https:\/\/nagykokenyes.hu\/wp-content\/uploads\/2018\/07\/IMG_20180623_182703.jpg 4160w, https:\/\/nagykokenyes.hu\/wp-content\/uploads\/2018\/07\/IMG_20180623_182703-768x576.jpg 768w\" sizes=\"auto, (max-width: 4160px) 100vw, 4160px\" \/><\/a>\n\t\t\t<\/div><\/figure><figure class='gallery-item'>\n\t\t\t<div class='gallery-icon landscape'>\n\t\t\t\t<a href='https:\/\/nagykokenyes.hu\/wp-content\/uploads\/2018\/07\/IMG_20180623_182737.jpg'><img loading=\"lazy\" decoding=\"async\" width=\"4160\" height=\"3120\" src=\"https:\/\/nagykokenyes.hu\/wp-content\/uploads\/2018\/07\/IMG_20180623_182737.jpg\" class=\"attachment-full size-full\" alt=\"\" srcset=\"https:\/\/nagykokenyes.hu\/wp-content\/uploads\/2018\/07\/IMG_20180623_182737.jpg 4160w, https:\/\/nagykokenyes.hu\/wp-content\/uploads\/2018\/07\/IMG_20180623_182737-768x576.jpg 768w\" sizes=\"auto, (max-width: 4160px) 100vw, 4160px\" \/><\/a>\n\t\t\t<\/div><\/figure><figure class='gallery-item'>\n\t\t\t<div class='gallery-icon landscape'>\n\t\t\t\t<a href='https:\/\/nagykokenyes.hu\/wp-content\/uploads\/2018\/07\/IMG_20180623_182848.jpg'><img loading=\"lazy\" decoding=\"async\" width=\"4160\" height=\"3120\" src=\"https:\/\/nagykokenyes.hu\/wp-content\/uploads\/2018\/07\/IMG_20180623_182848.jpg\" class=\"attachment-full size-full\" alt=\"\" srcset=\"https:\/\/nagykokenyes.hu\/wp-content\/uploads\/2018\/07\/IMG_20180623_182848.jpg 4160w, https:\/\/nagykokenyes.hu\/wp-content\/uploads\/2018\/07\/IMG_20180623_182848-768x576.jpg 768w\" sizes=\"auto, (max-width: 4160px) 100vw, 4160px\" \/><\/a>\n\t\t\t<\/div><\/figure><figure class='gallery-item'>\n\t\t\t<div class='gallery-icon landscape'>\n\t\t\t\t<a href='https:\/\/nagykokenyes.hu\/wp-content\/uploads\/2018\/07\/IMG_20180623_183106.jpg'><img loading=\"lazy\" decoding=\"async\" width=\"4160\" height=\"3120\" src=\"https:\/\/nagykokenyes.hu\/wp-content\/uploads\/2018\/07\/IMG_20180623_183106.jpg\" class=\"attachment-full size-full\" alt=\"\" srcset=\"https:\/\/nagykokenyes.hu\/wp-content\/uploads\/2018\/07\/IMG_20180623_183106.jpg 4160w, https:\/\/nagykokenyes.hu\/wp-content\/uploads\/2018\/07\/IMG_20180623_183106-768x576.jpg 768w\" sizes=\"auto, (max-width: 4160px) 100vw, 4160px\" \/><\/a>\n\t\t\t<\/div><\/figure><figure class='gallery-item'>\n\t\t\t<div class='gallery-icon landscape'>\n\t\t\t\t<a href='https:\/\/nagykokenyes.hu\/wp-content\/uploads\/2018\/07\/IMG_1458.jpg'><img loading=\"lazy\" decoding=\"async\" width=\"1920\" height=\"1280\" src=\"https:\/\/nagykokenyes.hu\/wp-content\/uploads\/2018\/07\/IMG_1458.jpg\" class=\"attachment-full size-full\" alt=\"\" srcset=\"https:\/\/nagykokenyes.hu\/wp-content\/uploads\/2018\/07\/IMG_1458.jpg 1920w, https:\/\/nagykokenyes.hu\/wp-content\/uploads\/2018\/07\/IMG_1458-768x512.jpg 768w\" sizes=\"auto, (max-width: 1920px) 100vw, 1920px\" \/><\/a>\n\t\t\t<\/div><\/figure><figure class='gallery-item'>\n\t\t\t<div class='gallery-icon landscape'>\n\t\t\t\t<a href='https:\/\/nagykokenyes.hu\/wp-content\/uploads\/2018\/07\/IMG_1462.jpg'><img loading=\"lazy\" decoding=\"async\" width=\"1920\" height=\"1280\" src=\"https:\/\/nagykokenyes.hu\/wp-content\/uploads\/2018\/07\/IMG_1462.jpg\" class=\"attachment-full size-full\" alt=\"\" srcset=\"https:\/\/nagykokenyes.hu\/wp-content\/uploads\/2018\/07\/IMG_1462.jpg 1920w, https:\/\/nagykokenyes.hu\/wp-content\/uploads\/2018\/07\/IMG_1462-768x512.jpg 768w\" sizes=\"auto, (max-width: 1920px) 100vw, 1920px\" \/><\/a>\n\t\t\t<\/div><\/figure><figure class='gallery-item'>\n\t\t\t<div class='gallery-icon landscape'>\n\t\t\t\t<a href='https:\/\/nagykokenyes.hu\/wp-content\/uploads\/2018\/07\/IMG_1484.jpg'><img loading=\"lazy\" decoding=\"async\" width=\"1920\" height=\"1280\" src=\"https:\/\/nagykokenyes.hu\/wp-content\/uploads\/2018\/07\/IMG_1484.jpg\" class=\"attachment-full size-full\" alt=\"\" srcset=\"https:\/\/nagykokenyes.hu\/wp-content\/uploads\/2018\/07\/IMG_1484.jpg 1920w, https:\/\/nagykokenyes.hu\/wp-content\/uploads\/2018\/07\/IMG_1484-768x512.jpg 768w\" sizes=\"auto, (max-width: 1920px) 100vw, 1920px\" \/><\/a>\n\t\t\t<\/div><\/figure><figure class='gallery-item'>\n\t\t\t<div class='gallery-icon landscape'>\n\t\t\t\t<a href='https:\/\/nagykokenyes.hu\/wp-content\/uploads\/2018\/07\/IMG_1494.jpg'><img loading=\"lazy\" decoding=\"async\" width=\"1920\" height=\"1280\" src=\"https:\/\/nagykokenyes.hu\/wp-content\/uploads\/2018\/07\/IMG_1494.jpg\" class=\"attachment-full size-full\" alt=\"\" srcset=\"https:\/\/nagykokenyes.hu\/wp-content\/uploads\/2018\/07\/IMG_1494.jpg 1920w, https:\/\/nagykokenyes.hu\/wp-content\/uploads\/2018\/07\/IMG_1494-768x512.jpg 768w\" sizes=\"auto, (max-width: 1920px) 100vw, 1920px\" \/><\/a>\n\t\t\t<\/div><\/figure><figure class='gallery-item'>\n\t\t\t<div class='gallery-icon landscape'>\n\t\t\t\t<a href='https:\/\/nagykokenyes.hu\/wp-content\/uploads\/2018\/07\/IMG_1504.jpg'><img loading=\"lazy\" decoding=\"async\" width=\"1920\" height=\"1280\" src=\"https:\/\/nagykokenyes.hu\/wp-content\/uploads\/2018\/07\/IMG_1504.jpg\" class=\"attachment-full size-full\" alt=\"\" srcset=\"https:\/\/nagykokenyes.hu\/wp-content\/uploads\/2018\/07\/IMG_1504.jpg 1920w, https:\/\/nagykokenyes.hu\/wp-content\/uploads\/2018\/07\/IMG_1504-768x512.jpg 768w\" sizes=\"auto, (max-width: 1920px) 100vw, 1920px\" \/><\/a>\n\t\t\t<\/div><\/figure><figure class='gallery-item'>\n\t\t\t<div class='gallery-icon landscape'>\n\t\t\t\t<a href='https:\/\/nagykokenyes.hu\/wp-content\/uploads\/2018\/07\/IMG_1514.jpg'><img loading=\"lazy\" decoding=\"async\" width=\"1920\" height=\"1280\" src=\"https:\/\/nagykokenyes.hu\/wp-content\/uploads\/2018\/07\/IMG_1514.jpg\" class=\"attachment-full size-full\" alt=\"\" srcset=\"https:\/\/nagykokenyes.hu\/wp-content\/uploads\/2018\/07\/IMG_1514.jpg 1920w, https:\/\/nagykokenyes.hu\/wp-content\/uploads\/2018\/07\/IMG_1514-768x512.jpg 768w\" sizes=\"auto, (max-width: 1920px) 100vw, 1920px\" \/><\/a>\n\t\t\t<\/div><\/figure><figure class='gallery-item'>\n\t\t\t<div class='gallery-icon landscape'>\n\t\t\t\t<a href='https:\/\/nagykokenyes.hu\/wp-content\/uploads\/2018\/07\/IMG_1524.jpg'><img loading=\"lazy\" decoding=\"async\" width=\"1920\" height=\"1280\" src=\"https:\/\/nagykokenyes.hu\/wp-content\/uploads\/2018\/07\/IMG_1524.jpg\" class=\"attachment-full size-full\" alt=\"\" srcset=\"https:\/\/nagykokenyes.hu\/wp-content\/uploads\/2018\/07\/IMG_1524.jpg 1920w, https:\/\/nagykokenyes.hu\/wp-content\/uploads\/2018\/07\/IMG_1524-768x512.jpg 768w\" sizes=\"auto, (max-width: 1920px) 100vw, 1920px\" \/><\/a>\n\t\t\t<\/div><\/figure>\n\t\t<\/div>\n\n<p style=\"text-align: right;\"><em>Fot\u00f3: Toldi L.<\/em><\/p>\n","protected":false},"excerpt":{"rendered":"<p>Fot\u00f3: Toldi L.<\/p>\n","protected":false},"author":1,"featured_media":0,"parent":0,"menu_order":0,"comment_status":"closed","ping_status":"closed","template":"","meta":{"footnotes":""},"class_list":["post-420","page","type-page","status-publish","hentry"],"yoast_head":"<!-- This site is optimized with the Yoast SEO plugin v26.5 - https:\/\/yoast.com\/wordpress\/plugins\/seo\/ -->\n<title>Falunap 2018 - Nagyk\u00f6k\u00e9nyes K\u00f6zs\u00e9g \u00d6nkorm\u00e1nyzata<\/title>\n<meta name=\"robots\" content=\"index, follow, max-snippet:-1, max-image-preview:large, max-video-preview:-1\" \/>\n<link rel=\"canonical\" href=\"https:\/\/nagykokenyes.hu\/?page_id=420\" \/>\n<meta property=\"og:locale\" content=\"hu_HU\" \/>\n<meta property=\"og:type\" content=\"article\" \/>\n<meta property=\"og:title\" content=\"Falunap 2018 - Nagyk\u00f6k\u00e9nyes K\u00f6zs\u00e9g \u00d6nkorm\u00e1nyzata\" \/>\n<meta property=\"og:description\" content=\"Fot\u00f3: Toldi L.\" \/>\n<meta property=\"og:url\" content=\"https:\/\/nagykokenyes.hu\/?page_id=420\" \/>\n<meta property=\"og:site_name\" content=\"Nagyk\u00f6k\u00e9nyes K\u00f6zs\u00e9g \u00d6nkorm\u00e1nyzata\" \/>\n<meta property=\"article:modified_time\" content=\"2019-12-07T21:31:38+00:00\" \/>\n<meta property=\"og:image\" content=\"https:\/\/nagykokenyes.hu\/wp-content\/uploads\/2018\/07\/IMG_1338.jpg\" \/>\n<meta name=\"twitter:card\" content=\"summary_large_image\" \/>\n<script type=\"application\/ld+json\" class=\"yoast-schema-graph\">{\"@context\":\"https:\/\/schema.org\",\"@graph\":[{\"@type\":\"WebPage\",\"@id\":\"https:\/\/nagykokenyes.hu\/?page_id=420\",\"url\":\"https:\/\/nagykokenyes.hu\/?page_id=420\",\"name\":\"Falunap 2018 - Nagyk\u00f6k\u00e9nyes K\u00f6zs\u00e9g \u00d6nkorm\u00e1nyzata\",\"isPartOf\":{\"@id\":\"https:\/\/nagykokenyes.hu\/#website\"},\"datePublished\":\"2018-07-07T21:23:59+00:00\",\"dateModified\":\"2019-12-07T21:31:38+00:00\",\"breadcrumb\":{\"@id\":\"https:\/\/nagykokenyes.hu\/?page_id=420#breadcrumb\"},\"inLanguage\":\"hu\",\"potentialAction\":[{\"@type\":\"ReadAction\",\"target\":[\"https:\/\/nagykokenyes.hu\/?page_id=420\"]}]},{\"@type\":\"BreadcrumbList\",\"@id\":\"https:\/\/nagykokenyes.hu\/?page_id=420#breadcrumb\",\"itemListElement\":[{\"@type\":\"ListItem\",\"position\":1,\"name\":\"Kezd\u0151lap\",\"item\":\"https:\/\/nagykokenyes.hu\/\"},{\"@type\":\"ListItem\",\"position\":2,\"name\":\"Falunap 2018\"}]},{\"@type\":\"WebSite\",\"@id\":\"https:\/\/nagykokenyes.hu\/#website\",\"url\":\"https:\/\/nagykokenyes.hu\/\",\"name\":\"Nagyk\u00f6k\u00e9nyes K\u00f6zs\u00e9g \u00d6nkorm\u00e1nyzata\",\"description\":\"\",\"potentialAction\":[{\"@type\":\"SearchAction\",\"target\":{\"@type\":\"EntryPoint\",\"urlTemplate\":\"https:\/\/nagykokenyes.hu\/?s={search_term_string}\"},\"query-input\":{\"@type\":\"PropertyValueSpecification\",\"valueRequired\":true,\"valueName\":\"search_term_string\"}}],\"inLanguage\":\"hu\"}]}<\/script>\n<!-- \/ Yoast SEO plugin. -->","yoast_head_json":{"title":"Falunap 2018 - Nagyk\u00f6k\u00e9nyes K\u00f6zs\u00e9g \u00d6nkorm\u00e1nyzata","robots":{"index":"index","follow":"follow","max-snippet":"max-snippet:-1","max-image-preview":"max-image-preview:large","max-video-preview":"max-video-preview:-1"},"canonical":"https:\/\/nagykokenyes.hu\/?page_id=420","og_locale":"hu_HU","og_type":"article","og_title":"Falunap 2018 - Nagyk\u00f6k\u00e9nyes K\u00f6zs\u00e9g \u00d6nkorm\u00e1nyzata","og_description":"Fot\u00f3: Toldi L.","og_url":"https:\/\/nagykokenyes.hu\/?page_id=420","og_site_name":"Nagyk\u00f6k\u00e9nyes K\u00f6zs\u00e9g \u00d6nkorm\u00e1nyzata","article_modified_time":"2019-12-07T21:31:38+00:00","og_image":[{"url":"https:\/\/nagykokenyes.hu\/wp-content\/uploads\/2018\/07\/IMG_1338.jpg","type":"","width":"","height":""}],"twitter_card":"summary_large_image","schema":{"@context":"https:\/\/schema.org","@graph":[{"@type":"WebPage","@id":"https:\/\/nagykokenyes.hu\/?page_id=420","url":"https:\/\/nagykokenyes.hu\/?page_id=420","name":"Falunap 2018 - Nagyk\u00f6k\u00e9nyes K\u00f6zs\u00e9g \u00d6nkorm\u00e1nyzata","isPartOf":{"@id":"https:\/\/nagykokenyes.hu\/#website"},"datePublished":"2018-07-07T21:23:59+00:00","dateModified":"2019-12-07T21:31:38+00:00","breadcrumb":{"@id":"https:\/\/nagykokenyes.hu\/?page_id=420#breadcrumb"},"inLanguage":"hu","potentialAction":[{"@type":"ReadAction","target":["https:\/\/nagykokenyes.hu\/?page_id=420"]}]},{"@type":"BreadcrumbList","@id":"https:\/\/nagykokenyes.hu\/?page_id=420#breadcrumb","itemListElement":[{"@type":"ListItem","position":1,"name":"Kezd\u0151lap","item":"https:\/\/nagykokenyes.hu\/"},{"@type":"ListItem","position":2,"name":"Falunap 2018"}]},{"@type":"WebSite","@id":"https:\/\/nagykokenyes.hu\/#website","url":"https:\/\/nagykokenyes.hu\/","name":"Nagyk\u00f6k\u00e9nyes K\u00f6zs\u00e9g \u00d6nkorm\u00e1nyzata","description":"","potentialAction":[{"@type":"SearchAction","target":{"@type":"EntryPoint","urlTemplate":"https:\/\/nagykokenyes.hu\/?s={search_term_string}"},"query-input":{"@type":"PropertyValueSpecification","valueRequired":true,"valueName":"search_term_string"}}],"inLanguage":"hu"}]}},"_links":{"self":[{"href":"https:\/\/nagykokenyes.hu\/index.php?rest_route=\/wp\/v2\/pages\/420","targetHints":{"allow":["GET"]}}],"collection":[{"href":"https:\/\/nagykokenyes.hu\/index.php?rest_route=\/wp\/v2\/pages"}],"about":[{"href":"https:\/\/nagykokenyes.hu\/index.php?rest_route=\/wp\/v2\/types\/page"}],"author":[{"embeddable":true,"href":"https:\/\/nagykokenyes.hu\/index.php?rest_route=\/wp\/v2\/users\/1"}],"replies":[{"embeddable":true,"href":"https:\/\/nagykokenyes.hu\/index.php?rest_route=%2Fwp%2Fv2%2Fcomments&post=420"}],"version-history":[{"count":4,"href":"https:\/\/nagykokenyes.hu\/index.php?rest_route=\/wp\/v2\/pages\/420\/revisions"}],"predecessor-version":[{"id":2267,"href":"https:\/\/nagykokenyes.hu\/index.php?rest_route=\/wp\/v2\/pages\/420\/revisions\/2267"}],"wp:attachment":[{"href":"https:\/\/nagykokenyes.hu\/index.php?rest_route=%2Fwp%2Fv2%2Fmedia&parent=420"}],"curies":[{"name":"wp","href":"https:\/\/api.w.org\/{rel}","templated":true}]}}