{"id":482,"date":"2018-07-12T10:37:28","date_gmt":"2018-07-12T10:37:28","guid":{"rendered":"http:\/\/nagykokenyes.hu\/?page_id=482"},"modified":"2023-10-24T12:07:46","modified_gmt":"2023-10-24T10:07:46","slug":"telepulesrendezesi-eszkozok","status":"publish","type":"page","link":"https:\/\/nagykokenyes.hu\/?page_id=482","title":{"rendered":"Telep\u00fcl\u00e9srendez\u00e9s"},"content":{"rendered":"<p><a href=\"http:\/\/nagykokenyes.hu\/wp-content\/uploads\/2018\/07\/NAGYK\u00d6K\u00c9NYES_H\u00c9SZ-v\u00e9gl_dok.pdf\">Nagyk\u00f6k\u00e9nyes telep\u00fcl\u00e9srendez\u00e9si terve 2005 november<\/a><\/p>\n<p><a href=\"https:\/\/nagykokenyes.hu\/wp-content\/uploads\/2022\/01\/HESZ-OR-Nagykokenyes-egyseges-szerkezetu-hatalyos-2021.12.23-an.pdf\">Nagyk\u00f6k\u00e9nyes \u00d6nkorm\u00e1nyzat 8\/2005.(VIII.25.) rendelete Nagyk\u00f6k\u00e9nyes K\u00f6zs\u00e9g Helyi \u00c9p\u00edt\u00e9si Szab\u00e1lyzat\u00e1r\u00f3l &#8211; HESZ &#8211; Egys\u00e9ges szerkezetben, hat\u00e1lyos 2018.01.01-t\u0151l<\/a><\/p>\n<p><a href=\"http:\/\/nagykokenyes.hu\/wp-content\/uploads\/2019\/04\/9-2017.XII_.21.\u00f6r.-a-telep\u00fcl\u00e9sk\u00e9p-v\u00e9delm\u00e9r\u0151l.pdf\">9-2017.(XII.21.) \u00f6r. a telep\u00fcl\u00e9sk\u00e9p v\u00e9delm\u00e9r\u0151l<\/a><\/p>\n<p><a href=\"http:\/\/nagykokenyes.hu\/wp-content\/uploads\/2019\/04\/153-XII.20.kt_.hat\u00e1rozat-\u00e9s-mell\u00e9klete-a-TAK.pdf\">153 &#8211; 2017. XII.20.kt.hat\u00e1rozat \u00e9s mell\u00e9klete a TAK<\/a><\/p>\n<p><a href=\"http:\/\/nagykokenyes.hu\/wp-content\/uploads\/2018\/07\/Nagyk_\u00f6vezeti_terv.jpg\">Nagyk\u00f6k\u00e9nyes telep\u00fcl\u00e9srendez\u00e9si terve &#8211; \u00d6vezeti terv<\/a><\/p>\n<p><a href=\"http:\/\/nagykokenyes.hu\/wp-content\/uploads\/2018\/07\/Nagyk_szab_terv.jpg\">Nagyk\u00f6k\u00e9nyes telep\u00fcl\u00e9srendez\u00e9si terve &#8211; Szab\u00e1lyoz\u00e1si terv<\/a><\/p>\n<p><a href=\"http:\/\/nagykokenyes.hu\/wp-content\/uploads\/2018\/07\/Nagyk_szerk_terv.jpg\">Nagyk\u00f6k\u00e9nyes telep\u00fcl\u00e9srendez\u00e9si terve &#8211; Szerkezeti terv<\/a><\/p>\n<div id='gallery-1' class='gallery galleryid-482 gallery-columns-3 gallery-size-full'><figure class='gallery-item'>\n\t\t\t<div class='gallery-icon portrait'>\n\t\t\t\t<a href='https:\/\/nagykokenyes.hu\/wp-content\/uploads\/2018\/07\/Nagyk_szerk_terv.jpg'><img loading=\"lazy\" decoding=\"async\" width=\"5020\" height=\"5315\" src=\"https:\/\/nagykokenyes.hu\/wp-content\/uploads\/2018\/07\/Nagyk_szerk_terv.jpg\" class=\"attachment-full size-full\" alt=\"\" srcset=\"https:\/\/nagykokenyes.hu\/wp-content\/uploads\/2018\/07\/Nagyk_szerk_terv.jpg 5020w, https:\/\/nagykokenyes.hu\/wp-content\/uploads\/2018\/07\/Nagyk_szerk_terv-768x813.jpg 768w\" sizes=\"auto, (max-width: 5020px) 100vw, 5020px\" \/><\/a>\n\t\t\t<\/div><\/figure><figure class='gallery-item'>\n\t\t\t<div class='gallery-icon landscape'>\n\t\t\t\t<a href='https:\/\/nagykokenyes.hu\/wp-content\/uploads\/2018\/07\/Nagyk_szab_terv.jpg'><img loading=\"lazy\" decoding=\"async\" width=\"5398\" height=\"5229\" src=\"https:\/\/nagykokenyes.hu\/wp-content\/uploads\/2018\/07\/Nagyk_szab_terv.jpg\" class=\"attachment-full size-full\" alt=\"\" srcset=\"https:\/\/nagykokenyes.hu\/wp-content\/uploads\/2018\/07\/Nagyk_szab_terv.jpg 5398w, https:\/\/nagykokenyes.hu\/wp-content\/uploads\/2018\/07\/Nagyk_szab_terv-768x744.jpg 768w\" sizes=\"auto, (max-width: 5398px) 100vw, 5398px\" \/><\/a>\n\t\t\t<\/div><\/figure><figure class='gallery-item'>\n\t\t\t<div class='gallery-icon portrait'>\n\t\t\t\t<a href='https:\/\/nagykokenyes.hu\/wp-content\/uploads\/2018\/07\/Nagyk_\u00f6vezeti_terv.jpg'><img loading=\"lazy\" decoding=\"async\" width=\"4075\" height=\"5439\" src=\"https:\/\/nagykokenyes.hu\/wp-content\/uploads\/2018\/07\/Nagyk_\u00f6vezeti_terv.jpg\" class=\"attachment-full size-full\" alt=\"\" srcset=\"https:\/\/nagykokenyes.hu\/wp-content\/uploads\/2018\/07\/Nagyk_\u00f6vezeti_terv.jpg 4075w, https:\/\/nagykokenyes.hu\/wp-content\/uploads\/2018\/07\/Nagyk_\u00f6vezeti_terv-768x1025.jpg 768w\" sizes=\"auto, (max-width: 4075px) 100vw, 4075px\" \/><\/a>\n\t\t\t<\/div><\/figure>\n\t\t<\/div>\n\n<p>&nbsp;<\/p>\n<p>&nbsp;<\/p>\n","protected":false},"excerpt":{"rendered":"<p>Nagyk\u00f6k\u00e9nyes telep\u00fcl\u00e9srendez\u00e9si terve 2005 november Nagyk\u00f6k\u00e9nyes \u00d6nkorm\u00e1nyzat 8\/2005.(VIII.25.) rendelete Nagyk\u00f6k\u00e9nyes K\u00f6zs\u00e9g Helyi \u00c9p\u00edt\u00e9si Szab\u00e1lyzat\u00e1r\u00f3l &#8211; HESZ &#8211; Egys\u00e9ges szerkezetben, hat\u00e1lyos 2018.01.01-t\u0151l 9-2017.(XII.21.) \u00f6r. a telep\u00fcl\u00e9sk\u00e9p v\u00e9delm\u00e9r\u0151l 153 &#8211; 2017. XII.20.kt.hat\u00e1rozat \u00e9s mell\u00e9klete a TAK Nagyk\u00f6k\u00e9nyes telep\u00fcl\u00e9srendez\u00e9si terve &#8211; \u00d6vezeti terv Nagyk\u00f6k\u00e9nyes telep\u00fcl\u00e9srendez\u00e9si terve &#8211; Szab\u00e1lyoz\u00e1si terv Nagyk\u00f6k\u00e9nyes telep\u00fcl\u00e9srendez\u00e9si terve &#8211; Szerkezeti terv &nbsp; &nbsp;<\/p>\n","protected":false},"author":1,"featured_media":0,"parent":0,"menu_order":0,"comment_status":"closed","ping_status":"closed","template":"","meta":{"footnotes":""},"class_list":["post-482","page","type-page","status-publish","hentry"],"yoast_head":"<!-- This site is optimized with the Yoast SEO plugin v26.5 - https:\/\/yoast.com\/wordpress\/plugins\/seo\/ -->\n<title>Telep\u00fcl\u00e9srendez\u00e9s - Nagyk\u00f6k\u00e9nyes K\u00f6zs\u00e9g \u00d6nkorm\u00e1nyzata<\/title>\n<meta name=\"robots\" content=\"index, follow, max-snippet:-1, max-image-preview:large, max-video-preview:-1\" \/>\n<link rel=\"canonical\" href=\"https:\/\/nagykokenyes.hu\/?page_id=482\" \/>\n<meta property=\"og:locale\" content=\"hu_HU\" \/>\n<meta property=\"og:type\" content=\"article\" \/>\n<meta property=\"og:title\" content=\"Telep\u00fcl\u00e9srendez\u00e9s - Nagyk\u00f6k\u00e9nyes K\u00f6zs\u00e9g \u00d6nkorm\u00e1nyzata\" \/>\n<meta property=\"og:description\" content=\"Nagyk\u00f6k\u00e9nyes telep\u00fcl\u00e9srendez\u00e9si terve 2005 november Nagyk\u00f6k\u00e9nyes \u00d6nkorm\u00e1nyzat 8\/2005.(VIII.25.) rendelete Nagyk\u00f6k\u00e9nyes K\u00f6zs\u00e9g Helyi \u00c9p\u00edt\u00e9si Szab\u00e1lyzat\u00e1r\u00f3l &#8211; HESZ &#8211; Egys\u00e9ges szerkezetben, hat\u00e1lyos 2018.01.01-t\u0151l 9-2017.(XII.21.) \u00f6r. a telep\u00fcl\u00e9sk\u00e9p v\u00e9delm\u00e9r\u0151l 153 &#8211; 2017. XII.20.kt.hat\u00e1rozat \u00e9s mell\u00e9klete a TAK Nagyk\u00f6k\u00e9nyes telep\u00fcl\u00e9srendez\u00e9si terve &#8211; \u00d6vezeti terv Nagyk\u00f6k\u00e9nyes telep\u00fcl\u00e9srendez\u00e9si terve &#8211; Szab\u00e1lyoz\u00e1si terv Nagyk\u00f6k\u00e9nyes telep\u00fcl\u00e9srendez\u00e9si terve &#8211; Szerkezeti terv &nbsp; &nbsp;\" \/>\n<meta property=\"og:url\" content=\"https:\/\/nagykokenyes.hu\/?page_id=482\" \/>\n<meta property=\"og:site_name\" content=\"Nagyk\u00f6k\u00e9nyes K\u00f6zs\u00e9g \u00d6nkorm\u00e1nyzata\" \/>\n<meta property=\"article:modified_time\" content=\"2023-10-24T10:07:46+00:00\" \/>\n<meta property=\"og:image\" content=\"https:\/\/nagykokenyes.hu\/wp-content\/uploads\/2018\/07\/Nagyk_szerk_terv.jpg\" \/>\n<meta name=\"twitter:card\" content=\"summary_large_image\" \/>\n<meta name=\"twitter:label1\" content=\"Becs\u00fclt olvas\u00e1si id\u0151\" \/>\n\t<meta name=\"twitter:data1\" content=\"1 perc\" \/>\n<script type=\"application\/ld+json\" class=\"yoast-schema-graph\">{\"@context\":\"https:\/\/schema.org\",\"@graph\":[{\"@type\":\"WebPage\",\"@id\":\"https:\/\/nagykokenyes.hu\/?page_id=482\",\"url\":\"https:\/\/nagykokenyes.hu\/?page_id=482\",\"name\":\"Telep\u00fcl\u00e9srendez\u00e9s - Nagyk\u00f6k\u00e9nyes K\u00f6zs\u00e9g \u00d6nkorm\u00e1nyzata\",\"isPartOf\":{\"@id\":\"https:\/\/nagykokenyes.hu\/#website\"},\"datePublished\":\"2018-07-12T10:37:28+00:00\",\"dateModified\":\"2023-10-24T10:07:46+00:00\",\"breadcrumb\":{\"@id\":\"https:\/\/nagykokenyes.hu\/?page_id=482#breadcrumb\"},\"inLanguage\":\"hu\",\"potentialAction\":[{\"@type\":\"ReadAction\",\"target\":[\"https:\/\/nagykokenyes.hu\/?page_id=482\"]}]},{\"@type\":\"BreadcrumbList\",\"@id\":\"https:\/\/nagykokenyes.hu\/?page_id=482#breadcrumb\",\"itemListElement\":[{\"@type\":\"ListItem\",\"position\":1,\"name\":\"Kezd\u0151lap\",\"item\":\"https:\/\/nagykokenyes.hu\/\"},{\"@type\":\"ListItem\",\"position\":2,\"name\":\"Telep\u00fcl\u00e9srendez\u00e9s\"}]},{\"@type\":\"WebSite\",\"@id\":\"https:\/\/nagykokenyes.hu\/#website\",\"url\":\"https:\/\/nagykokenyes.hu\/\",\"name\":\"Nagyk\u00f6k\u00e9nyes K\u00f6zs\u00e9g \u00d6nkorm\u00e1nyzata\",\"description\":\"\",\"potentialAction\":[{\"@type\":\"SearchAction\",\"target\":{\"@type\":\"EntryPoint\",\"urlTemplate\":\"https:\/\/nagykokenyes.hu\/?s={search_term_string}\"},\"query-input\":{\"@type\":\"PropertyValueSpecification\",\"valueRequired\":true,\"valueName\":\"search_term_string\"}}],\"inLanguage\":\"hu\"}]}<\/script>\n<!-- \/ Yoast SEO plugin. -->","yoast_head_json":{"title":"Telep\u00fcl\u00e9srendez\u00e9s - Nagyk\u00f6k\u00e9nyes K\u00f6zs\u00e9g \u00d6nkorm\u00e1nyzata","robots":{"index":"index","follow":"follow","max-snippet":"max-snippet:-1","max-image-preview":"max-image-preview:large","max-video-preview":"max-video-preview:-1"},"canonical":"https:\/\/nagykokenyes.hu\/?page_id=482","og_locale":"hu_HU","og_type":"article","og_title":"Telep\u00fcl\u00e9srendez\u00e9s - Nagyk\u00f6k\u00e9nyes K\u00f6zs\u00e9g \u00d6nkorm\u00e1nyzata","og_description":"Nagyk\u00f6k\u00e9nyes telep\u00fcl\u00e9srendez\u00e9si terve 2005 november Nagyk\u00f6k\u00e9nyes \u00d6nkorm\u00e1nyzat 8\/2005.(VIII.25.) rendelete Nagyk\u00f6k\u00e9nyes K\u00f6zs\u00e9g Helyi \u00c9p\u00edt\u00e9si Szab\u00e1lyzat\u00e1r\u00f3l &#8211; HESZ &#8211; Egys\u00e9ges szerkezetben, hat\u00e1lyos 2018.01.01-t\u0151l 9-2017.(XII.21.) \u00f6r. a telep\u00fcl\u00e9sk\u00e9p v\u00e9delm\u00e9r\u0151l 153 &#8211; 2017. XII.20.kt.hat\u00e1rozat \u00e9s mell\u00e9klete a TAK Nagyk\u00f6k\u00e9nyes telep\u00fcl\u00e9srendez\u00e9si terve &#8211; \u00d6vezeti terv Nagyk\u00f6k\u00e9nyes telep\u00fcl\u00e9srendez\u00e9si terve &#8211; Szab\u00e1lyoz\u00e1si terv Nagyk\u00f6k\u00e9nyes telep\u00fcl\u00e9srendez\u00e9si terve &#8211; Szerkezeti terv &nbsp; &nbsp;","og_url":"https:\/\/nagykokenyes.hu\/?page_id=482","og_site_name":"Nagyk\u00f6k\u00e9nyes K\u00f6zs\u00e9g \u00d6nkorm\u00e1nyzata","article_modified_time":"2023-10-24T10:07:46+00:00","og_image":[{"url":"https:\/\/nagykokenyes.hu\/wp-content\/uploads\/2018\/07\/Nagyk_szerk_terv.jpg","type":"","width":"","height":""}],"twitter_card":"summary_large_image","twitter_misc":{"Becs\u00fclt olvas\u00e1si id\u0151":"1 perc"},"schema":{"@context":"https:\/\/schema.org","@graph":[{"@type":"WebPage","@id":"https:\/\/nagykokenyes.hu\/?page_id=482","url":"https:\/\/nagykokenyes.hu\/?page_id=482","name":"Telep\u00fcl\u00e9srendez\u00e9s - Nagyk\u00f6k\u00e9nyes K\u00f6zs\u00e9g \u00d6nkorm\u00e1nyzata","isPartOf":{"@id":"https:\/\/nagykokenyes.hu\/#website"},"datePublished":"2018-07-12T10:37:28+00:00","dateModified":"2023-10-24T10:07:46+00:00","breadcrumb":{"@id":"https:\/\/nagykokenyes.hu\/?page_id=482#breadcrumb"},"inLanguage":"hu","potentialAction":[{"@type":"ReadAction","target":["https:\/\/nagykokenyes.hu\/?page_id=482"]}]},{"@type":"BreadcrumbList","@id":"https:\/\/nagykokenyes.hu\/?page_id=482#breadcrumb","itemListElement":[{"@type":"ListItem","position":1,"name":"Kezd\u0151lap","item":"https:\/\/nagykokenyes.hu\/"},{"@type":"ListItem","position":2,"name":"Telep\u00fcl\u00e9srendez\u00e9s"}]},{"@type":"WebSite","@id":"https:\/\/nagykokenyes.hu\/#website","url":"https:\/\/nagykokenyes.hu\/","name":"Nagyk\u00f6k\u00e9nyes K\u00f6zs\u00e9g \u00d6nkorm\u00e1nyzata","description":"","potentialAction":[{"@type":"SearchAction","target":{"@type":"EntryPoint","urlTemplate":"https:\/\/nagykokenyes.hu\/?s={search_term_string}"},"query-input":{"@type":"PropertyValueSpecification","valueRequired":true,"valueName":"search_term_string"}}],"inLanguage":"hu"}]}},"_links":{"self":[{"href":"https:\/\/nagykokenyes.hu\/index.php?rest_route=\/wp\/v2\/pages\/482","targetHints":{"allow":["GET"]}}],"collection":[{"href":"https:\/\/nagykokenyes.hu\/index.php?rest_route=\/wp\/v2\/pages"}],"about":[{"href":"https:\/\/nagykokenyes.hu\/index.php?rest_route=\/wp\/v2\/types\/page"}],"author":[{"embeddable":true,"href":"https:\/\/nagykokenyes.hu\/index.php?rest_route=\/wp\/v2\/users\/1"}],"replies":[{"embeddable":true,"href":"https:\/\/nagykokenyes.hu\/index.php?rest_route=%2Fwp%2Fv2%2Fcomments&post=482"}],"version-history":[{"count":13,"href":"https:\/\/nagykokenyes.hu\/index.php?rest_route=\/wp\/v2\/pages\/482\/revisions"}],"predecessor-version":[{"id":7261,"href":"https:\/\/nagykokenyes.hu\/index.php?rest_route=\/wp\/v2\/pages\/482\/revisions\/7261"}],"wp:attachment":[{"href":"https:\/\/nagykokenyes.hu\/index.php?rest_route=%2Fwp%2Fv2%2Fmedia&parent=482"}],"curies":[{"name":"wp","href":"https:\/\/api.w.org\/{rel}","templated":true}]}}