{"id":54,"date":"2018-05-28T18:33:26","date_gmt":"2018-05-28T18:33:26","guid":{"rendered":"http:\/\/nagykokenyes.hu\/?page_id=54"},"modified":"2024-11-14T14:15:27","modified_gmt":"2024-11-14T12:15:27","slug":"polgarmesteri-koszonto","status":"publish","type":"page","link":"https:\/\/nagykokenyes.hu\/?page_id=54","title":{"rendered":"Polg\u00e1rmesteri k\u00f6sz\u00f6nt\u0151"},"content":{"rendered":"<p style=\"font-weight: 400; text-align: justify;\">Tisztelt Nagyk\u00f6k\u00e9nyesiek!<\/p>\n<p style=\"font-weight: 400; text-align: justify;\">Ez\u00faton szeretn\u00e9m \u0151szinte k\u00f6sz\u00f6netemet kifejezni mindenkinek, aki t\u00e1mogatott, r\u00e9szt vett a 2024. \u00e9vi \u00f6nkorm\u00e1nyzati v\u00e1laszt\u00e1son \u00e9s szavazat\u00e1val lehet\u0151s\u00e9get adott polg\u00e1rmesteri programom folytat\u00e1s\u00e1hoz. H\u00e1l\u00e1s k\u00f6sz\u00f6nettel tartozom \u00d6n\u00f6knek a megtisztel\u0151 bizalom\u00e9rt, a felhatalmaz\u00e1s\u00e9rt, hogy r\u00e1m b\u00edzt\u00e1k telep\u00fcl\u00e9s\u00fcnk sors\u00e1nak tov\u00e1bbi ir\u00e1ny\u00edt\u00e1s\u00e1t.<\/p>\n<p style=\"font-weight: 400; text-align: justify;\">Feladatom, s k\u00f6teless\u00e9gem, hogy Nagyk\u00f6k\u00e9nyes fejl\u0151d\u00e9s\u00e9t, az itt \u00e9l\u0151 minden polg\u00e1rt szolg\u00e1ljam k\u00e9pvisel\u0151-t\u00e1rsaimmal egy\u00fctt, a bizakod\u00f3kat er\u0151s\u00edts\u00fck, a k\u00e9telked\u0151ket pedig meggy\u0151zz\u00fck tetteinkkel \u00e9s a munk\u00e1nkkal.<\/p>\n<p style=\"font-weight: 400; text-align: justify;\">Programunk a h\u00e9tk\u00f6znapokr\u00f3l sz\u00f3l, arr\u00f3l a helyr\u0151l, ahol \u00e9l\u00fcnk, amelyet szeretn\u00e9nk otthonosabb\u00e1, tiszt\u00e1bb\u00e1, szebb\u00e9 tenni.<\/p>\n<p style=\"font-weight: 400; text-align: justify;\">Nagyk\u00f6k\u00e9nyesen nagyon sok gy\u00f6ngyszem van, csak fel kell szedni a f\u00f6ldr\u0151l, gy\u00f6ngysorr\u00e1 f\u0171zni \u0151ket. Mutassuk meg, hogy a k\u00f6z\u00f6ss\u00e9g ereje a k\u00f6z\u00f6ss\u00e9gben van!<\/p>\n<p style=\"font-weight: 400; text-align: justify;\">Dolgozzunk k\u00f6z\u00f6sen Nagyk\u00f6k\u00e9nyes\u00e9rt, a mi \u00e9s a gyermekeink j\u00f6v\u0151j\u00e9\u00e9rt!<\/p>\n<p style=\"font-weight: 400; text-align: justify;\">Teremts\u00fck olyan otthont, amelyb\u0151l sug\u00e1rzik a boldogs\u00e1g, a szeretet, a j\u00f3s\u00e1g, a b\u00e9ke \u00e9s a hit.<\/p>\n<p style=\"font-weight: 400; text-align: justify;\">Meggy\u0151z\u0151d\u00e9sem, hogy a trad\u00edci\u00f3k tisztelete mellett hagyom\u00e1nyainkra t\u00e1maszkodva, \u00e9rt\u00e9keink meg\u0151rz\u00e9s\u00e9vel \u00e9p\u00edthetj\u00fck sikeresen j\u00f6v\u0151nket \u00e9s telep\u00fcl\u00e9s\u00fcnket.<\/p>\n<p style=\"font-weight: 400; text-align: justify;\">Ehhez k\u00e9rj\u00fck az \u00d6n\u00f6k t\u00e1mogat\u00e1s\u00e1t \u00e9s a seg\u00edts\u00e9g\u00e9t!<\/p>\n<p style=\"font-weight: 400; text-align: right;\"><em>K\u00f6sz\u00f6nettel: Besszer Andr\u00e1sn\u00e9 polg\u00e1rmester<\/em><\/p>\n<p style=\"text-align: justify;\"><a href=\"http:\/\/nagykokenyes.hu\/wp-content\/uploads\/2018\/07\/IMG_1570.jpg\"><img loading=\"lazy\" decoding=\"async\" class=\"size-full wp-image-388\" src=\"http:\/\/nagykokenyes.hu\/wp-content\/uploads\/2018\/07\/IMG_1570.jpg\" alt=\"\" width=\"1920\" height=\"1280\" srcset=\"https:\/\/nagykokenyes.hu\/wp-content\/uploads\/2018\/07\/IMG_1570.jpg 1920w, https:\/\/nagykokenyes.hu\/wp-content\/uploads\/2018\/07\/IMG_1570-768x512.jpg 768w\" sizes=\"auto, (max-width: 1920px) 100vw, 1920px\" \/><\/a><\/p>\n","protected":false},"excerpt":{"rendered":"<p>Tisztelt Nagyk\u00f6k\u00e9nyesiek! Ez\u00faton szeretn\u00e9m \u0151szinte k\u00f6sz\u00f6netemet kifejezni mindenkinek, aki t\u00e1mogatott, r\u00e9szt vett a 2024. \u00e9vi \u00f6nkorm\u00e1nyzati v\u00e1laszt\u00e1son \u00e9s szavazat\u00e1val lehet\u0151s\u00e9get adott polg\u00e1rmesteri programom folytat\u00e1s\u00e1hoz. H\u00e1l\u00e1s k\u00f6sz\u00f6nettel tartozom \u00d6n\u00f6knek a megtisztel\u0151 bizalom\u00e9rt, a felhatalmaz\u00e1s\u00e9rt, hogy r\u00e1m b\u00edzt\u00e1k telep\u00fcl\u00e9s\u00fcnk sors\u00e1nak tov\u00e1bbi ir\u00e1ny\u00edt\u00e1s\u00e1t. Feladatom, s k\u00f6teless\u00e9gem, hogy Nagyk\u00f6k\u00e9nyes fejl\u0151d\u00e9s\u00e9t, az itt \u00e9l\u0151 minden polg\u00e1rt szolg\u00e1ljam k\u00e9pvisel\u0151-t\u00e1rsaimmal egy\u00fctt, a [&hellip;]<\/p>\n","protected":false},"author":1,"featured_media":0,"parent":0,"menu_order":0,"comment_status":"closed","ping_status":"closed","template":"","meta":{"footnotes":""},"class_list":["post-54","page","type-page","status-publish","hentry"],"yoast_head":"<!-- This site is optimized with the Yoast SEO plugin v26.5 - https:\/\/yoast.com\/wordpress\/plugins\/seo\/ -->\n<title>Polg\u00e1rmesteri k\u00f6sz\u00f6nt\u0151 - Nagyk\u00f6k\u00e9nyes K\u00f6zs\u00e9g \u00d6nkorm\u00e1nyzata<\/title>\n<meta name=\"robots\" content=\"index, follow, max-snippet:-1, max-image-preview:large, max-video-preview:-1\" \/>\n<link rel=\"canonical\" href=\"https:\/\/nagykokenyes.hu\/?page_id=54\" \/>\n<meta property=\"og:locale\" content=\"hu_HU\" \/>\n<meta property=\"og:type\" content=\"article\" \/>\n<meta property=\"og:title\" content=\"Polg\u00e1rmesteri k\u00f6sz\u00f6nt\u0151 - Nagyk\u00f6k\u00e9nyes K\u00f6zs\u00e9g \u00d6nkorm\u00e1nyzata\" \/>\n<meta property=\"og:description\" content=\"Tisztelt Nagyk\u00f6k\u00e9nyesiek! Ez\u00faton szeretn\u00e9m \u0151szinte k\u00f6sz\u00f6netemet kifejezni mindenkinek, aki t\u00e1mogatott, r\u00e9szt vett a 2024. \u00e9vi \u00f6nkorm\u00e1nyzati v\u00e1laszt\u00e1son \u00e9s szavazat\u00e1val lehet\u0151s\u00e9get adott polg\u00e1rmesteri programom folytat\u00e1s\u00e1hoz. H\u00e1l\u00e1s k\u00f6sz\u00f6nettel tartozom \u00d6n\u00f6knek a megtisztel\u0151 bizalom\u00e9rt, a felhatalmaz\u00e1s\u00e9rt, hogy r\u00e1m b\u00edzt\u00e1k telep\u00fcl\u00e9s\u00fcnk sors\u00e1nak tov\u00e1bbi ir\u00e1ny\u00edt\u00e1s\u00e1t. Feladatom, s k\u00f6teless\u00e9gem, hogy Nagyk\u00f6k\u00e9nyes fejl\u0151d\u00e9s\u00e9t, az itt \u00e9l\u0151 minden polg\u00e1rt szolg\u00e1ljam k\u00e9pvisel\u0151-t\u00e1rsaimmal egy\u00fctt, a [&hellip;]\" \/>\n<meta property=\"og:url\" content=\"https:\/\/nagykokenyes.hu\/?page_id=54\" \/>\n<meta property=\"og:site_name\" content=\"Nagyk\u00f6k\u00e9nyes K\u00f6zs\u00e9g \u00d6nkorm\u00e1nyzata\" \/>\n<meta property=\"article:modified_time\" content=\"2024-11-14T12:15:27+00:00\" \/>\n<meta property=\"og:image\" content=\"http:\/\/nagykokenyes.hu\/wp-content\/uploads\/2018\/07\/IMG_1570.jpg\" \/>\n<meta name=\"twitter:card\" content=\"summary_large_image\" \/>\n<meta name=\"twitter:label1\" content=\"Becs\u00fclt olvas\u00e1si id\u0151\" \/>\n\t<meta name=\"twitter:data1\" content=\"2 perc\" \/>\n<script type=\"application\/ld+json\" class=\"yoast-schema-graph\">{\"@context\":\"https:\/\/schema.org\",\"@graph\":[{\"@type\":\"WebPage\",\"@id\":\"https:\/\/nagykokenyes.hu\/?page_id=54\",\"url\":\"https:\/\/nagykokenyes.hu\/?page_id=54\",\"name\":\"Polg\u00e1rmesteri k\u00f6sz\u00f6nt\u0151 - Nagyk\u00f6k\u00e9nyes K\u00f6zs\u00e9g \u00d6nkorm\u00e1nyzata\",\"isPartOf\":{\"@id\":\"https:\/\/nagykokenyes.hu\/#website\"},\"primaryImageOfPage\":{\"@id\":\"https:\/\/nagykokenyes.hu\/?page_id=54#primaryimage\"},\"image\":{\"@id\":\"https:\/\/nagykokenyes.hu\/?page_id=54#primaryimage\"},\"thumbnailUrl\":\"http:\/\/nagykokenyes.hu\/wp-content\/uploads\/2018\/07\/IMG_1570.jpg\",\"datePublished\":\"2018-05-28T18:33:26+00:00\",\"dateModified\":\"2024-11-14T12:15:27+00:00\",\"breadcrumb\":{\"@id\":\"https:\/\/nagykokenyes.hu\/?page_id=54#breadcrumb\"},\"inLanguage\":\"hu\",\"potentialAction\":[{\"@type\":\"ReadAction\",\"target\":[\"https:\/\/nagykokenyes.hu\/?page_id=54\"]}]},{\"@type\":\"ImageObject\",\"inLanguage\":\"hu\",\"@id\":\"https:\/\/nagykokenyes.hu\/?page_id=54#primaryimage\",\"url\":\"http:\/\/nagykokenyes.hu\/wp-content\/uploads\/2018\/07\/IMG_1570.jpg\",\"contentUrl\":\"http:\/\/nagykokenyes.hu\/wp-content\/uploads\/2018\/07\/IMG_1570.jpg\"},{\"@type\":\"BreadcrumbList\",\"@id\":\"https:\/\/nagykokenyes.hu\/?page_id=54#breadcrumb\",\"itemListElement\":[{\"@type\":\"ListItem\",\"position\":1,\"name\":\"Kezd\u0151lap\",\"item\":\"https:\/\/nagykokenyes.hu\/\"},{\"@type\":\"ListItem\",\"position\":2,\"name\":\"Polg\u00e1rmesteri k\u00f6sz\u00f6nt\u0151\"}]},{\"@type\":\"WebSite\",\"@id\":\"https:\/\/nagykokenyes.hu\/#website\",\"url\":\"https:\/\/nagykokenyes.hu\/\",\"name\":\"Nagyk\u00f6k\u00e9nyes K\u00f6zs\u00e9g \u00d6nkorm\u00e1nyzata\",\"description\":\"\",\"potentialAction\":[{\"@type\":\"SearchAction\",\"target\":{\"@type\":\"EntryPoint\",\"urlTemplate\":\"https:\/\/nagykokenyes.hu\/?s={search_term_string}\"},\"query-input\":{\"@type\":\"PropertyValueSpecification\",\"valueRequired\":true,\"valueName\":\"search_term_string\"}}],\"inLanguage\":\"hu\"}]}<\/script>\n<!-- \/ Yoast SEO plugin. -->","yoast_head_json":{"title":"Polg\u00e1rmesteri k\u00f6sz\u00f6nt\u0151 - Nagyk\u00f6k\u00e9nyes K\u00f6zs\u00e9g \u00d6nkorm\u00e1nyzata","robots":{"index":"index","follow":"follow","max-snippet":"max-snippet:-1","max-image-preview":"max-image-preview:large","max-video-preview":"max-video-preview:-1"},"canonical":"https:\/\/nagykokenyes.hu\/?page_id=54","og_locale":"hu_HU","og_type":"article","og_title":"Polg\u00e1rmesteri k\u00f6sz\u00f6nt\u0151 - Nagyk\u00f6k\u00e9nyes K\u00f6zs\u00e9g \u00d6nkorm\u00e1nyzata","og_description":"Tisztelt Nagyk\u00f6k\u00e9nyesiek! Ez\u00faton szeretn\u00e9m \u0151szinte k\u00f6sz\u00f6netemet kifejezni mindenkinek, aki t\u00e1mogatott, r\u00e9szt vett a 2024. \u00e9vi \u00f6nkorm\u00e1nyzati v\u00e1laszt\u00e1son \u00e9s szavazat\u00e1val lehet\u0151s\u00e9get adott polg\u00e1rmesteri programom folytat\u00e1s\u00e1hoz. H\u00e1l\u00e1s k\u00f6sz\u00f6nettel tartozom \u00d6n\u00f6knek a megtisztel\u0151 bizalom\u00e9rt, a felhatalmaz\u00e1s\u00e9rt, hogy r\u00e1m b\u00edzt\u00e1k telep\u00fcl\u00e9s\u00fcnk sors\u00e1nak tov\u00e1bbi ir\u00e1ny\u00edt\u00e1s\u00e1t. Feladatom, s k\u00f6teless\u00e9gem, hogy Nagyk\u00f6k\u00e9nyes fejl\u0151d\u00e9s\u00e9t, az itt \u00e9l\u0151 minden polg\u00e1rt szolg\u00e1ljam k\u00e9pvisel\u0151-t\u00e1rsaimmal egy\u00fctt, a [&hellip;]","og_url":"https:\/\/nagykokenyes.hu\/?page_id=54","og_site_name":"Nagyk\u00f6k\u00e9nyes K\u00f6zs\u00e9g \u00d6nkorm\u00e1nyzata","article_modified_time":"2024-11-14T12:15:27+00:00","og_image":[{"url":"http:\/\/nagykokenyes.hu\/wp-content\/uploads\/2018\/07\/IMG_1570.jpg","type":"","width":"","height":""}],"twitter_card":"summary_large_image","twitter_misc":{"Becs\u00fclt olvas\u00e1si id\u0151":"2 perc"},"schema":{"@context":"https:\/\/schema.org","@graph":[{"@type":"WebPage","@id":"https:\/\/nagykokenyes.hu\/?page_id=54","url":"https:\/\/nagykokenyes.hu\/?page_id=54","name":"Polg\u00e1rmesteri k\u00f6sz\u00f6nt\u0151 - Nagyk\u00f6k\u00e9nyes K\u00f6zs\u00e9g \u00d6nkorm\u00e1nyzata","isPartOf":{"@id":"https:\/\/nagykokenyes.hu\/#website"},"primaryImageOfPage":{"@id":"https:\/\/nagykokenyes.hu\/?page_id=54#primaryimage"},"image":{"@id":"https:\/\/nagykokenyes.hu\/?page_id=54#primaryimage"},"thumbnailUrl":"http:\/\/nagykokenyes.hu\/wp-content\/uploads\/2018\/07\/IMG_1570.jpg","datePublished":"2018-05-28T18:33:26+00:00","dateModified":"2024-11-14T12:15:27+00:00","breadcrumb":{"@id":"https:\/\/nagykokenyes.hu\/?page_id=54#breadcrumb"},"inLanguage":"hu","potentialAction":[{"@type":"ReadAction","target":["https:\/\/nagykokenyes.hu\/?page_id=54"]}]},{"@type":"ImageObject","inLanguage":"hu","@id":"https:\/\/nagykokenyes.hu\/?page_id=54#primaryimage","url":"http:\/\/nagykokenyes.hu\/wp-content\/uploads\/2018\/07\/IMG_1570.jpg","contentUrl":"http:\/\/nagykokenyes.hu\/wp-content\/uploads\/2018\/07\/IMG_1570.jpg"},{"@type":"BreadcrumbList","@id":"https:\/\/nagykokenyes.hu\/?page_id=54#breadcrumb","itemListElement":[{"@type":"ListItem","position":1,"name":"Kezd\u0151lap","item":"https:\/\/nagykokenyes.hu\/"},{"@type":"ListItem","position":2,"name":"Polg\u00e1rmesteri k\u00f6sz\u00f6nt\u0151"}]},{"@type":"WebSite","@id":"https:\/\/nagykokenyes.hu\/#website","url":"https:\/\/nagykokenyes.hu\/","name":"Nagyk\u00f6k\u00e9nyes K\u00f6zs\u00e9g \u00d6nkorm\u00e1nyzata","description":"","potentialAction":[{"@type":"SearchAction","target":{"@type":"EntryPoint","urlTemplate":"https:\/\/nagykokenyes.hu\/?s={search_term_string}"},"query-input":{"@type":"PropertyValueSpecification","valueRequired":true,"valueName":"search_term_string"}}],"inLanguage":"hu"}]}},"_links":{"self":[{"href":"https:\/\/nagykokenyes.hu\/index.php?rest_route=\/wp\/v2\/pages\/54","targetHints":{"allow":["GET"]}}],"collection":[{"href":"https:\/\/nagykokenyes.hu\/index.php?rest_route=\/wp\/v2\/pages"}],"about":[{"href":"https:\/\/nagykokenyes.hu\/index.php?rest_route=\/wp\/v2\/types\/page"}],"author":[{"embeddable":true,"href":"https:\/\/nagykokenyes.hu\/index.php?rest_route=\/wp\/v2\/users\/1"}],"replies":[{"embeddable":true,"href":"https:\/\/nagykokenyes.hu\/index.php?rest_route=%2Fwp%2Fv2%2Fcomments&post=54"}],"version-history":[{"count":6,"href":"https:\/\/nagykokenyes.hu\/index.php?rest_route=\/wp\/v2\/pages\/54\/revisions"}],"predecessor-version":[{"id":8436,"href":"https:\/\/nagykokenyes.hu\/index.php?rest_route=\/wp\/v2\/pages\/54\/revisions\/8436"}],"wp:attachment":[{"href":"https:\/\/nagykokenyes.hu\/index.php?rest_route=%2Fwp%2Fv2%2Fmedia&parent=54"}],"curies":[{"name":"wp","href":"https:\/\/api.w.org\/{rel}","templated":true}]}}