{"id":5543,"date":"2022-09-12T14:02:13","date_gmt":"2022-09-12T12:02:13","guid":{"rendered":"https:\/\/nagykokenyes.hu\/?page_id=5543"},"modified":"2023-05-31T12:17:14","modified_gmt":"2023-05-31T10:17:14","slug":"csapadekviz-elvezeto-halozat","status":"publish","type":"page","link":"https:\/\/nagykokenyes.hu\/?page_id=5543","title":{"rendered":"CSAPAD\u00c9KV\u00cdZ-ELVEZET\u0150 H\u00c1L\u00d3ZAT"},"content":{"rendered":"<ol start=\"2021\">\n<li style=\"text-align: justify;\">okt\u00f3ber 1.<\/li>\n<\/ol>\n<p style=\"text-align: justify;\">Nagyk\u00f6k\u00e9nyes k\u00f6zs\u00e9gi O\u0308nkorma\u0301nyzat<\/p>\n<p style=\"text-align: justify;\"><strong>Sajt\u00f3k\u00f6zlem\u00e9ny<br \/>\n<\/strong>csapad\u00e9kv\u00edz-elvezet\u0151 h\u00e1l\u00f3zat fejleszt\u00e9se Nagyk\u00f6k\u00e9nyes k\u00f6zs\u00e9gben<\/p>\n<p style=\"text-align: justify;\"><strong>Nagyk\u00f6k\u00e9nyes K\u00f6zs\u00e9gi \u00d6nkorm\u00e1nyzat a Telep\u00fcl\u00e9si k\u00f6rnyezetv\u00e9delmi infrastrukt\u00fara-fejleszt\u00e9sek t\u00e1rgy\u00fa felh\u00edv\u00e1sra ny\u00fajtotta be t\u00e1mogat\u00e1si k\u00e9relm\u00e9t, \u00e9s nyerte el a Csapad\u00e9kv\u00edz-elvezet\u0151 h\u00e1l\u00f3zat fejleszt\u00e9se Sz\u0171csi K\u00f6zs\u00e9gben c\u00edm\u0171 \u00e9s TOP-2.1.3-16-HE1-2021-00025 azonos\u00edt\u00f3 sz\u00e1m\u00fa p\u00e1ly\u00e1zatot. <\/strong><\/p>\n<p style=\"text-align: justify;\"><strong>2021 \u0151sz\u00e9n \u2013 a T\u00e1mogat\u00e1si szerz\u0151d\u00e9s al\u00e1\u00edr\u00e1s\u00e1val &#8211; Nagyk\u00f6k\u00e9nyesen kezdet\u00e9t vette a csapad\u00e9kv\u00edz-elvezet\u0151 h\u00e1l\u00f3zat\u00e1nak rekonstrukci\u00f3ja. Az \u00f6nkorm\u00e1nyzat 200 milli\u00f3 forintos p\u00e1ly\u00e1zati t\u00e1mogat\u00e1st nyert, melynek eredm\u00e9nyek\u00e9ppen a belter\u00fclet v\u00e9delm\u00e9t szolg\u00e1l\u00f3 v\u00edzelvezet\u0151-h\u00e1l\u00f3zat fejleszt\u00e9se, illetve fel\u00faj\u00edt\u00e1sa ker\u00fcl sor.<\/strong><\/p>\n<p style=\"text-align: justify;\">\u00c1ltal\u00e1nos c\u00e9l a telep\u00fcl\u00e9s k\u00f6rnyezeti \u00e1llapot\u00e1nak jav\u00edt\u00e1sa, a helyi v\u00edzk\u00e1r \u00e9s a dombvid\u00e9ki lefoly\u00e1sb\u00f3l sz\u00e1rmaz\u00f3 \u00e1rv\u00edzi vesz\u00e9lyeztetetts\u00e9g cs\u00f6kkent\u00e9se.<\/p>\n<p style=\"text-align: justify;\">Tervezett beavatkoz\u00e1sok <strong>els\u0151sorban<\/strong> a belter\u00fcleti csapad\u00e9kv\u00edz elvezet\u0151 rendszer \u00e1t\u00e9p\u00edt\u00e9se.<\/p>\n<p style=\"text-align: justify;\">A tervezett csapad\u00e9kv\u00edz elvezet\u0151 rendszer gravit\u00e1ci\u00f3s v\u00edzelvezet\u00e9st biztos\u00edt\u00f3, el\u0151re gy\u00e1rtott foly\u00f3ka- \u00e9s mederelemekkel burkolt \u00e1rokk\u00e9nt ker\u00fcl ki\u00e9p\u00edt\u00e9sre, a k\u00f6zleked\u00e9si fel\u00fcletek alatt (utak, kapubej\u00e1r\u00f3k) t\u00e1mfalas \u00e1tereszekkel \u00e1tvezetve. Csapad\u00e9kcsatorna \u00e9p\u00fcl \u00f6sszesen: 2056 fm.<\/p>\n<p style=\"text-align: justify;\"><strong>M\u00e1sodsorban<\/strong> Csapad\u00e9kv\u00edz visszatart\u00e1s megval\u00f3s\u00edt\u00e1sa. A belter\u00fcleten \u00f6sszegy\u00fclekez\u0151 csapad\u00e9kvizek helyben tart\u00e1s\u00e1nak, helyben hasznos\u00edt\u00e1s\u00e1nak \u00e9rdek\u00e9ben egy f\u00f6ldmedr\u0171 v\u00edzvisszatart\u00f3 m\u0171 ker\u00fcl ki\u00e9p\u00edt\u00e9sre.<\/p>\n<p style=\"text-align: justify;\">A v\u00edzvisszatart\u00f3 l\u00e9tes\u00edtm\u00e9ny m\u0171k\u00f6d\u00e9s\u00e9hez egy f\u00f6ldmedr\u0171 ny\u00edlt csatorna \u00e9p\u00fcl, mely az \u00e1rok vizeit k\u00e9pes bevezetni az egykor futballp\u00e1lyak\u00e9nt hasznos\u00edtott ter\u00fcletre. Itt a terepszint les\u00fcllyeszt\u00e9s\u00e9vel \u00e9s a k\u00f6rnyez\u0151 terepszint felt\u00f6lt\u00e9s\u00e9vel v\u00edzvisszatart\u00e1sra alkalmas meder ker\u00fcl ki\u00e9p\u00edt\u00e9sre. A beereszt\u0151 \u00e1rkon \u00e9s a leereszt\u0151 csatorn\u00e1n v\u00edzkorm\u00e1nyz\u00f3 kism\u0171t\u00e1rgyak \u00e9p\u00fclnek, melyekkel szab\u00e1lyozhat\u00f3v\u00e1 v\u00e1lik a v\u00edzvisszatart\u00e1s \u00e9s a mederben bet\u00e1razott v\u00edzszint.<\/p>\n<p style=\"text-align: justify;\">A projekt azonos\u00edt\u00f3sz\u00e1ma: <strong>TOP-2.1.3-16-HE1-2021-00025<br \/>\n<\/strong>A projekt \u00f6sszk\u00f6lts\u00e9ge: <strong>brutt\u00f3 200.000.000 Ft<br \/>\n<\/strong>A projekt megval\u00f3s\u00edt\u00e1s\u00e1nak id\u0151szaka: <strong>2021.02.19-2023.09.15.<br \/>\n<\/strong>A t\u00e1mogat\u00e1s m\u00e9rt\u00e9ke: <strong>100 % <\/strong><\/p>\n","protected":false},"excerpt":{"rendered":"<p>okt\u00f3ber 1. Nagyk\u00f6k\u00e9nyes k\u00f6zs\u00e9gi O\u0308nkorma\u0301nyzat Sajt\u00f3k\u00f6zlem\u00e9ny csapad\u00e9kv\u00edz-elvezet\u0151 h\u00e1l\u00f3zat fejleszt\u00e9se Nagyk\u00f6k\u00e9nyes k\u00f6zs\u00e9gben Nagyk\u00f6k\u00e9nyes K\u00f6zs\u00e9gi \u00d6nkorm\u00e1nyzat a Telep\u00fcl\u00e9si k\u00f6rnyezetv\u00e9delmi infrastrukt\u00fara-fejleszt\u00e9sek t\u00e1rgy\u00fa felh\u00edv\u00e1sra ny\u00fajtotta be t\u00e1mogat\u00e1si k\u00e9relm\u00e9t, \u00e9s nyerte el a Csapad\u00e9kv\u00edz-elvezet\u0151 h\u00e1l\u00f3zat fejleszt\u00e9se Sz\u0171csi K\u00f6zs\u00e9gben c\u00edm\u0171 \u00e9s TOP-2.1.3-16-HE1-2021-00025 azonos\u00edt\u00f3 sz\u00e1m\u00fa p\u00e1ly\u00e1zatot. 2021 \u0151sz\u00e9n \u2013 a T\u00e1mogat\u00e1si szerz\u0151d\u00e9s al\u00e1\u00edr\u00e1s\u00e1val &#8211; Nagyk\u00f6k\u00e9nyesen kezdet\u00e9t vette a csapad\u00e9kv\u00edz-elvezet\u0151 h\u00e1l\u00f3zat\u00e1nak rekonstrukci\u00f3ja. Az [&hellip;]<\/p>\n","protected":false},"author":3,"featured_media":0,"parent":0,"menu_order":0,"comment_status":"closed","ping_status":"closed","template":"","meta":{"footnotes":""},"class_list":["post-5543","page","type-page","status-publish","hentry"],"yoast_head":"<!-- This site is optimized with the Yoast SEO plugin v26.5 - https:\/\/yoast.com\/wordpress\/plugins\/seo\/ -->\n<title>CSAPAD\u00c9KV\u00cdZ-ELVEZET\u0150 H\u00c1L\u00d3ZAT - Nagyk\u00f6k\u00e9nyes K\u00f6zs\u00e9g \u00d6nkorm\u00e1nyzata<\/title>\n<meta name=\"robots\" content=\"index, follow, max-snippet:-1, max-image-preview:large, max-video-preview:-1\" \/>\n<link rel=\"canonical\" href=\"https:\/\/nagykokenyes.hu\/?page_id=5543\" \/>\n<meta property=\"og:locale\" content=\"hu_HU\" \/>\n<meta property=\"og:type\" content=\"article\" \/>\n<meta property=\"og:title\" content=\"CSAPAD\u00c9KV\u00cdZ-ELVEZET\u0150 H\u00c1L\u00d3ZAT - Nagyk\u00f6k\u00e9nyes K\u00f6zs\u00e9g \u00d6nkorm\u00e1nyzata\" \/>\n<meta property=\"og:description\" content=\"okt\u00f3ber 1. Nagyk\u00f6k\u00e9nyes k\u00f6zs\u00e9gi O\u0308nkorma\u0301nyzat Sajt\u00f3k\u00f6zlem\u00e9ny csapad\u00e9kv\u00edz-elvezet\u0151 h\u00e1l\u00f3zat fejleszt\u00e9se Nagyk\u00f6k\u00e9nyes k\u00f6zs\u00e9gben Nagyk\u00f6k\u00e9nyes K\u00f6zs\u00e9gi \u00d6nkorm\u00e1nyzat a Telep\u00fcl\u00e9si k\u00f6rnyezetv\u00e9delmi infrastrukt\u00fara-fejleszt\u00e9sek t\u00e1rgy\u00fa felh\u00edv\u00e1sra ny\u00fajtotta be t\u00e1mogat\u00e1si k\u00e9relm\u00e9t, \u00e9s nyerte el a Csapad\u00e9kv\u00edz-elvezet\u0151 h\u00e1l\u00f3zat fejleszt\u00e9se Sz\u0171csi K\u00f6zs\u00e9gben c\u00edm\u0171 \u00e9s TOP-2.1.3-16-HE1-2021-00025 azonos\u00edt\u00f3 sz\u00e1m\u00fa p\u00e1ly\u00e1zatot. 2021 \u0151sz\u00e9n \u2013 a T\u00e1mogat\u00e1si szerz\u0151d\u00e9s al\u00e1\u00edr\u00e1s\u00e1val &#8211; Nagyk\u00f6k\u00e9nyesen kezdet\u00e9t vette a csapad\u00e9kv\u00edz-elvezet\u0151 h\u00e1l\u00f3zat\u00e1nak rekonstrukci\u00f3ja. Az [&hellip;]\" \/>\n<meta property=\"og:url\" content=\"https:\/\/nagykokenyes.hu\/?page_id=5543\" \/>\n<meta property=\"og:site_name\" content=\"Nagyk\u00f6k\u00e9nyes K\u00f6zs\u00e9g \u00d6nkorm\u00e1nyzata\" \/>\n<meta property=\"article:modified_time\" content=\"2023-05-31T10:17:14+00:00\" \/>\n<meta name=\"twitter:card\" content=\"summary_large_image\" \/>\n<meta name=\"twitter:label1\" content=\"Becs\u00fclt olvas\u00e1si id\u0151\" \/>\n\t<meta name=\"twitter:data1\" content=\"2 perc\" \/>\n<script type=\"application\/ld+json\" class=\"yoast-schema-graph\">{\"@context\":\"https:\/\/schema.org\",\"@graph\":[{\"@type\":\"WebPage\",\"@id\":\"https:\/\/nagykokenyes.hu\/?page_id=5543\",\"url\":\"https:\/\/nagykokenyes.hu\/?page_id=5543\",\"name\":\"CSAPAD\u00c9KV\u00cdZ-ELVEZET\u0150 H\u00c1L\u00d3ZAT - Nagyk\u00f6k\u00e9nyes K\u00f6zs\u00e9g \u00d6nkorm\u00e1nyzata\",\"isPartOf\":{\"@id\":\"https:\/\/nagykokenyes.hu\/#website\"},\"datePublished\":\"2022-09-12T12:02:13+00:00\",\"dateModified\":\"2023-05-31T10:17:14+00:00\",\"breadcrumb\":{\"@id\":\"https:\/\/nagykokenyes.hu\/?page_id=5543#breadcrumb\"},\"inLanguage\":\"hu\",\"potentialAction\":[{\"@type\":\"ReadAction\",\"target\":[\"https:\/\/nagykokenyes.hu\/?page_id=5543\"]}]},{\"@type\":\"BreadcrumbList\",\"@id\":\"https:\/\/nagykokenyes.hu\/?page_id=5543#breadcrumb\",\"itemListElement\":[{\"@type\":\"ListItem\",\"position\":1,\"name\":\"Kezd\u0151lap\",\"item\":\"https:\/\/nagykokenyes.hu\/\"},{\"@type\":\"ListItem\",\"position\":2,\"name\":\"CSAPAD\u00c9KV\u00cdZ-ELVEZET\u0150 H\u00c1L\u00d3ZAT\"}]},{\"@type\":\"WebSite\",\"@id\":\"https:\/\/nagykokenyes.hu\/#website\",\"url\":\"https:\/\/nagykokenyes.hu\/\",\"name\":\"Nagyk\u00f6k\u00e9nyes K\u00f6zs\u00e9g \u00d6nkorm\u00e1nyzata\",\"description\":\"\",\"potentialAction\":[{\"@type\":\"SearchAction\",\"target\":{\"@type\":\"EntryPoint\",\"urlTemplate\":\"https:\/\/nagykokenyes.hu\/?s={search_term_string}\"},\"query-input\":{\"@type\":\"PropertyValueSpecification\",\"valueRequired\":true,\"valueName\":\"search_term_string\"}}],\"inLanguage\":\"hu\"}]}<\/script>\n<!-- \/ Yoast SEO plugin. -->","yoast_head_json":{"title":"CSAPAD\u00c9KV\u00cdZ-ELVEZET\u0150 H\u00c1L\u00d3ZAT - Nagyk\u00f6k\u00e9nyes K\u00f6zs\u00e9g \u00d6nkorm\u00e1nyzata","robots":{"index":"index","follow":"follow","max-snippet":"max-snippet:-1","max-image-preview":"max-image-preview:large","max-video-preview":"max-video-preview:-1"},"canonical":"https:\/\/nagykokenyes.hu\/?page_id=5543","og_locale":"hu_HU","og_type":"article","og_title":"CSAPAD\u00c9KV\u00cdZ-ELVEZET\u0150 H\u00c1L\u00d3ZAT - Nagyk\u00f6k\u00e9nyes K\u00f6zs\u00e9g \u00d6nkorm\u00e1nyzata","og_description":"okt\u00f3ber 1. Nagyk\u00f6k\u00e9nyes k\u00f6zs\u00e9gi O\u0308nkorma\u0301nyzat Sajt\u00f3k\u00f6zlem\u00e9ny csapad\u00e9kv\u00edz-elvezet\u0151 h\u00e1l\u00f3zat fejleszt\u00e9se Nagyk\u00f6k\u00e9nyes k\u00f6zs\u00e9gben Nagyk\u00f6k\u00e9nyes K\u00f6zs\u00e9gi \u00d6nkorm\u00e1nyzat a Telep\u00fcl\u00e9si k\u00f6rnyezetv\u00e9delmi infrastrukt\u00fara-fejleszt\u00e9sek t\u00e1rgy\u00fa felh\u00edv\u00e1sra ny\u00fajtotta be t\u00e1mogat\u00e1si k\u00e9relm\u00e9t, \u00e9s nyerte el a Csapad\u00e9kv\u00edz-elvezet\u0151 h\u00e1l\u00f3zat fejleszt\u00e9se Sz\u0171csi K\u00f6zs\u00e9gben c\u00edm\u0171 \u00e9s TOP-2.1.3-16-HE1-2021-00025 azonos\u00edt\u00f3 sz\u00e1m\u00fa p\u00e1ly\u00e1zatot. 2021 \u0151sz\u00e9n \u2013 a T\u00e1mogat\u00e1si szerz\u0151d\u00e9s al\u00e1\u00edr\u00e1s\u00e1val &#8211; Nagyk\u00f6k\u00e9nyesen kezdet\u00e9t vette a csapad\u00e9kv\u00edz-elvezet\u0151 h\u00e1l\u00f3zat\u00e1nak rekonstrukci\u00f3ja. Az [&hellip;]","og_url":"https:\/\/nagykokenyes.hu\/?page_id=5543","og_site_name":"Nagyk\u00f6k\u00e9nyes K\u00f6zs\u00e9g \u00d6nkorm\u00e1nyzata","article_modified_time":"2023-05-31T10:17:14+00:00","twitter_card":"summary_large_image","twitter_misc":{"Becs\u00fclt olvas\u00e1si id\u0151":"2 perc"},"schema":{"@context":"https:\/\/schema.org","@graph":[{"@type":"WebPage","@id":"https:\/\/nagykokenyes.hu\/?page_id=5543","url":"https:\/\/nagykokenyes.hu\/?page_id=5543","name":"CSAPAD\u00c9KV\u00cdZ-ELVEZET\u0150 H\u00c1L\u00d3ZAT - Nagyk\u00f6k\u00e9nyes K\u00f6zs\u00e9g \u00d6nkorm\u00e1nyzata","isPartOf":{"@id":"https:\/\/nagykokenyes.hu\/#website"},"datePublished":"2022-09-12T12:02:13+00:00","dateModified":"2023-05-31T10:17:14+00:00","breadcrumb":{"@id":"https:\/\/nagykokenyes.hu\/?page_id=5543#breadcrumb"},"inLanguage":"hu","potentialAction":[{"@type":"ReadAction","target":["https:\/\/nagykokenyes.hu\/?page_id=5543"]}]},{"@type":"BreadcrumbList","@id":"https:\/\/nagykokenyes.hu\/?page_id=5543#breadcrumb","itemListElement":[{"@type":"ListItem","position":1,"name":"Kezd\u0151lap","item":"https:\/\/nagykokenyes.hu\/"},{"@type":"ListItem","position":2,"name":"CSAPAD\u00c9KV\u00cdZ-ELVEZET\u0150 H\u00c1L\u00d3ZAT"}]},{"@type":"WebSite","@id":"https:\/\/nagykokenyes.hu\/#website","url":"https:\/\/nagykokenyes.hu\/","name":"Nagyk\u00f6k\u00e9nyes K\u00f6zs\u00e9g \u00d6nkorm\u00e1nyzata","description":"","potentialAction":[{"@type":"SearchAction","target":{"@type":"EntryPoint","urlTemplate":"https:\/\/nagykokenyes.hu\/?s={search_term_string}"},"query-input":{"@type":"PropertyValueSpecification","valueRequired":true,"valueName":"search_term_string"}}],"inLanguage":"hu"}]}},"_links":{"self":[{"href":"https:\/\/nagykokenyes.hu\/index.php?rest_route=\/wp\/v2\/pages\/5543","targetHints":{"allow":["GET"]}}],"collection":[{"href":"https:\/\/nagykokenyes.hu\/index.php?rest_route=\/wp\/v2\/pages"}],"about":[{"href":"https:\/\/nagykokenyes.hu\/index.php?rest_route=\/wp\/v2\/types\/page"}],"author":[{"embeddable":true,"href":"https:\/\/nagykokenyes.hu\/index.php?rest_route=\/wp\/v2\/users\/3"}],"replies":[{"embeddable":true,"href":"https:\/\/nagykokenyes.hu\/index.php?rest_route=%2Fwp%2Fv2%2Fcomments&post=5543"}],"version-history":[{"count":4,"href":"https:\/\/nagykokenyes.hu\/index.php?rest_route=\/wp\/v2\/pages\/5543\/revisions"}],"predecessor-version":[{"id":6553,"href":"https:\/\/nagykokenyes.hu\/index.php?rest_route=\/wp\/v2\/pages\/5543\/revisions\/6553"}],"wp:attachment":[{"href":"https:\/\/nagykokenyes.hu\/index.php?rest_route=%2Fwp%2Fv2%2Fmedia&parent=5543"}],"curies":[{"name":"wp","href":"https:\/\/api.w.org\/{rel}","templated":true}]}}