{"id":632,"date":"2018-07-19T22:06:39","date_gmt":"2018-07-19T22:06:39","guid":{"rendered":"http:\/\/nagykokenyes.hu\/?page_id=632"},"modified":"2018-07-19T22:06:39","modified_gmt":"2018-07-19T22:06:39","slug":"kozponti-orvosi-ugyelet","status":"publish","type":"page","link":"https:\/\/nagykokenyes.hu\/?page_id=632","title":{"rendered":"K\u00f6zponti orvosi \u00fcgyelet"},"content":{"rendered":"<p style=\"text-align: center;\"><strong>TISZTELT LAKOSOK!<\/strong><\/p>\n<p style=\"text-align: center;\">A k\u00f6zponti orvosi \u00fcgyeleti szolg\u00e1ltat\u00e1st az Orsz\u00e1gos Orvosi \u00dcgyelet Nonprofit Kft. v\u00e9gzi telep\u00fcl\u00e9s\u00fck\u00f6n.<\/p>\n<p style=\"text-align: center;\">Az orvosi \u00fcgyelet ir\u00e1ny\u00edt\u00e1sa, a telefonh\u00edv\u00e1sok fogad\u00e1sa a k\u00f6vetkez\u0151k szerint t\u00f6rt\u00e9nik:<\/p>\n<p style=\"text-align: center;\">2017. janu\u00e1r 01-t\u0151l a s\u00fcrg\u0151ss\u00e9gi betegell\u00e1t\u00e1s hat\u00e9konys\u00e1g\u00e1nak fokoz\u00e1sa, a p\u00e1rhuzamos h\u00edv\u00e1sok sz\u00e1m\u00e1nak cs\u00f6kkent\u00e9se, valamint az azonnali el\u00e9rhet\u0151s\u00e9g biztons\u00e1g\u00e1nak jav\u00edt\u00e1sa \u00e9rdek\u00e9ben az \u00fcgyelet ir\u00e1ny\u00edt\u00e1s\u00e1ra<\/p>\n<p style=\"text-align: center;\"><strong>DISZP\u00c9CSERSZOLG\u00c1LATOT M\u0170K\u00d6DTET.<\/strong><\/p>\n<p style=\"text-align: center;\">A Diszp\u00e9cserszolg\u00e1lat m\u0171k\u00f6d\u00e9s\u00e9nek el\u0151nyei:<\/p>\n<p style=\"text-align: center;\">A k\u00f3rk\u00e9p s\u00falyoss\u00e1gi fokozata szerint biztos\u00edtja az ell\u00e1t\u00e1st (az esett\u0151l f\u00fcgg\u0151en k\u00fcld \u00fcgyeletet vagy ak\u00e1r azonnal ment\u0151t ill. biztos\u00edt szakszer\u0171 tan\u00e1csad\u00e1st)<\/p>\n<p style=\"text-align: center;\">K\u00f6zvetlen kapcsolatot biztos\u00edt a szolg\u00e1ltat\u00f3n bel\u00fcli \u00e9s szolg\u00e1ltat\u00f3k k\u00f6z\u00f6tti hat\u00e9kony egy\u00fcttm\u0171k\u00f6d\u00e9shez (OMSZ, Rend\u0151rs\u00e9g, Katasztr\u00f3fav\u00e9delem stb.)<\/p>\n<p style=\"text-align: center;\">Az egys\u00e9ges, gyorsan el\u00e9rhet\u0151 s\u00fcrg\u0151ss\u00e9gi h\u00edv\u00f3sz\u00e1mon a lakoss\u00e1g seg\u00edts\u00e9get h\u00edvhat. Egy h\u00edv\u00e1s kezdem\u00e9nyez\u00e9s\u00e9vel az \u00fcgyelet \u00e9s a diszp\u00e9cserszolg\u00e1lat egy id\u0151ben el\u00e9rhet\u0151. \u00cdgy a beteg egy bel\u00e9p\u00e9si ponton kereszt\u00fcl ker\u00fcl kapcsolatba az ell\u00e1t\u00f3kkal \u00e9s egy\u00e9rtelm\u0171 beteg utakon \u00e1t jut ell\u00e1t\u00e1shoz.<\/p>\n<p style=\"text-align: center;\">2017. janu\u00e1r 01-t\u0151l az alapell\u00e1t\u00e1si \u00fcgyelet a k\u00f6vetkez\u0151 sz\u00e1mokon h\u00edvhat\u00f3:<\/p>\n<p style=\"text-align: center;\"><strong>\u00dcGYELETI H\u00cdV\u00d3SZ\u00c1M: 06\/70 3 703 104<\/strong><\/p>\n<p style=\"text-align: center;\"><strong>06-703-703-104<\/strong><\/p>\n<p style=\"text-align: center;\"><strong>Ment\u0151szolg\u00e1lat \/ment\u00e9si h\u00edv\u00f3sz\u00e1m:104<\/strong><\/p>\n<p style=\"text-align: center;\">\n<p style=\"text-align: center;\">Bejelent\u00e9skor a diszp\u00e9cserszolg\u00e1lat egys\u00e9ges k\u00e9rdez\u00e9si \u00e9s szakmai elvek figyelembev\u00e9tel\u00e9vel d\u00f6nt a riasztand\u00f3 s\u00fcrg\u0151ss\u00e9gi egys\u00e9gr\u0151l (kivonul\u00f3 \u00fcgyeleti szolg\u00e1lat (orvos, ment\u0151tiszt), kiemelt ment\u0151egys\u00e9g, esetkocsi, rohamkocsi). A szolg\u00e1latir\u00e1ny\u00edt\u00f3 a rendelkez\u00e9sre \u00e1ll\u00f3 inform\u00e1ci\u00f3k alapj\u00e1n a beteg feltal\u00e1l\u00e1si hely\u00e9hez legk\u00f6zelebbi \u00e9s a legfelk\u00e9sz\u00fcltebb egys\u00e9get k\u00fcldi a beteg seg\u00edts\u00e9g\u00e9re.<\/p>\n<p style=\"text-align: center;\">Amennyiben a bejelent\u00e9skor eg\u00e9szs\u00e9g\u00fcgyi tan\u00e1csad\u00e1sra van sz\u00fcks\u00e9ge az ir\u00e1ny\u00edt\u00e1s ebben is a seg\u00e9lyh\u00edv\u00f3 rendelkez\u00e9s\u00e9re \u00e1ll.<\/p>\n","protected":false},"excerpt":{"rendered":"<p>TISZTELT LAKOSOK! A k\u00f6zponti orvosi \u00fcgyeleti szolg\u00e1ltat\u00e1st az Orsz\u00e1gos Orvosi \u00dcgyelet Nonprofit Kft. v\u00e9gzi telep\u00fcl\u00e9s\u00fck\u00f6n. Az orvosi \u00fcgyelet ir\u00e1ny\u00edt\u00e1sa, a telefonh\u00edv\u00e1sok fogad\u00e1sa a k\u00f6vetkez\u0151k szerint t\u00f6rt\u00e9nik: 2017. janu\u00e1r 01-t\u0151l a s\u00fcrg\u0151ss\u00e9gi betegell\u00e1t\u00e1s hat\u00e9konys\u00e1g\u00e1nak fokoz\u00e1sa, a p\u00e1rhuzamos h\u00edv\u00e1sok sz\u00e1m\u00e1nak cs\u00f6kkent\u00e9se, valamint az azonnali el\u00e9rhet\u0151s\u00e9g biztons\u00e1g\u00e1nak jav\u00edt\u00e1sa \u00e9rdek\u00e9ben az \u00fcgyelet ir\u00e1ny\u00edt\u00e1s\u00e1ra DISZP\u00c9CSERSZOLG\u00c1LATOT M\u0170K\u00d6DTET. A Diszp\u00e9cserszolg\u00e1lat m\u0171k\u00f6d\u00e9s\u00e9nek el\u0151nyei: [&hellip;]<\/p>\n","protected":false},"author":1,"featured_media":0,"parent":0,"menu_order":0,"comment_status":"closed","ping_status":"closed","template":"","meta":{"footnotes":""},"class_list":["post-632","page","type-page","status-publish","hentry"],"yoast_head":"<!-- This site is optimized with the Yoast SEO plugin v26.5 - https:\/\/yoast.com\/wordpress\/plugins\/seo\/ -->\n<title>K\u00f6zponti orvosi \u00fcgyelet - Nagyk\u00f6k\u00e9nyes K\u00f6zs\u00e9g \u00d6nkorm\u00e1nyzata<\/title>\n<meta name=\"robots\" content=\"index, follow, max-snippet:-1, max-image-preview:large, max-video-preview:-1\" \/>\n<link rel=\"canonical\" href=\"https:\/\/nagykokenyes.hu\/?page_id=632\" \/>\n<meta property=\"og:locale\" content=\"hu_HU\" \/>\n<meta property=\"og:type\" content=\"article\" \/>\n<meta property=\"og:title\" content=\"K\u00f6zponti orvosi \u00fcgyelet - Nagyk\u00f6k\u00e9nyes K\u00f6zs\u00e9g \u00d6nkorm\u00e1nyzata\" \/>\n<meta property=\"og:description\" content=\"TISZTELT LAKOSOK! A k\u00f6zponti orvosi \u00fcgyeleti szolg\u00e1ltat\u00e1st az Orsz\u00e1gos Orvosi \u00dcgyelet Nonprofit Kft. v\u00e9gzi telep\u00fcl\u00e9s\u00fck\u00f6n. Az orvosi \u00fcgyelet ir\u00e1ny\u00edt\u00e1sa, a telefonh\u00edv\u00e1sok fogad\u00e1sa a k\u00f6vetkez\u0151k szerint t\u00f6rt\u00e9nik: 2017. janu\u00e1r 01-t\u0151l a s\u00fcrg\u0151ss\u00e9gi betegell\u00e1t\u00e1s hat\u00e9konys\u00e1g\u00e1nak fokoz\u00e1sa, a p\u00e1rhuzamos h\u00edv\u00e1sok sz\u00e1m\u00e1nak cs\u00f6kkent\u00e9se, valamint az azonnali el\u00e9rhet\u0151s\u00e9g biztons\u00e1g\u00e1nak jav\u00edt\u00e1sa \u00e9rdek\u00e9ben az \u00fcgyelet ir\u00e1ny\u00edt\u00e1s\u00e1ra DISZP\u00c9CSERSZOLG\u00c1LATOT M\u0170K\u00d6DTET. A Diszp\u00e9cserszolg\u00e1lat m\u0171k\u00f6d\u00e9s\u00e9nek el\u0151nyei: [&hellip;]\" \/>\n<meta property=\"og:url\" content=\"https:\/\/nagykokenyes.hu\/?page_id=632\" \/>\n<meta property=\"og:site_name\" content=\"Nagyk\u00f6k\u00e9nyes K\u00f6zs\u00e9g \u00d6nkorm\u00e1nyzata\" \/>\n<meta name=\"twitter:card\" content=\"summary_large_image\" \/>\n<meta name=\"twitter:label1\" content=\"Becs\u00fclt olvas\u00e1si id\u0151\" \/>\n\t<meta name=\"twitter:data1\" content=\"2 perc\" \/>\n<script type=\"application\/ld+json\" class=\"yoast-schema-graph\">{\"@context\":\"https:\/\/schema.org\",\"@graph\":[{\"@type\":\"WebPage\",\"@id\":\"https:\/\/nagykokenyes.hu\/?page_id=632\",\"url\":\"https:\/\/nagykokenyes.hu\/?page_id=632\",\"name\":\"K\u00f6zponti orvosi \u00fcgyelet - Nagyk\u00f6k\u00e9nyes K\u00f6zs\u00e9g \u00d6nkorm\u00e1nyzata\",\"isPartOf\":{\"@id\":\"https:\/\/nagykokenyes.hu\/#website\"},\"datePublished\":\"2018-07-19T22:06:39+00:00\",\"breadcrumb\":{\"@id\":\"https:\/\/nagykokenyes.hu\/?page_id=632#breadcrumb\"},\"inLanguage\":\"hu\",\"potentialAction\":[{\"@type\":\"ReadAction\",\"target\":[\"https:\/\/nagykokenyes.hu\/?page_id=632\"]}]},{\"@type\":\"BreadcrumbList\",\"@id\":\"https:\/\/nagykokenyes.hu\/?page_id=632#breadcrumb\",\"itemListElement\":[{\"@type\":\"ListItem\",\"position\":1,\"name\":\"Kezd\u0151lap\",\"item\":\"https:\/\/nagykokenyes.hu\/\"},{\"@type\":\"ListItem\",\"position\":2,\"name\":\"K\u00f6zponti orvosi \u00fcgyelet\"}]},{\"@type\":\"WebSite\",\"@id\":\"https:\/\/nagykokenyes.hu\/#website\",\"url\":\"https:\/\/nagykokenyes.hu\/\",\"name\":\"Nagyk\u00f6k\u00e9nyes K\u00f6zs\u00e9g \u00d6nkorm\u00e1nyzata\",\"description\":\"\",\"potentialAction\":[{\"@type\":\"SearchAction\",\"target\":{\"@type\":\"EntryPoint\",\"urlTemplate\":\"https:\/\/nagykokenyes.hu\/?s={search_term_string}\"},\"query-input\":{\"@type\":\"PropertyValueSpecification\",\"valueRequired\":true,\"valueName\":\"search_term_string\"}}],\"inLanguage\":\"hu\"}]}<\/script>\n<!-- \/ Yoast SEO plugin. -->","yoast_head_json":{"title":"K\u00f6zponti orvosi \u00fcgyelet - Nagyk\u00f6k\u00e9nyes K\u00f6zs\u00e9g \u00d6nkorm\u00e1nyzata","robots":{"index":"index","follow":"follow","max-snippet":"max-snippet:-1","max-image-preview":"max-image-preview:large","max-video-preview":"max-video-preview:-1"},"canonical":"https:\/\/nagykokenyes.hu\/?page_id=632","og_locale":"hu_HU","og_type":"article","og_title":"K\u00f6zponti orvosi \u00fcgyelet - Nagyk\u00f6k\u00e9nyes K\u00f6zs\u00e9g \u00d6nkorm\u00e1nyzata","og_description":"TISZTELT LAKOSOK! A k\u00f6zponti orvosi \u00fcgyeleti szolg\u00e1ltat\u00e1st az Orsz\u00e1gos Orvosi \u00dcgyelet Nonprofit Kft. v\u00e9gzi telep\u00fcl\u00e9s\u00fck\u00f6n. Az orvosi \u00fcgyelet ir\u00e1ny\u00edt\u00e1sa, a telefonh\u00edv\u00e1sok fogad\u00e1sa a k\u00f6vetkez\u0151k szerint t\u00f6rt\u00e9nik: 2017. janu\u00e1r 01-t\u0151l a s\u00fcrg\u0151ss\u00e9gi betegell\u00e1t\u00e1s hat\u00e9konys\u00e1g\u00e1nak fokoz\u00e1sa, a p\u00e1rhuzamos h\u00edv\u00e1sok sz\u00e1m\u00e1nak cs\u00f6kkent\u00e9se, valamint az azonnali el\u00e9rhet\u0151s\u00e9g biztons\u00e1g\u00e1nak jav\u00edt\u00e1sa \u00e9rdek\u00e9ben az \u00fcgyelet ir\u00e1ny\u00edt\u00e1s\u00e1ra DISZP\u00c9CSERSZOLG\u00c1LATOT M\u0170K\u00d6DTET. A Diszp\u00e9cserszolg\u00e1lat m\u0171k\u00f6d\u00e9s\u00e9nek el\u0151nyei: [&hellip;]","og_url":"https:\/\/nagykokenyes.hu\/?page_id=632","og_site_name":"Nagyk\u00f6k\u00e9nyes K\u00f6zs\u00e9g \u00d6nkorm\u00e1nyzata","twitter_card":"summary_large_image","twitter_misc":{"Becs\u00fclt olvas\u00e1si id\u0151":"2 perc"},"schema":{"@context":"https:\/\/schema.org","@graph":[{"@type":"WebPage","@id":"https:\/\/nagykokenyes.hu\/?page_id=632","url":"https:\/\/nagykokenyes.hu\/?page_id=632","name":"K\u00f6zponti orvosi \u00fcgyelet - Nagyk\u00f6k\u00e9nyes K\u00f6zs\u00e9g \u00d6nkorm\u00e1nyzata","isPartOf":{"@id":"https:\/\/nagykokenyes.hu\/#website"},"datePublished":"2018-07-19T22:06:39+00:00","breadcrumb":{"@id":"https:\/\/nagykokenyes.hu\/?page_id=632#breadcrumb"},"inLanguage":"hu","potentialAction":[{"@type":"ReadAction","target":["https:\/\/nagykokenyes.hu\/?page_id=632"]}]},{"@type":"BreadcrumbList","@id":"https:\/\/nagykokenyes.hu\/?page_id=632#breadcrumb","itemListElement":[{"@type":"ListItem","position":1,"name":"Kezd\u0151lap","item":"https:\/\/nagykokenyes.hu\/"},{"@type":"ListItem","position":2,"name":"K\u00f6zponti orvosi \u00fcgyelet"}]},{"@type":"WebSite","@id":"https:\/\/nagykokenyes.hu\/#website","url":"https:\/\/nagykokenyes.hu\/","name":"Nagyk\u00f6k\u00e9nyes K\u00f6zs\u00e9g \u00d6nkorm\u00e1nyzata","description":"","potentialAction":[{"@type":"SearchAction","target":{"@type":"EntryPoint","urlTemplate":"https:\/\/nagykokenyes.hu\/?s={search_term_string}"},"query-input":{"@type":"PropertyValueSpecification","valueRequired":true,"valueName":"search_term_string"}}],"inLanguage":"hu"}]}},"_links":{"self":[{"href":"https:\/\/nagykokenyes.hu\/index.php?rest_route=\/wp\/v2\/pages\/632","targetHints":{"allow":["GET"]}}],"collection":[{"href":"https:\/\/nagykokenyes.hu\/index.php?rest_route=\/wp\/v2\/pages"}],"about":[{"href":"https:\/\/nagykokenyes.hu\/index.php?rest_route=\/wp\/v2\/types\/page"}],"author":[{"embeddable":true,"href":"https:\/\/nagykokenyes.hu\/index.php?rest_route=\/wp\/v2\/users\/1"}],"replies":[{"embeddable":true,"href":"https:\/\/nagykokenyes.hu\/index.php?rest_route=%2Fwp%2Fv2%2Fcomments&post=632"}],"version-history":[{"count":1,"href":"https:\/\/nagykokenyes.hu\/index.php?rest_route=\/wp\/v2\/pages\/632\/revisions"}],"predecessor-version":[{"id":634,"href":"https:\/\/nagykokenyes.hu\/index.php?rest_route=\/wp\/v2\/pages\/632\/revisions\/634"}],"wp:attachment":[{"href":"https:\/\/nagykokenyes.hu\/index.php?rest_route=%2Fwp%2Fv2%2Fmedia&parent=632"}],"curies":[{"name":"wp","href":"https:\/\/api.w.org\/{rel}","templated":true}]}}