{"id":64,"date":"2018-05-28T18:36:07","date_gmt":"2018-05-28T18:36:07","guid":{"rendered":"http:\/\/nagykokenyes.hu\/?page_id=64"},"modified":"2019-10-05T17:51:10","modified_gmt":"2019-10-05T17:51:10","slug":"galeria","status":"publish","type":"page","link":"https:\/\/nagykokenyes.hu\/?page_id=64","title":{"rendered":"Gal\u00e9ria"},"content":{"rendered":"<div id='gallery-1' class='gallery galleryid-64 gallery-columns-2 gallery-size-full'><figure class='gallery-item'>\n\t\t\t<div class='gallery-icon landscape'>\n\t\t\t\t<a href='https:\/\/nagykokenyes.hu\/wp-content\/uploads\/2018\/07\/IMG_1532.jpg'><img loading=\"lazy\" decoding=\"async\" width=\"1920\" height=\"1280\" src=\"https:\/\/nagykokenyes.hu\/wp-content\/uploads\/2018\/07\/IMG_1532.jpg\" class=\"attachment-full size-full\" alt=\"\" srcset=\"https:\/\/nagykokenyes.hu\/wp-content\/uploads\/2018\/07\/IMG_1532.jpg 1920w, https:\/\/nagykokenyes.hu\/wp-content\/uploads\/2018\/07\/IMG_1532-768x512.jpg 768w\" sizes=\"auto, (max-width: 1920px) 100vw, 1920px\" \/><\/a>\n\t\t\t<\/div><\/figure><figure class='gallery-item'>\n\t\t\t<div class='gallery-icon landscape'>\n\t\t\t\t<a href='https:\/\/nagykokenyes.hu\/wp-content\/uploads\/2018\/07\/IMG_1570.jpg'><img loading=\"lazy\" decoding=\"async\" width=\"1920\" height=\"1280\" src=\"https:\/\/nagykokenyes.hu\/wp-content\/uploads\/2018\/07\/IMG_1570.jpg\" class=\"attachment-full size-full\" alt=\"\" srcset=\"https:\/\/nagykokenyes.hu\/wp-content\/uploads\/2018\/07\/IMG_1570.jpg 1920w, https:\/\/nagykokenyes.hu\/wp-content\/uploads\/2018\/07\/IMG_1570-768x512.jpg 768w\" sizes=\"auto, (max-width: 1920px) 100vw, 1920px\" \/><\/a>\n\t\t\t<\/div><\/figure><figure class='gallery-item'>\n\t\t\t<div class='gallery-icon landscape'>\n\t\t\t\t<a href='https:\/\/nagykokenyes.hu\/wp-content\/uploads\/2018\/06\/NK7_2018.jpg'><img loading=\"lazy\" decoding=\"async\" width=\"960\" height=\"678\" src=\"https:\/\/nagykokenyes.hu\/wp-content\/uploads\/2018\/06\/NK7_2018.jpg\" class=\"attachment-full size-full\" alt=\"\" srcset=\"https:\/\/nagykokenyes.hu\/wp-content\/uploads\/2018\/06\/NK7_2018.jpg 960w, https:\/\/nagykokenyes.hu\/wp-content\/uploads\/2018\/06\/NK7_2018-768x542.jpg 768w\" sizes=\"auto, (max-width: 960px) 100vw, 960px\" \/><\/a>\n\t\t\t<\/div><\/figure><figure class='gallery-item'>\n\t\t\t<div class='gallery-icon landscape'>\n\t\t\t\t<a href='https:\/\/nagykokenyes.hu\/wp-content\/uploads\/2018\/06\/falunap_2018.jpg'><img loading=\"lazy\" decoding=\"async\" width=\"1024\" height=\"483\" src=\"https:\/\/nagykokenyes.hu\/wp-content\/uploads\/2018\/06\/falunap_2018.jpg\" class=\"attachment-full size-full\" alt=\"\" srcset=\"https:\/\/nagykokenyes.hu\/wp-content\/uploads\/2018\/06\/falunap_2018.jpg 1024w, https:\/\/nagykokenyes.hu\/wp-content\/uploads\/2018\/06\/falunap_2018-768x362.jpg 768w\" sizes=\"auto, (max-width: 1024px) 100vw, 1024px\" \/><\/a>\n\t\t\t<\/div><\/figure><figure class='gallery-item'>\n\t\t\t<div class='gallery-icon portrait'>\n\t\t\t\t<a href='https:\/\/nagykokenyes.hu\/wp-content\/uploads\/2019\/09\/A3-plak\u00e1t_k\u00f6z\u00e9pkori-kavalk\u00e1d_v\u00e9gleges-1.jpg'><img loading=\"lazy\" decoding=\"async\" width=\"2339\" height=\"3308\" src=\"https:\/\/nagykokenyes.hu\/wp-content\/uploads\/2019\/09\/A3-plak\u00e1t_k\u00f6z\u00e9pkori-kavalk\u00e1d_v\u00e9gleges-1.jpg\" class=\"attachment-full size-full\" alt=\"\" srcset=\"https:\/\/nagykokenyes.hu\/wp-content\/uploads\/2019\/09\/A3-plak\u00e1t_k\u00f6z\u00e9pkori-kavalk\u00e1d_v\u00e9gleges-1.jpg 2339w, https:\/\/nagykokenyes.hu\/wp-content\/uploads\/2019\/09\/A3-plak\u00e1t_k\u00f6z\u00e9pkori-kavalk\u00e1d_v\u00e9gleges-1-768x1086.jpg 768w\" sizes=\"auto, (max-width: 2339px) 100vw, 2339px\" \/><\/a>\n\t\t\t<\/div><\/figure><figure class='gallery-item'>\n\t\t\t<div class='gallery-icon landscape'>\n\t\t\t\t<a href='https:\/\/nagykokenyes.hu\/wp-content\/uploads\/2019\/10\/IMG_4401.jpg'><img loading=\"lazy\" decoding=\"async\" width=\"1920\" height=\"1280\" src=\"https:\/\/nagykokenyes.hu\/wp-content\/uploads\/2019\/10\/IMG_4401.jpg\" class=\"attachment-full size-full\" alt=\"\" srcset=\"https:\/\/nagykokenyes.hu\/wp-content\/uploads\/2019\/10\/IMG_4401.jpg 1920w, https:\/\/nagykokenyes.hu\/wp-content\/uploads\/2019\/10\/IMG_4401-768x512.jpg 768w\" sizes=\"auto, (max-width: 1920px) 100vw, 1920px\" \/><\/a>\n\t\t\t<\/div><\/figure><figure class='gallery-item'>\n\t\t\t<div class='gallery-icon landscape'>\n\t\t\t\t<a href='https:\/\/nagykokenyes.hu\/wp-content\/uploads\/2019\/10\/IMG_4390.jpg'><img loading=\"lazy\" decoding=\"async\" width=\"1920\" height=\"1280\" src=\"https:\/\/nagykokenyes.hu\/wp-content\/uploads\/2019\/10\/IMG_4390.jpg\" class=\"attachment-full size-full\" alt=\"\" srcset=\"https:\/\/nagykokenyes.hu\/wp-content\/uploads\/2019\/10\/IMG_4390.jpg 1920w, https:\/\/nagykokenyes.hu\/wp-content\/uploads\/2019\/10\/IMG_4390-768x512.jpg 768w\" sizes=\"auto, (max-width: 1920px) 100vw, 1920px\" \/><\/a>\n\t\t\t<\/div><\/figure><figure class='gallery-item'>\n\t\t\t<div class='gallery-icon landscape'>\n\t\t\t\t<a href='https:\/\/nagykokenyes.hu\/wp-content\/uploads\/2019\/10\/IMG_3745.jpg'><img loading=\"lazy\" decoding=\"async\" width=\"1920\" height=\"1280\" src=\"https:\/\/nagykokenyes.hu\/wp-content\/uploads\/2019\/10\/IMG_3745.jpg\" class=\"attachment-full size-full\" alt=\"\" srcset=\"https:\/\/nagykokenyes.hu\/wp-content\/uploads\/2019\/10\/IMG_3745.jpg 1920w, https:\/\/nagykokenyes.hu\/wp-content\/uploads\/2019\/10\/IMG_3745-768x512.jpg 768w\" sizes=\"auto, (max-width: 1920px) 100vw, 1920px\" \/><\/a>\n\t\t\t<\/div><\/figure>\n\t\t<\/div>\n\n","protected":false},"excerpt":{"rendered":"","protected":false},"author":1,"featured_media":0,"parent":0,"menu_order":0,"comment_status":"closed","ping_status":"closed","template":"","meta":{"footnotes":""},"class_list":["post-64","page","type-page","status-publish","hentry"],"yoast_head":"<!-- This site is optimized with the Yoast SEO plugin v26.5 - https:\/\/yoast.com\/wordpress\/plugins\/seo\/ -->\n<title>Gal\u00e9ria - Nagyk\u00f6k\u00e9nyes K\u00f6zs\u00e9g \u00d6nkorm\u00e1nyzata<\/title>\n<meta name=\"robots\" content=\"index, follow, max-snippet:-1, max-image-preview:large, max-video-preview:-1\" \/>\n<link rel=\"canonical\" href=\"https:\/\/nagykokenyes.hu\/?page_id=64\" \/>\n<meta property=\"og:locale\" content=\"hu_HU\" \/>\n<meta property=\"og:type\" content=\"article\" \/>\n<meta property=\"og:title\" content=\"Gal\u00e9ria - Nagyk\u00f6k\u00e9nyes K\u00f6zs\u00e9g \u00d6nkorm\u00e1nyzata\" \/>\n<meta property=\"og:url\" content=\"https:\/\/nagykokenyes.hu\/?page_id=64\" \/>\n<meta property=\"og:site_name\" content=\"Nagyk\u00f6k\u00e9nyes K\u00f6zs\u00e9g \u00d6nkorm\u00e1nyzata\" \/>\n<meta property=\"article:modified_time\" content=\"2019-10-05T17:51:10+00:00\" \/>\n<meta property=\"og:image\" content=\"https:\/\/nagykokenyes.hu\/wp-content\/uploads\/2018\/07\/IMG_1532.jpg\" \/>\n<meta name=\"twitter:card\" content=\"summary_large_image\" \/>\n<script type=\"application\/ld+json\" class=\"yoast-schema-graph\">{\"@context\":\"https:\/\/schema.org\",\"@graph\":[{\"@type\":\"WebPage\",\"@id\":\"https:\/\/nagykokenyes.hu\/?page_id=64\",\"url\":\"https:\/\/nagykokenyes.hu\/?page_id=64\",\"name\":\"Gal\u00e9ria - Nagyk\u00f6k\u00e9nyes K\u00f6zs\u00e9g \u00d6nkorm\u00e1nyzata\",\"isPartOf\":{\"@id\":\"https:\/\/nagykokenyes.hu\/#website\"},\"datePublished\":\"2018-05-28T18:36:07+00:00\",\"dateModified\":\"2019-10-05T17:51:10+00:00\",\"breadcrumb\":{\"@id\":\"https:\/\/nagykokenyes.hu\/?page_id=64#breadcrumb\"},\"inLanguage\":\"hu\",\"potentialAction\":[{\"@type\":\"ReadAction\",\"target\":[\"https:\/\/nagykokenyes.hu\/?page_id=64\"]}]},{\"@type\":\"BreadcrumbList\",\"@id\":\"https:\/\/nagykokenyes.hu\/?page_id=64#breadcrumb\",\"itemListElement\":[{\"@type\":\"ListItem\",\"position\":1,\"name\":\"Kezd\u0151lap\",\"item\":\"https:\/\/nagykokenyes.hu\/\"},{\"@type\":\"ListItem\",\"position\":2,\"name\":\"Gal\u00e9ria\"}]},{\"@type\":\"WebSite\",\"@id\":\"https:\/\/nagykokenyes.hu\/#website\",\"url\":\"https:\/\/nagykokenyes.hu\/\",\"name\":\"Nagyk\u00f6k\u00e9nyes K\u00f6zs\u00e9g \u00d6nkorm\u00e1nyzata\",\"description\":\"\",\"potentialAction\":[{\"@type\":\"SearchAction\",\"target\":{\"@type\":\"EntryPoint\",\"urlTemplate\":\"https:\/\/nagykokenyes.hu\/?s={search_term_string}\"},\"query-input\":{\"@type\":\"PropertyValueSpecification\",\"valueRequired\":true,\"valueName\":\"search_term_string\"}}],\"inLanguage\":\"hu\"}]}<\/script>\n<!-- \/ Yoast SEO plugin. -->","yoast_head_json":{"title":"Gal\u00e9ria - Nagyk\u00f6k\u00e9nyes K\u00f6zs\u00e9g \u00d6nkorm\u00e1nyzata","robots":{"index":"index","follow":"follow","max-snippet":"max-snippet:-1","max-image-preview":"max-image-preview:large","max-video-preview":"max-video-preview:-1"},"canonical":"https:\/\/nagykokenyes.hu\/?page_id=64","og_locale":"hu_HU","og_type":"article","og_title":"Gal\u00e9ria - Nagyk\u00f6k\u00e9nyes K\u00f6zs\u00e9g \u00d6nkorm\u00e1nyzata","og_url":"https:\/\/nagykokenyes.hu\/?page_id=64","og_site_name":"Nagyk\u00f6k\u00e9nyes K\u00f6zs\u00e9g \u00d6nkorm\u00e1nyzata","article_modified_time":"2019-10-05T17:51:10+00:00","og_image":[{"url":"https:\/\/nagykokenyes.hu\/wp-content\/uploads\/2018\/07\/IMG_1532.jpg","type":"","width":"","height":""}],"twitter_card":"summary_large_image","schema":{"@context":"https:\/\/schema.org","@graph":[{"@type":"WebPage","@id":"https:\/\/nagykokenyes.hu\/?page_id=64","url":"https:\/\/nagykokenyes.hu\/?page_id=64","name":"Gal\u00e9ria - Nagyk\u00f6k\u00e9nyes K\u00f6zs\u00e9g \u00d6nkorm\u00e1nyzata","isPartOf":{"@id":"https:\/\/nagykokenyes.hu\/#website"},"datePublished":"2018-05-28T18:36:07+00:00","dateModified":"2019-10-05T17:51:10+00:00","breadcrumb":{"@id":"https:\/\/nagykokenyes.hu\/?page_id=64#breadcrumb"},"inLanguage":"hu","potentialAction":[{"@type":"ReadAction","target":["https:\/\/nagykokenyes.hu\/?page_id=64"]}]},{"@type":"BreadcrumbList","@id":"https:\/\/nagykokenyes.hu\/?page_id=64#breadcrumb","itemListElement":[{"@type":"ListItem","position":1,"name":"Kezd\u0151lap","item":"https:\/\/nagykokenyes.hu\/"},{"@type":"ListItem","position":2,"name":"Gal\u00e9ria"}]},{"@type":"WebSite","@id":"https:\/\/nagykokenyes.hu\/#website","url":"https:\/\/nagykokenyes.hu\/","name":"Nagyk\u00f6k\u00e9nyes K\u00f6zs\u00e9g \u00d6nkorm\u00e1nyzata","description":"","potentialAction":[{"@type":"SearchAction","target":{"@type":"EntryPoint","urlTemplate":"https:\/\/nagykokenyes.hu\/?s={search_term_string}"},"query-input":{"@type":"PropertyValueSpecification","valueRequired":true,"valueName":"search_term_string"}}],"inLanguage":"hu"}]}},"_links":{"self":[{"href":"https:\/\/nagykokenyes.hu\/index.php?rest_route=\/wp\/v2\/pages\/64","targetHints":{"allow":["GET"]}}],"collection":[{"href":"https:\/\/nagykokenyes.hu\/index.php?rest_route=\/wp\/v2\/pages"}],"about":[{"href":"https:\/\/nagykokenyes.hu\/index.php?rest_route=\/wp\/v2\/types\/page"}],"author":[{"embeddable":true,"href":"https:\/\/nagykokenyes.hu\/index.php?rest_route=\/wp\/v2\/users\/1"}],"replies":[{"embeddable":true,"href":"https:\/\/nagykokenyes.hu\/index.php?rest_route=%2Fwp%2Fv2%2Fcomments&post=64"}],"version-history":[{"count":7,"href":"https:\/\/nagykokenyes.hu\/index.php?rest_route=\/wp\/v2\/pages\/64\/revisions"}],"predecessor-version":[{"id":2006,"href":"https:\/\/nagykokenyes.hu\/index.php?rest_route=\/wp\/v2\/pages\/64\/revisions\/2006"}],"wp:attachment":[{"href":"https:\/\/nagykokenyes.hu\/index.php?rest_route=%2Fwp%2Fv2%2Fmedia&parent=64"}],"curies":[{"name":"wp","href":"https:\/\/api.w.org\/{rel}","templated":true}]}}