{"id":7180,"date":"2023-09-29T11:31:08","date_gmt":"2023-09-29T09:31:08","guid":{"rendered":"https:\/\/nagykokenyes.hu\/?page_id=7180"},"modified":"2023-09-29T11:31:52","modified_gmt":"2023-09-29T09:31:52","slug":"zsambeki-tanulmanyut","status":"publish","type":"page","link":"https:\/\/nagykokenyes.hu\/?page_id=7180","title":{"rendered":"Zs\u00e1mb\u00e9ki tanulm\u00e1ny\u00fat"},"content":{"rendered":"<div id='gallery-1' class='gallery galleryid-7180 gallery-columns-7 gallery-size-thumbnail'><figure class='gallery-item'>\n\t\t\t<div class='gallery-icon portrait'>\n\t\t\t\t<a href='https:\/\/nagykokenyes.hu\/wp-content\/uploads\/2023\/09\/20230826_101533-1-rotated.jpg'><img loading=\"lazy\" decoding=\"async\" width=\"150\" height=\"150\" src=\"https:\/\/nagykokenyes.hu\/wp-content\/uploads\/2023\/09\/20230826_101533-1-150x150.jpg\" class=\"attachment-thumbnail size-thumbnail\" alt=\"\" \/><\/a>\n\t\t\t<\/div><\/figure><figure class='gallery-item'>\n\t\t\t<div class='gallery-icon portrait'>\n\t\t\t\t<a href='https:\/\/nagykokenyes.hu\/wp-content\/uploads\/2023\/09\/20230826_102555-1-rotated.jpg'><img loading=\"lazy\" decoding=\"async\" width=\"150\" height=\"150\" src=\"https:\/\/nagykokenyes.hu\/wp-content\/uploads\/2023\/09\/20230826_102555-1-150x150.jpg\" class=\"attachment-thumbnail size-thumbnail\" alt=\"\" \/><\/a>\n\t\t\t<\/div><\/figure><figure class='gallery-item'>\n\t\t\t<div class='gallery-icon landscape'>\n\t\t\t\t<a href='https:\/\/nagykokenyes.hu\/wp-content\/uploads\/2023\/09\/20230826_102653.jpg'><img loading=\"lazy\" decoding=\"async\" width=\"150\" height=\"150\" src=\"https:\/\/nagykokenyes.hu\/wp-content\/uploads\/2023\/09\/20230826_102653-150x150.jpg\" class=\"attachment-thumbnail size-thumbnail\" alt=\"\" \/><\/a>\n\t\t\t<\/div><\/figure><figure class='gallery-item'>\n\t\t\t<div class='gallery-icon landscape'>\n\t\t\t\t<a href='https:\/\/nagykokenyes.hu\/wp-content\/uploads\/2023\/09\/20230826_104328-1.jpg'><img loading=\"lazy\" decoding=\"async\" width=\"150\" height=\"150\" src=\"https:\/\/nagykokenyes.hu\/wp-content\/uploads\/2023\/09\/20230826_104328-1-150x150.jpg\" class=\"attachment-thumbnail size-thumbnail\" alt=\"\" \/><\/a>\n\t\t\t<\/div><\/figure><figure class='gallery-item'>\n\t\t\t<div class='gallery-icon portrait'>\n\t\t\t\t<a href='https:\/\/nagykokenyes.hu\/wp-content\/uploads\/2023\/09\/20230826_104440-1-rotated.jpg'><img loading=\"lazy\" decoding=\"async\" width=\"150\" height=\"150\" src=\"https:\/\/nagykokenyes.hu\/wp-content\/uploads\/2023\/09\/20230826_104440-1-150x150.jpg\" class=\"attachment-thumbnail size-thumbnail\" alt=\"\" \/><\/a>\n\t\t\t<\/div><\/figure><figure class='gallery-item'>\n\t\t\t<div class='gallery-icon portrait'>\n\t\t\t\t<a href='https:\/\/nagykokenyes.hu\/wp-content\/uploads\/2023\/09\/20230826_110841-rotated.jpg'><img loading=\"lazy\" decoding=\"async\" width=\"150\" height=\"150\" src=\"https:\/\/nagykokenyes.hu\/wp-content\/uploads\/2023\/09\/20230826_110841-150x150.jpg\" class=\"attachment-thumbnail size-thumbnail\" alt=\"\" \/><\/a>\n\t\t\t<\/div><\/figure><figure class='gallery-item'>\n\t\t\t<div class='gallery-icon landscape'>\n\t\t\t\t<a href='https:\/\/nagykokenyes.hu\/wp-content\/uploads\/2023\/09\/20230826_113236.jpg'><img loading=\"lazy\" decoding=\"async\" width=\"150\" height=\"150\" src=\"https:\/\/nagykokenyes.hu\/wp-content\/uploads\/2023\/09\/20230826_113236-150x150.jpg\" class=\"attachment-thumbnail size-thumbnail\" alt=\"\" \/><\/a>\n\t\t\t<\/div><\/figure><figure class='gallery-item'>\n\t\t\t<div class='gallery-icon portrait'>\n\t\t\t\t<a href='https:\/\/nagykokenyes.hu\/wp-content\/uploads\/2023\/09\/20230826_120512-rotated.jpg'><img loading=\"lazy\" decoding=\"async\" width=\"150\" height=\"150\" src=\"https:\/\/nagykokenyes.hu\/wp-content\/uploads\/2023\/09\/20230826_120512-150x150.jpg\" class=\"attachment-thumbnail size-thumbnail\" alt=\"\" \/><\/a>\n\t\t\t<\/div><\/figure><figure class='gallery-item'>\n\t\t\t<div class='gallery-icon portrait'>\n\t\t\t\t<a href='https:\/\/nagykokenyes.hu\/wp-content\/uploads\/2023\/09\/20230826_120541-1-rotated.jpg'><img loading=\"lazy\" decoding=\"async\" width=\"150\" height=\"150\" src=\"https:\/\/nagykokenyes.hu\/wp-content\/uploads\/2023\/09\/20230826_120541-1-150x150.jpg\" class=\"attachment-thumbnail size-thumbnail\" alt=\"\" \/><\/a>\n\t\t\t<\/div><\/figure><figure class='gallery-item'>\n\t\t\t<div class='gallery-icon portrait'>\n\t\t\t\t<a href='https:\/\/nagykokenyes.hu\/wp-content\/uploads\/2023\/09\/20230826_120830-rotated.jpg'><img loading=\"lazy\" decoding=\"async\" width=\"150\" height=\"150\" src=\"https:\/\/nagykokenyes.hu\/wp-content\/uploads\/2023\/09\/20230826_120830-150x150.jpg\" class=\"attachment-thumbnail size-thumbnail\" alt=\"\" \/><\/a>\n\t\t\t<\/div><\/figure><figure class='gallery-item'>\n\t\t\t<div class='gallery-icon landscape'>\n\t\t\t\t<a href='https:\/\/nagykokenyes.hu\/wp-content\/uploads\/2023\/09\/20230826_120904.jpg'><img loading=\"lazy\" decoding=\"async\" width=\"150\" height=\"150\" src=\"https:\/\/nagykokenyes.hu\/wp-content\/uploads\/2023\/09\/20230826_120904-150x150.jpg\" class=\"attachment-thumbnail size-thumbnail\" alt=\"\" \/><\/a>\n\t\t\t<\/div><\/figure><figure class='gallery-item'>\n\t\t\t<div class='gallery-icon portrait'>\n\t\t\t\t<a href='https:\/\/nagykokenyes.hu\/wp-content\/uploads\/2023\/09\/20230826_121225-1-rotated.jpg'><img loading=\"lazy\" decoding=\"async\" width=\"150\" height=\"150\" src=\"https:\/\/nagykokenyes.hu\/wp-content\/uploads\/2023\/09\/20230826_121225-1-150x150.jpg\" class=\"attachment-thumbnail size-thumbnail\" alt=\"\" \/><\/a>\n\t\t\t<\/div><\/figure><figure class='gallery-item'>\n\t\t\t<div class='gallery-icon portrait'>\n\t\t\t\t<a href='https:\/\/nagykokenyes.hu\/wp-content\/uploads\/2023\/09\/20230826_123855-rotated.jpg'><img loading=\"lazy\" decoding=\"async\" width=\"150\" height=\"150\" src=\"https:\/\/nagykokenyes.hu\/wp-content\/uploads\/2023\/09\/20230826_123855-150x150.jpg\" class=\"attachment-thumbnail size-thumbnail\" alt=\"\" \/><\/a>\n\t\t\t<\/div><\/figure><figure class='gallery-item'>\n\t\t\t<div class='gallery-icon portrait'>\n\t\t\t\t<a href='https:\/\/nagykokenyes.hu\/wp-content\/uploads\/2023\/09\/20230826_124951-1-rotated.jpg'><img loading=\"lazy\" decoding=\"async\" width=\"150\" height=\"150\" src=\"https:\/\/nagykokenyes.hu\/wp-content\/uploads\/2023\/09\/20230826_124951-1-150x150.jpg\" class=\"attachment-thumbnail size-thumbnail\" alt=\"\" \/><\/a>\n\t\t\t<\/div><\/figure><figure class='gallery-item'>\n\t\t\t<div class='gallery-icon portrait'>\n\t\t\t\t<a href='https:\/\/nagykokenyes.hu\/wp-content\/uploads\/2023\/09\/20230826_125233-rotated.jpg'><img loading=\"lazy\" decoding=\"async\" width=\"150\" height=\"150\" src=\"https:\/\/nagykokenyes.hu\/wp-content\/uploads\/2023\/09\/20230826_125233-150x150.jpg\" class=\"attachment-thumbnail size-thumbnail\" alt=\"\" \/><\/a>\n\t\t\t<\/div><\/figure><figure class='gallery-item'>\n\t\t\t<div class='gallery-icon portrait'>\n\t\t\t\t<a href='https:\/\/nagykokenyes.hu\/wp-content\/uploads\/2023\/09\/20230826_125917-rotated.jpg'><img loading=\"lazy\" decoding=\"async\" width=\"150\" height=\"150\" src=\"https:\/\/nagykokenyes.hu\/wp-content\/uploads\/2023\/09\/20230826_125917-150x150.jpg\" class=\"attachment-thumbnail size-thumbnail\" alt=\"\" \/><\/a>\n\t\t\t<\/div><\/figure><figure class='gallery-item'>\n\t\t\t<div class='gallery-icon portrait'>\n\t\t\t\t<a href='https:\/\/nagykokenyes.hu\/wp-content\/uploads\/2023\/09\/20230826_125934-rotated.jpg'><img loading=\"lazy\" decoding=\"async\" width=\"150\" height=\"150\" src=\"https:\/\/nagykokenyes.hu\/wp-content\/uploads\/2023\/09\/20230826_125934-150x150.jpg\" class=\"attachment-thumbnail size-thumbnail\" alt=\"\" \/><\/a>\n\t\t\t<\/div><\/figure><figure class='gallery-item'>\n\t\t\t<div class='gallery-icon portrait'>\n\t\t\t\t<a href='https:\/\/nagykokenyes.hu\/wp-content\/uploads\/2023\/09\/20230826_125945-rotated.jpg'><img loading=\"lazy\" decoding=\"async\" width=\"150\" height=\"150\" src=\"https:\/\/nagykokenyes.hu\/wp-content\/uploads\/2023\/09\/20230826_125945-150x150.jpg\" class=\"attachment-thumbnail size-thumbnail\" alt=\"\" \/><\/a>\n\t\t\t<\/div><\/figure><figure class='gallery-item'>\n\t\t\t<div class='gallery-icon portrait'>\n\t\t\t\t<a href='https:\/\/nagykokenyes.hu\/wp-content\/uploads\/2023\/09\/20230826_125957-rotated.jpg'><img loading=\"lazy\" decoding=\"async\" width=\"150\" height=\"150\" src=\"https:\/\/nagykokenyes.hu\/wp-content\/uploads\/2023\/09\/20230826_125957-150x150.jpg\" class=\"attachment-thumbnail size-thumbnail\" alt=\"\" \/><\/a>\n\t\t\t<\/div><\/figure><figure class='gallery-item'>\n\t\t\t<div class='gallery-icon landscape'>\n\t\t\t\t<a href='https:\/\/nagykokenyes.hu\/wp-content\/uploads\/2023\/09\/20230826_131852-1.jpg'><img loading=\"lazy\" decoding=\"async\" width=\"150\" height=\"150\" src=\"https:\/\/nagykokenyes.hu\/wp-content\/uploads\/2023\/09\/20230826_131852-1-150x150.jpg\" class=\"attachment-thumbnail size-thumbnail\" alt=\"\" \/><\/a>\n\t\t\t<\/div><\/figure><figure class='gallery-item'>\n\t\t\t<div class='gallery-icon portrait'>\n\t\t\t\t<a href='https:\/\/nagykokenyes.hu\/wp-content\/uploads\/2023\/09\/20230826_145710-1-rotated.jpg'><img loading=\"lazy\" decoding=\"async\" width=\"150\" height=\"150\" src=\"https:\/\/nagykokenyes.hu\/wp-content\/uploads\/2023\/09\/20230826_145710-1-150x150.jpg\" class=\"attachment-thumbnail size-thumbnail\" alt=\"\" \/><\/a>\n\t\t\t<\/div><\/figure>\n\t\t<\/div>\n\n","protected":false},"excerpt":{"rendered":"","protected":false},"author":3,"featured_media":0,"parent":0,"menu_order":0,"comment_status":"closed","ping_status":"closed","template":"","meta":{"footnotes":""},"class_list":["post-7180","page","type-page","status-publish","hentry"],"yoast_head":"<!-- This site is optimized with the Yoast SEO plugin v26.5 - https:\/\/yoast.com\/wordpress\/plugins\/seo\/ -->\n<title>Zs\u00e1mb\u00e9ki tanulm\u00e1ny\u00fat - Nagyk\u00f6k\u00e9nyes K\u00f6zs\u00e9g \u00d6nkorm\u00e1nyzata<\/title>\n<meta name=\"robots\" content=\"index, follow, max-snippet:-1, max-image-preview:large, max-video-preview:-1\" \/>\n<link rel=\"canonical\" href=\"https:\/\/nagykokenyes.hu\/?page_id=7180\" \/>\n<meta property=\"og:locale\" content=\"hu_HU\" \/>\n<meta property=\"og:type\" content=\"article\" \/>\n<meta property=\"og:title\" content=\"Zs\u00e1mb\u00e9ki tanulm\u00e1ny\u00fat - Nagyk\u00f6k\u00e9nyes K\u00f6zs\u00e9g \u00d6nkorm\u00e1nyzata\" \/>\n<meta property=\"og:url\" content=\"https:\/\/nagykokenyes.hu\/?page_id=7180\" \/>\n<meta property=\"og:site_name\" content=\"Nagyk\u00f6k\u00e9nyes K\u00f6zs\u00e9g \u00d6nkorm\u00e1nyzata\" \/>\n<meta property=\"article:modified_time\" content=\"2023-09-29T09:31:52+00:00\" \/>\n<meta property=\"og:image\" content=\"https:\/\/nagykokenyes.hu\/wp-content\/uploads\/2023\/09\/20230826_101533-1-150x150.jpg\" \/>\n<meta name=\"twitter:card\" content=\"summary_large_image\" \/>\n<meta name=\"twitter:label1\" content=\"Becs\u00fclt olvas\u00e1si id\u0151\" \/>\n\t<meta name=\"twitter:data1\" content=\"1 perc\" \/>\n<script type=\"application\/ld+json\" class=\"yoast-schema-graph\">{\"@context\":\"https:\/\/schema.org\",\"@graph\":[{\"@type\":\"WebPage\",\"@id\":\"https:\/\/nagykokenyes.hu\/?page_id=7180\",\"url\":\"https:\/\/nagykokenyes.hu\/?page_id=7180\",\"name\":\"Zs\u00e1mb\u00e9ki tanulm\u00e1ny\u00fat - Nagyk\u00f6k\u00e9nyes K\u00f6zs\u00e9g \u00d6nkorm\u00e1nyzata\",\"isPartOf\":{\"@id\":\"https:\/\/nagykokenyes.hu\/#website\"},\"datePublished\":\"2023-09-29T09:31:08+00:00\",\"dateModified\":\"2023-09-29T09:31:52+00:00\",\"breadcrumb\":{\"@id\":\"https:\/\/nagykokenyes.hu\/?page_id=7180#breadcrumb\"},\"inLanguage\":\"hu\",\"potentialAction\":[{\"@type\":\"ReadAction\",\"target\":[\"https:\/\/nagykokenyes.hu\/?page_id=7180\"]}]},{\"@type\":\"BreadcrumbList\",\"@id\":\"https:\/\/nagykokenyes.hu\/?page_id=7180#breadcrumb\",\"itemListElement\":[{\"@type\":\"ListItem\",\"position\":1,\"name\":\"Kezd\u0151lap\",\"item\":\"https:\/\/nagykokenyes.hu\/\"},{\"@type\":\"ListItem\",\"position\":2,\"name\":\"Zs\u00e1mb\u00e9ki tanulm\u00e1ny\u00fat\"}]},{\"@type\":\"WebSite\",\"@id\":\"https:\/\/nagykokenyes.hu\/#website\",\"url\":\"https:\/\/nagykokenyes.hu\/\",\"name\":\"Nagyk\u00f6k\u00e9nyes K\u00f6zs\u00e9g \u00d6nkorm\u00e1nyzata\",\"description\":\"\",\"potentialAction\":[{\"@type\":\"SearchAction\",\"target\":{\"@type\":\"EntryPoint\",\"urlTemplate\":\"https:\/\/nagykokenyes.hu\/?s={search_term_string}\"},\"query-input\":{\"@type\":\"PropertyValueSpecification\",\"valueRequired\":true,\"valueName\":\"search_term_string\"}}],\"inLanguage\":\"hu\"}]}<\/script>\n<!-- \/ Yoast SEO plugin. -->","yoast_head_json":{"title":"Zs\u00e1mb\u00e9ki tanulm\u00e1ny\u00fat - Nagyk\u00f6k\u00e9nyes K\u00f6zs\u00e9g \u00d6nkorm\u00e1nyzata","robots":{"index":"index","follow":"follow","max-snippet":"max-snippet:-1","max-image-preview":"max-image-preview:large","max-video-preview":"max-video-preview:-1"},"canonical":"https:\/\/nagykokenyes.hu\/?page_id=7180","og_locale":"hu_HU","og_type":"article","og_title":"Zs\u00e1mb\u00e9ki tanulm\u00e1ny\u00fat - Nagyk\u00f6k\u00e9nyes K\u00f6zs\u00e9g \u00d6nkorm\u00e1nyzata","og_url":"https:\/\/nagykokenyes.hu\/?page_id=7180","og_site_name":"Nagyk\u00f6k\u00e9nyes K\u00f6zs\u00e9g \u00d6nkorm\u00e1nyzata","article_modified_time":"2023-09-29T09:31:52+00:00","og_image":[{"url":"https:\/\/nagykokenyes.hu\/wp-content\/uploads\/2023\/09\/20230826_101533-1-150x150.jpg","type":"","width":"","height":""}],"twitter_card":"summary_large_image","twitter_misc":{"Becs\u00fclt olvas\u00e1si id\u0151":"1 perc"},"schema":{"@context":"https:\/\/schema.org","@graph":[{"@type":"WebPage","@id":"https:\/\/nagykokenyes.hu\/?page_id=7180","url":"https:\/\/nagykokenyes.hu\/?page_id=7180","name":"Zs\u00e1mb\u00e9ki tanulm\u00e1ny\u00fat - Nagyk\u00f6k\u00e9nyes K\u00f6zs\u00e9g \u00d6nkorm\u00e1nyzata","isPartOf":{"@id":"https:\/\/nagykokenyes.hu\/#website"},"datePublished":"2023-09-29T09:31:08+00:00","dateModified":"2023-09-29T09:31:52+00:00","breadcrumb":{"@id":"https:\/\/nagykokenyes.hu\/?page_id=7180#breadcrumb"},"inLanguage":"hu","potentialAction":[{"@type":"ReadAction","target":["https:\/\/nagykokenyes.hu\/?page_id=7180"]}]},{"@type":"BreadcrumbList","@id":"https:\/\/nagykokenyes.hu\/?page_id=7180#breadcrumb","itemListElement":[{"@type":"ListItem","position":1,"name":"Kezd\u0151lap","item":"https:\/\/nagykokenyes.hu\/"},{"@type":"ListItem","position":2,"name":"Zs\u00e1mb\u00e9ki tanulm\u00e1ny\u00fat"}]},{"@type":"WebSite","@id":"https:\/\/nagykokenyes.hu\/#website","url":"https:\/\/nagykokenyes.hu\/","name":"Nagyk\u00f6k\u00e9nyes K\u00f6zs\u00e9g \u00d6nkorm\u00e1nyzata","description":"","potentialAction":[{"@type":"SearchAction","target":{"@type":"EntryPoint","urlTemplate":"https:\/\/nagykokenyes.hu\/?s={search_term_string}"},"query-input":{"@type":"PropertyValueSpecification","valueRequired":true,"valueName":"search_term_string"}}],"inLanguage":"hu"}]}},"_links":{"self":[{"href":"https:\/\/nagykokenyes.hu\/index.php?rest_route=\/wp\/v2\/pages\/7180","targetHints":{"allow":["GET"]}}],"collection":[{"href":"https:\/\/nagykokenyes.hu\/index.php?rest_route=\/wp\/v2\/pages"}],"about":[{"href":"https:\/\/nagykokenyes.hu\/index.php?rest_route=\/wp\/v2\/types\/page"}],"author":[{"embeddable":true,"href":"https:\/\/nagykokenyes.hu\/index.php?rest_route=\/wp\/v2\/users\/3"}],"replies":[{"embeddable":true,"href":"https:\/\/nagykokenyes.hu\/index.php?rest_route=%2Fwp%2Fv2%2Fcomments&post=7180"}],"version-history":[{"count":2,"href":"https:\/\/nagykokenyes.hu\/index.php?rest_route=\/wp\/v2\/pages\/7180\/revisions"}],"predecessor-version":[{"id":7226,"href":"https:\/\/nagykokenyes.hu\/index.php?rest_route=\/wp\/v2\/pages\/7180\/revisions\/7226"}],"wp:attachment":[{"href":"https:\/\/nagykokenyes.hu\/index.php?rest_route=%2Fwp%2Fv2%2Fmedia&parent=7180"}],"curies":[{"name":"wp","href":"https:\/\/api.w.org\/{rel}","templated":true}]}}