{"id":727,"date":"2018-07-23T14:34:08","date_gmt":"2018-07-23T14:34:08","guid":{"rendered":"http:\/\/nagykokenyes.hu\/?page_id=727"},"modified":"2018-07-23T14:45:51","modified_gmt":"2018-07-23T14:45:51","slug":"kozmu-szolgaltatok-elerhetosegei","status":"publish","type":"page","link":"https:\/\/nagykokenyes.hu\/?page_id=727","title":{"rendered":"K\u00f6zm\u0171-szolg\u00e1ltat\u00f3k el\u00e9rhet\u0151s\u00e9gei"},"content":{"rendered":"<ol>\n<li><strong> Heves Megyei V\u00edzm\u0171 Zrt.\u00a0<a href=\"http:\/\/nagykokenyes.hu\/wp-content\/uploads\/2018\/07\/k\u00f6zm\u0171vek-1.jpg\"><img loading=\"lazy\" decoding=\"async\" class=\"wp-image-745  alignright\" src=\"http:\/\/nagykokenyes.hu\/wp-content\/uploads\/2018\/07\/k\u00f6zm\u0171vek-1.jpg\" alt=\"\" width=\"249\" height=\"131\" \/><\/a><\/strong>\n<ul>\n<li>Egri \u00dczemegys\u00e9g 36\/412126<\/li>\n<li>Gy\u00f6ngy\u00f6si \u00dczemegys\u00e9g 37\/313-608<\/li>\n<li>Hatvani \u00dczemegys\u00e9g 37\/341-717<\/li>\n<li>Hevesi \u00dczemegys\u00e9g 36\/346-224<\/li>\n<li>F\u00fczesabonyi \u00dczemegys\u00e9g 36\/341-933<\/li>\n<li>D\u00e9lborsodi \u00dczemegys\u00e9g 49\/313-811<\/li>\n<li>B\u00e1tonyterenyei \u00dczemegys\u00e9g 31\/550-200<\/li>\n<\/ul>\n<\/li>\n<li><strong> \u00c9szakmagyarorsz\u00e1gi Region\u00e1lis<br \/>\nV\u00edzm\u0171vek Zrt.<\/strong> 80\/224-242\/1-es men\u00fcpont<\/li>\n<li><strong> TIG\u00c1Z DSO F\u00f6ldg\u00e1zeloszt\u00f3 Kft.<\/strong> 80\/300-300<\/li>\n<li><strong> FGSZ Zrt.<\/strong> 20\/889-0000<\/li>\n<li><strong> Elm\u0171-\u00c9M\u00c1SZ Energiaszolg\u00e1ltat\u00f3 Zrt.<\/strong>\n<ul>\n<li>Elm\u0171 80\/383-940<\/li>\n<li>\u00c9M\u00c1SZ 80\/424-344<\/li>\n<\/ul>\n<\/li>\n<li><strong> Magyar Telekom<\/strong> 80\/231-313<\/li>\n<li><strong> M\u00c1V<\/strong> 30\/723-2416<\/li>\n<\/ol>\n","protected":false},"excerpt":{"rendered":"<p>Heves Megyei V\u00edzm\u0171 Zrt.\u00a0 Egri \u00dczemegys\u00e9g 36\/412126 Gy\u00f6ngy\u00f6si \u00dczemegys\u00e9g 37\/313-608 Hatvani \u00dczemegys\u00e9g 37\/341-717 Hevesi \u00dczemegys\u00e9g 36\/346-224 F\u00fczesabonyi \u00dczemegys\u00e9g 36\/341-933 D\u00e9lborsodi \u00dczemegys\u00e9g 49\/313-811 B\u00e1tonyterenyei \u00dczemegys\u00e9g 31\/550-200 \u00c9szakmagyarorsz\u00e1gi Region\u00e1lis V\u00edzm\u0171vek Zrt. 80\/224-242\/1-es men\u00fcpont TIG\u00c1Z DSO F\u00f6ldg\u00e1zeloszt\u00f3 Kft. 80\/300-300 FGSZ Zrt. 20\/889-0000 Elm\u0171-\u00c9M\u00c1SZ Energiaszolg\u00e1ltat\u00f3 Zrt. Elm\u0171 80\/383-940 \u00c9M\u00c1SZ 80\/424-344 Magyar Telekom 80\/231-313 M\u00c1V 30\/723-2416<\/p>\n","protected":false},"author":1,"featured_media":0,"parent":0,"menu_order":0,"comment_status":"closed","ping_status":"closed","template":"","meta":{"footnotes":""},"class_list":["post-727","page","type-page","status-publish","hentry"],"yoast_head":"<!-- This site is optimized with the Yoast SEO plugin v26.5 - https:\/\/yoast.com\/wordpress\/plugins\/seo\/ -->\n<title>K\u00f6zm\u0171-szolg\u00e1ltat\u00f3k el\u00e9rhet\u0151s\u00e9gei - Nagyk\u00f6k\u00e9nyes K\u00f6zs\u00e9g \u00d6nkorm\u00e1nyzata<\/title>\n<meta name=\"robots\" content=\"index, follow, max-snippet:-1, max-image-preview:large, max-video-preview:-1\" \/>\n<link rel=\"canonical\" href=\"https:\/\/nagykokenyes.hu\/?page_id=727\" \/>\n<meta property=\"og:locale\" content=\"hu_HU\" \/>\n<meta property=\"og:type\" content=\"article\" \/>\n<meta property=\"og:title\" content=\"K\u00f6zm\u0171-szolg\u00e1ltat\u00f3k el\u00e9rhet\u0151s\u00e9gei - Nagyk\u00f6k\u00e9nyes K\u00f6zs\u00e9g \u00d6nkorm\u00e1nyzata\" \/>\n<meta property=\"og:description\" content=\"Heves Megyei V\u00edzm\u0171 Zrt.\u00a0 Egri \u00dczemegys\u00e9g 36\/412126 Gy\u00f6ngy\u00f6si \u00dczemegys\u00e9g 37\/313-608 Hatvani \u00dczemegys\u00e9g 37\/341-717 Hevesi \u00dczemegys\u00e9g 36\/346-224 F\u00fczesabonyi \u00dczemegys\u00e9g 36\/341-933 D\u00e9lborsodi \u00dczemegys\u00e9g 49\/313-811 B\u00e1tonyterenyei \u00dczemegys\u00e9g 31\/550-200 \u00c9szakmagyarorsz\u00e1gi Region\u00e1lis V\u00edzm\u0171vek Zrt. 80\/224-242\/1-es men\u00fcpont TIG\u00c1Z DSO F\u00f6ldg\u00e1zeloszt\u00f3 Kft. 80\/300-300 FGSZ Zrt. 20\/889-0000 Elm\u0171-\u00c9M\u00c1SZ Energiaszolg\u00e1ltat\u00f3 Zrt. Elm\u0171 80\/383-940 \u00c9M\u00c1SZ 80\/424-344 Magyar Telekom 80\/231-313 M\u00c1V 30\/723-2416\" \/>\n<meta property=\"og:url\" content=\"https:\/\/nagykokenyes.hu\/?page_id=727\" \/>\n<meta property=\"og:site_name\" content=\"Nagyk\u00f6k\u00e9nyes K\u00f6zs\u00e9g \u00d6nkorm\u00e1nyzata\" \/>\n<meta property=\"article:modified_time\" content=\"2018-07-23T14:45:51+00:00\" \/>\n<meta name=\"twitter:card\" content=\"summary_large_image\" \/>\n<script type=\"application\/ld+json\" class=\"yoast-schema-graph\">{\"@context\":\"https:\/\/schema.org\",\"@graph\":[{\"@type\":\"WebPage\",\"@id\":\"https:\/\/nagykokenyes.hu\/?page_id=727\",\"url\":\"https:\/\/nagykokenyes.hu\/?page_id=727\",\"name\":\"K\u00f6zm\u0171-szolg\u00e1ltat\u00f3k el\u00e9rhet\u0151s\u00e9gei - Nagyk\u00f6k\u00e9nyes K\u00f6zs\u00e9g \u00d6nkorm\u00e1nyzata\",\"isPartOf\":{\"@id\":\"https:\/\/nagykokenyes.hu\/#website\"},\"datePublished\":\"2018-07-23T14:34:08+00:00\",\"dateModified\":\"2018-07-23T14:45:51+00:00\",\"breadcrumb\":{\"@id\":\"https:\/\/nagykokenyes.hu\/?page_id=727#breadcrumb\"},\"inLanguage\":\"hu\",\"potentialAction\":[{\"@type\":\"ReadAction\",\"target\":[\"https:\/\/nagykokenyes.hu\/?page_id=727\"]}]},{\"@type\":\"BreadcrumbList\",\"@id\":\"https:\/\/nagykokenyes.hu\/?page_id=727#breadcrumb\",\"itemListElement\":[{\"@type\":\"ListItem\",\"position\":1,\"name\":\"Kezd\u0151lap\",\"item\":\"https:\/\/nagykokenyes.hu\/\"},{\"@type\":\"ListItem\",\"position\":2,\"name\":\"K\u00f6zm\u0171-szolg\u00e1ltat\u00f3k el\u00e9rhet\u0151s\u00e9gei\"}]},{\"@type\":\"WebSite\",\"@id\":\"https:\/\/nagykokenyes.hu\/#website\",\"url\":\"https:\/\/nagykokenyes.hu\/\",\"name\":\"Nagyk\u00f6k\u00e9nyes K\u00f6zs\u00e9g \u00d6nkorm\u00e1nyzata\",\"description\":\"\",\"potentialAction\":[{\"@type\":\"SearchAction\",\"target\":{\"@type\":\"EntryPoint\",\"urlTemplate\":\"https:\/\/nagykokenyes.hu\/?s={search_term_string}\"},\"query-input\":{\"@type\":\"PropertyValueSpecification\",\"valueRequired\":true,\"valueName\":\"search_term_string\"}}],\"inLanguage\":\"hu\"}]}<\/script>\n<!-- \/ Yoast SEO plugin. -->","yoast_head_json":{"title":"K\u00f6zm\u0171-szolg\u00e1ltat\u00f3k el\u00e9rhet\u0151s\u00e9gei - Nagyk\u00f6k\u00e9nyes K\u00f6zs\u00e9g \u00d6nkorm\u00e1nyzata","robots":{"index":"index","follow":"follow","max-snippet":"max-snippet:-1","max-image-preview":"max-image-preview:large","max-video-preview":"max-video-preview:-1"},"canonical":"https:\/\/nagykokenyes.hu\/?page_id=727","og_locale":"hu_HU","og_type":"article","og_title":"K\u00f6zm\u0171-szolg\u00e1ltat\u00f3k el\u00e9rhet\u0151s\u00e9gei - Nagyk\u00f6k\u00e9nyes K\u00f6zs\u00e9g \u00d6nkorm\u00e1nyzata","og_description":"Heves Megyei V\u00edzm\u0171 Zrt.\u00a0 Egri \u00dczemegys\u00e9g 36\/412126 Gy\u00f6ngy\u00f6si \u00dczemegys\u00e9g 37\/313-608 Hatvani \u00dczemegys\u00e9g 37\/341-717 Hevesi \u00dczemegys\u00e9g 36\/346-224 F\u00fczesabonyi \u00dczemegys\u00e9g 36\/341-933 D\u00e9lborsodi \u00dczemegys\u00e9g 49\/313-811 B\u00e1tonyterenyei \u00dczemegys\u00e9g 31\/550-200 \u00c9szakmagyarorsz\u00e1gi Region\u00e1lis V\u00edzm\u0171vek Zrt. 80\/224-242\/1-es men\u00fcpont TIG\u00c1Z DSO F\u00f6ldg\u00e1zeloszt\u00f3 Kft. 80\/300-300 FGSZ Zrt. 20\/889-0000 Elm\u0171-\u00c9M\u00c1SZ Energiaszolg\u00e1ltat\u00f3 Zrt. Elm\u0171 80\/383-940 \u00c9M\u00c1SZ 80\/424-344 Magyar Telekom 80\/231-313 M\u00c1V 30\/723-2416","og_url":"https:\/\/nagykokenyes.hu\/?page_id=727","og_site_name":"Nagyk\u00f6k\u00e9nyes K\u00f6zs\u00e9g \u00d6nkorm\u00e1nyzata","article_modified_time":"2018-07-23T14:45:51+00:00","twitter_card":"summary_large_image","schema":{"@context":"https:\/\/schema.org","@graph":[{"@type":"WebPage","@id":"https:\/\/nagykokenyes.hu\/?page_id=727","url":"https:\/\/nagykokenyes.hu\/?page_id=727","name":"K\u00f6zm\u0171-szolg\u00e1ltat\u00f3k el\u00e9rhet\u0151s\u00e9gei - Nagyk\u00f6k\u00e9nyes K\u00f6zs\u00e9g \u00d6nkorm\u00e1nyzata","isPartOf":{"@id":"https:\/\/nagykokenyes.hu\/#website"},"datePublished":"2018-07-23T14:34:08+00:00","dateModified":"2018-07-23T14:45:51+00:00","breadcrumb":{"@id":"https:\/\/nagykokenyes.hu\/?page_id=727#breadcrumb"},"inLanguage":"hu","potentialAction":[{"@type":"ReadAction","target":["https:\/\/nagykokenyes.hu\/?page_id=727"]}]},{"@type":"BreadcrumbList","@id":"https:\/\/nagykokenyes.hu\/?page_id=727#breadcrumb","itemListElement":[{"@type":"ListItem","position":1,"name":"Kezd\u0151lap","item":"https:\/\/nagykokenyes.hu\/"},{"@type":"ListItem","position":2,"name":"K\u00f6zm\u0171-szolg\u00e1ltat\u00f3k el\u00e9rhet\u0151s\u00e9gei"}]},{"@type":"WebSite","@id":"https:\/\/nagykokenyes.hu\/#website","url":"https:\/\/nagykokenyes.hu\/","name":"Nagyk\u00f6k\u00e9nyes K\u00f6zs\u00e9g \u00d6nkorm\u00e1nyzata","description":"","potentialAction":[{"@type":"SearchAction","target":{"@type":"EntryPoint","urlTemplate":"https:\/\/nagykokenyes.hu\/?s={search_term_string}"},"query-input":{"@type":"PropertyValueSpecification","valueRequired":true,"valueName":"search_term_string"}}],"inLanguage":"hu"}]}},"_links":{"self":[{"href":"https:\/\/nagykokenyes.hu\/index.php?rest_route=\/wp\/v2\/pages\/727","targetHints":{"allow":["GET"]}}],"collection":[{"href":"https:\/\/nagykokenyes.hu\/index.php?rest_route=\/wp\/v2\/pages"}],"about":[{"href":"https:\/\/nagykokenyes.hu\/index.php?rest_route=\/wp\/v2\/types\/page"}],"author":[{"embeddable":true,"href":"https:\/\/nagykokenyes.hu\/index.php?rest_route=\/wp\/v2\/users\/1"}],"replies":[{"embeddable":true,"href":"https:\/\/nagykokenyes.hu\/index.php?rest_route=%2Fwp%2Fv2%2Fcomments&post=727"}],"version-history":[{"count":17,"href":"https:\/\/nagykokenyes.hu\/index.php?rest_route=\/wp\/v2\/pages\/727\/revisions"}],"predecessor-version":[{"id":747,"href":"https:\/\/nagykokenyes.hu\/index.php?rest_route=\/wp\/v2\/pages\/727\/revisions\/747"}],"wp:attachment":[{"href":"https:\/\/nagykokenyes.hu\/index.php?rest_route=%2Fwp%2Fv2%2Fmedia&parent=727"}],"curies":[{"name":"wp","href":"https:\/\/api.w.org\/{rel}","templated":true}]}}