{"id":7309,"date":"2023-10-26T14:41:52","date_gmt":"2023-10-26T12:41:52","guid":{"rendered":"https:\/\/nagykokenyes.hu\/?page_id=7309"},"modified":"2024-06-11T10:41:47","modified_gmt":"2024-06-11T08:41:47","slug":"valasztasi-szervek","status":"publish","type":"page","link":"https:\/\/nagykokenyes.hu\/?page_id=7309","title":{"rendered":"V\u00e1laszt\u00e1si szervek"},"content":{"rendered":"<p style=\"font-weight: 400;\"><strong>V\u00c1LASZT\u00c1SI IRODA<\/strong><\/p>\n<ul>\n<li style=\"font-weight: 400;\">vezet\u0151j\u00e9nek neve: <strong>dr. Farkas Andrea<\/strong><\/li>\n<li style=\"font-weight: 400;\">hivatali helyis\u00e9g\u00e9nek c\u00edme, telefonsz\u00e1ma, elektronikus lev\u00e9lc\u00edme: <strong>3011 Her\u00e9d, R\u00e1k\u00f3czi Ferenc \u00fat 39., 37\/377-009,\u00a0<a href=\"mailto:hivatal@hered.hu\">hivatal@hered.hu<\/a><\/strong><\/li>\n<li style=\"font-weight: 400;\">v\u00e1laszt\u00e1si inform\u00e1ci\u00f3s szolg\u00e1lat\u00e1nak el\u00e9rhet\u0151s\u00e9ge: <strong><a href=\"mailto:hivatal@hered.hu\">hivatal@hered.hu<\/a><\/strong>\n<ul>\n<li>Nagyk\u00f6k\u00e9nyesi \u00f6nkorm\u00e1nyzati k\u00e9pvisel\u0151i l\u00e9tsz\u00e1mot meg\u00e1llap\u00edt\u00f3\u00a0<b><a href=\"https:\/\/nagykokenyes.hu\/wp-content\/uploads\/2023\/10\/Nagykokenyes-onk.kepviseloi-letszam-megallapito-HVI-hatarozat.pdf\">HVI hat\u00e1rozat<\/a><\/b><\/li>\n<li>V\u00e1laszt\u00e1si iroda vezet\u0151j\u00e9nek \u201ea szavaz\u00f3k\u00f6r\u00f6k kialak\u00edt\u00e1s\u00e1r\u00f3l \u00e9s fel\u00fclvizsg\u00e1lat\u00e1r\u00f3l&#8221; sz\u00f3l\u00f3 <strong><a href=\"https:\/\/nagykokenyes.hu\/wp-content\/uploads\/2023\/11\/6-2023.-XI.14.-HVI-vez.-hatarozat-NAGYKOKENYES-szavazokorok-felulvizsgalata.pdf\">hat\u00e1rozata<\/a><\/strong><\/li>\n<li><a href=\"https:\/\/nagykokenyes.hu\/wp-content\/uploads\/2023\/11\/86-2023.XI_.29.-kt.hat_.-HVB-tagok-megvalasztasa.pdf\">86-2023.(XI.29.) kt.hat. HVB tagok megv\u00e1laszt\u00e1sa<\/a><\/li>\n<\/ul>\n<\/li>\n<li><b>NAGYK\u00d6K\u00c9NYES<\/b>\u00a0telep\u00fcl\u00e9s polg\u00e1rmester-jel\u00f6lts\u00e9ghez \u00e9s k\u00e9pvisel\u0151jel\u00f6lts\u00e9ghez sz\u00fcks\u00e9ges aj\u00e1nl\u00e1ssz\u00e1mok meg\u00e1llap\u00edt\u00e1s\u00e1r\u00f3l sz\u00f3l\u00f3\u00a03\/2024. (IV.4.) HVI vezet\u0151i <a href=\"https:\/\/nagykokenyes.hu\/wp-content\/uploads\/2024\/04\/NAGYKOKENYES-telepules-polgarmester-jeloltseghez-es-kepviselojeloltseghez-szukseges-ajanlasszamok-megallapitasarol-szolo-3-2024.-IV.4.-HVI-vezetoi-kozlemeny-1.pdf\">k\u00f6zlem\u00e9nye<\/a><\/li>\n<li><b>HELYI V\u00c1LASZT\u00c1SI BIZOTTS\u00c1G:<\/b>\n<ul>\n<li><b>HVB 5 tagj\u00e1nak \u00e9s 2 p\u00f3ttagjainak neve:<\/b>\n<ul>\n<li class=\"m_-1735906648434805720MsoListParagraph\">Zsiros J\u00e1nos Nagyk\u00f6k\u00e9nyes, Arany J\u00e1nos \u00fat 9. HVB Eln\u00f6k<\/li>\n<li class=\"m_-1735906648434805720MsoListParagraph\"><u><\/u><u><\/u>Ter\u00e9nyin\u00e9 Dencs M\u00e1ria Nagyk\u00f6k\u00e9nyes, T\u00e1ncsics \u00fat 28. HVB Eln\u00f6khelyettes<\/li>\n<li class=\"m_-1735906648434805720MsoListParagraph\"><u><\/u><u><\/u>Kov\u00e1cs \u00c1rp\u00e1dn\u00e9 Nagyk\u00f6k\u00e9nyes, D\u00f3zsa \u00fat 5. HVB tag<\/li>\n<li class=\"m_-1735906648434805720MsoListParagraph\"><u><\/u><u><\/u>Robotka Lajosn\u00e9 Nagyk\u00f6k\u00e9nyes, T\u00e1ncsics \u00fat 2. HVB tag<\/li>\n<li class=\"m_-1735906648434805720MsoListParagraph\"><u><\/u><u><\/u>Szab\u00f3 T\u00edmea Nagyk\u00f6k\u00e9nyes, R\u00e1k\u00f3czi \u00fat 11. HVB tag<\/li>\n<li class=\"m_-1735906648434805720MsoListParagraph\"><u><\/u><u><\/u><u><\/u>Szita R\u00f3bert Nagyk\u00f6k\u00e9nyes, Szabads\u00e1g \u00fat 10. HVB p\u00f3ttag<\/li>\n<li class=\"m_-1735906648434805720MsoListParagraph\"><u><\/u><u><\/u>S\u00e1f\u00e1r-Szikra Gabriella Nagyk\u00f6k\u00e9nyes, Szabads\u00e1g \u00fat 8\/A. HVB p\u00f3ttag<\/li>\n<\/ul>\n<\/li>\n<li><b>HVB \u00fcl\u00e9s\u00e9nek v\u00e1rhat\u00f3 id\u0151pontja \u00e9s napirendje: <\/b>\n<ul>\n<li><b><a href=\"https:\/\/nagykokenyes.hu\/wp-content\/uploads\/2024\/04\/Meghivo-HVB-Nk-2024.04.23.pdf\">HVB megh\u00edv\u00f3 (2024.04.23)<\/a><\/b><\/li>\n<li><b><a href=\"https:\/\/nagykokenyes.hu\/wp-content\/uploads\/2024\/04\/Meghivo-HVB-ulesre-2024.04.29.-13.00-ora.pdf\">HVB megh\u00edv\u00f3 (2024.04.29)<\/a><\/b><\/li>\n<li><b><a href=\"https:\/\/nagykokenyes.hu\/wp-content\/uploads\/2024\/05\/Meghivo-HVB-ulesre-2024.05.06.-17.00-ora.pdf\">HVB megh\u00edv\u00f3 (2024.05.06)<\/a><\/b><\/li>\n<li><b><a href=\"https:\/\/nagykokenyes.hu\/wp-content\/uploads\/2024\/05\/Meghivo-HVB-ulesre-2024.05.14.-12.30.pdf\">HVB megh\u00edv\u00f3 (2024.05.14)<\/a><\/b><\/li>\n<\/ul>\n<\/li>\n<li><b>HVB \u00fcl\u00e9s\u00e9r\u0151l k\u00e9sz\u00fclt jegyz\u0151k\u00f6nyvek<\/b>\n<ul>\n<li><a href=\"https:\/\/nagykokenyes.hu\/wp-content\/uploads\/2024\/04\/Jegyzokonyv-HVB-ulesrol.pdf\">Jegyz\u0151k\u00f6nyv<\/a> HVB \u00fcl\u00e9sr\u0151l (2024.04.23)<\/li>\n<li><a href=\"https:\/\/nagykokenyes.hu\/wp-content\/uploads\/2024\/04\/HVB-2024.04.29.-jegyzokonyv-Nk.pdf\">Jegyz\u0151k\u00f6nyv<\/a> HVB \u00fcl\u00e9sr\u0151l (2024.04.29)<\/li>\n<li><a href=\"https:\/\/nagykokenyes.hu\/wp-content\/uploads\/2024\/05\/Jegyzokonyv-HVB-ulesrol-2024.05.06.Nk_.pdf\">Jegyz\u0151k\u00f6nyv<\/a> HVB \u00fcl\u00e9sr\u0151l (2024.05.06)<\/li>\n<li><a href=\"https:\/\/nagykokenyes.hu\/wp-content\/uploads\/2024\/05\/HVB-jegyzokonyv-2024.05.14.-mellekleteivel.pdf\">Jegyz\u0151k\u00f6nyv<\/a> HVB \u00fcl\u00e9sr\u0151l (2024.05.14)<\/li>\n<\/ul>\n<\/li>\n<li><b>A HVB hat\u00e1rozatai (a k\u00f6z\u00e9rdekb\u0151l nyilv\u00e1nos adatnak nem min\u0151s\u00fcl\u0151 szem\u00e9lyes adatok kiv\u00e9tel\u00e9vel)<\/b>\n<ul>\n<li>1-2024.(IV.23.) <a href=\"https:\/\/nagykokenyes.hu\/wp-content\/uploads\/2024\/04\/1-2024.IV_.23.-HVB-hatarozat-Besszer-Andrasne-Pm.-jelolt-nyilvantartasba-vetele.pdf\">HVB hat\u00e1rozat<\/a> Besszer Andr\u00e1sn\u00e9 Pm. jel\u00f6lt nyilv\u00e1ntart\u00e1sba v\u00e9tele<\/li>\n<li>2-2024.(IV.29.) <a href=\"https:\/\/nagykokenyes.hu\/wp-content\/uploads\/2024\/04\/2-2024.IV_.29.-HVB-hatarozat-a-nyilvantartasbavetelrol-kepviselo-Gyorgy-Balazs-anonimizalt.pdf\">HVB hatarozat<\/a> a nyilv\u00e1ntart\u00e1sbav\u00e9telr\u0151l k\u00e9pvisel\u0151 Gy\u00f6rgy Bal\u00e1zs<\/li>\n<li>3-2024.(IV.29.) <a href=\"https:\/\/nagykokenyes.hu\/wp-content\/uploads\/2024\/04\/3-2024.IV_.29.-HVB-hatarozat-a-nyilvantartasbavetelrol-kepviselo-Nagy-Zoltan-anonimizalt.pdf\">HVB hatarozat<\/a> a nyilv\u00e1ntart\u00e1sbav\u00e9telr\u0151l k\u00e9pvisel\u0151 Nagy Zolt\u00e1n<\/li>\n<li>4-2024.(IV.29.) <a href=\"https:\/\/nagykokenyes.hu\/wp-content\/uploads\/2024\/04\/4-2024.IV_.29.-HVB-hatarozat-a-nyilvantartasbavetelrol-kepviselo-Palinkas-Endre-anomimizalt.pdf\">HVB hatarozat<\/a> a nyilv\u00e1ntart\u00e1sbav\u00e9telr\u0151l k\u00e9pvisel\u0151 P\u00e1link\u00e1s Endre<\/li>\n<li>5-2024.(IV.29.) <a href=\"https:\/\/nagykokenyes.hu\/wp-content\/uploads\/2024\/04\/5-2024.IV_.29.-HVB-hatarozat-a-nyilvantartasbavetelrol-kepviselo-Petho-Linda-anonimizalt.pdf\">HVB hatarozat<\/a> a nyilv\u00e1ntart\u00e1sbav\u00e9telr\u0151l k\u00e9pvisel\u0151 Peth\u0151 Linda<\/li>\n<li>6-2024.(IV.29.) <a href=\"https:\/\/nagykokenyes.hu\/wp-content\/uploads\/2024\/04\/6-2024.IV_.29.-HVB-hatarozat-a-nyilvantartasbavetelrol-polgarmesteri-Misinszki-Imre-anonimizalt.pdf\">HVB hatarozat<\/a> a nyilv\u00e1ntart\u00e1sbav\u00e9telr\u0151l polg\u00e1rmesteri Misinszki Imre<\/li>\n<li>7-2024.(V.6.) <a href=\"https:\/\/nagykokenyes.hu\/wp-content\/uploads\/2024\/05\/7-2024.V.6.-HVB-hatarozat-a-nyilvantartasbavetelrol-kepviselo-Gregus-Renata-anonimizalt.pdf\">HVB hat\u00e1rozat<\/a> a nyilv\u00e1ntart\u00e1sbav\u00e9telr\u0151l k\u00e9pvisel\u0151 Gregus Ren\u00e1ta<\/li>\n<li>8-2024.(V.6.) <a href=\"https:\/\/nagykokenyes.hu\/wp-content\/uploads\/2024\/05\/8-2024.V.6.-HVB-hatarozat-polgarmesterjeloltek-sorsolasa-eredmenyerol.pdf\">HVB hat\u00e1rozat<\/a> polg\u00e1rmesterjel\u00f6ltek sorsol\u00e1sa eredm\u00e9ny\u00e9r\u0151l<\/li>\n<li>9-2024.(V.6.) <a href=\"https:\/\/nagykokenyes.hu\/wp-content\/uploads\/2024\/05\/9-2024.V.6.-HVB-hatarozat-egyeni-listas-kepviselo-jeloltjei-sorsolasa-eredmenyerol.pdf\">HVB hat\u00e1rozat<\/a> egy\u00e9ni list\u00e1s k\u00e9pvisel\u0151 jel\u00f6ltjei sorsol\u00e1sa eredm\u00e9ny\u00e9r\u0151l<\/li>\n<li>10-2024.(V.14.) <a href=\"https:\/\/nagykokenyes.hu\/wp-content\/uploads\/2024\/05\/10-2024.V.14.-HVB-hatarozat-szavazolap-adattartalma-jovahagyasa-polgarmester-mellekletevel.pdf\">HVB hat\u00e1rozat<\/a> szavaz\u00f3lap adattartalma j\u00f3v\u00e1hagy\u00e1sa polg\u00e1rmester mell\u00e9klet\u00e9vel<\/li>\n<li>11-2024.(V.14.) <a href=\"https:\/\/nagykokenyes.hu\/wp-content\/uploads\/2024\/05\/11-2024.V.14.-HVB-hatarozat-szavazolap-adattartalma-jovahagyasa-kepviselo-mellekletevel.pdf\">HVB hat\u00e1rozat<\/a> szavaz\u00f3lap adattartalma j\u00f3v\u00e1hagy\u00e1sa k\u00e9pvisel\u0151 mell\u00e9klet\u00e9vel<\/li>\n<li>12-2024. (VI.9.) <a href=\"https:\/\/nagykokenyes.hu\/wp-content\/uploads\/2024\/06\/12-2024.-VI.9.-HVB-hatarozat-Nk.-polgarmesteri-valasztas-eredmenyrol-2.pdf\">HVB hat\u00e1rozat<\/a> Nk. polg\u00e1rmesteri v\u00e1laszt\u00e1s eredm\u00e9nyr\u0151l<\/li>\n<li>Nagyk\u00f6k\u00e9nyes <a href=\"https:\/\/nagykokenyes.hu\/wp-content\/uploads\/2024\/06\/Nagykokenyes-HVB-13-2024.VI_.9.-hatarozat.pdf\">HVB 13-2024.(VI.9.) hat\u00e1rozat<\/a><\/li>\n<\/ul>\n<\/li>\n<\/ul>\n<\/li>\n<\/ul>\n","protected":false},"excerpt":{"rendered":"<p>V\u00c1LASZT\u00c1SI IRODA vezet\u0151j\u00e9nek neve: dr. Farkas Andrea hivatali helyis\u00e9g\u00e9nek c\u00edme, telefonsz\u00e1ma, elektronikus lev\u00e9lc\u00edme: 3011 Her\u00e9d, R\u00e1k\u00f3czi Ferenc \u00fat 39., 37\/377-009,\u00a0hivatal@hered.hu v\u00e1laszt\u00e1si inform\u00e1ci\u00f3s szolg\u00e1lat\u00e1nak el\u00e9rhet\u0151s\u00e9ge: hivatal@hered.hu Nagyk\u00f6k\u00e9nyesi \u00f6nkorm\u00e1nyzati k\u00e9pvisel\u0151i l\u00e9tsz\u00e1mot meg\u00e1llap\u00edt\u00f3\u00a0HVI hat\u00e1rozat V\u00e1laszt\u00e1si iroda vezet\u0151j\u00e9nek \u201ea szavaz\u00f3k\u00f6r\u00f6k kialak\u00edt\u00e1s\u00e1r\u00f3l \u00e9s fel\u00fclvizsg\u00e1lat\u00e1r\u00f3l&#8221; sz\u00f3l\u00f3 hat\u00e1rozata 86-2023.(XI.29.) kt.hat. HVB tagok megv\u00e1laszt\u00e1sa NAGYK\u00d6K\u00c9NYES\u00a0telep\u00fcl\u00e9s polg\u00e1rmester-jel\u00f6lts\u00e9ghez \u00e9s k\u00e9pvisel\u0151jel\u00f6lts\u00e9ghez sz\u00fcks\u00e9ges aj\u00e1nl\u00e1ssz\u00e1mok meg\u00e1llap\u00edt\u00e1s\u00e1r\u00f3l sz\u00f3l\u00f3\u00a03\/2024. (IV.4.) [&hellip;]<\/p>\n","protected":false},"author":3,"featured_media":0,"parent":0,"menu_order":0,"comment_status":"closed","ping_status":"closed","template":"","meta":{"footnotes":""},"class_list":["post-7309","page","type-page","status-publish","hentry"],"yoast_head":"<!-- This site is optimized with the Yoast SEO plugin v26.5 - https:\/\/yoast.com\/wordpress\/plugins\/seo\/ -->\n<title>V\u00e1laszt\u00e1si szervek - Nagyk\u00f6k\u00e9nyes K\u00f6zs\u00e9g \u00d6nkorm\u00e1nyzata<\/title>\n<meta name=\"robots\" content=\"index, follow, max-snippet:-1, max-image-preview:large, max-video-preview:-1\" \/>\n<link rel=\"canonical\" href=\"https:\/\/nagykokenyes.hu\/?page_id=7309\" \/>\n<meta property=\"og:locale\" content=\"hu_HU\" \/>\n<meta property=\"og:type\" content=\"article\" \/>\n<meta property=\"og:title\" content=\"V\u00e1laszt\u00e1si szervek - Nagyk\u00f6k\u00e9nyes K\u00f6zs\u00e9g \u00d6nkorm\u00e1nyzata\" \/>\n<meta property=\"og:description\" content=\"V\u00c1LASZT\u00c1SI IRODA vezet\u0151j\u00e9nek neve: dr. Farkas Andrea hivatali helyis\u00e9g\u00e9nek c\u00edme, telefonsz\u00e1ma, elektronikus lev\u00e9lc\u00edme: 3011 Her\u00e9d, R\u00e1k\u00f3czi Ferenc \u00fat 39., 37\/377-009,\u00a0hivatal@hered.hu v\u00e1laszt\u00e1si inform\u00e1ci\u00f3s szolg\u00e1lat\u00e1nak el\u00e9rhet\u0151s\u00e9ge: hivatal@hered.hu Nagyk\u00f6k\u00e9nyesi \u00f6nkorm\u00e1nyzati k\u00e9pvisel\u0151i l\u00e9tsz\u00e1mot meg\u00e1llap\u00edt\u00f3\u00a0HVI hat\u00e1rozat V\u00e1laszt\u00e1si iroda vezet\u0151j\u00e9nek \u201ea szavaz\u00f3k\u00f6r\u00f6k kialak\u00edt\u00e1s\u00e1r\u00f3l \u00e9s fel\u00fclvizsg\u00e1lat\u00e1r\u00f3l&#8221; sz\u00f3l\u00f3 hat\u00e1rozata 86-2023.(XI.29.) kt.hat. HVB tagok megv\u00e1laszt\u00e1sa NAGYK\u00d6K\u00c9NYES\u00a0telep\u00fcl\u00e9s polg\u00e1rmester-jel\u00f6lts\u00e9ghez \u00e9s k\u00e9pvisel\u0151jel\u00f6lts\u00e9ghez sz\u00fcks\u00e9ges aj\u00e1nl\u00e1ssz\u00e1mok meg\u00e1llap\u00edt\u00e1s\u00e1r\u00f3l sz\u00f3l\u00f3\u00a03\/2024. (IV.4.) [&hellip;]\" \/>\n<meta property=\"og:url\" content=\"https:\/\/nagykokenyes.hu\/?page_id=7309\" \/>\n<meta property=\"og:site_name\" content=\"Nagyk\u00f6k\u00e9nyes K\u00f6zs\u00e9g \u00d6nkorm\u00e1nyzata\" \/>\n<meta property=\"article:modified_time\" content=\"2024-06-11T08:41:47+00:00\" \/>\n<meta name=\"twitter:card\" content=\"summary_large_image\" \/>\n<meta name=\"twitter:label1\" content=\"Becs\u00fclt olvas\u00e1si id\u0151\" \/>\n\t<meta name=\"twitter:data1\" content=\"2 perc\" \/>\n<script type=\"application\/ld+json\" class=\"yoast-schema-graph\">{\"@context\":\"https:\/\/schema.org\",\"@graph\":[{\"@type\":\"WebPage\",\"@id\":\"https:\/\/nagykokenyes.hu\/?page_id=7309\",\"url\":\"https:\/\/nagykokenyes.hu\/?page_id=7309\",\"name\":\"V\u00e1laszt\u00e1si szervek - Nagyk\u00f6k\u00e9nyes K\u00f6zs\u00e9g \u00d6nkorm\u00e1nyzata\",\"isPartOf\":{\"@id\":\"https:\/\/nagykokenyes.hu\/#website\"},\"datePublished\":\"2023-10-26T12:41:52+00:00\",\"dateModified\":\"2024-06-11T08:41:47+00:00\",\"breadcrumb\":{\"@id\":\"https:\/\/nagykokenyes.hu\/?page_id=7309#breadcrumb\"},\"inLanguage\":\"hu\",\"potentialAction\":[{\"@type\":\"ReadAction\",\"target\":[\"https:\/\/nagykokenyes.hu\/?page_id=7309\"]}]},{\"@type\":\"BreadcrumbList\",\"@id\":\"https:\/\/nagykokenyes.hu\/?page_id=7309#breadcrumb\",\"itemListElement\":[{\"@type\":\"ListItem\",\"position\":1,\"name\":\"Kezd\u0151lap\",\"item\":\"https:\/\/nagykokenyes.hu\/\"},{\"@type\":\"ListItem\",\"position\":2,\"name\":\"V\u00e1laszt\u00e1si szervek\"}]},{\"@type\":\"WebSite\",\"@id\":\"https:\/\/nagykokenyes.hu\/#website\",\"url\":\"https:\/\/nagykokenyes.hu\/\",\"name\":\"Nagyk\u00f6k\u00e9nyes K\u00f6zs\u00e9g \u00d6nkorm\u00e1nyzata\",\"description\":\"\",\"potentialAction\":[{\"@type\":\"SearchAction\",\"target\":{\"@type\":\"EntryPoint\",\"urlTemplate\":\"https:\/\/nagykokenyes.hu\/?s={search_term_string}\"},\"query-input\":{\"@type\":\"PropertyValueSpecification\",\"valueRequired\":true,\"valueName\":\"search_term_string\"}}],\"inLanguage\":\"hu\"}]}<\/script>\n<!-- \/ Yoast SEO plugin. -->","yoast_head_json":{"title":"V\u00e1laszt\u00e1si szervek - Nagyk\u00f6k\u00e9nyes K\u00f6zs\u00e9g \u00d6nkorm\u00e1nyzata","robots":{"index":"index","follow":"follow","max-snippet":"max-snippet:-1","max-image-preview":"max-image-preview:large","max-video-preview":"max-video-preview:-1"},"canonical":"https:\/\/nagykokenyes.hu\/?page_id=7309","og_locale":"hu_HU","og_type":"article","og_title":"V\u00e1laszt\u00e1si szervek - Nagyk\u00f6k\u00e9nyes K\u00f6zs\u00e9g \u00d6nkorm\u00e1nyzata","og_description":"V\u00c1LASZT\u00c1SI IRODA vezet\u0151j\u00e9nek neve: dr. Farkas Andrea hivatali helyis\u00e9g\u00e9nek c\u00edme, telefonsz\u00e1ma, elektronikus lev\u00e9lc\u00edme: 3011 Her\u00e9d, R\u00e1k\u00f3czi Ferenc \u00fat 39., 37\/377-009,\u00a0hivatal@hered.hu v\u00e1laszt\u00e1si inform\u00e1ci\u00f3s szolg\u00e1lat\u00e1nak el\u00e9rhet\u0151s\u00e9ge: hivatal@hered.hu Nagyk\u00f6k\u00e9nyesi \u00f6nkorm\u00e1nyzati k\u00e9pvisel\u0151i l\u00e9tsz\u00e1mot meg\u00e1llap\u00edt\u00f3\u00a0HVI hat\u00e1rozat V\u00e1laszt\u00e1si iroda vezet\u0151j\u00e9nek \u201ea szavaz\u00f3k\u00f6r\u00f6k kialak\u00edt\u00e1s\u00e1r\u00f3l \u00e9s fel\u00fclvizsg\u00e1lat\u00e1r\u00f3l&#8221; sz\u00f3l\u00f3 hat\u00e1rozata 86-2023.(XI.29.) kt.hat. HVB tagok megv\u00e1laszt\u00e1sa NAGYK\u00d6K\u00c9NYES\u00a0telep\u00fcl\u00e9s polg\u00e1rmester-jel\u00f6lts\u00e9ghez \u00e9s k\u00e9pvisel\u0151jel\u00f6lts\u00e9ghez sz\u00fcks\u00e9ges aj\u00e1nl\u00e1ssz\u00e1mok meg\u00e1llap\u00edt\u00e1s\u00e1r\u00f3l sz\u00f3l\u00f3\u00a03\/2024. (IV.4.) [&hellip;]","og_url":"https:\/\/nagykokenyes.hu\/?page_id=7309","og_site_name":"Nagyk\u00f6k\u00e9nyes K\u00f6zs\u00e9g \u00d6nkorm\u00e1nyzata","article_modified_time":"2024-06-11T08:41:47+00:00","twitter_card":"summary_large_image","twitter_misc":{"Becs\u00fclt olvas\u00e1si id\u0151":"2 perc"},"schema":{"@context":"https:\/\/schema.org","@graph":[{"@type":"WebPage","@id":"https:\/\/nagykokenyes.hu\/?page_id=7309","url":"https:\/\/nagykokenyes.hu\/?page_id=7309","name":"V\u00e1laszt\u00e1si szervek - Nagyk\u00f6k\u00e9nyes K\u00f6zs\u00e9g \u00d6nkorm\u00e1nyzata","isPartOf":{"@id":"https:\/\/nagykokenyes.hu\/#website"},"datePublished":"2023-10-26T12:41:52+00:00","dateModified":"2024-06-11T08:41:47+00:00","breadcrumb":{"@id":"https:\/\/nagykokenyes.hu\/?page_id=7309#breadcrumb"},"inLanguage":"hu","potentialAction":[{"@type":"ReadAction","target":["https:\/\/nagykokenyes.hu\/?page_id=7309"]}]},{"@type":"BreadcrumbList","@id":"https:\/\/nagykokenyes.hu\/?page_id=7309#breadcrumb","itemListElement":[{"@type":"ListItem","position":1,"name":"Kezd\u0151lap","item":"https:\/\/nagykokenyes.hu\/"},{"@type":"ListItem","position":2,"name":"V\u00e1laszt\u00e1si szervek"}]},{"@type":"WebSite","@id":"https:\/\/nagykokenyes.hu\/#website","url":"https:\/\/nagykokenyes.hu\/","name":"Nagyk\u00f6k\u00e9nyes K\u00f6zs\u00e9g \u00d6nkorm\u00e1nyzata","description":"","potentialAction":[{"@type":"SearchAction","target":{"@type":"EntryPoint","urlTemplate":"https:\/\/nagykokenyes.hu\/?s={search_term_string}"},"query-input":{"@type":"PropertyValueSpecification","valueRequired":true,"valueName":"search_term_string"}}],"inLanguage":"hu"}]}},"_links":{"self":[{"href":"https:\/\/nagykokenyes.hu\/index.php?rest_route=\/wp\/v2\/pages\/7309","targetHints":{"allow":["GET"]}}],"collection":[{"href":"https:\/\/nagykokenyes.hu\/index.php?rest_route=\/wp\/v2\/pages"}],"about":[{"href":"https:\/\/nagykokenyes.hu\/index.php?rest_route=\/wp\/v2\/types\/page"}],"author":[{"embeddable":true,"href":"https:\/\/nagykokenyes.hu\/index.php?rest_route=\/wp\/v2\/users\/3"}],"replies":[{"embeddable":true,"href":"https:\/\/nagykokenyes.hu\/index.php?rest_route=%2Fwp%2Fv2%2Fcomments&post=7309"}],"version-history":[{"count":25,"href":"https:\/\/nagykokenyes.hu\/index.php?rest_route=\/wp\/v2\/pages\/7309\/revisions"}],"predecessor-version":[{"id":8114,"href":"https:\/\/nagykokenyes.hu\/index.php?rest_route=\/wp\/v2\/pages\/7309\/revisions\/8114"}],"wp:attachment":[{"href":"https:\/\/nagykokenyes.hu\/index.php?rest_route=%2Fwp%2Fv2%2Fmedia&parent=7309"}],"curies":[{"name":"wp","href":"https:\/\/api.w.org\/{rel}","templated":true}]}}