{"id":907,"date":"2018-11-14T18:24:56","date_gmt":"2018-11-14T18:24:56","guid":{"rendered":"http:\/\/nagykokenyes.hu\/?page_id=907"},"modified":"2025-02-20T13:19:01","modified_gmt":"2025-02-20T11:19:01","slug":"nyilvantartasok","status":"publish","type":"page","link":"https:\/\/nagykokenyes.hu\/?page_id=907","title":{"rendered":"Nyilv\u00e1ntart\u00e1sok"},"content":{"rendered":"<p><a href=\"https:\/\/nagykokenyes.hu\/wp-content\/uploads\/2025\/02\/Uzeletek-nyilvantartasa.2025.02.01.pdf\">\u00dczletek nyilv\u00e1ntart\u00e1sa<\/a><\/p>\n<p><a href=\"http:\/\/nagykokenyes.hu\/wp-content\/uploads\/2020\/01\/Sz\u00e1ll\u00e1shely-nyilv\u00e1ntart\u00e1s.pdf\">Sz\u00e1ll\u00e1shely nyilv\u00e1ntart\u00e1sa<\/a><\/p>\n<p><a href=\"https:\/\/nagykokenyes.hu\/wp-content\/uploads\/2024\/10\/Ipari-tevekenyseget-vegzokrol-vezetett-nyilvantartas-Nagykokenyes.pdf\">Telepenged\u00e9ly bejelent\u00e9sk\u00f6teles ipari tev\u00e9kenys\u00e9g<\/a><\/p>\n","protected":false},"excerpt":{"rendered":"<p>\u00dczletek nyilv\u00e1ntart\u00e1sa Sz\u00e1ll\u00e1shely nyilv\u00e1ntart\u00e1sa Telepenged\u00e9ly bejelent\u00e9sk\u00f6teles ipari tev\u00e9kenys\u00e9g<\/p>\n","protected":false},"author":1,"featured_media":0,"parent":0,"menu_order":0,"comment_status":"closed","ping_status":"closed","template":"","meta":{"footnotes":""},"class_list":["post-907","page","type-page","status-publish","hentry"],"yoast_head":"<!-- This site is optimized with the Yoast SEO plugin v26.5 - https:\/\/yoast.com\/wordpress\/plugins\/seo\/ -->\n<title>Nyilv\u00e1ntart\u00e1sok - Nagyk\u00f6k\u00e9nyes K\u00f6zs\u00e9g \u00d6nkorm\u00e1nyzata<\/title>\n<meta name=\"robots\" content=\"index, follow, max-snippet:-1, max-image-preview:large, max-video-preview:-1\" \/>\n<link rel=\"canonical\" href=\"https:\/\/nagykokenyes.hu\/?page_id=907\" \/>\n<meta property=\"og:locale\" content=\"hu_HU\" \/>\n<meta property=\"og:type\" content=\"article\" \/>\n<meta property=\"og:title\" content=\"Nyilv\u00e1ntart\u00e1sok - Nagyk\u00f6k\u00e9nyes K\u00f6zs\u00e9g \u00d6nkorm\u00e1nyzata\" \/>\n<meta property=\"og:description\" content=\"\u00dczletek nyilv\u00e1ntart\u00e1sa Sz\u00e1ll\u00e1shely nyilv\u00e1ntart\u00e1sa Telepenged\u00e9ly bejelent\u00e9sk\u00f6teles ipari tev\u00e9kenys\u00e9g\" \/>\n<meta property=\"og:url\" content=\"https:\/\/nagykokenyes.hu\/?page_id=907\" \/>\n<meta property=\"og:site_name\" content=\"Nagyk\u00f6k\u00e9nyes K\u00f6zs\u00e9g \u00d6nkorm\u00e1nyzata\" \/>\n<meta property=\"article:modified_time\" content=\"2025-02-20T11:19:01+00:00\" \/>\n<meta name=\"twitter:card\" content=\"summary_large_image\" \/>\n<meta name=\"twitter:label1\" content=\"Becs\u00fclt olvas\u00e1si id\u0151\" \/>\n\t<meta name=\"twitter:data1\" content=\"1 perc\" \/>\n<script type=\"application\/ld+json\" class=\"yoast-schema-graph\">{\"@context\":\"https:\/\/schema.org\",\"@graph\":[{\"@type\":\"WebPage\",\"@id\":\"https:\/\/nagykokenyes.hu\/?page_id=907\",\"url\":\"https:\/\/nagykokenyes.hu\/?page_id=907\",\"name\":\"Nyilv\u00e1ntart\u00e1sok - Nagyk\u00f6k\u00e9nyes K\u00f6zs\u00e9g \u00d6nkorm\u00e1nyzata\",\"isPartOf\":{\"@id\":\"https:\/\/nagykokenyes.hu\/#website\"},\"datePublished\":\"2018-11-14T18:24:56+00:00\",\"dateModified\":\"2025-02-20T11:19:01+00:00\",\"breadcrumb\":{\"@id\":\"https:\/\/nagykokenyes.hu\/?page_id=907#breadcrumb\"},\"inLanguage\":\"hu\",\"potentialAction\":[{\"@type\":\"ReadAction\",\"target\":[\"https:\/\/nagykokenyes.hu\/?page_id=907\"]}]},{\"@type\":\"BreadcrumbList\",\"@id\":\"https:\/\/nagykokenyes.hu\/?page_id=907#breadcrumb\",\"itemListElement\":[{\"@type\":\"ListItem\",\"position\":1,\"name\":\"Kezd\u0151lap\",\"item\":\"https:\/\/nagykokenyes.hu\/\"},{\"@type\":\"ListItem\",\"position\":2,\"name\":\"Nyilv\u00e1ntart\u00e1sok\"}]},{\"@type\":\"WebSite\",\"@id\":\"https:\/\/nagykokenyes.hu\/#website\",\"url\":\"https:\/\/nagykokenyes.hu\/\",\"name\":\"Nagyk\u00f6k\u00e9nyes K\u00f6zs\u00e9g \u00d6nkorm\u00e1nyzata\",\"description\":\"\",\"potentialAction\":[{\"@type\":\"SearchAction\",\"target\":{\"@type\":\"EntryPoint\",\"urlTemplate\":\"https:\/\/nagykokenyes.hu\/?s={search_term_string}\"},\"query-input\":{\"@type\":\"PropertyValueSpecification\",\"valueRequired\":true,\"valueName\":\"search_term_string\"}}],\"inLanguage\":\"hu\"}]}<\/script>\n<!-- \/ Yoast SEO plugin. -->","yoast_head_json":{"title":"Nyilv\u00e1ntart\u00e1sok - Nagyk\u00f6k\u00e9nyes K\u00f6zs\u00e9g \u00d6nkorm\u00e1nyzata","robots":{"index":"index","follow":"follow","max-snippet":"max-snippet:-1","max-image-preview":"max-image-preview:large","max-video-preview":"max-video-preview:-1"},"canonical":"https:\/\/nagykokenyes.hu\/?page_id=907","og_locale":"hu_HU","og_type":"article","og_title":"Nyilv\u00e1ntart\u00e1sok - Nagyk\u00f6k\u00e9nyes K\u00f6zs\u00e9g \u00d6nkorm\u00e1nyzata","og_description":"\u00dczletek nyilv\u00e1ntart\u00e1sa Sz\u00e1ll\u00e1shely nyilv\u00e1ntart\u00e1sa Telepenged\u00e9ly bejelent\u00e9sk\u00f6teles ipari tev\u00e9kenys\u00e9g","og_url":"https:\/\/nagykokenyes.hu\/?page_id=907","og_site_name":"Nagyk\u00f6k\u00e9nyes K\u00f6zs\u00e9g \u00d6nkorm\u00e1nyzata","article_modified_time":"2025-02-20T11:19:01+00:00","twitter_card":"summary_large_image","twitter_misc":{"Becs\u00fclt olvas\u00e1si id\u0151":"1 perc"},"schema":{"@context":"https:\/\/schema.org","@graph":[{"@type":"WebPage","@id":"https:\/\/nagykokenyes.hu\/?page_id=907","url":"https:\/\/nagykokenyes.hu\/?page_id=907","name":"Nyilv\u00e1ntart\u00e1sok - Nagyk\u00f6k\u00e9nyes K\u00f6zs\u00e9g \u00d6nkorm\u00e1nyzata","isPartOf":{"@id":"https:\/\/nagykokenyes.hu\/#website"},"datePublished":"2018-11-14T18:24:56+00:00","dateModified":"2025-02-20T11:19:01+00:00","breadcrumb":{"@id":"https:\/\/nagykokenyes.hu\/?page_id=907#breadcrumb"},"inLanguage":"hu","potentialAction":[{"@type":"ReadAction","target":["https:\/\/nagykokenyes.hu\/?page_id=907"]}]},{"@type":"BreadcrumbList","@id":"https:\/\/nagykokenyes.hu\/?page_id=907#breadcrumb","itemListElement":[{"@type":"ListItem","position":1,"name":"Kezd\u0151lap","item":"https:\/\/nagykokenyes.hu\/"},{"@type":"ListItem","position":2,"name":"Nyilv\u00e1ntart\u00e1sok"}]},{"@type":"WebSite","@id":"https:\/\/nagykokenyes.hu\/#website","url":"https:\/\/nagykokenyes.hu\/","name":"Nagyk\u00f6k\u00e9nyes K\u00f6zs\u00e9g \u00d6nkorm\u00e1nyzata","description":"","potentialAction":[{"@type":"SearchAction","target":{"@type":"EntryPoint","urlTemplate":"https:\/\/nagykokenyes.hu\/?s={search_term_string}"},"query-input":{"@type":"PropertyValueSpecification","valueRequired":true,"valueName":"search_term_string"}}],"inLanguage":"hu"}]}},"_links":{"self":[{"href":"https:\/\/nagykokenyes.hu\/index.php?rest_route=\/wp\/v2\/pages\/907","targetHints":{"allow":["GET"]}}],"collection":[{"href":"https:\/\/nagykokenyes.hu\/index.php?rest_route=\/wp\/v2\/pages"}],"about":[{"href":"https:\/\/nagykokenyes.hu\/index.php?rest_route=\/wp\/v2\/types\/page"}],"author":[{"embeddable":true,"href":"https:\/\/nagykokenyes.hu\/index.php?rest_route=\/wp\/v2\/users\/1"}],"replies":[{"embeddable":true,"href":"https:\/\/nagykokenyes.hu\/index.php?rest_route=%2Fwp%2Fv2%2Fcomments&post=907"}],"version-history":[{"count":12,"href":"https:\/\/nagykokenyes.hu\/index.php?rest_route=\/wp\/v2\/pages\/907\/revisions"}],"predecessor-version":[{"id":8970,"href":"https:\/\/nagykokenyes.hu\/index.php?rest_route=\/wp\/v2\/pages\/907\/revisions\/8970"}],"wp:attachment":[{"href":"https:\/\/nagykokenyes.hu\/index.php?rest_route=%2Fwp%2Fv2%2Fmedia&parent=907"}],"curies":[{"name":"wp","href":"https:\/\/api.w.org\/{rel}","templated":true}]}}